{"id":191,"date":"2008-05-09T19:45:36","date_gmt":"2008-05-09T22:45:36","guid":{"rendered":"http:\/\/blog.cancaonova.com\/natal\/protomartires-do-brasil\/"},"modified":"2013-02-26T11:36:14","modified_gmt":"2013-02-26T14:36:14","slug":"protomartires-do-brasil","status":"publish","type":"page","link":"https:\/\/blog.cancaonova.com\/natal\/protomartires-do-brasil\/","title":{"rendered":"Protom\u00e1rtires do Brasil"},"content":{"rendered":"<p style=\"text-align: center\"><strong><img loading=\"lazy\" decoding=\"async\" class=\"aligncenter\" src=\"http:\/\/blog.cancaonova.com\/natal\/files\/2008\/05\/protomartires-do-brasil.jpg\" alt=\"protomartires-do-brasil.jpg\" width=\"255\" height=\"290\" \/><\/strong><\/p>\n<p><strong>Os Protom\u00e1rtires do Brasil<\/strong><\/p>\n<p><a title=\"pe-andre-de-soveral.jpg\" href=\"http:\/\/blog.cancaonova.com\/natal\/files\/2008\/05\/pe-andre-de-soveral.jpg\"><\/a><\/p>\n<p><a title=\"pe-andre-de-soveral.jpg\" href=\"http:\/\/blog.cancaonova.com\/natal\/files\/2008\/05\/pe-andre-de-soveral.jpg\"><img decoding=\"async\" src=\"http:\/\/blog.cancaonova.com\/natal\/files\/2008\/05\/pe-andre-de-soveral.jpg\" alt=\"pe-andre-de-soveral.jpg\" align=\"left\" \/><\/a><\/p>\n<p><strong>Hist\u00f3ria:<\/strong> Em 16 de junho de 1645, Padre Andr\u00e9 de Soveral e outros 70 fi\u00e9is\u00a0foram cruelmente mortos por mais de 200 soldados holandeses e \u00edndios potiguares. Os fi\u00e9is participavam da missa dominical, na Capela de Nossa Senhora das Candeias, no Engenho Cunha\u00fa \u2013 no munic\u00edpio de Canguaretama, localizado a Zona Agreste do Rio Grande do Norte. Por seguirem a religi\u00e3o cat\u00f3lica, tiveram que pagar com a pr\u00f3pria vida o pre\u00e7o da f\u00e9, por causa da intoler\u00e2ncia calvinista dos invasores.<\/p>\n<p>Quatro\u00a0meses depois, em 03 de Outubro de 1645,\u00a0aconte<a title=\"pe-ambrosio-francisco-ferro.jpg\" href=\"http:\/\/blog.cancaonova.com\/natal\/files\/2008\/05\/pe-ambrosio-francisco-ferro.jpg\"><\/a>ceu outro mart\u00edrio, onde 80 pessoas foram mortas por holandeses, entre elas,\u00a0 o Padre Ambr\u00f3sio\u00a0Francisco Ferro,\u00a0que com os fi\u00e9is confiados a si, manteve a\u00a0firmeza na f\u00e9, e\u00a0o campon\u00eas Mateus Moreira, que teve o cora\u00e7\u00e3o arrancado pelas costas, enquanto repetia a frase &#8220;Louvado seja o Sant\u00edssimo Sacramento&#8221;. Este mortic\u00ednio aconteceu no Engenho de Urua\u00e7u. Hoje chama-se Comunidade Urua\u00e7u na \u00e1rea do munic\u00edpio de\u00a0S\u00e3o Gon\u00e7alo do Amarante \u2013 a 18 km de Natal, litoral do RN.<\/p>\n<p><strong><a title=\"beato-mateus-moreira.jpg\" href=\"http:\/\/blog.cancaonova.com\/natal\/files\/2008\/05\/beato-mateus-moreira.jpg\"><\/a>Processo de Beatifica\u00e7\u00e3o:<\/strong> Segundo o Postulador da Causa dos M\u00e1rtires, Mons. Francisco de Assis Pereira, &#8220;a mem\u00f3ria dos servos de Deus sacrificados em Cunha\u00fa e Urua\u00e7u, em 1645, permaneceu viva na alma do povo potiguar, que os venera como encl\u00edticos defensores da f\u00e9 cat\u00f3lica&#8221;. O processo de beatifica\u00e7\u00e3o foi concedido pela Santa S\u00e9, no dia 16 de junho de 1989. Em 21 de dezembro de 1998, o Papa Jo\u00e3o II assinou o Decreto reconhecendo o mart\u00edrio de 30 brasileiros, sendo dois sacerdotes e 28 leigos. Monsenhor Assis acompanhou o processo de beatifica\u00e7\u00e3o junto ao Vaticano, por mais de dez anos, reunindo documentos em pesquisas realizadas em Portugal, Holanda e no Brasil. Deste material resultou o livro Protom\u00e1rtires do Brasil, de sua autoria, lan\u00e7ado no final de 1999.<\/p>\n<p><strong>Beatifica\u00e7\u00e3o aconteceu no Vaticano:<\/strong> A celebra\u00e7\u00e3o de Beatifica\u00e7\u00e3o aconteceu na <a title=\"pe-ambrosio-francisco-ferro.jpg\" href=\"http:\/\/blog.cancaonova.com\/natal\/files\/2008\/05\/pe-ambrosio-francisco-ferro.jpg\"><img decoding=\"async\" src=\"http:\/\/blog.cancaonova.com\/natal\/files\/2008\/05\/pe-ambrosio-francisco-ferro.jpg\" alt=\"pe-ambrosio-francisco-ferro.jpg\" align=\"right\" \/><\/a>Pra\u00e7a de S\u00e3o Pedro, no Vaticano, dia 5 de mar\u00e7o de 2000, presidida pelo Santo Padre Jo\u00e3o Paulo II. Cerca de mil brasileiros participaram da celebra\u00e7\u00e3o. Durante a Santa Missa, Jo\u00e3o Paulo II pronunciou sua homilia em italiano, portugu\u00eas, polon\u00eas, franc\u00eas e ingl\u00eas. O Papa fez a seguinte reflex\u00e3o em portugu\u00eas: &#8220;S\u00e3o estes os sentimentos que invadem nossos cora\u00e7\u00f5es, ao evocar a significativa lembran\u00e7a da celebra\u00e7\u00e3o dos quinhentos anos da evangeliza\u00e7\u00e3o no Brasil, que acontece este ano.<\/p>\n<p>Naquele imenso Pa\u00eds, n\u00e3o foram poucas as dificuldades de implanta\u00e7\u00e3o do Evangelho. A presen\u00e7a da igreja foi se afirmando lentamente mediante a a\u00e7\u00e3o mission\u00e1ria de v\u00e1rias ordens e congrega\u00e7\u00f5es religiosas e de sacerdotes do clero diocesano. Os m\u00e1rtires, que hoje s\u00e3o beatificados, sa\u00edram, no fim do s\u00e9culo XVII, das comunidades de Cunha\u00fa e Urua\u00e7u, do Rio Grande do Norte. Andr\u00e9 de Soveral, Ambr\u00f3sio Francisco Ferro \u2013 presb\u00edteros e 28 companheiros leigos pertencem a esta gera\u00e7\u00e3o de m\u00e1rtires que regou o solo p\u00e1trio, tornando-o f\u00e9rtil para a gera\u00e7\u00e3o de novos crist\u00e3os. Eles s\u00e3o as prim\u00edcias do trabalho mission\u00e1rio, os protom\u00e1rtires do Brasil. Um deles, Mateus Moreira, estando ainda vivo, foi-lhe arrancado o cora\u00e7\u00e3o das costas, mas ele ainda teve for\u00e7as para proclamar a sua f\u00e9 na Eucaristia, dizendo: &#8216;Louvado seja o Sant\u00edssimo Sacramento'&#8221;.<\/p>\n<p>Segundo Postulador da Causa de Beatifica\u00e7\u00e3o, Mons. Francisco de Assis Pereira, a data escolhida pela celebra\u00e7\u00e3o dos Protom\u00e1rtires ser\u00e1 03 de outubro &#8211; data de anivers\u00e1rio do mortic\u00ednio de Urua\u00e7u. Segundo ele, provavelmente, a CNBB vai pedir \u00e0 Santa S\u00e9 para estender esta festa para todo o Brasil, e n\u00e3o somente para a Arquidiocese de Natal.<\/p>\n<p><strong><a title=\"beato-mateus-moreira.jpg\" href=\"http:\/\/blog.cancaonova.com\/natal\/files\/2008\/05\/beato-mateus-moreira.jpg\"><img decoding=\"async\" src=\"http:\/\/blog.cancaonova.com\/natal\/files\/2008\/05\/beato-mateus-moreira.jpg\" alt=\"beato-mateus-moreira.jpg\" align=\"left\" \/><\/a>O termo Protom\u00e1rtires:<\/strong> Segundo o Mons. Assis Pereira, os m\u00e1rtires de Cunha\u00fa e Urua\u00e7u foram chamados de Protom\u00e1rtires do Brasil, pelo Prefeito da Congrega\u00e7\u00e3o das Causas dos Santos. &#8220;Isto porque s\u00e3o os primeiros que derramaram o sangue pela f\u00e9 em nossa P\u00e1tria, tendo o seu mart\u00edrio reconhecido oficialmente pela Igreja\u201d, disse o Monsenhor. Ele foi nomeado pela Confer\u00eancia Nacional dos Bispos do Brasil \u2013 CNBB \u2013 como respons\u00e1vel pela organiza\u00e7\u00e3o do Martirol\u00f3gio da Igreja no Brasil.<\/p>\n<p><strong>Monumento lembra os Protom\u00e1rtires:<\/strong> Em Urua\u00e7u, local onde outros m\u00e1rtires tiveram suas vidas barbaramente ceifadas, no munic\u00edpio de S\u00e3o Gon\u00e7alo do Amarante &#8211; RN, foi constru\u00eddo um monumento para grandes celebra\u00e7\u00f5es e romarias, em parceria com o Governo do Estado. A inaugura\u00e7\u00e3o ocorreu aos 02 de dezembro de 2000, com a presen\u00e7a do Governador do Estado, Garibaldi Alves Filho; do Cardeal Arcebispo do Rio de Janeiro, Dom Eug\u00eanio Sales; do Arcebispo de Natal, Dom Heitor de Ara\u00fajo Sales; bispos do Regional Nordeste 2; padres e cerca de 12 mil fi\u00e9is.<\/p>\n<p><strong>Livros publicados sobre o tema:<\/strong> Ao longo dos 363 anos que separam a data do mortic\u00ednio de Cunha\u00fa e Urua\u00e7u e o atual momento hist\u00f3rico do Brasil, historiadores, jornalistas e escritores t\u00eam feito refer\u00eancias ao acontecimento. Nos \u00faltimos anos, por\u00e9m, tr\u00eas livros merecem destaque pela profundidade com que tratam o assunto: Protom\u00e1rtires do Brasil, do Postulador da Causa dos M\u00e1rtires junto ao Vaticano, Monsenhor Francisco de Assis Pereira; Terras de M\u00e1rtires, da jornalista Auric\u00e9ia Antunes de Lima, e M\u00e1rtires de Cunha\u00fa e Urua\u00e7u, do Padre Eymard L\u2019E. Monteiro.<\/p>\n<p>Saiba mais sobre os Protom\u00e1rtires do Brasil:<\/p>\n<p><a href=\"http:\/\/www.vatican.va\/holy_father\/john_paul_ii\/homilies\/2000\/documents\/hf_jp-ii_hom_20000305_beatifications_po.html\">Homilia da Missa de Beatifica\u00e7\u00e3o\u00a0celebrada\u00a0pelo Santo Padre Jo\u00e3o Paulo II<\/a><\/p>\n<p><em> <\/em><\/p>\n","protected":false},"excerpt":{"rendered":"<p>Os Protom\u00e1rtires do Brasil Hist\u00f3ria: Em 16 de junho de 1645, Padre Andr\u00e9 de Soveral e outros 70 fi\u00e9is\u00a0foram cruelmente mortos por mais de 200 soldados holandeses e \u00edndios potiguares. Os fi\u00e9is participavam da missa dominical, na Capela de Nossa&#8230;<\/p>\n","protected":false},"author":3131,"featured_media":0,"parent":0,"menu_order":8,"comment_status":"closed","ping_status":"closed","template":"","meta":{"_mi_skip_tracking":false,"_monsterinsights_sitenote_active":false,"_monsterinsights_sitenote_note":"","_monsterinsights_sitenote_category":0,"footnotes":""},"_links":{"self":[{"href":"https:\/\/blog.cancaonova.com\/natal\/wp-json\/wp\/v2\/pages\/191"}],"collection":[{"href":"https:\/\/blog.cancaonova.com\/natal\/wp-json\/wp\/v2\/pages"}],"about":[{"href":"https:\/\/blog.cancaonova.com\/natal\/wp-json\/wp\/v2\/types\/page"}],"author":[{"embeddable":true,"href":"https:\/\/blog.cancaonova.com\/natal\/wp-json\/wp\/v2\/users\/3131"}],"replies":[{"embeddable":true,"href":"https:\/\/blog.cancaonova.com\/natal\/wp-json\/wp\/v2\/comments?post=191"}],"version-history":[{"count":11,"href":"https:\/\/blog.cancaonova.com\/natal\/wp-json\/wp\/v2\/pages\/191\/revisions"}],"predecessor-version":[{"id":9905,"href":"https:\/\/blog.cancaonova.com\/natal\/wp-json\/wp\/v2\/pages\/191\/revisions\/9905"}],"wp:attachment":[{"href":"https:\/\/blog.cancaonova.com\/natal\/wp-json\/wp\/v2\/media?parent=191"}],"curies":[{"name":"wp","href":"https:\/\/api.w.org\/{rel}","templated":true}]}}