{"id":3960,"date":"2012-04-22T00:00:43","date_gmt":"2012-04-22T03:00:43","guid":{"rendered":"http:\/\/blog.cancaonova.com\/natal\/?page_id=3960"},"modified":"2013-03-21T11:46:24","modified_gmt":"2013-03-21T14:46:24","slug":"jovenssarados","status":"publish","type":"page","link":"https:\/\/blog.cancaonova.com\/natal\/jovenssarados\/","title":{"rendered":"Jovens Sarados"},"content":{"rendered":"<h1 style=\"text-align: center\"><span style=\"color: #000000\">JOVENS SARADOS no RN<\/span><\/h1>\n<div style=\"text-align: center\">\n<p style=\"text-align: justify\"><a href=\"http:\/\/blog.cancaonova.com\/natal\/files\/2012\/04\/banner_final3.jpg\"><img loading=\"lazy\" decoding=\"async\" class=\"aligncenter size-full wp-image-10228\" src=\"http:\/\/blog.cancaonova.com\/natal\/files\/2012\/04\/banner_final3.jpg\" alt=\"\" width=\"1600\" height=\"1066\" srcset=\"https:\/\/blog.cancaonova.com\/natal\/files\/2012\/04\/banner_final3.jpg 1600w, https:\/\/blog.cancaonova.com\/natal\/files\/2012\/04\/banner_final3-280x186.jpg 280w, https:\/\/blog.cancaonova.com\/natal\/files\/2012\/04\/banner_final3-1024x682.jpg 1024w\" sizes=\"(max-width: 1600px) 100vw, 1600px\" \/><\/a><\/p>\n<p style=\"text-align: justify\"><strong>O QUE E O JS?<br \/>\n<\/strong><br \/>\n\u00c9 ser Jovem sem deixar de ser de Deus!<br \/>\n\u00c9 uma maneira de viver e de caminhar\u00a0 na busca pela santidade propagando Cristo Vivo\u00a0 e espalhando o carisma \u201cJovens Sarados\u201d, ou seja, curados em Cristo, em Sua miseric\u00f3rdia. \u00c9 levar a experi\u00eancia desse AMOR para outros jovens e dessa forma tentar mostrar que \u00e9 Poss\u00edvel sim \u201cSer Jovem sem deixar de Ser de Deus!\u201d.<\/p>\n<p style=\"text-align: justify\"><strong>A MISS\u00c3O JS<\/strong><\/p>\n<p style=\"text-align: justify\">Evangelizar as almas dos jovens sendo instrumentos para que elas recebam o batismo no Esp\u00edrito Santo. E formando-os como crist\u00e3os para assumirem um novo modo de viver.<br \/>\n&#8220;Eu vos escrevi, jovens, porque sois fortes e a palavra de Deus est\u00e1 em v\u00f3s e j\u00e1 vencestes o maligno&#8221; 1Jo 2,14<\/p>\n<p style=\"text-align: justify\"><strong>O TAU DO JS &#8211; A MARCA DA PROMESSA<\/strong><\/p>\n<p style=\"text-align: justify\">N\u00e3o \u00e9 um amuleto, mas um sacramental que nos recorda um caminho de salva\u00e7\u00e3o que vai sendo feito ao seguir, progressivamente, o Evangelho.<br \/>\nA medida em que vamos caminhando para Deus, somos convidados a usar o TAU\u00a0 colocando a nossa vida no dinamismo da convers\u00e3o: cada dia devo me abandonar na Gra\u00e7a do Senhor, ser um reconciliado com toda a criatura, saudar a todos com a Paz e o Bem.<br \/>\nFonte:www.jovenssarados.com<\/p>\n<p style=\"text-align: left\"><strong>NOSSA HISTORIA <\/strong><\/p>\n<p style=\"text-align: justify\">Na Miss\u00e3o Can\u00e7\u00e3o Nova de Natal\/RN o grupo Jovens Sarados nasceu em Agosto de 2009, quando Alexandra, ent\u00e3o Coordenadora da Miss\u00e3o, desafiou os jovens a ofertarem uma madrugada para Deus lan\u00e7ando o convite para participarem de uma Vig\u00edlia de Adora\u00e7\u00e3o, que j\u00e1 trazia o nome \u201cVig\u00edlia Jovens Sarados\u201d. Era o desafio de entregar um s\u00e1bado, uma noite de balada, para Deus. A partir da\u00ed tudo come\u00e7ou\u2026<\/p>\n<p style=\"text-align: justify\">Os jovens aceitaram o desafio e a Vig\u00edlia foi um sucesso. A cada m\u00eas mais jovens deixavam suas baladas e ofertavam seu tempo de s\u00e1bado para Deus. As Vig\u00edlias cresceram e Deus suscitava muito mais.<\/p>\n<p style=\"text-align: justify\">Em Abril de 2010 Alexandra fez um novo convite, agora a um grupo de candidatos a membros da Comunidade CN, alguns amigos, e ao jovem casal da Comunidade de Alian\u00e7a, Lenildo e Ana Kaline (Primeiros coordenadores), dizendo: \u201cQuem se disp\u00f5e a come\u00e7ar um trabalho com a Juventude que Deus reservou para\u00a0 que a\u00a0 Can\u00e7\u00e3o Nova em Natal, em um trabalho de resgate e salva\u00e7\u00e3o de Almas, se apresente para Deus\u201d.<br \/>\nO desafio foi aceito e, al\u00e9m das nossas Vig\u00edlias, o grupo come\u00e7ou a acontecer uma vez por m\u00eas em nossa Casa de Evangeliza\u00e7\u00e3o.<\/p>\n<p style=\"text-align: justify\">Esse foi o in\u00edcio do que viria a se tornar o Grupo Jovens Sarados!<\/p>\n<p style=\"text-align: justify\">No in\u00edcio, as reuni\u00f5es aconteciam \u00e0s 3\u00aas quintas-feiras de cada m\u00eas, depois, os encontros passaram a acontecer quinzenalmente, e hoje, acontece todos os s\u00e1bados das 14h \u00e0s 16h em nossa Casa de Evangeliza\u00e7\u00e3o: Rua A\u00e7u 335 Tirol.<br \/>\n(Exceto s\u00e1bados em que temos acampamento de ora\u00e7\u00e3o onde todos s\u00e3o convidados a participar).<\/p>\n<p style=\"text-align: justify\">A miss\u00e3o Jovens Sarados \u00e9 composta por jovens que fazem parte do n\u00facleo CN em Natal\/RN e desde o in\u00edcio conta com o empenho e dedica\u00e7\u00e3o de uma turma incans\u00e1vel na entrega a evangeliza\u00e7\u00e3o por amor a Jesus e aos Jovens.<\/p>\n<p><strong>Jovens Sarados RN mais que um grupo, uma proposta de vida!<\/strong><\/p>\n<\/div>\n<div style=\"text-align: center\">\n<div>\n<p style=\"text-align: left\"><a href=\"http:\/\/blog.cancaonova.com\/natal\/jovenssarados\/agendajs\/\"><img loading=\"lazy\" decoding=\"async\" class=\"alignnone size-thumbnail wp-image-10051\" src=\"http:\/\/blog.cancaonova.com\/natal\/files\/2012\/04\/AGENDA1-150x150.png\" alt=\"\" width=\"120\" height=\"120\" \/><\/a> <a href=\"http:\/\/blog.cancaonova.com\/natal\/jovenssarados\/formacao\/\" target=\"_self\"><img loading=\"lazy\" decoding=\"async\" class=\"alignright size-thumbnail wp-image-10071\" src=\"http:\/\/blog.cancaonova.com\/natal\/files\/2012\/04\/FORMA\u00c7\u00c3O2-e1363092271399-150x124.png\" alt=\"\" width=\"150\" height=\"124\" \/><\/a> <strong><br \/>\n<\/strong><\/p>\n<p style=\"text-align: center\">\n<p style=\"text-align: center\">\n<p style=\"text-align: center\">\n<p style=\"text-align: center\">\n<p style=\"text-align: center\">\n<p style=\"text-align: center\"><a href=\"http:\/\/blog.cancaonova.com\/natal\/jovenssarados\/maranata\/\" target=\"_self\"><img loading=\"lazy\" decoding=\"async\" class=\"alignnone size-thumbnail wp-image-10061\" src=\"http:\/\/blog.cancaonova.com\/natal\/files\/2012\/04\/MARANATA1-e1363090891199-150x81.png\" alt=\"\" width=\"150\" height=\"81\" \/><\/a><\/p>\n<p style=\"text-align: center\">\n<p style=\"text-align: center\">\n<p style=\"text-align: center\">\n<p style=\"text-align: center\">\n<p style=\"text-align: center\">\n<p style=\"text-align: center\">\n<p style=\"text-align: left\">\n<p style=\"text-align: center\">\n<p style=\"text-align: center\">\n<p style=\"text-align: center\">\n<p style=\"text-align: center\">\n<p style=\"text-align: center\">\n<p style=\"text-align: center\">\n<p style=\"text-align: center\">\n<p style=\"text-align: center\">\n<p style=\"text-align: left\"><a href=\"http:\/\/blog.cancaonova.com\/natal\/jovenssarados\/oracao\/\" target=\"_self\"><img loading=\"lazy\" decoding=\"async\" class=\"alignright size-thumbnail wp-image-10070\" src=\"http:\/\/blog.cancaonova.com\/natal\/files\/2012\/04\/ORA\u00c7\u00c3O2-e1363092166727-118x150.png\" alt=\"\" width=\"118\" height=\"150\" \/><\/a><\/p>\n<p style=\"text-align: center\">\n<p style=\"text-align: center\">\n<p style=\"text-align: center\">\n<p style=\"text-align: center\"><strong> <\/strong><\/p>\n<p style=\"text-align: center\">\n<p><a href=\"http:\/\/blog.cancaonova.com\/natal\/jovenssarados\/testemunhos\/\" target=\"_self\"><img loading=\"lazy\" decoding=\"async\" class=\"size-medium wp-image-10064  alignleft\" src=\"http:\/\/blog.cancaonova.com\/natal\/files\/2012\/04\/TESTEMUNHOS1-e1363091442792-280x108.png\" alt=\"\" width=\"214\" height=\"94\" \/><\/a><\/p>\n<p style=\"text-align: left\">\n<p style=\"text-align: left\">\n<p style=\"text-align: justify\"><strong> <\/strong><\/p>\n<p style=\"text-align: justify\">\n<p style=\"text-align: justify\">\n<p style=\"text-align: justify\">\n<p style=\"text-align: justify\">\n<p style=\"text-align: justify\">\n<p style=\"text-align: justify\">\n<p style=\"text-align: justify\"><strong>Redes Sociais:<\/strong><\/p>\n<p><a href=\"http:\/\/twitter.com\/JovensSaradosRN\"><img decoding=\"async\" class=\"center size-medium wp-image-5700 alignleft\" src=\"http:\/\/blog.cancaonova.com\/natal\/files\/2011\/04\/twitter.png\" alt=\"Siga-nos\" \/><\/a><a href=\"http:\/\/www.facebook.com\/JovensSaradosRN\"><img decoding=\"async\" class=\"center size-medium wp-image-5700 alignleft\" src=\"http:\/\/blog.cancaonova.com\/natal\/files\/2011\/04\/facebook.png\" alt=\"Curta nossa p\u00e1gina\" \/><\/a><\/p>\n<p style=\"text-align: center\">\n<\/div>\n<\/div>\n","protected":false},"excerpt":{"rendered":"<p>JOVENS SARADOS no RN O QUE E O JS? \u00c9 ser Jovem sem deixar de ser de Deus! \u00c9 uma maneira de viver e de caminhar\u00a0 na busca pela santidade propagando Cristo Vivo\u00a0 e espalhando o carisma \u201cJovens Sarados\u201d, ou&#8230;<\/p>\n","protected":false},"author":3131,"featured_media":0,"parent":0,"menu_order":7,"comment_status":"closed","ping_status":"closed","template":"","meta":{"_mi_skip_tracking":false,"_monsterinsights_sitenote_active":false,"_monsterinsights_sitenote_note":"","_monsterinsights_sitenote_category":0,"footnotes":""},"_links":{"self":[{"href":"https:\/\/blog.cancaonova.com\/natal\/wp-json\/wp\/v2\/pages\/3960"}],"collection":[{"href":"https:\/\/blog.cancaonova.com\/natal\/wp-json\/wp\/v2\/pages"}],"about":[{"href":"https:\/\/blog.cancaonova.com\/natal\/wp-json\/wp\/v2\/types\/page"}],"author":[{"embeddable":true,"href":"https:\/\/blog.cancaonova.com\/natal\/wp-json\/wp\/v2\/users\/3131"}],"replies":[{"embeddable":true,"href":"https:\/\/blog.cancaonova.com\/natal\/wp-json\/wp\/v2\/comments?post=3960"}],"version-history":[{"count":63,"href":"https:\/\/blog.cancaonova.com\/natal\/wp-json\/wp\/v2\/pages\/3960\/revisions"}],"predecessor-version":[{"id":3965,"href":"https:\/\/blog.cancaonova.com\/natal\/wp-json\/wp\/v2\/pages\/3960\/revisions\/3965"}],"wp:attachment":[{"href":"https:\/\/blog.cancaonova.com\/natal\/wp-json\/wp\/v2\/media?parent=3960"}],"curies":[{"name":"wp","href":"https:\/\/api.w.org\/{rel}","templated":true}]}}