{"id":9881,"date":"2013-02-26T10:55:38","date_gmt":"2013-02-26T13:55:38","guid":{"rendered":"http:\/\/blog.cancaonova.com\/natal\/"},"modified":"2015-03-27T16:05:23","modified_gmt":"2015-03-27T19:05:23","slug":"nossa-historia","status":"publish","type":"page","link":"https:\/\/blog.cancaonova.com\/natal\/quem-somos\/nossa-historia\/","title":{"rendered":"Nossa Hist\u00f3ria"},"content":{"rendered":"<p style=\"text-align: justify\"><a href=\"http:\/\/blog.cancaonova.com\/natal\/files\/2013\/02\/tudo-come\u00e7ou.jpg\"><img loading=\"lazy\" decoding=\"async\" class=\"aligncenter size-full wp-image-9989\" src=\"http:\/\/blog.cancaonova.com\/natal\/files\/2013\/02\/tudo-come\u00e7ou.jpg\" alt=\"\" width=\"400\" height=\"160\" srcset=\"https:\/\/blog.cancaonova.com\/natal\/files\/2013\/02\/tudo-come\u00e7ou.jpg 400w, https:\/\/blog.cancaonova.com\/natal\/files\/2013\/02\/tudo-come\u00e7ou-280x112.jpg 280w\" sizes=\"(max-width: 400px) 100vw, 400px\" \/><\/a><\/p>\n<p style=\"text-align: justify\">\u00a0\u00a0\u00a0\u00a0\u00a0\u00a0\u00a0\u00a0 A Can\u00e7\u00e3o Nova veio para Natal a convite do Bispo que na \u00e9poca era Dom Heitor de Ara\u00fajo Sales, para assumir a administra\u00e7\u00e3o da R\u00e1dio Rural que estava passando por situa\u00e7\u00f5es financeiras e administrativas dif\u00edceis. Esse encontro de Dom Heitor com Mons. Jonas deu-se em Porto Seguro, na Bahia. Onde a CNBB se reuniu para agradecer a Deus os 500 anos de evangeliza\u00e7\u00e3o no Brasil. E o Mons. Jonas esteve tamb\u00e9m visitando este local para celebrar esse momento importante na Igreja. E por providencia Dom Heitor aproveita a oportunidade para falar sobre a situa\u00e7\u00e3o da R\u00e1dio Rural e pedir que a Can\u00e7\u00e3o Nova viesse assumi-la. No m\u00eas seguinte, esteve aqui em Natal, o Eto, a Luzia e o Mons. Jonas para assinarem a principio, um contrato de 10 anos para administrar a R\u00e1dio. Em seguida vieram os mission\u00e1rios Jo\u00e3o Luiz que ficou na organiza\u00e7\u00e3o da parte administrativa, Irm\u00e3 Maria Eunice na locu\u00e7\u00e3o do programa da manh\u00e3 que se chamava \u201cO Esp\u00edrito sopra onde quer\u201d(posteriormente passou a chamar-se \u201cAmigos da Rural\u201d), Selma iniciou o programa \u201cTarde com Maria\u201d e Eto que veio somente deix\u00e1-los aqui. Abriram a miss\u00e3o no dia<strong> 05 de junho de 2000<\/strong>. Quando chegaram aqui, ficaram hospedados na casa de h\u00f3spedes de Ponta Negra, que \u00e9 da diocese, pois n\u00e3o tinham casa para morar. Antes da Comunidade chegar aqui, Deus preparou um povo para receb\u00ea-la. Um pequeno grupo de pessoas que n\u00e3o se conhecia um ao outro, mas que providencialmente Deus foi juntando para acolher a Can\u00e7\u00e3o Nova. Todos conheciam a Can\u00e7\u00e3o Nova pela TV e veio a inspira\u00e7\u00e3o de formar-se um grupo de ora\u00e7\u00e3o para interceder pela Can\u00e7\u00e3o Nova, viver as cinco pedrinhas (esse tamb\u00e9m foi o nome dado ao grupo) e promover a cada m\u00eas uma a\u00e7\u00e3o entre amigos para conseguir-se dinheiro para o projeto da\u00ed-me almas em Cachoeira Paulista\/SP. Nessa \u00e9poca n\u00e3o sab\u00edamos ainda que a comunidade viria para Natal. No grupo, havia uma pessoa que era amiga do Mons. Lucas e que por interm\u00e9dio dele ficamos sabendo da vinda da Can\u00e7\u00e3o Nova. Isso foi motivo de grande j\u00fabilo para os membros do grupo. No dia em que os mission\u00e1rios chegaram ao aeroporto, fomos todos receb\u00ea-los com uma faixa de boas vindas. Chegamos atrasados. Eles j\u00e1 tinham vindo para o bairro de Petr\u00f3polis almo\u00e7ar. Descobrimos o restaurante que tinham ido por interm\u00e9dio de uma senhora do nosso grupo de ora\u00e7\u00e3o que n\u00e3o pode ir conosco ao aeroporto. Ela morava perto desse restaurante e foi l\u00e1 pedir aos membros da comunidade que eles n\u00e3o sa\u00edssem antes de chegarmos l\u00e1, pois quer\u00edamos homenage\u00e1-los com essa faixa que t\u00ednhamos feito com tanto carinho. S\u00f3 deu tempo descermos do carro correndo, estendermos a faixa na frente deles e abra\u00e7armos a todos com alegria. Pois tinham que participar de uma reuni\u00e3o com o Bispo. Propomos nos encontrar a noite na casa do ter\u00e7o para um jantar e conhec\u00ea-los melhor para dizermos que estar\u00edamos com eles para o que precisassem. Foi ent\u00e3o que descobrimos que estando hospedados no hotel temporariamente, s\u00f3 tinham direito ao caf\u00e9 da manh\u00e3 e as outras refei\u00e7\u00f5es a providencia teria que partir de n\u00f3s do grupo. Fizemos uma escala, cada dia os mission\u00e1rios faziam refei\u00e7\u00e3o na casa de um de n\u00f3s. Cuidamos de suas necessidades como se fossem nossos filhos. A cada dia Deus nos inspirava a cuidar de uma necessidade. Precisamos providenciar uma casa para morarem. A Kilza, que era membro do grupo cinco pedrinhas, tamb\u00e9m coordenava o grupo de ora\u00e7\u00e3o da par\u00f3quia de candel\u00e1ria, e l\u00e1 pedimos que quem soubesse de uma casa para alugar para Can\u00e7\u00e3o Nova, nos procurasse. Seu Abinio foi quem alugou a primeira casa para a comunidade. Entraram sem nada nela. N\u00e3o tinha nem um colch\u00e3o para dormir. Dormiram a primeira noite no ch\u00e3o duro. No dia seguinte fomos todos ao grupo de ora\u00e7\u00e3o em candel\u00e1ria apresentar a comunidade que iria fazer o momento de ora\u00e7\u00e3o. Ao terminar pedimos \u00e0s pessoas que estavam ali que quem tivesse colch\u00e3o, cama, fog\u00e3o e todos os utens\u00edlios de uma casa e pudesse doar para a Can\u00e7\u00e3o Nova eles queriam. No dia seguinte chegaram v\u00e1rios colch\u00f5es novos que uma pessoa deu. Outra doou um fog\u00e3o, depois veio a geladeira, sof\u00e1, mesa cadeiras e camas. Uma senhora nos procurou para doar um guarda roupa grande que estava desmontado em sua casa. Mas n\u00e3o t\u00ednhamos transporte grande para buscar. Sa\u00ed com meu marido num gol e pedi a Deus que aquele guarda roupa coubesse no nosso carro; e por milagre de Deus trouxemos todas as pe\u00e7as dentro de um gol. Passamos um dia inteiro para mont\u00e1-lo, mas conseguimos. Enfim a casa estava completa. Foi aparecendo doa\u00e7\u00f5es de pratos, panelas e talheres. Deus n\u00e3o deixou nada faltar. Foi muito lindo de ver a generosidade do povo e o amor pela Can\u00e7\u00e3o Nova. S\u00f3 que quando chegou o inverno a casa chovia mais dentro do que fora, alagava tudo. Foi a\u00ed que come\u00e7aram a chegar os mission\u00e1rios que iriam ficar definitivos aqui. A Neli como coordenadora da miss\u00e3o, Manuela, formadora, Dijanira Silva diretora da r\u00e1dio, Josenildo Pedro, locutor e operador de \u00e1udio, Edna, sala dos amigos, Claudia Brito, promotora de eventos e locutora e Selma que permaneceu tamb\u00e9m como locutora. Mas, pouco tempo depois a Selma foi remanejada para a sede m\u00e3e da Can\u00e7\u00e3o Nova e veio substitu\u00ed-la a Marin\u00e9lia (neia) que assumiu o programa Tarde com Maria. \u00a0\u00a0\u00a0\u00a0\u00a0Por causa do problema do alagamento da casa, a Ilma, amiga da comunidade ofereceu seu apartamento no bairro latino que estava desocupado para que a Can\u00e7\u00e3o Nova mudasse pra l\u00e1. Fizemos a mudan\u00e7a e l\u00e1 a comunidade n\u00e3o precisava pagar aluguel, s\u00f3 o condom\u00ednio. A Can\u00e7\u00e3o Nova come\u00e7ou um trabalho de visita aos grupos de ora\u00e7\u00e3o nas par\u00f3quias para que outras comunidades pudessem conhec\u00ea-la, e fazermos a divulga\u00e7\u00e3o do trabalho evangelizador atrav\u00e9s da Radio Rural. Aos poucos a Can\u00e7\u00e3o Nova foi se tornando conhecida e amada, os convites para rezar nos grupos de ora\u00e7\u00e3o foram aumentando ao passo que tamb\u00e9m ia crescendo o n\u00famero de s\u00f3cios contribuintes. T\u00ednhamos tamb\u00e9m, uma vez por m\u00eas a quarta feira da providencia nas par\u00f3quias. O arrecadador daquele bairro juntamente com outros paroquianos trazia bolos, salgados, refrigerantes, para montarmos uma lanchonete no sal\u00e3o paroquial; outras pessoas traziam roupas e mont\u00e1vamos um bazar naquele local. Paralelamente na Igreja, faz\u00edamos uma tarde de louvor e \u00e0s tr\u00eas horas rezava-se o ter\u00e7o da miseric\u00f3rdia. A comunidade toda comparecia, rezava e comprava os produtos que ganh\u00e1vamos.<\/p>\n<p style=\"text-align: justify\">\u00a0\u00a0\u00a0\u00a0\u00a0\u00a0\u00a0\u00a0 No m\u00eas de agosto de 2000, o Mons. Jonas veio aqui a Natal a convite da Renova\u00e7\u00e3o Carism\u00e1tica, para o Encontro de Servos da RCC. Foi uma gra\u00e7a especial para n\u00f3s. Ele ficou hospedado na casa de miss\u00e3o e aproveitou a oportunidade para falar em particular com todos os membros que estavam iniciando a miss\u00e3o aqui. Como pai, orientou a cada um. A noite, ele celebrou uma missa na comunidade Vida Nova a convite de Marin\u00e9sio, o fundador da mesma e l\u00e1 recebeu o t\u00edtulo de cidad\u00e3o natalense.<\/p>\n<p style=\"text-align: justify\">\u00a0\u00a0\u00a0\u00a0\u00a0\u00a0\u00a0\u00a0 Tempos depois, surgiu no cora\u00e7\u00e3o de Neli a necessidade de reformar o pr\u00e9dio antigo da R\u00e1dio para voltar a funcionar l\u00e1. Foi ent\u00e3o que no programa amigos da Rural com Dijanira, que Neli falou da necessidade de se fazer uma reforma no pr\u00e9dio antigo da R\u00e1dio para ela voltar a funcionar l\u00e1. Ao terminar, ela recebeu um telefonema de um engenheiro que estava escutando o programa e ouviu o apelo, e se sentiu tocado em ajudar naquela reforma. Esse engenheiro era o Gomes, hoje membro da comunidade de alian\u00e7a na Can\u00e7\u00e3o Nova. Recebemos muitas doa\u00e7\u00f5es para a reforma e com muito esfor\u00e7o e sacrif\u00edcio a Can\u00e7\u00e3o Nova devolveu a Radio Rural um novo pr\u00e9dio todo equipado para que a evangeliza\u00e7\u00e3o pudesse chegar mais longe para atingir o maior n\u00famero de fam\u00edlias que s\u00e3o transformadas e restauradas pelas ondas da R\u00e1dio. Depois come\u00e7amos a fazer eventos mensais, voca\u00e7\u00f5es foram surgindo, a comunidade cresceu e hoje j\u00e1 temos grupo de ora\u00e7\u00e3o na 2\u00aa feira na nossa casa de evangeliza\u00e7\u00e3o, S.O.S. ora\u00e7\u00e3o e missas.<\/p>\n<p style=\"text-align: justify\">Reda\u00e7\u00e3o: Cristina Altnetter<\/p>\n<p style=\"text-align: justify\">\n","protected":false},"excerpt":{"rendered":"<p>\u00a0\u00a0\u00a0\u00a0\u00a0\u00a0\u00a0\u00a0 A Can\u00e7\u00e3o Nova veio para Natal a convite do Bispo que na \u00e9poca era Dom Heitor de Ara\u00fajo Sales, para assumir a administra\u00e7\u00e3o da R\u00e1dio Rural que estava passando por situa\u00e7\u00f5es financeiras e administrativas dif\u00edceis. Esse encontro de Dom&#8230;<\/p>\n","protected":false},"author":3131,"featured_media":0,"parent":9876,"menu_order":1,"comment_status":"closed","ping_status":"closed","template":"","meta":{"_mi_skip_tracking":false,"_monsterinsights_sitenote_active":false,"_monsterinsights_sitenote_note":"","_monsterinsights_sitenote_category":0,"footnotes":""},"_links":{"self":[{"href":"https:\/\/blog.cancaonova.com\/natal\/wp-json\/wp\/v2\/pages\/9881"}],"collection":[{"href":"https:\/\/blog.cancaonova.com\/natal\/wp-json\/wp\/v2\/pages"}],"about":[{"href":"https:\/\/blog.cancaonova.com\/natal\/wp-json\/wp\/v2\/types\/page"}],"author":[{"embeddable":true,"href":"https:\/\/blog.cancaonova.com\/natal\/wp-json\/wp\/v2\/users\/3131"}],"replies":[{"embeddable":true,"href":"https:\/\/blog.cancaonova.com\/natal\/wp-json\/wp\/v2\/comments?post=9881"}],"version-history":[{"count":10,"href":"https:\/\/blog.cancaonova.com\/natal\/wp-json\/wp\/v2\/pages\/9881\/revisions"}],"predecessor-version":[{"id":11754,"href":"https:\/\/blog.cancaonova.com\/natal\/wp-json\/wp\/v2\/pages\/9881\/revisions\/11754"}],"up":[{"embeddable":true,"href":"https:\/\/blog.cancaonova.com\/natal\/wp-json\/wp\/v2\/pages\/9876"}],"wp:attachment":[{"href":"https:\/\/blog.cancaonova.com\/natal\/wp-json\/wp\/v2\/media?parent=9881"}],"curies":[{"name":"wp","href":"https:\/\/api.w.org\/{rel}","templated":true}]}}