{"id":25,"date":"2014-03-10T18:40:52","date_gmt":"2014-03-10T18:40:52","guid":{"rendered":"http:\/\/blog.cancaonova.com\/padreantoniolima\/?page_id=25"},"modified":"2020-05-21T20:30:03","modified_gmt":"2020-05-21T20:30:03","slug":"francisco-e-clara","status":"publish","type":"page","link":"https:\/\/blog.cancaonova.com\/padreantoniolima\/francisco-e-clara\/","title":{"rendered":"Francisco e Clara"},"content":{"rendered":"<p><strong><img loading=\"lazy\" decoding=\"async\" class=\"alignleft size-full wp-image-1867\" src=\"http:\/\/blog.cancaonova.com\/padreantoniolima\/files\/2014\/03\/fr_cl.png\" alt=\"\" width=\"381\" height=\"245\" srcset=\"https:\/\/blog.cancaonova.com\/padreantoniolima\/files\/2014\/03\/fr_cl.png 381w, https:\/\/blog.cancaonova.com\/padreantoniolima\/files\/2014\/03\/fr_cl-300x193.png 300w\" sizes=\"(max-width: 381px) 100vw, 381px\" \/>OS DOIS SANTOS DA POBREZA E DA PAZ: FRANCISCO E CLARA DE ASSIS<br \/>\n<\/strong><\/p>\n<p>S\u00e3o Francisco costumava orar na velha e abandonada capela dedicada de S\u00e3o Dami\u00e3o, frente a um crucifixo, e repetia fervorosamente:<\/p>\n<p>&#8220;<em>Concedei-me Senhor, que Vos conhe\u00e7a, para poder agir sempre segundo a vossa luz e de acordo \u00e0 vossa Sant\u00edssima vontade&#8221;<\/em>.<br \/>\nUm dia, pareceu-lhe ouvir claramente: &#8220;Francisco, n\u00e3o v\u00eas que a minha casa est\u00e1 em ru\u00ednas? Restaur\u00e1-la para mim! Pensando tratar-se do velho templo onde se achava, agiu de pronto, contando para a reforma com o dinheiro de seu pai, que tinha em suas m\u00e3os. Francisco de Assis comparece ante o Bispo Dom Guido III acusado pelo pai de furto, devolve ao genitor o que lhe pertence at\u00e9 as roupas, e se declara servo de Deus.<br \/>\nPede ao Bispo sua ben\u00e7\u00e3o e abandona a cidade em busca dos caminhos do Senhor. O Bispo v\u00ea nesse gesto o chamado do Alt\u00edssimo e se torna seu protetor pelo resto da vida. Renuncia \u00e0 todos os bens que o prendiam neste mundo, veste-se como eremita, come\u00e7a a restaura\u00e7\u00e3o da Capela de S\u00e3o Dami\u00e3o, e cuida dos leprosos. Seis anos mais tarde, esta capela ser\u00e1 o lar das Damas Pobres de Santa Clara. Tratava-se do come\u00e7o da sua vida religiosa. Sofre e luta da forma mais intensa; ele, que teve de tudo, abra\u00e7a a pobreza, e teve, primeiramente, que vencer a si mesmo, para depois pedir esmolas.<br \/>\nS\u00e3o Francisco dizia: &#8220;O trabalho, embora humilde e simples, confere honra e respeito e sempre ser\u00e1 um m\u00e9rito ante Nosso Senhor&#8221;.<br \/>\nA vida de S\u00e3o Francisco de Assis \u00e9 repleta de in\u00fameras virtudes. O calor de seu iluminado esp\u00edrito, desejando sempre repassar aos seus queridos filhos, bem como o ardor na busca devota \u00e0 Paix\u00e3o de Jesus Cristo, s\u00e3o gestos que impressionam, e que s\u00e3o admirados por toda a humanidade.<\/p>\n<p>S\u00e3o Francisco de Assis tudo transformava, atrav\u00e9s do amor universal, humildade e era rico de compaix\u00e3o. O homem santo n\u00e3o teme perder sua pureza, no meio dos impuros. Do mesmo modo que Cristo viveu entre os sofredores e entre os humildes, S\u00e3o Francisco de Assis se mistura aos doentes, aos desesperados e aos pobres. E \u00e9 pelo esfor\u00e7o constante em dire\u00e7\u00e3o \u00e0 partilha do que lhe \u00e9 dado com aqueles que n\u00e3o t\u00eam nada, que se fortificam suas aspira\u00e7\u00f5es e seus m\u00e9ritos, ao mesmo tempo que suas faculdades espirituais.<br \/>\nAmava intensamente a Deus e ao pr\u00f3ximo, vivia \u00e0 luz de uma f\u00e9 profunda, que compartilhava com os pobres e abandonados. Sua vida era de ora\u00e7\u00f5es e sacrif\u00edcios, para fundir-se com Aquele que tanto amava.<\/p>\n<p>Doava-se com franca generosidade, como se estivesse doando-se ao pr\u00f3prio Jesus. S\u00e3o Francisco de Assis era um m\u00edstico em toda a ess\u00eancia da palavra, pois tinha a total percep\u00e7\u00e3o das personalidades divinas, o contato com o plano espiritual era constante, e lan\u00e7ava-se sem medo em dire\u00e7\u00e3o do Pai que lhe dava a vida, em dire\u00e7\u00e3o ao Filho, que lhe dava o processo intelectual atrav\u00e9s do Verbo e atrav\u00e9s do Amor, e ia em dire\u00e7\u00e3o do Esp\u00edrito Santo que o iluminava constantemente.<\/p>\n<p>&#8220;In manus Tuas&#8230;&#8221;<\/p>\n<p>&#8211; Siga o link abaixo para ir a: &#8220;Mensagens e Reflex\u00f5es&#8221;<\/p>\n<p><a href=\"https:\/\/blog.cancaonova.com\/padreantoniolima\">https:\/\/blog.cancaonova.com\/padreantoniolima<\/a><\/p>\n<!-- AddThis Advanced Settings generic via filter on the_content --><!-- AddThis Share Buttons generic via filter on the_content -->","protected":false},"excerpt":{"rendered":"<p>OS DOIS SANTOS DA POBREZA E DA PAZ: FRANCISCO E CLARA DE ASSIS S\u00e3o Francisco costumava orar na velha e abandonada capela dedicada de S\u00e3o Dami\u00e3o, frente a um crucifixo, e repetia fervorosamente: &#8220;Concedei-me Senhor, que Vos conhe\u00e7a, para poder&#8230;<!-- AddThis Advanced Settings generic via filter on get_the_excerpt --><!-- AddThis Share Buttons generic via filter on get_the_excerpt --><\/p>\n","protected":false},"author":4539,"featured_media":0,"parent":0,"menu_order":0,"comment_status":"open","ping_status":"open","template":"","meta":{"_mi_skip_tracking":false,"_monsterinsights_sitenote_active":false,"_monsterinsights_sitenote_note":"","_monsterinsights_sitenote_category":0,"footnotes":""},"_links":{"self":[{"href":"https:\/\/blog.cancaonova.com\/padreantoniolima\/wp-json\/wp\/v2\/pages\/25"}],"collection":[{"href":"https:\/\/blog.cancaonova.com\/padreantoniolima\/wp-json\/wp\/v2\/pages"}],"about":[{"href":"https:\/\/blog.cancaonova.com\/padreantoniolima\/wp-json\/wp\/v2\/types\/page"}],"author":[{"embeddable":true,"href":"https:\/\/blog.cancaonova.com\/padreantoniolima\/wp-json\/wp\/v2\/users\/4539"}],"replies":[{"embeddable":true,"href":"https:\/\/blog.cancaonova.com\/padreantoniolima\/wp-json\/wp\/v2\/comments?post=25"}],"version-history":[{"count":11,"href":"https:\/\/blog.cancaonova.com\/padreantoniolima\/wp-json\/wp\/v2\/pages\/25\/revisions"}],"predecessor-version":[{"id":1868,"href":"https:\/\/blog.cancaonova.com\/padreantoniolima\/wp-json\/wp\/v2\/pages\/25\/revisions\/1868"}],"wp:attachment":[{"href":"https:\/\/blog.cancaonova.com\/padreantoniolima\/wp-json\/wp\/v2\/media?parent=25"}],"curies":[{"name":"wp","href":"https:\/\/api.w.org\/{rel}","templated":true}]}}