{"id":634,"date":"2015-04-02T02:43:09","date_gmt":"2015-04-02T02:43:09","guid":{"rendered":"http:\/\/blog.cancaonova.com\/padreantoniolima\/?page_id=634"},"modified":"2018-10-10T12:12:30","modified_gmt":"2018-10-10T12:12:30","slug":"a-comunidade","status":"publish","type":"page","link":"https:\/\/blog.cancaonova.com\/padreantoniolima\/a-comunidade\/","title":{"rendered":"Foi assim ..."},"content":{"rendered":"<p><strong>Foi assim que conheci a Comunidade Can\u00e7ao Nova&#8230;<\/strong><\/p>\n<p><img loading=\"lazy\" decoding=\"async\" class=\"alignleft size-full wp-image-1554\" src=\"http:\/\/blog.cancaonova.com\/padreantoniolima\/files\/2015\/04\/mons_jonas_abis_padre_antonio_lima2.png\" alt=\"\" width=\"350\" height=\"232\" srcset=\"https:\/\/blog.cancaonova.com\/padreantoniolima\/files\/2015\/04\/mons_jonas_abis_padre_antonio_lima2.png 350w, https:\/\/blog.cancaonova.com\/padreantoniolima\/files\/2015\/04\/mons_jonas_abis_padre_antonio_lima2-300x199.png 300w\" sizes=\"(max-width: 350px) 100vw, 350px\" \/><\/p>\n<p>A espiritualidade carism\u00e1tica veio a somar a minha grande sede de servir a Deus. Foi atrav\u00e9s desse la\u00e7o bem feito entre meu chamado e a Renova\u00e7ao, que aumentou sempre mais em mim a consci\u00eancia da importancia da ora\u00e7\u00e3o, da adora\u00e7\u00e3o, das coisas de Deus e o desejo de conhecer a fundo a teologia sobre a terceira pessoa da Santissima Trindade, o Espirito Santo.<\/p>\n<p>Me identifiquei e atrav\u00e9s da viv\u00eancia e dessa tens\u00e3o em viver uma vida nova no Espirito Santo no dia a dia, ap\u00f3s meu primeiro semin\u00e1rio de vida no Espirito Santo em 1988, intensificou-se um desejo de mudan\u00e7a.<\/p>\n<p>E&#8217; assim que vivo assim o meu ser padre, tentando transmitir a quem me escuta por aquilo que sei e que consigo, do que aprendi e aprendo sobre como \u201cestar\u201d em Deus.<\/p>\n<p><img loading=\"lazy\" decoding=\"async\" class=\"alignleft size-full wp-image-1555\" src=\"http:\/\/blog.cancaonova.com\/padreantoniolima\/files\/2015\/04\/mons_jonas_abis_padre_antonio_lima3a.png\" alt=\"\" width=\"343\" height=\"250\" srcset=\"https:\/\/blog.cancaonova.com\/padreantoniolima\/files\/2015\/04\/mons_jonas_abis_padre_antonio_lima3a.png 343w, https:\/\/blog.cancaonova.com\/padreantoniolima\/files\/2015\/04\/mons_jonas_abis_padre_antonio_lima3a-300x219.png 300w\" sizes=\"(max-width: 343px) 100vw, 343px\" \/>Conheci a Comunidade Can\u00e7\u00e3o Nova em 1996 logo nos primeiros meses quando vim da It\u00e1lia ao Brasil, atrav\u00e9s de um padre amigo a quem devo muita gratid\u00e3o, ap\u00f3s muitos anos de viv\u00eancia, e logo me apaixonei pelo jeito de ser e de evangelizar, que era muito, mas muito mais do que aquilo que eu conhecia da Renova\u00e7\u00e3o carismatica italiana, nos grupos de ora\u00e7\u00e3o, nos grandes encontros como o anual da cidade de Rimini, que por muitos anos frequentei. A realidade da Can\u00e7\u00e3o Nova era uma coisa nova que aquele meu amigo padre me fez conhecer. Notei um ambiente onde vinte e quatro horas se vivia naquela tens\u00e3o de ora\u00e7\u00e3o e de servi\u00e7o a Deus e \u00e0 Igreja para uma nova Evangeliza\u00e7\u00e3o.<\/p>\n<p>Para viver esta gra\u00e7a que o Senhor me deu de conhecer a comunidade, minha medita\u00e7\u00e3o e ora\u00e7\u00e3o diaria a passaram a ser o Oficio Divino, mais uma&nbsp; p\u00e1gina de algum texto sobre o Espirito Santo como forma de Leitura espiritual. As duas fazem hoje desde ent\u00e3o, parte do meu dever para com Deus. No meu dia a dia tento viver sempre nessa sintonia gra\u00e7as a Deus.<\/p>\n<p><img loading=\"lazy\" decoding=\"async\" class=\"alignleft size-full wp-image-1551\" src=\"http:\/\/blog.cancaonova.com\/padreantoniolima\/files\/2015\/04\/mons_jonas_abis_padre_antonio_lima.png\" alt=\"\" width=\"343\" height=\"250\" srcset=\"https:\/\/blog.cancaonova.com\/padreantoniolima\/files\/2015\/04\/mons_jonas_abis_padre_antonio_lima.png 343w, https:\/\/blog.cancaonova.com\/padreantoniolima\/files\/2015\/04\/mons_jonas_abis_padre_antonio_lima-300x219.png 300w\" sizes=\"(max-width: 343px) 100vw, 343px\" \/>Me apaixonei pelo &#8220;rinc\u00e3o do meu Senhor&#8221; cheio de gente afascinada, apaixonada e sedenta de Deus, de evangeliza\u00e7ao, a casa de Maria, todo aquele terreno n\u00e3o asfaltado e cheio de altos e baixos, as constru\u00e7\u00f5es, os ambientes simples da r\u00e1dio e da TV e tantos outros particulares&#8230; As prega\u00e7\u00f5es de Mons. Jonas e de Luzia, dos mission\u00e1rios da comunidade, escutadas por centenas de pessoas&#8230; me alegravam muito porque via que toda aquela multid\u00e3o, ia para l\u00e1 para beber da Palavra de Deus, para receber forma\u00e7\u00e3o e retirar-se para viver alguns dias intensos de ora\u00e7\u00e3o. Sem contar a alegria do louvor, o esfor\u00e7o n\u00e3o pouco para oferecer o melhor para todos. Tudo isso continua a me afascinar.<\/p>\n<p>Nos retiros dos padres amigos da comunidade eram momentos especiais, eram os primeiros encontros para mim que tinha chegado de uma realidade renovada totalmente diferente, pela cultura, pelo jeito de espressar a alegria do louvor e do louvar e pela maneira de entender toda a din\u00e1mica da espiritualidade carism\u00e1tica.<\/p>\n<p>A Can\u00e7\u00e3o nova, seu jeito de viver renovado n\u00e3o fez que enriquecer o meu ser padre e foi o canal de Deus para que eu continuasse na minha busca e na minha descoberta da importancia concreta do Espirito Santo na vida da Igreja.<\/p>\n<p>Havia conhecido de perto a espiritualidade da Renova\u00e7\u00e3o Carism\u00e1tica Cat\u00f3lica na It\u00e1lia quando ainda estudante de Teologia, e tive a oportunidade de viver e beber dela para me alimentar mais ainda, al\u00e9m da grande riqueza da espiritualidade que a Igreja prop\u00f5e para os cl\u00e9rigos em forma\u00e7\u00e3o, atrav\u00e9s da Liturgia das horas, das forma\u00e7\u00f5es, dos documentos da Igreja sobre a importancia e o grande mist\u00e9rio que \u00e9 a voca\u00e7\u00e3o Sacerdotal.N\u00e3o esque\u00e7o a express\u00e3o de Frei Raniero Cantalamessa de muitos anos atraz: \u201cO Espirito Santo, este grande esquecido\u201d! A minha amizade com a comunidade, com o carisma, com outros padres da comunidade e os amigos, foi um dom de Deus para que eu n\u00e3o perdesse com o tempo depois de padre toda aquela riqueza que tinha conquistado quando seminarista.<\/p>\n<p>Fez com que n\u00e3o fosse tempo perdido todo o tempo que tinha passado de estudos, de aprofundamento da espiritualidade renovada; as reuni\u00f5es de grupo, encontros e congressos de forma\u00e7\u00e3o. Por tudo isso resumidamente, carrego comigo muita gratid\u00e3o pela Can\u00e7\u00e3o Nova, por Deus te-la colocado no cora\u00e7\u00e3o de Mons. Jonas Abib e dado coragem para enfrentar tantas pedras pelo caminho para realizar este sonho de Deus para a Igreja.<\/p>\n<p>Padre Antonio Lima.<\/p>\n<p>Siga o link abaixo para Ir \u00e0s &#8220;reflex\u00f5es&#8221;:<\/p>\n<p><a href=\"https:\/\/blog.cancaonova.com\/padreantoniolima\">https:\/\/blog.cancaonova.com\/padreantoniolima <\/a><\/p>\n<!-- AddThis Advanced Settings generic via filter on the_content --><!-- AddThis Share Buttons generic via filter on the_content -->","protected":false},"excerpt":{"rendered":"<p>Foi assim que conheci a Comunidade Can\u00e7ao Nova&#8230; A espiritualidade carism\u00e1tica veio a somar a minha grande sede de servir a Deus. Foi atrav\u00e9s desse la\u00e7o bem feito entre meu chamado e a Renova\u00e7ao, que aumentou sempre mais em mim&#8230;<!-- AddThis Advanced Settings generic via filter on get_the_excerpt --><!-- AddThis Share Buttons generic via filter on get_the_excerpt --><\/p>\n","protected":false},"author":4539,"featured_media":0,"parent":0,"menu_order":0,"comment_status":"open","ping_status":"open","template":"","meta":{"_mi_skip_tracking":false,"_monsterinsights_sitenote_active":false,"_monsterinsights_sitenote_note":"","_monsterinsights_sitenote_category":0,"footnotes":""},"_links":{"self":[{"href":"https:\/\/blog.cancaonova.com\/padreantoniolima\/wp-json\/wp\/v2\/pages\/634"}],"collection":[{"href":"https:\/\/blog.cancaonova.com\/padreantoniolima\/wp-json\/wp\/v2\/pages"}],"about":[{"href":"https:\/\/blog.cancaonova.com\/padreantoniolima\/wp-json\/wp\/v2\/types\/page"}],"author":[{"embeddable":true,"href":"https:\/\/blog.cancaonova.com\/padreantoniolima\/wp-json\/wp\/v2\/users\/4539"}],"replies":[{"embeddable":true,"href":"https:\/\/blog.cancaonova.com\/padreantoniolima\/wp-json\/wp\/v2\/comments?post=634"}],"version-history":[{"count":15,"href":"https:\/\/blog.cancaonova.com\/padreantoniolima\/wp-json\/wp\/v2\/pages\/634\/revisions"}],"predecessor-version":[{"id":1557,"href":"https:\/\/blog.cancaonova.com\/padreantoniolima\/wp-json\/wp\/v2\/pages\/634\/revisions\/1557"}],"wp:attachment":[{"href":"https:\/\/blog.cancaonova.com\/padreantoniolima\/wp-json\/wp\/v2\/media?parent=634"}],"curies":[{"name":"wp","href":"https:\/\/api.w.org\/{rel}","templated":true}]}}