{"id":3864,"date":"2024-03-22T14:03:31","date_gmt":"2024-03-22T17:03:31","guid":{"rendered":"http:\/\/blog.cancaonova.com\/paraguay\/?page_id=3864"},"modified":"2025-06-05T10:59:48","modified_gmt":"2025-06-05T14:59:48","slug":"nuestro-carisma-cancion-nueva","status":"publish","type":"page","link":"https:\/\/blog.cancaonova.com\/paraguay\/nuestro-carisma-cancion-nueva\/","title":{"rendered":"Nuestro Carisma"},"content":{"rendered":"<h3 style=\"text-align: center\">La Comunidad Canci\u00f3n Nueva est\u00e1\u00a0 ubicada en Asunci\u00f3n\/Paraguay.<\/h3>\n<p>Actualmente tenemos misioneros con donaci\u00f3n integral (seis) que llamamos miembros de la comunidad de vida y misioneros miembros externos (cuarenta y dos) llamados miembros de segundo elo, que llevan a cabo la misi\u00f3n pastoral,\u00a0 en sus parroquias y se donando en la evangelizaci\u00f3n en la comunidad\u00a0como la liturgia, la catequesis y la animaci\u00f3n.<\/p>\n<p><a href=\"http:\/\/blog.cancaonova.com\/paraguay\/files\/2024\/03\/Cancion-Nueva-Paraguay-2024-2-.jpg\"><img loading=\"lazy\" decoding=\"async\" class=\"aligncenter wp-image-3844 \" src=\"http:\/\/blog.cancaonova.com\/paraguay\/files\/2024\/03\/Cancion-Nueva-Paraguay-2024-2-.jpg\" alt=\"\" width=\"649\" height=\"261\" srcset=\"https:\/\/blog.cancaonova.com\/paraguay\/files\/2024\/03\/Cancion-Nueva-Paraguay-2024-2-.jpg 4981w, https:\/\/blog.cancaonova.com\/paraguay\/files\/2024\/03\/Cancion-Nueva-Paraguay-2024-2--300x121.jpg 300w, https:\/\/blog.cancaonova.com\/paraguay\/files\/2024\/03\/Cancion-Nueva-Paraguay-2024-2--768x309.jpg 768w\" sizes=\"(max-width: 649px) 100vw, 649px\" \/><\/a><\/p>\n<p>Canci\u00f3n Nueva en Paraguay es la primera misi\u00f3n externa de habla hispana de la AIPF<a href=\"https:\/\/www.cancaonova.com\/\"> Comunidade\u00a0\u00a0<em>Can\u00e7\u00e3o Nova\u00a0<\/em><\/a> que tiene su sede en la ciudad de Cachoeira Paulista\/ Brasil, una comunidad carism\u00e1tica con apostolado espec\u00edfico.<\/p>\n<p><span lang=\"ES-MX\"><span lang=\"es\">El t\u00e9rmino &#8220;Canci\u00f3n Nueva&#8221; corresponde al C\u00e1ntico Nuevo, un tema que atraviesa toda la historia de la salvaci\u00f3n: es el canto de los redimidos, el canto de las mujeres y hombres nuevos para el Nuevo Mundo.\u00a0<\/span><span lang=\"es\">La Comunidad Canci\u00f3n Nueva Nova se compromete a ser este canto para la Iglesia y para el mundo.\u00a0<\/span><span lang=\"es\">La Comunidad Canci\u00f3n Nueva pretende ser, en la Iglesia, la &#8220;Casa de Mar\u00eda&#8221;, entendiendo esta expresi\u00f3n en el sentido b\u00edblico: de los descendientes de Mar\u00eda, de la raza de Mar\u00eda, su Madre y educadora.<\/span><\/span><\/p>\n<p><span lang=\"es\"><span lang=\"ES-MX\"><a href=\"http:\/\/blog.cancaonova.com\/paraguay\/files\/2024\/03\/Cancion-Nueva-Paraguay-Marlene.jpeg\"><img loading=\"lazy\" decoding=\"async\" class=\"size-medium wp-image-3865 aligncenter\" src=\"http:\/\/blog.cancaonova.com\/paraguay\/files\/2024\/03\/Cancion-Nueva-Paraguay-Marlene-300x200.jpeg\" alt=\"\" width=\"300\" height=\"200\" srcset=\"https:\/\/blog.cancaonova.com\/paraguay\/files\/2024\/03\/Cancion-Nueva-Paraguay-Marlene-300x200.jpeg 300w, https:\/\/blog.cancaonova.com\/paraguay\/files\/2024\/03\/Cancion-Nueva-Paraguay-Marlene-768x512.jpeg 768w, https:\/\/blog.cancaonova.com\/paraguay\/files\/2024\/03\/Cancion-Nueva-Paraguay-Marlene.jpeg 1600w\" sizes=\"(max-width: 300px) 100vw, 300px\" \/><\/a><\/span><\/span><\/p>\n<p><span lang=\"es\"><span lang=\"ES-MX\">La Comunidad Canci\u00f3n Nueva es un cuerpo asociativo de fieles cristianos formado por mujeres y hombres; j\u00f3venes y adultos; solteros, casados y c\u00e9libes, sacerdotes y di\u00e1conos, que asumen la experiencia m\u00e1s radical de consagraci\u00f3n a Dios hecha en el Bautismo y la Confirmaci\u00f3n, seg\u00fan el apostolado, en una vida en comunidad, seg\u00fan el estado de cada uno.<\/span><\/span><span lang=\"es\"><span lang=\"ES-MX\">\u00a0Esta experiencia se inspira en la pr\u00e1ctica de los consejos evang\u00e9licos, adaptados a la vida secular.<\/span><\/span><\/p>\n<p><span lang=\"ES-MX\"><span lang=\"es\">El fundamento de la Comunidad Can\u00e7\u00e3o Nova es el Evangelio: vivirlo y comunicarlo de manera integral, en la eficacia del Esp\u00edritu Santo, esperando y acelerando la venida gloriosa del Se\u00f1or (cf. 2 P 3,12), debe ser el compromiso de todos los miembros.\u00a0<\/span><\/span><\/p>\n<h3 style=\"text-align: center\"><strong><span lang=\"ES-MX\"><span lang=\"es\">Somos Canci\u00f3n Nueva, somos llamados a ser la Casa de la Misericordia.<\/span><\/span><\/strong><\/h3>\n<p>&nbsp;<\/p>\n<p><a href=\"http:\/\/blog.cancaonova.com\/paraguay\/files\/2024\/03\/Angel-Cancion-nueva.jpg\"><img loading=\"lazy\" decoding=\"async\" class=\" wp-image-3866 aligncenter\" src=\"http:\/\/blog.cancaonova.com\/paraguay\/files\/2024\/03\/Angel-Cancion-nueva-300x300.jpg\" alt=\"\" width=\"257\" height=\"257\" srcset=\"https:\/\/blog.cancaonova.com\/paraguay\/files\/2024\/03\/Angel-Cancion-nueva-300x300.jpg 300w, https:\/\/blog.cancaonova.com\/paraguay\/files\/2024\/03\/Angel-Cancion-nueva-150x150.jpg 150w, https:\/\/blog.cancaonova.com\/paraguay\/files\/2024\/03\/Angel-Cancion-nueva-768x768.jpg 768w, https:\/\/blog.cancaonova.com\/paraguay\/files\/2024\/03\/Angel-Cancion-nueva-144x144.jpg 144w, https:\/\/blog.cancaonova.com\/paraguay\/files\/2024\/03\/Angel-Cancion-nueva.jpg 1280w\" sizes=\"(max-width: 257px) 100vw, 257px\" \/><\/a><\/p>\n<p>Reconocida por la Santa S\u00e9 y tiene como misi\u00f3n actual en Asunci\u00f3n &#8211; Paraguay\u00a0 llevar a cabo reuniones de oraci\u00f3n, predicas, talleres de formaci\u00f3n y espiritualidad, animaci\u00f3n lit\u00fargica y catequ\u00e9tica dentro otros trabajos pastorales\u2026<\/p>\n<p>Asistimos a las actividades propuestas por el Arzobispado y las actividades realizadas por los movimientos laicos y estamos a servicio de la iglesia.<\/p>\n<p>Adem\u00e1s de eso trabajamos siendo evangelizadores\u00a0en retiros, encuentros para todos de habla hispana sea j\u00f3venes, familias, adultos de la m\u00e1s diferenciada edad pastorales o parroquias que solicitan mediante a agendamiento.<\/p>\n<p>Nuestra evangelizaci\u00f3n en Paraguay\u00a0 se pasa tambi\u00e9n por los medios de comunicaci\u00f3n de manera especial tenemos trabajos por las redes sociales, radio y tele.<\/p>\n<p>S\u00edguenos en los enlaces<\/p>\n<p>Instagram:\u00a0\u00a0<a href=\"https:\/\/www.instagram.com\/cancionnuevapy\/\">https:\/\/www.instagram.com\/cancionnuevapy\/<\/a><\/p>\n<p>Facebook:\u00a0<a href=\"https:\/\/www.facebook.com\/cancionnuevapy\">https:\/\/www.facebook.com\/cancionnuevapy<\/a><\/p>\n<p>Youtube:\u00a0<a href=\"https:\/\/www.youtube.com\/@CancionNuevaParaguay\">https:\/\/www.youtube.com\/@CancionNuevaParaguay<\/a><\/p>\n","protected":false},"excerpt":{"rendered":"<p>La Comunidad Canci\u00f3n Nueva est\u00e1\u00a0 ubicada en Asunci\u00f3n\/Paraguay. Actualmente tenemos misioneros con donaci\u00f3n integral (seis) que llamamos miembros de la comunidad de vida y misioneros miembros externos (cuarenta y dos) llamados miembros de segundo elo, que llevan a cabo la&#8230;<\/p>\n","protected":false},"author":4792,"featured_media":3844,"parent":0,"menu_order":0,"comment_status":"closed","ping_status":"closed","template":"","meta":{"footnotes":""},"_links":{"self":[{"href":"https:\/\/blog.cancaonova.com\/paraguay\/wp-json\/wp\/v2\/pages\/3864"}],"collection":[{"href":"https:\/\/blog.cancaonova.com\/paraguay\/wp-json\/wp\/v2\/pages"}],"about":[{"href":"https:\/\/blog.cancaonova.com\/paraguay\/wp-json\/wp\/v2\/types\/page"}],"author":[{"embeddable":true,"href":"https:\/\/blog.cancaonova.com\/paraguay\/wp-json\/wp\/v2\/users\/4792"}],"replies":[{"embeddable":true,"href":"https:\/\/blog.cancaonova.com\/paraguay\/wp-json\/wp\/v2\/comments?post=3864"}],"version-history":[{"count":8,"href":"https:\/\/blog.cancaonova.com\/paraguay\/wp-json\/wp\/v2\/pages\/3864\/revisions"}],"predecessor-version":[{"id":3876,"href":"https:\/\/blog.cancaonova.com\/paraguay\/wp-json\/wp\/v2\/pages\/3864\/revisions\/3876"}],"wp:featuredmedia":[{"embeddable":true,"href":"https:\/\/blog.cancaonova.com\/paraguay\/wp-json\/wp\/v2\/media\/3844"}],"wp:attachment":[{"href":"https:\/\/blog.cancaonova.com\/paraguay\/wp-json\/wp\/v2\/media?parent=3864"}],"curies":[{"name":"wp","href":"https:\/\/api.w.org\/{rel}","templated":true}]}}