{"id":3898,"date":"2024-03-22T16:17:38","date_gmt":"2024-03-22T19:17:38","guid":{"rendered":"http:\/\/blog.cancaonova.com\/paraguay\/?page_id=3898"},"modified":"2025-06-05T10:57:27","modified_gmt":"2025-06-05T14:57:27","slug":"grupo-oracion-mujeres","status":"publish","type":"page","link":"https:\/\/blog.cancaonova.com\/paraguay\/grupo-oracion-mujeres\/","title":{"rendered":"Grupo de Oraci\u00f3n de Mujeres"},"content":{"rendered":"<div class=\"entry\">\n<h3 style=\"text-align: center\">\u00a0Lunes por medio a las 19.30 Hs Grupo de Oraci\u00f3n para Mujeres con la Comunidad Canci\u00f3n Nueva en cada semana un contenido de espiritualidad diferente.<\/h3>\n<p><a href=\"http:\/\/blog.cancaonova.com\/paraguay\/files\/2025\/02\/GRUPO-DE-MUJERES.png\"><img loading=\"lazy\" decoding=\"async\" class=\"size-medium wp-image-5260 aligncenter\" src=\"http:\/\/blog.cancaonova.com\/paraguay\/files\/2025\/02\/GRUPO-DE-MUJERES-300x300.png\" alt=\"\" width=\"300\" height=\"300\" srcset=\"https:\/\/blog.cancaonova.com\/paraguay\/files\/2025\/02\/GRUPO-DE-MUJERES-300x300.png 300w, https:\/\/blog.cancaonova.com\/paraguay\/files\/2025\/02\/GRUPO-DE-MUJERES-150x150.png 150w, https:\/\/blog.cancaonova.com\/paraguay\/files\/2025\/02\/GRUPO-DE-MUJERES-768x768.png 768w, https:\/\/blog.cancaonova.com\/paraguay\/files\/2025\/02\/GRUPO-DE-MUJERES-144x144.png 144w, https:\/\/blog.cancaonova.com\/paraguay\/files\/2025\/02\/GRUPO-DE-MUJERES-250x250.png 250w, https:\/\/blog.cancaonova.com\/paraguay\/files\/2025\/02\/GRUPO-DE-MUJERES.png 1080w\" sizes=\"(max-width: 300px) 100vw, 300px\" \/><\/a><\/p>\n<p>Ser mujer es un don de Dios para la humanidad.\u00a0 Cuanto m\u00e1s tomamos esta verdad, m\u00e1s eficaces seremos en nuestra misi\u00f3n.<\/p>\n<p>Son muchas las tareas que enfrentamos durante el d\u00eda: trabajar, estudiar, ver al novio, cuidar de casa, de los hijos, del marido y as\u00ed sucesivamente.<\/p>\n<p>\u00bfC\u00f3mo realizar todo eso siendo presencia de Dios en estos medios?<\/p>\n<p>Es esencial tener una<a href=\"http:\/\/www.cancionnueva.com.es\/propuesta-para-una-vida-de-oracion\/\" target=\"_blank\" rel=\"noopener\">\u00a0vida de oraci\u00f3n\u00a0<\/a>para escuchar las instrucciones del Se\u00f1or y responder esta pregunta. La intimidad con \u00c9l concede a la mujer las virtudes necesarias para ser una extensi\u00f3n de su amor en todo lo que ella realice.<\/p>\n<p>Invitamos a ti mujer de Dios para que venga estar con nosotros a los <strong>Lunes por medio a partir de las 19.30 Hs en la <a href=\"https:\/\/maps.app.goo.gl\/WGHBPMuihmZTfva27\">Parroquia de San Roque Gonz\u00e1lez de Santa Cruz &#8211; Asunci\u00f3n<\/a><\/strong>\u00a0en ese grupo que busca agrandar nuestro autoconocimiento, formar nuestra\u00a0 espiritualidad y acercar nuestro coraz\u00f3n mas aun a la voluntad de Dios.<\/p>\n<p style=\"text-align: center\"><b>Pr\u00f3ximas reuniones:<\/b><b><br \/>\n<\/b><span style=\"font-weight: 400\">10 y 24 de marzo<\/span><span style=\"font-weight: 400\"><br \/>\n<\/span><span style=\"font-weight: 400\">7 y 21 de abril<\/span><span style=\"font-weight: 400\"><br \/>\n<\/span><span style=\"font-weight: 400\">5 y 19 de mayo<\/span><span style=\"font-weight: 400\"><br \/>\n<\/span><span style=\"font-weight: 400\">2, 16 y 30 de junio<\/span><span style=\"font-weight: 400\"><br \/>\n<\/span><span style=\"font-weight: 400\"><br \/>\n<\/span><b>Ven, comparte este camino de fe con nosotras y fortalece tu coraz\u00f3n en la oraci\u00f3n. \u00a1Te esperamos con alegr\u00eda!<\/b><\/p>\n<h2 style=\"text-align: center\">Comunidad Canci\u00f3n Nueva\u00a0 Paraguay<\/h2>\n<p style=\"text-align: center\"><a href=\"http:\/\/blog.cancaonova.com\/paraguay\/files\/2010\/05\/logo.jpeg\"><img loading=\"lazy\" decoding=\"async\" class=\" wp-image-3922 aligncenter\" src=\"http:\/\/blog.cancaonova.com\/paraguay\/files\/2010\/05\/logo-300x300.jpeg\" alt=\"\" width=\"218\" height=\"218\" srcset=\"https:\/\/blog.cancaonova.com\/paraguay\/files\/2010\/05\/logo-300x300.jpeg 300w, https:\/\/blog.cancaonova.com\/paraguay\/files\/2010\/05\/logo-150x150.jpeg 150w, https:\/\/blog.cancaonova.com\/paraguay\/files\/2010\/05\/logo-768x768.jpeg 768w, https:\/\/blog.cancaonova.com\/paraguay\/files\/2010\/05\/logo-144x144.jpeg 144w, https:\/\/blog.cancaonova.com\/paraguay\/files\/2010\/05\/logo.jpeg 900w\" sizes=\"(max-width: 218px) 100vw, 218px\" \/><\/a><\/p>\n<h4 style=\"text-align: center\">Estamos ubicados en Parroquia San Roque Gonz\u00e1lez de Santa Cruz<\/h4>\n<p style=\"text-align: center\"><strong>Direcci\u00f3n:<\/strong>\u00a0Lomas Valentinas N\u00b0 151<\/p>\n<p style=\"text-align: center\">Entre Yegros e\/ Independencia Nacional \u2013\u00a0 Asunci\u00f3n.<\/p>\n<p style=\"text-align: center\">Contacto y\u00a0 whatsapp<\/p>\n<p style=\"text-align: center\"><a href=\"https:\/\/abrir.link\/ContactoGeneralCNPY\" target=\"_blank\" rel=\"noopener\">\ud83d\udcf2\u00a0\u00a0 +595 986 273932<\/a><\/p>\n<h5 style=\"text-align: center\">\ud83d\udce9 coordinacionpy@cancaonova.com<\/h5>\n<p style=\"text-align: center\">Ven\u00eds a participar de las actividades semanales en nuestra misi\u00f3n\u00a0<strong>Canci\u00f3n Nueva Paraguay.<\/strong><\/p>\n<p style=\"text-align: center\"><strong>\u00a1Te esperamos!<\/strong><\/p>\n<\/div>\n","protected":false},"excerpt":{"rendered":"<p>\u00a0Lunes por medio a las 19.30 Hs Grupo de Oraci\u00f3n para Mujeres con la Comunidad Canci\u00f3n Nueva en cada semana un contenido de espiritualidad diferente. Ser mujer es un don de Dios para la humanidad.\u00a0 Cuanto m\u00e1s tomamos esta verdad,&#8230;<\/p>\n","protected":false},"author":4792,"featured_media":5260,"parent":0,"menu_order":0,"comment_status":"closed","ping_status":"closed","template":"","meta":{"footnotes":""},"_links":{"self":[{"href":"https:\/\/blog.cancaonova.com\/paraguay\/wp-json\/wp\/v2\/pages\/3898"}],"collection":[{"href":"https:\/\/blog.cancaonova.com\/paraguay\/wp-json\/wp\/v2\/pages"}],"about":[{"href":"https:\/\/blog.cancaonova.com\/paraguay\/wp-json\/wp\/v2\/types\/page"}],"author":[{"embeddable":true,"href":"https:\/\/blog.cancaonova.com\/paraguay\/wp-json\/wp\/v2\/users\/4792"}],"replies":[{"embeddable":true,"href":"https:\/\/blog.cancaonova.com\/paraguay\/wp-json\/wp\/v2\/comments?post=3898"}],"version-history":[{"count":10,"href":"https:\/\/blog.cancaonova.com\/paraguay\/wp-json\/wp\/v2\/pages\/3898\/revisions"}],"predecessor-version":[{"id":5282,"href":"https:\/\/blog.cancaonova.com\/paraguay\/wp-json\/wp\/v2\/pages\/3898\/revisions\/5282"}],"wp:featuredmedia":[{"embeddable":true,"href":"https:\/\/blog.cancaonova.com\/paraguay\/wp-json\/wp\/v2\/media\/5260"}],"wp:attachment":[{"href":"https:\/\/blog.cancaonova.com\/paraguay\/wp-json\/wp\/v2\/media?parent=3898"}],"curies":[{"name":"wp","href":"https:\/\/api.w.org\/{rel}","templated":true}]}}