{"id":3900,"date":"2024-03-22T16:18:41","date_gmt":"2024-03-22T19:18:41","guid":{"rendered":"http:\/\/blog.cancaonova.com\/paraguay\/?page_id=3900"},"modified":"2025-06-05T10:55:59","modified_gmt":"2025-06-05T14:55:59","slug":"rosario-de-hombres","status":"publish","type":"page","link":"https:\/\/blog.cancaonova.com\/paraguay\/rosario-de-hombres\/","title":{"rendered":"Rosario de Hombres"},"content":{"rendered":"<h3 style=\"text-align: center\">En\u00a0 los martes a las 19.30 Hs Rosario de Hombres Valientes\u00a0 con la Comunidad Canci\u00f3n Nueva en Asunci\u00f3n una oportunidad de estar en oraci\u00f3n y hacer nuevos amigos .<\/h3>\n<p style=\"text-align: center\"><a href=\"http:\/\/blog.cancaonova.com\/paraguay\/files\/2024\/03\/Rosario-de-Hombres.jpg\"><img loading=\"lazy\" decoding=\"async\" class=\"alignnone size-medium wp-image-4255\" src=\"http:\/\/blog.cancaonova.com\/paraguay\/files\/2024\/03\/Rosario-de-Hombres-300x300.jpg\" alt=\"\" width=\"300\" height=\"300\" srcset=\"https:\/\/blog.cancaonova.com\/paraguay\/files\/2024\/03\/Rosario-de-Hombres-300x300.jpg 300w, https:\/\/blog.cancaonova.com\/paraguay\/files\/2024\/03\/Rosario-de-Hombres-150x150.jpg 150w, https:\/\/blog.cancaonova.com\/paraguay\/files\/2024\/03\/Rosario-de-Hombres-768x768.jpg 768w, https:\/\/blog.cancaonova.com\/paraguay\/files\/2024\/03\/Rosario-de-Hombres-144x144.jpg 144w, https:\/\/blog.cancaonova.com\/paraguay\/files\/2024\/03\/Rosario-de-Hombres.jpg 1080w\" sizes=\"(max-width: 300px) 100vw, 300px\" \/><\/a><\/p>\n<p>\u00a0El hombre de Dios camina humildemente con su Creador, confiando en \u00c9l para vivir plenamente y perseverar hasta el fin.<\/p>\n<p>Un hombre de Dios est\u00e1 plenamente convencido de la existencia de Dios y de la revelaci\u00f3n divina en Su Palabra. Defiende y proclama estas verdades en cualquier lugar.<\/p>\n<p>Est\u00e1 dispuesto a pagar el precio por defender el evangelio y vive como sal de la tierra y luz del mundo.<\/p>\n<p>Confer\u00ed el video del Rosario de Hombres Valientes:<\/p>\n<p><iframe loading=\"lazy\" title=\"Rosario del Hombres - (27\/02\/24)\" width=\"600\" height=\"338\" src=\"https:\/\/www.youtube.com\/embed\/mXXIq9mvtSQ?feature=oembed&amp;rel=0\" frameborder=\"0\" allow=\"accelerometer; autoplay; clipboard-write; encrypted-media; gyroscope; picture-in-picture; web-share\" referrerpolicy=\"strict-origin-when-cross-origin\" allowfullscreen><\/iframe><\/p>\n<p>Un hombre de Dios camina en comuni\u00f3n con Cristo, guiado por la cruz, lleno de convicci\u00f3n, comprometido y con un car\u00e1cter transformado por la gracia divina.<\/p>\n<p><strong>El poder de la oraci\u00f3n<\/strong>\u00a0es profundo y significativo en la vida de los hombres.\u00a0A trav\u00e9s de la oraci\u00f3n, los seres humanos pueden comunicarse con Dios, expresar sus pensamientos, sentimientos y necesidades, y buscar su gu\u00eda y fortaleza<\/p>\n<p>Invitamos a ti hombre de todas las edades para que venga estar con nosotros a los Martes<strong> a partir de las 19.30 Hs en la <a href=\"https:\/\/maps.app.goo.gl\/WGHBPMuihmZTfva27\" target=\"_blank\" rel=\"noopener\">Parroquia de San Roque Gonz\u00e1lez de Santa Cruz \u2013 Asunci\u00f3n<\/a><\/strong>\u00a0en ese grupo que busca agrandar nuestro autoconocimiento, formar nuestra\u00a0 espiritualidad\u00a0la oraci\u00f3n nos fortalece en momentos dif\u00edciles. Nos acerca al coraz\u00f3n de Dios cuando enfrentamos adversidades.<\/p>\n<p>\u00a1An\u00edmate y venga con nosotros!<\/p>\n<h2 style=\"text-align: center\">Comunidad Canci\u00f3n Nueva\u00a0 Paraguay<\/h2>\n<p style=\"text-align: center\"><a href=\"http:\/\/blog.cancaonova.com\/paraguay\/files\/2010\/05\/logo.jpeg\"><img loading=\"lazy\" decoding=\"async\" class=\" wp-image-3922 aligncenter\" src=\"http:\/\/blog.cancaonova.com\/paraguay\/files\/2010\/05\/logo-300x300.jpeg\" alt=\"\" width=\"218\" height=\"218\" srcset=\"https:\/\/blog.cancaonova.com\/paraguay\/files\/2010\/05\/logo-300x300.jpeg 300w, https:\/\/blog.cancaonova.com\/paraguay\/files\/2010\/05\/logo-150x150.jpeg 150w, https:\/\/blog.cancaonova.com\/paraguay\/files\/2010\/05\/logo-768x768.jpeg 768w, https:\/\/blog.cancaonova.com\/paraguay\/files\/2010\/05\/logo-144x144.jpeg 144w, https:\/\/blog.cancaonova.com\/paraguay\/files\/2010\/05\/logo.jpeg 900w\" sizes=\"(max-width: 218px) 100vw, 218px\" \/><\/a><\/p>\n<h4 style=\"text-align: center\">Estamos ubicados en Parroquia San Roque Gonz\u00e1lez de Santa Cruz<\/h4>\n<p style=\"text-align: center\"><a href=\"https:\/\/g.co\/kgs\/zwe1Vv2\"><strong>Direcci\u00f3n:<\/strong>\u00a0Lomas Valentinas N\u00b0 151<\/a><\/p>\n<p style=\"text-align: center\">Entre Yegros e\/ Independencia Nacional \u2013\u00a0 Asunci\u00f3n.<\/p>\n<p style=\"text-align: center\">Contacto y\u00a0 whatsapp<\/p>\n<p style=\"text-align: center\"><a href=\"https:\/\/abrir.link\/ContactoGeneralCNPY\" target=\"_blank\" rel=\"noopener\">\ud83d\udcf2\u00a0\u00a0 +595 986 273932<\/a><\/p>\n<h5 style=\"text-align: center\">\ud83d\udce9 coordinacionpy@cancaonova.com<\/h5>\n<p style=\"text-align: center\">Ven\u00eds a participar de las actividades semanales en nuestra misi\u00f3n<a href=\"https:\/\/g.co\/kgs\/zwe1Vv2\">\u00a0<\/a><strong>Canci\u00f3n Nueva Paraguay.<\/strong><\/p>\n<p style=\"text-align: center\"><strong>\u00a1Te esperamos!<\/strong><\/p>\n","protected":false},"excerpt":{"rendered":"<p>En\u00a0 los martes a las 19.30 Hs Rosario de Hombres Valientes\u00a0 con la Comunidad Canci\u00f3n Nueva en Asunci\u00f3n una oportunidad de estar en oraci\u00f3n y hacer nuevos amigos . \u00a0El hombre de Dios camina humildemente con su Creador, confiando en&#8230;<\/p>\n","protected":false},"author":4792,"featured_media":4255,"parent":0,"menu_order":0,"comment_status":"closed","ping_status":"closed","template":"","meta":{"footnotes":""},"_links":{"self":[{"href":"https:\/\/blog.cancaonova.com\/paraguay\/wp-json\/wp\/v2\/pages\/3900"}],"collection":[{"href":"https:\/\/blog.cancaonova.com\/paraguay\/wp-json\/wp\/v2\/pages"}],"about":[{"href":"https:\/\/blog.cancaonova.com\/paraguay\/wp-json\/wp\/v2\/types\/page"}],"author":[{"embeddable":true,"href":"https:\/\/blog.cancaonova.com\/paraguay\/wp-json\/wp\/v2\/users\/4792"}],"replies":[{"embeddable":true,"href":"https:\/\/blog.cancaonova.com\/paraguay\/wp-json\/wp\/v2\/comments?post=3900"}],"version-history":[{"count":9,"href":"https:\/\/blog.cancaonova.com\/paraguay\/wp-json\/wp\/v2\/pages\/3900\/revisions"}],"predecessor-version":[{"id":5284,"href":"https:\/\/blog.cancaonova.com\/paraguay\/wp-json\/wp\/v2\/pages\/3900\/revisions\/5284"}],"wp:featuredmedia":[{"embeddable":true,"href":"https:\/\/blog.cancaonova.com\/paraguay\/wp-json\/wp\/v2\/media\/4255"}],"wp:attachment":[{"href":"https:\/\/blog.cancaonova.com\/paraguay\/wp-json\/wp\/v2\/media?parent=3900"}],"curies":[{"name":"wp","href":"https:\/\/api.w.org\/{rel}","templated":true}]}}