{"id":3902,"date":"2024-02-12T16:19:31","date_gmt":"2024-02-12T19:19:31","guid":{"rendered":"http:\/\/blog.cancaonova.com\/paraguay\/?page_id=3902"},"modified":"2025-06-05T10:57:08","modified_gmt":"2025-06-05T14:57:08","slug":"grupo-de-oracion-comunidad-cancion-nueva","status":"publish","type":"page","link":"https:\/\/blog.cancaonova.com\/paraguay\/grupo-de-oracion-comunidad-cancion-nueva\/","title":{"rendered":"Grupo de Oraci\u00f3n Canci\u00f3n Nueva"},"content":{"rendered":"<h2 style=\"text-align: center\">Canci\u00f3n Nueva en Asunci\u00f3n te invita a tener intimidad con Dios mediante la oraci\u00f3n, participando del\u00a0<strong>Grupo de Oraci\u00f3n.<\/strong><\/h2>\n<p><a href=\"http:\/\/blog.cancaonova.com\/paraguay\/files\/2011\/10\/grupooracion.jpg\"><img loading=\"lazy\" decoding=\"async\" class=\"size-full wp-image-1840 alignleft\" src=\"http:\/\/blog.cancaonova.com\/paraguay\/files\/2011\/10\/grupooracion.jpg\" alt=\"\" width=\"265\" height=\"150\" \/><\/a>Todos los\u00a0 s\u00e1bados a las 16.30 Hs\u00a0 en la Parroquia de San Roque Gonz\u00e1lez\u00a0 de\u00a0 Santa\u00a0 Cruz en Asunci\u00f3n &#8211; Paraguay.<\/p>\n<p>El grupo de oraci\u00f3n contempla momentos de meditaci\u00f3n de la Palabra de Dios, de cantos\u00a0 y alabanzas\u00a0 dirigidos por el Ministerio de M\u00fasica de la Comunidad, oraci\u00f3n comunitaria, adoraci\u00f3n.<\/p>\n<p>Tambi\u00e9n hacemos en\u00a0 todos los primeros s\u00e1bados el Cen\u00e1culo Mariano.<\/p>\n<p style=\"text-align: left\"><a href=\"http:\/\/blog.cancaonova.com\/paraguay\/files\/2024\/03\/WhatsApp-Image-2024-02-22-at-14.32.56.jpeg\"><img loading=\"lazy\" decoding=\"async\" class=\"aligncenter wp-image-3992 size-large\" src=\"http:\/\/blog.cancaonova.com\/paraguay\/files\/2024\/03\/WhatsApp-Image-2024-02-22-at-14.32.56-600x300.jpeg\" alt=\"\" width=\"600\" height=\"300\" srcset=\"https:\/\/blog.cancaonova.com\/paraguay\/files\/2024\/03\/WhatsApp-Image-2024-02-22-at-14.32.56-600x300.jpeg 600w, https:\/\/blog.cancaonova.com\/paraguay\/files\/2024\/03\/WhatsApp-Image-2024-02-22-at-14.32.56-300x150.jpeg 300w, https:\/\/blog.cancaonova.com\/paraguay\/files\/2024\/03\/WhatsApp-Image-2024-02-22-at-14.32.56-150x75.jpeg 150w\" sizes=\"(max-width: 600px) 100vw, 600px\" \/><\/a><\/p>\n<p style=\"text-align: left\">Las actividades inician a las 16:30 horas culminando a las 18 horas donde se reza el Rosario\u00a0 Mariano y tenemos la celebraci\u00f3n de la Santa Misa a las 18.30 Hs.<\/p>\n<p>Los j\u00f3venes, madres, padres, amigos, abuelos, todos pueden participar e invitar a otros para que cada vez m\u00e1s personas vayan teniendo ese encuentro con Jes\u00fas en la Santa Misa y extender esa relaci\u00f3n en la Adoraci\u00f3n, buscando tambi\u00e9n escuchar a Dios en momentos de oraci\u00f3n.<\/p>\n<p>&nbsp;<\/p>\n<h2 style=\"text-align: center\">Comunidad Canci\u00f3n Nueva\u00a0 Paraguay<\/h2>\n<p style=\"text-align: center\"><a href=\"http:\/\/blog.cancaonova.com\/paraguay\/files\/2010\/05\/logo.jpeg\"><img loading=\"lazy\" decoding=\"async\" class=\" wp-image-3922 aligncenter\" src=\"http:\/\/blog.cancaonova.com\/paraguay\/files\/2010\/05\/logo-300x300.jpeg\" alt=\"\" width=\"218\" height=\"218\" srcset=\"https:\/\/blog.cancaonova.com\/paraguay\/files\/2010\/05\/logo-300x300.jpeg 300w, https:\/\/blog.cancaonova.com\/paraguay\/files\/2010\/05\/logo-150x150.jpeg 150w, https:\/\/blog.cancaonova.com\/paraguay\/files\/2010\/05\/logo-768x768.jpeg 768w, https:\/\/blog.cancaonova.com\/paraguay\/files\/2010\/05\/logo-144x144.jpeg 144w, https:\/\/blog.cancaonova.com\/paraguay\/files\/2010\/05\/logo.jpeg 900w\" sizes=\"(max-width: 218px) 100vw, 218px\" \/><\/a><\/p>\n<h4 style=\"text-align: center\">Estamos ubicados en Parroquia San Roque Gonz\u00e1lez de Santa Cruz<\/h4>\n<p style=\"text-align: center\"><strong>Direcci\u00f3n:<\/strong>\u00a0Lomas Valentinas N\u00b0 151<\/p>\n<p style=\"text-align: center\">Entre Yegros e\/ Independencia Nacional \u2013\u00a0 Asunci\u00f3n.<\/p>\n<p style=\"text-align: center\">Contacto y\u00a0 whatsapp<\/p>\n<p style=\"text-align: center\"><a href=\"https:\/\/abrir.link\/ContactoGeneralCNPY\" target=\"_blank\" rel=\"noopener\">\ud83d\udcf2\u00a0\u00a0 +595 986 273932<\/a><\/p>\n<h5 style=\"text-align: center\">\ud83d\udce9 coordinacionpy@cancaonova.com<\/h5>\n<p style=\"text-align: center\">Ven\u00eds a participar de las actividades semanales en nuestra misi\u00f3n\u00a0<strong>Canci\u00f3n Nueva Paraguay.<\/strong><\/p>\n<p style=\"text-align: center\"><strong>\u00a1Te esperamos!<\/strong><\/p>\n<p>&nbsp;<\/p>\n","protected":false},"excerpt":{"rendered":"<p>Canci\u00f3n Nueva en Asunci\u00f3n te invita a tener intimidad con Dios mediante la oraci\u00f3n, participando del\u00a0Grupo de Oraci\u00f3n. Todos los\u00a0 s\u00e1bados a las 16.30 Hs\u00a0 en la Parroquia de San Roque Gonz\u00e1lez\u00a0 de\u00a0 Santa\u00a0 Cruz en Asunci\u00f3n &#8211; Paraguay. El&#8230;<\/p>\n","protected":false},"author":4792,"featured_media":3992,"parent":0,"menu_order":0,"comment_status":"closed","ping_status":"closed","template":"","meta":{"footnotes":""},"_links":{"self":[{"href":"https:\/\/blog.cancaonova.com\/paraguay\/wp-json\/wp\/v2\/pages\/3902"}],"collection":[{"href":"https:\/\/blog.cancaonova.com\/paraguay\/wp-json\/wp\/v2\/pages"}],"about":[{"href":"https:\/\/blog.cancaonova.com\/paraguay\/wp-json\/wp\/v2\/types\/page"}],"author":[{"embeddable":true,"href":"https:\/\/blog.cancaonova.com\/paraguay\/wp-json\/wp\/v2\/users\/4792"}],"replies":[{"embeddable":true,"href":"https:\/\/blog.cancaonova.com\/paraguay\/wp-json\/wp\/v2\/comments?post=3902"}],"version-history":[{"count":7,"href":"https:\/\/blog.cancaonova.com\/paraguay\/wp-json\/wp\/v2\/pages\/3902\/revisions"}],"predecessor-version":[{"id":5283,"href":"https:\/\/blog.cancaonova.com\/paraguay\/wp-json\/wp\/v2\/pages\/3902\/revisions\/5283"}],"wp:featuredmedia":[{"embeddable":true,"href":"https:\/\/blog.cancaonova.com\/paraguay\/wp-json\/wp\/v2\/media\/3992"}],"wp:attachment":[{"href":"https:\/\/blog.cancaonova.com\/paraguay\/wp-json\/wp\/v2\/media?parent=3902"}],"curies":[{"name":"wp","href":"https:\/\/api.w.org\/{rel}","templated":true}]}}