{"id":3904,"date":"2024-03-22T16:20:36","date_gmt":"2024-03-22T19:20:36","guid":{"rendered":"http:\/\/blog.cancaonova.com\/paraguay\/?page_id=3904"},"modified":"2025-06-05T10:55:38","modified_gmt":"2025-06-05T14:55:38","slug":"misas-tv","status":"publish","type":"page","link":"https:\/\/blog.cancaonova.com\/paraguay\/misas-tv\/","title":{"rendered":"Misas -TV"},"content":{"rendered":"<h2 style=\"text-align: center\">Los primer y tercer viernes de todos los meses Misa a las 06:00 Hs. De la ma\u00f1ana en canal NPY&#8230;<\/h2>\n<p style=\"text-align: center\"><a href=\"http:\/\/blog.cancaonova.com\/paraguay\/files\/2024\/08\/npy-cancion-nueva-paraguay-3.jpeg\"><img loading=\"lazy\" decoding=\"async\" class=\"alignnone wp-image-4642 size-large\" src=\"http:\/\/blog.cancaonova.com\/paraguay\/files\/2024\/08\/npy-cancion-nueva-paraguay-3-e1724783286997-600x300.jpeg\" alt=\"\" width=\"600\" height=\"300\" srcset=\"https:\/\/blog.cancaonova.com\/paraguay\/files\/2024\/08\/npy-cancion-nueva-paraguay-3-e1724783286997-600x300.jpeg 600w, https:\/\/blog.cancaonova.com\/paraguay\/files\/2024\/08\/npy-cancion-nueva-paraguay-3-e1724783286997-300x150.jpeg 300w, https:\/\/blog.cancaonova.com\/paraguay\/files\/2024\/08\/npy-cancion-nueva-paraguay-3-e1724783286997-150x75.jpeg 150w\" sizes=\"(max-width: 600px) 100vw, 600px\" \/><\/a><\/p>\n<p>La santa eucarist\u00eda es celebrada y transmitida en vivo presidida por el <a href=\"https:\/\/www.instagram.com\/thiagopereiracn\/\">Padre Thiago Pereira<\/a> miembro de la\u00a0 Comunidad\u00a0 Canci\u00f3n Nueva.Todos los viernes nuestra comunidad apoya con el servicio del ministerio de m\u00fasica y liturgia de la Santa Misa.<\/p>\n<p><a href=\"http:\/\/blog.cancaonova.com\/paraguay\/files\/2024\/08\/npy-cancion-nueva-paraguay-2.jpeg\"><img loading=\"lazy\" decoding=\"async\" class=\"size-medium wp-image-4641 alignright\" src=\"http:\/\/blog.cancaonova.com\/paraguay\/files\/2024\/08\/npy-cancion-nueva-paraguay-2-225x300.jpeg\" alt=\"\" width=\"225\" height=\"300\" srcset=\"https:\/\/blog.cancaonova.com\/paraguay\/files\/2024\/08\/npy-cancion-nueva-paraguay-2-225x300.jpeg 225w, https:\/\/blog.cancaonova.com\/paraguay\/files\/2024\/08\/npy-cancion-nueva-paraguay-2-768x1024.jpeg 768w, https:\/\/blog.cancaonova.com\/paraguay\/files\/2024\/08\/npy-cancion-nueva-paraguay-2-150x200.jpeg 150w, https:\/\/blog.cancaonova.com\/paraguay\/files\/2024\/08\/npy-cancion-nueva-paraguay-2-1152x1536.jpeg 1152w, https:\/\/blog.cancaonova.com\/paraguay\/files\/2024\/08\/npy-cancion-nueva-paraguay-2.jpeg 1200w\" sizes=\"(max-width: 225px) 100vw, 225px\" \/><\/a><\/p>\n<p>Los segundos y cuarto viernes de cada mes la misa es Presidida por el Padre Hector Fari\u00f1a del Santuario Mar\u00eda Auxiliadora. Tambi\u00e9n apoyado por la comunidad.<\/p>\n<p>En el caso de que un mes tenga 5 viernes, tambi\u00e9n toca\u00a0 al Padre Thiago Pereira celebrar la santa misa.<a href=\"http:\/\/blog.cancaonova.com\/paraguay\/files\/2024\/08\/Cancion-Nueva-Paraguay-Misa-NPY-2.jpg\"><img loading=\"lazy\" decoding=\"async\" class=\"wp-image-4639 size-thumbnail alignleft\" src=\"http:\/\/blog.cancaonova.com\/paraguay\/files\/2024\/08\/Cancion-Nueva-Paraguay-Misa-NPY-2-150x150.jpg\" alt=\"\" width=\"150\" height=\"150\" srcset=\"https:\/\/blog.cancaonova.com\/paraguay\/files\/2024\/08\/Cancion-Nueva-Paraguay-Misa-NPY-2-150x150.jpg 150w, https:\/\/blog.cancaonova.com\/paraguay\/files\/2024\/08\/Cancion-Nueva-Paraguay-Misa-NPY-2-300x300.jpg 300w, https:\/\/blog.cancaonova.com\/paraguay\/files\/2024\/08\/Cancion-Nueva-Paraguay-Misa-NPY-2-768x768.jpg 768w, https:\/\/blog.cancaonova.com\/paraguay\/files\/2024\/08\/Cancion-Nueva-Paraguay-Misa-NPY-2-144x144.jpg 144w, https:\/\/blog.cancaonova.com\/paraguay\/files\/2024\/08\/Cancion-Nueva-Paraguay-Misa-NPY-2.jpg 1432w\" sizes=\"(max-width: 150px) 100vw, 150px\" \/><\/a><\/p>\n<p>Sacerdotes de varias comunidades presiden la santa misa cada d\u00eda.<\/p>\n<p>La Eucarist\u00eda es el alimento espiritual que nutre el alma. Proporciona gracia y fortaleza para vivir la vida cristiana y enfrentar las dificultades.<\/p>\n<p>Es un signo de la nueva alianza entre Dios y la humanidad, establecida por la muerte y resurrecci\u00f3n de Jes\u00fas. Es un recordatorio de la promesa de salvaci\u00f3n y vida eterna. Al participar en la Eucarist\u00eda, los fieles recuerdan y celebran este sacrificio, que es central para la salvaci\u00f3n.<\/p>\n<p>La eucarist\u00eda fuente de la vida cristiana, llega al alcance de mucha gente antes de salir de su casa para ir a trabajar, de aquellos enfermos que no pueden ir presencialmente\u00a0 y de muchos otros fieles que bien temprano buscan escuchar la palabra de Dios nuestros Se\u00f1or.<\/p>\n<h3 style=\"text-align: center\">A las 06:00 Hs. De la ma\u00f1ana de todos los d\u00edas la santa eucarist\u00eda es celebrada y transmitida en vivo por el canal <a href=\"https:\/\/www.npy.com.py\/en-vivo\">NPY, en cable canal 6.<\/a><\/h3>\n<h3><a href=\"http:\/\/blog.cancaonova.com\/paraguay\/files\/2024\/08\/npy-cancion-nueva-paraguay.jpeg\"><img loading=\"lazy\" decoding=\"async\" class=\"size-medium wp-image-4640 aligncenter\" src=\"http:\/\/blog.cancaonova.com\/paraguay\/files\/2024\/08\/npy-cancion-nueva-paraguay-300x168.jpeg\" alt=\"\" width=\"300\" height=\"168\" srcset=\"https:\/\/blog.cancaonova.com\/paraguay\/files\/2024\/08\/npy-cancion-nueva-paraguay-300x168.jpeg 300w, https:\/\/blog.cancaonova.com\/paraguay\/files\/2024\/08\/npy-cancion-nueva-paraguay-768x432.jpeg 768w, https:\/\/blog.cancaonova.com\/paraguay\/files\/2024\/08\/npy-cancion-nueva-paraguay-384x216.jpeg 384w, https:\/\/blog.cancaonova.com\/paraguay\/files\/2024\/08\/npy-cancion-nueva-paraguay-512x288.jpeg 512w, https:\/\/blog.cancaonova.com\/paraguay\/files\/2024\/08\/npy-cancion-nueva-paraguay-1024x576.jpeg 1024w, https:\/\/blog.cancaonova.com\/paraguay\/files\/2024\/08\/npy-cancion-nueva-paraguay.jpeg 1080w\" sizes=\"(max-width: 300px) 100vw, 300px\" \/><\/a><\/h3>\n<h3><\/h3>\n<h3 style=\"text-align: center\"><strong>Canci\u00f3n Nueva Paraguay<\/strong><a href=\"http:\/\/blog.cancaonova.com\/paraguay\/files\/2010\/05\/logo.jpeg\"><img loading=\"lazy\" decoding=\"async\" class=\"wp-image-3922 aligncenter\" src=\"http:\/\/blog.cancaonova.com\/paraguay\/files\/2010\/05\/logo-300x300.jpeg\" alt=\"\" width=\"141\" height=\"141\" srcset=\"https:\/\/blog.cancaonova.com\/paraguay\/files\/2010\/05\/logo-300x300.jpeg 300w, https:\/\/blog.cancaonova.com\/paraguay\/files\/2010\/05\/logo-150x150.jpeg 150w, https:\/\/blog.cancaonova.com\/paraguay\/files\/2010\/05\/logo-768x768.jpeg 768w, https:\/\/blog.cancaonova.com\/paraguay\/files\/2010\/05\/logo-144x144.jpeg 144w, https:\/\/blog.cancaonova.com\/paraguay\/files\/2010\/05\/logo.jpeg 900w\" sizes=\"(max-width: 141px) 100vw, 141px\" \/><\/a>Contacto\/ whatsapp:<\/h3>\n<h3 style=\"text-align: center\">\ud83d\udcf2<a href=\"https:\/\/abrir.link\/ContactoGeneralCNPY\" target=\"_blank\" rel=\"noopener\">\u00a0\u00a0\u00a0+595 986 273932<\/a><\/h3>\n<h5 style=\"text-align: center\">\u00a0\ud83d\udce9\u00a0coordinacionpy@cancaonova.com<\/h5>\n<h4 style=\"text-align: center\">\u00a1Evangeliza con nosotros!<\/h4>\n","protected":false},"excerpt":{"rendered":"<p>Los primer y tercer viernes de todos los meses Misa a las 06:00 Hs. De la ma\u00f1ana en canal NPY&#8230; La santa eucarist\u00eda es celebrada y transmitida en vivo presidida por el Padre Thiago Pereira miembro de la\u00a0 Comunidad\u00a0 Canci\u00f3n&#8230;<\/p>\n","protected":false},"author":4792,"featured_media":4643,"parent":0,"menu_order":0,"comment_status":"closed","ping_status":"closed","template":"","meta":{"footnotes":""},"_links":{"self":[{"href":"https:\/\/blog.cancaonova.com\/paraguay\/wp-json\/wp\/v2\/pages\/3904"}],"collection":[{"href":"https:\/\/blog.cancaonova.com\/paraguay\/wp-json\/wp\/v2\/pages"}],"about":[{"href":"https:\/\/blog.cancaonova.com\/paraguay\/wp-json\/wp\/v2\/types\/page"}],"author":[{"embeddable":true,"href":"https:\/\/blog.cancaonova.com\/paraguay\/wp-json\/wp\/v2\/users\/4792"}],"replies":[{"embeddable":true,"href":"https:\/\/blog.cancaonova.com\/paraguay\/wp-json\/wp\/v2\/comments?post=3904"}],"version-history":[{"count":11,"href":"https:\/\/blog.cancaonova.com\/paraguay\/wp-json\/wp\/v2\/pages\/3904\/revisions"}],"predecessor-version":[{"id":5285,"href":"https:\/\/blog.cancaonova.com\/paraguay\/wp-json\/wp\/v2\/pages\/3904\/revisions\/5285"}],"wp:featuredmedia":[{"embeddable":true,"href":"https:\/\/blog.cancaonova.com\/paraguay\/wp-json\/wp\/v2\/media\/4643"}],"wp:attachment":[{"href":"https:\/\/blog.cancaonova.com\/paraguay\/wp-json\/wp\/v2\/media?parent=3904"}],"curies":[{"name":"wp","href":"https:\/\/api.w.org\/{rel}","templated":true}]}}