{"id":4503,"date":"2024-07-30T13:44:40","date_gmt":"2024-07-30T17:44:40","guid":{"rendered":"https:\/\/blog.cancaonova.com\/paraguay\/?page_id=4503"},"modified":"2025-06-05T10:59:13","modified_gmt":"2025-06-05T14:59:13","slug":"grupo-de-amigos-villarrica","status":"publish","type":"page","link":"https:\/\/blog.cancaonova.com\/paraguay\/grupo-de-amigos-villarrica\/","title":{"rendered":"Grupo de amigos CN Villarrica"},"content":{"rendered":"<p><a href=\"http:\/\/blog.cancaonova.com\/paraguay\/files\/2024\/07\/amigos-cancion-nueva-villarrica-3-e1722350358552.jpeg\"><img loading=\"lazy\" decoding=\"async\" class=\"aligncenter wp-image-4504 size-large\" src=\"http:\/\/blog.cancaonova.com\/paraguay\/files\/2024\/07\/amigos-cancion-nueva-villarrica-3-e1722350358552-600x300.jpeg\" alt=\"\" width=\"600\" height=\"300\" srcset=\"https:\/\/blog.cancaonova.com\/paraguay\/files\/2024\/07\/amigos-cancion-nueva-villarrica-3-e1722350358552-600x300.jpeg 600w, https:\/\/blog.cancaonova.com\/paraguay\/files\/2024\/07\/amigos-cancion-nueva-villarrica-3-e1722350358552-300x150.jpeg 300w, https:\/\/blog.cancaonova.com\/paraguay\/files\/2024\/07\/amigos-cancion-nueva-villarrica-3-e1722350358552-150x75.jpeg 150w\" sizes=\"(max-width: 600px) 100vw, 600px\" \/><\/a><\/p>\n<h3>\u00bfQui\u00e9nes somos?<\/h3>\n<p>Los Grupos de Amigos est\u00e1n compuestos por personas que, contagiadas por el carisma Canci\u00f3n Nueva, llevan hasta su ciudad o regi\u00f3n, y pretende acoger a las personas que a\u00fan no forman parte de un Grupo de Amigos y desean conocernos mejor.<br \/>\n&#8220;El carisma Canci\u00f3n Nueva es como una piedra lanzada en el r\u00edo, nadie sabe d\u00f3nde las olas van a llegar&#8221;\u00a0 Mons. Jonas Abib.<br \/>\n&#8220;Los Grupos de Amigos Canci\u00f3n Nueva son los brazos de la obra, para que ella pueda alcanzar lugares donde la comunidad de Vida y Alianza no tiene posibilidad de ir, a pesar de los medios de comunicaci\u00f3n. Ellos existen para que la Canci\u00f3n Nueva llegue m\u00e1s lejos, penetre todas las realidades y contagie con el Evangelio todo tipo de actividades del hombre.&#8221;- Mons. Jonas Abib.<\/p>\n<p><a href=\"http:\/\/blog.cancaonova.com\/paraguay\/files\/2024\/07\/amigos-cancion-nueva-villarrica-2.jpeg\"><img loading=\"lazy\" decoding=\"async\" class=\"aligncenter wp-image-4507 size-medium\" src=\"http:\/\/blog.cancaonova.com\/paraguay\/files\/2024\/07\/amigos-cancion-nueva-villarrica-2-300x300.jpeg\" alt=\"\" width=\"300\" height=\"300\" srcset=\"https:\/\/blog.cancaonova.com\/paraguay\/files\/2024\/07\/amigos-cancion-nueva-villarrica-2-300x300.jpeg 300w, https:\/\/blog.cancaonova.com\/paraguay\/files\/2024\/07\/amigos-cancion-nueva-villarrica-2-150x150.jpeg 150w, https:\/\/blog.cancaonova.com\/paraguay\/files\/2024\/07\/amigos-cancion-nueva-villarrica-2-768x768.jpeg 768w, https:\/\/blog.cancaonova.com\/paraguay\/files\/2024\/07\/amigos-cancion-nueva-villarrica-2-1536x1536.jpeg 1536w, https:\/\/blog.cancaonova.com\/paraguay\/files\/2024\/07\/amigos-cancion-nueva-villarrica-2-144x144.jpeg 144w, https:\/\/blog.cancaonova.com\/paraguay\/files\/2024\/07\/amigos-cancion-nueva-villarrica-2.jpeg 1599w\" sizes=\"(max-width: 300px) 100vw, 300px\" \/><\/a><\/p>\n<p>Los grupos de Amigos tambi\u00e9n apoyan a los miembros de la Comunidad que tienen su frente de Misi\u00f3n en Asunci\u00f3n, Paraguay. Son personas que contagiadas por el carisma Canci\u00f3n Nueva, llevan la misma gracia hacia el medio en que viven, ciudad, estado o regi\u00f3n. El amigo es el guardi\u00e1n del patrimonio de Canci\u00f3n Nueva.-<br \/>\nLos Grupos de Amigos act\u00faan en sus respectivos estados en comuni\u00f3n con el Obispo Diocesano local y con todo el clero.<br \/>\nEn la ciudad de Villarrica, el Grupo de amigos CANCION NUEVA tiene su base de evangelizaci\u00f3n en la Parroquia Santa Luc\u00eda del Barrio Santa Luc\u00eda de esa ciudad, realizando su grupo de oraci\u00f3n los d\u00edas Mi\u00e9rcoles a las 19:00 horas.<\/p>\n<p>Asisten personas de todas partes de la ciudad, inclusive de los alrededores de Villarrica, buscando ese encuentro personal con Jes\u00fas Eucarist\u00eda a trav\u00e9s de la realizaci\u00f3n de Adoraci\u00f3n Eucar\u00edstica, compartiendo la palabra de Dios, m\u00fasicas y alabanzas. Tambi\u00e9n suelen visitar otras parroquias, oratorios y movimientos para realizar oraci\u00f3n comunitaria y Adoraci\u00f3n al Sant\u00edsimo en encuentros espirituales, retiro de j\u00f3venes, retiro de catequistas y en donde Jes\u00fas llame a trav\u00e9s del carisma para realizar la Evangelizaci\u00f3n, que es uno de los objetivos del Grupo de amigos.<\/p>\n<p><a href=\"http:\/\/blog.cancaonova.com\/paraguay\/files\/2024\/07\/amigos-cancion-nueva-villarrica-7.jpeg\"><img loading=\"lazy\" decoding=\"async\" class=\"wp-image-4505 size-large aligncenter\" src=\"http:\/\/blog.cancaonova.com\/paraguay\/files\/2024\/07\/amigos-cancion-nueva-villarrica-7-600x300.jpeg\" alt=\"\" width=\"600\" height=\"300\" srcset=\"https:\/\/blog.cancaonova.com\/paraguay\/files\/2024\/07\/amigos-cancion-nueva-villarrica-7-600x300.jpeg 600w, https:\/\/blog.cancaonova.com\/paraguay\/files\/2024\/07\/amigos-cancion-nueva-villarrica-7-300x150.jpeg 300w, https:\/\/blog.cancaonova.com\/paraguay\/files\/2024\/07\/amigos-cancion-nueva-villarrica-7-150x75.jpeg 150w\" sizes=\"(max-width: 600px) 100vw, 600px\" \/><\/a><\/p>\n<h3>\u00bfC\u00f3mo llego a Villarrica el Grupo\u00a0 de Amigos Canci\u00f3n Nueva?<\/h3>\n<p>De la mano de j\u00f3venes de la Di\u00f3cesis de Villarrica del Esp\u00edritu Santo, que vivieron la experiencia del Carisma Canci\u00f3n Nueva, participando de los encuentros organizados por la Comunidad Canci\u00f3n Nueva con la participaci\u00f3n de Misioneros, Sacerdotes y Laicos, consagrados de la Comunidad Canci\u00f3n Nueva de Brasil, en la ciudad de Asunci\u00f3n, Luque, Ypacarai y Aregua y Retiros de Semana Santa en la ciudad de Cachoeira Paulista en la sede central de la Comunidad Canci\u00f3n Nueva en Brasil, a trav\u00e9s de cada encuentro estos j\u00f3venes fueron contagiados por la gracia sobrenatural de este Carisma; y movidos por esa fuerza se trasladaban desde ciudad de Villarrica para vivir cada encuentro, organizando excursiones para llevar a otras personas para experimentar lo que ellos hab\u00edan vivido, la gracia del Encuentro personal con Jesus.<\/p>\n<p><a href=\"http:\/\/blog.cancaonova.com\/paraguay\/files\/2024\/07\/amigos-cancion-nueva-villarrica-1.jpeg\"><img loading=\"lazy\" decoding=\"async\" class=\"size-medium wp-image-4506 aligncenter\" src=\"http:\/\/blog.cancaonova.com\/paraguay\/files\/2024\/07\/amigos-cancion-nueva-villarrica-1-300x225.jpeg\" alt=\"\" width=\"300\" height=\"225\" srcset=\"https:\/\/blog.cancaonova.com\/paraguay\/files\/2024\/07\/amigos-cancion-nueva-villarrica-1-300x225.jpeg 300w, https:\/\/blog.cancaonova.com\/paraguay\/files\/2024\/07\/amigos-cancion-nueva-villarrica-1-768x575.jpeg 768w, https:\/\/blog.cancaonova.com\/paraguay\/files\/2024\/07\/amigos-cancion-nueva-villarrica-1.jpeg 1296w\" sizes=\"(max-width: 300px) 100vw, 300px\" \/><\/a><\/p>\n<p>Fue as\u00ed que, en el a\u00f1o 2010, por la gracia de Dios se realiza la primera experiencia en la ciudad de Villarrica, realizando el 1er. Encuentro con el lema \u201cABRETE A LA RESTAURACI\u00d3N\u201d PHN (Por Hoy No voy a pecar), que se llev\u00f3 a cabo los d\u00edas 26 y 27 de junio del a\u00f1o 2010, en el Polideportivo del Colegio Don Bosco de Villarrica. En dicho evento se cont\u00f3 con la presencia de los hermanos Misioneros de la Comunidad Cat\u00f3lica CANCI\u00d3N NUEVA Paraguay, integrante de la Familia Salesiana, una experiencia que cont\u00f3 con la presencia de m\u00e1s de 350 personas, entre familias, j\u00f3venes y miembros de la comunidad guaire\u00f1a, que pudieron participar y vivir la experiencia.<\/p>\n<p>Asimismo, en el a\u00f1o 2010, j\u00f3venes de la ciudad de Villarrica que participaron de la organizaci\u00f3n del mencionado encuentro y ven\u00edan participando de los encuentros que realizaba la comunidad Canci\u00f3n Nueva en Asunci\u00f3n, fueron invitados para realizar un \u201cCamino de discernimiento Vocacional\u201d para comprometerse en forma permanente como misioneros consagrados de la comunidad, entre ellos se encontraban Luis Vallejos, Carolina Ovando, Jos\u00e9 David Bogado, Ana Margarita Barbudez, Leticia Chamorro y Augusto Fari\u00f1a, dichos j\u00f3venes, dieron su \u201csi\u201d a Dios para realizar el camino entre los a\u00f1os 2010 y 2011, eso implicaba participar cada dos meses de encuentros vocacionales en la ciudad de Asunci\u00f3n, con el fin de poder descubrir si era voluntad de Dios y era vocaci\u00f3n de cada uno ser parte del Carisma Canci\u00f3n Nueva.<a href=\"http:\/\/blog.cancaonova.com\/paraguay\/files\/2024\/07\/villarrica-1.jpeg\"><img loading=\"lazy\" decoding=\"async\" class=\"wp-image-4509 size-large aligncenter\" src=\"http:\/\/blog.cancaonova.com\/paraguay\/files\/2024\/07\/villarrica-1-600x300.jpeg\" alt=\"\" width=\"600\" height=\"300\" srcset=\"https:\/\/blog.cancaonova.com\/paraguay\/files\/2024\/07\/villarrica-1-600x300.jpeg 600w, https:\/\/blog.cancaonova.com\/paraguay\/files\/2024\/07\/villarrica-1-300x150.jpeg 300w, https:\/\/blog.cancaonova.com\/paraguay\/files\/2024\/07\/villarrica-1-150x75.jpeg 150w\" sizes=\"(max-width: 600px) 100vw, 600px\" \/><\/a><\/p>\n<p>Luego de perseverar en la comunidad y participar de las actividades organizadas por la comunidad en Paraguay, en el a\u00f1o 2016, fueron invitados a participar de un retiro dirigido a miembros y amigos de la comunidad, los d\u00edas s\u00e1bado 15 y domingo 16 de Octubre de 2016, en la Capilla \u201cVirgen de los Pobres\u201d de la ciudad de Asunci\u00f3n, en el cual han podido participar y fue dirigido por el Coordinador del Grupo de Amigos Canci\u00f3n Nueva Brasil, el hermano Misionero Ricardo Ida, con el acompa\u00f1amiento del Padre Sandro Magalhaes, Consagrado de la comunidad Canci\u00f3n Nueva Brasil.<\/p>\n<p>En dicho retiro el Coordinador trajo la propuesta de habilitar en Paraguay el \u201cGrupo de Amigos Canci\u00f3n Nueva\u201d, y teniendo en cuenta dicha propuesta, los j\u00f3venes de Villarrica que hab\u00edan participado de dicho retiro, en el mes de enero del a\u00f1o 2017, se acercaron con la propuesta al Sr. Obispo de la Di\u00f3cesis de Villarrica, en aquel entonces, Mons. Ricardo Jorge Valenzuela, de iniciar las actividades con el Grupo de Amigos Canci\u00f3n Nueva en la parroquia Esp\u00edritu Santo de Villarrica, como respuesta a dicha propuesta se recibi\u00f3 de parte del Obispo la autorizaci\u00f3n para que desde el mes de Febrero del a\u00f1o 2017 puedan iniciar con las actividades propias del grupo, formaciones y Adoraciones, al mismo tiempo recibir como sugerencia que, caminemos y perseveremos como grupo, y que una vez que existieran m\u00e1s personas comprometidas y consolidado el grupo, solicitemos a la parroquia la aprobaci\u00f3n correspondiente para ser parte de las actividades, no obstante en ese \u00ednterin, como grupo de amigos y por ser parte de la Familia Salesiana, solicitaron el permiso al Padre Director del Colegio Don Bosco de Villarrica, en aquel entonces Padre Severo Aquino, para realizar sus reuniones en la Capilla del colegio Don Bosco, en el cual fuimos recibidos con los brazos abiertos, para que podamos realizar los s\u00e1bados Adoraci\u00f3n al Sant\u00edsimo, y realizar las formaciones para los miembros del grupo.<\/p>\n<p><a href=\"http:\/\/blog.cancaonova.com\/paraguay\/files\/2024\/07\/villa-rica-cancion-nueva-paraguay-2.jpeg\"><img loading=\"lazy\" decoding=\"async\" class=\"wp-image-4520 size-large aligncenter\" src=\"http:\/\/blog.cancaonova.com\/paraguay\/files\/2024\/07\/villa-rica-cancion-nueva-paraguay-2-600x300.jpeg\" alt=\"\" width=\"600\" height=\"300\" srcset=\"https:\/\/blog.cancaonova.com\/paraguay\/files\/2024\/07\/villa-rica-cancion-nueva-paraguay-2-600x300.jpeg 600w, https:\/\/blog.cancaonova.com\/paraguay\/files\/2024\/07\/villa-rica-cancion-nueva-paraguay-2-300x150.jpeg 300w, https:\/\/blog.cancaonova.com\/paraguay\/files\/2024\/07\/villa-rica-cancion-nueva-paraguay-2-150x75.jpeg 150w\" sizes=\"(max-width: 600px) 100vw, 600px\" \/><\/a><\/p>\n<p>As\u00ed es que desde el a\u00f1o 2017 hasta la fecha se vienen realizando en forma semanal Adoraciones al Sant\u00edsimo en la Parroquia Santa Lucia de Villarrica, ofreciendo a la comunidad ese espacio de oraci\u00f3n y de reflexi\u00f3n para todas las personas que deseen participar, al mismo tiempo de que realizan reuniones semanales de formaci\u00f3n para Miembros comprometidos, para poder profundizar y crecer en la Fe y en el conocimiento del carisma Canci\u00f3n Nueva. Asimismo tambi\u00e9n se colabora en la Liturgia de la parroquia el segundo Domingo de cada mes.<br \/>\nEs importante mencionar que, en los a\u00f1os 2017 y 2018 en forma consecutiva la ciudad de Villarrica ha sido sede para la realizaci\u00f3n del Retiro Anual del Grupo de Amigos de Paraguay, en el cual se cont\u00f3 con la presencia de los miembros del grupo de Asunci\u00f3n y miembros de Villarrica. En el a\u00f1o 2017 se llev\u00f3 a cabo en la casa de Retiro Yopoi Raity, el primer Retiro del Grupo de Amigos en Paraguay, los d\u00edas s\u00e1bado 30 de septiembre y domingo 01 de octubre, el mismo fue dirigido por los Misioneros de la Comunidad Canci\u00f3n Nueva de Brasil, Ricardo Ida y Julio Brebal, con el apoyo del ministerio de m\u00fasica de la comunidad de Asunci\u00f3n, teniendo como eje central la Sanaci\u00f3n Interior. En dicha ocasi\u00f3n el Coordinador del Grupo de Amigos Brasil, Ricardo Ida, despu\u00e9s de un tiempo de caminar el grupo en Villarrica, oficializ\u00f3 el grupo de Amigos de Villarrica el d\u00eda 01 de Octubre de 2017.<\/p>\n<p><a href=\"http:\/\/blog.cancaonova.com\/paraguay\/files\/2024\/07\/villa-rica-cancion-nueva-paraguay.jpeg\"><img loading=\"lazy\" decoding=\"async\" class=\"wp-image-4510 size-large aligncenter\" src=\"http:\/\/blog.cancaonova.com\/paraguay\/files\/2024\/07\/villa-rica-cancion-nueva-paraguay-600x300.jpeg\" alt=\"\" width=\"600\" height=\"300\" srcset=\"https:\/\/blog.cancaonova.com\/paraguay\/files\/2024\/07\/villa-rica-cancion-nueva-paraguay-600x300.jpeg 600w, https:\/\/blog.cancaonova.com\/paraguay\/files\/2024\/07\/villa-rica-cancion-nueva-paraguay-300x150.jpeg 300w, https:\/\/blog.cancaonova.com\/paraguay\/files\/2024\/07\/villa-rica-cancion-nueva-paraguay-150x75.jpeg 150w\" sizes=\"(max-width: 600px) 100vw, 600px\" \/><\/a><\/p>\n<div>En el a\u00f1o 2018, se realiz\u00f3 en el 28 de septiembre una noche de Adoraci\u00f3n y Santa Misa en la Capilla del Colegio Don Bosco de Villarrica, con la presencia del Padre Ademir Costa, de la comunidad Canci\u00f3n Nueva de Brasil y con el apoyo del ministerio de m\u00fasica de la comunidad de Asunci\u00f3n.<\/div>\n<div>\u00a0 En forma seguida el d\u00eda s\u00e1bado 29 y domingo 30 de Septiembre de ese mismo a\u00f1o, se realiz\u00f3 en la casa de Retiro Yopoi Raity el segundo Retiro del Grupo de Amigos de Paraguay, contando con la presencia del Padre Ademir Costa sacerdote mencionado m\u00e1s arriba; y el Julio Brebal, Misionero de la comunidad en Brasil, ambas actividades llevadas a cabo fue fruto del trabajo conjunto realizado entre el grupo de Amigos de Asunci\u00f3n en aquel entonces y Villarrica.<\/div>\n<div><a href=\"http:\/\/blog.cancaonova.com\/paraguay\/files\/2024\/07\/amigos-cancion-nueva-villarrica-5.jpeg\"><img loading=\"lazy\" decoding=\"async\" class=\"aligncenter wp-image-4508 size-large\" src=\"http:\/\/blog.cancaonova.com\/paraguay\/files\/2024\/07\/amigos-cancion-nueva-villarrica-5-600x300.jpeg\" alt=\"\" width=\"600\" height=\"300\" srcset=\"https:\/\/blog.cancaonova.com\/paraguay\/files\/2024\/07\/amigos-cancion-nueva-villarrica-5-600x300.jpeg 600w, https:\/\/blog.cancaonova.com\/paraguay\/files\/2024\/07\/amigos-cancion-nueva-villarrica-5-300x150.jpeg 300w, https:\/\/blog.cancaonova.com\/paraguay\/files\/2024\/07\/amigos-cancion-nueva-villarrica-5-150x75.jpeg 150w\" sizes=\"(max-width: 600px) 100vw, 600px\" \/><\/a><\/div>\n<div>\u00a0 \u00a0 \u00a0 \u00a0 \u00a0 \u00a0 \u00a0 \u00a0 \u00a0 \u00a0 \u00a0 \u00a0 \u00a0 \u00a0 \u00a0 \u00a0 \u00a0 \u00a0 \u00a0 \u00a0 \u00a0A inicios del a\u00f1o 2019, en el mes de febrero como grupo de amigos de Villarrica, se ha participado de un encuentro de formaci\u00f3n realizado en el Colegio Mons. Lasagna de Asunci\u00f3n, los d\u00edas s\u00e1bado 16 y domingo, el cual fue un Seminario de Dones y Carismas del Esp\u00edritu Santo, desarrollado por los hermanos misioneros Tania y Rubens Sabino, consagrados de la comunidad Canci\u00f3n Nueva Brasil.<\/div>\n<div>\u00a0 \u00a0 \u00a0 \u00a0 \u00a0 \u00a0 \u00a0 \u00a0 \u00a0 \u00a0 \u00a0 \u00a0 \u00a0 \u00a0 \u00a0 \u00a0 \u00a0 \u00a0 \u00a0 \u00a0 \u00a0En el mes de Abril de 2019, se han organizado para participar como grupo de un encuentro en Semana Santa en la sede Madre de la Comunidad en Brasil, el cual han participado 11 personas del grupo de amigos de Villarrica, fue una experiencia muy enriquecedora y fortalecedora.\u00a0 \u00a0 \u00a0 \u00a0Actualmente el grupo de amigos de Villarrica es el \u00fanico en el pa\u00eds, y sigue con sus actividades de Adoraci\u00f3n al Sant\u00edsimo en la Parroquia Santa Lucia y reuniones de formaci\u00f3n semanales para los miembros, perseverando y creciendo en la Fe.<\/div>\n<div>Dios te bendiga!! Unidos somos mas!!<\/div>\n<div><\/div>\n<div>Si vos quer\u00e9s formar parte de este grupo te esperamos, aqu\u00ed en esta direcci\u00f3n: <a href=\"https:\/\/maps.app.goo.gl\/gaGfyygmRLuJ8MVd6\">Calle Herminio Careaga del Barrio Santa Lucia de Villarrica <\/a><\/div>\n<div>Seguimos en nuestra pagina de Facebook:\u00a0 <a href=\"https:\/\/www.facebook.com\/profile.php?id=100090051589757&amp;mibextid=ZbWKwL\">Grupo de Amigos Canci\u00f3n Nueva Villarrica\u00a0\u00a0<\/a><\/div>\n<h5><\/h5>\n<div>\n<h3 style=\"text-align: center\"><strong>Canci\u00f3n Nueva Paraguay<\/strong><a href=\"http:\/\/blog.cancaonova.com\/paraguay\/files\/2010\/05\/logo.jpeg\"><img loading=\"lazy\" decoding=\"async\" class=\"wp-image-3922 aligncenter\" src=\"http:\/\/blog.cancaonova.com\/paraguay\/files\/2010\/05\/logo-300x300.jpeg\" alt=\"\" width=\"141\" height=\"141\" srcset=\"https:\/\/blog.cancaonova.com\/paraguay\/files\/2010\/05\/logo-300x300.jpeg 300w, https:\/\/blog.cancaonova.com\/paraguay\/files\/2010\/05\/logo-150x150.jpeg 150w, https:\/\/blog.cancaonova.com\/paraguay\/files\/2010\/05\/logo-768x768.jpeg 768w, https:\/\/blog.cancaonova.com\/paraguay\/files\/2010\/05\/logo-144x144.jpeg 144w, https:\/\/blog.cancaonova.com\/paraguay\/files\/2010\/05\/logo.jpeg 900w\" sizes=\"(max-width: 141px) 100vw, 141px\" \/><\/a>Contacto\/ whatsapp:<\/h3>\n<h3 style=\"text-align: center\">\ud83d\udcf2<a href=\"https:\/\/abrir.link\/ContactoGeneralCNPY\" target=\"_blank\" rel=\"noopener\">\u00a0\u00a0\u00a0+595 986 273932<\/a><\/h3>\n<h5 style=\"text-align: center\">\u00a0\ud83d\udce9\u00a0coordinacionpy@cancaonova.com<\/h5>\n<h4 style=\"text-align: center\">\u00a1Evangeliza con nosotros!<\/h4>\n<\/div>\n<div><\/div>\n","protected":false},"excerpt":{"rendered":"<p>\u00bfQui\u00e9nes somos? Los Grupos de Amigos est\u00e1n compuestos por personas que, contagiadas por el carisma Canci\u00f3n Nueva, llevan hasta su ciudad o regi\u00f3n, y pretende acoger a las personas que a\u00fan no forman parte de un Grupo de Amigos y&#8230;<\/p>\n","protected":false},"author":4792,"featured_media":4507,"parent":0,"menu_order":0,"comment_status":"closed","ping_status":"closed","template":"","meta":{"footnotes":""},"_links":{"self":[{"href":"https:\/\/blog.cancaonova.com\/paraguay\/wp-json\/wp\/v2\/pages\/4503"}],"collection":[{"href":"https:\/\/blog.cancaonova.com\/paraguay\/wp-json\/wp\/v2\/pages"}],"about":[{"href":"https:\/\/blog.cancaonova.com\/paraguay\/wp-json\/wp\/v2\/types\/page"}],"author":[{"embeddable":true,"href":"https:\/\/blog.cancaonova.com\/paraguay\/wp-json\/wp\/v2\/users\/4792"}],"replies":[{"embeddable":true,"href":"https:\/\/blog.cancaonova.com\/paraguay\/wp-json\/wp\/v2\/comments?post=4503"}],"version-history":[{"count":9,"href":"https:\/\/blog.cancaonova.com\/paraguay\/wp-json\/wp\/v2\/pages\/4503\/revisions"}],"predecessor-version":[{"id":4523,"href":"https:\/\/blog.cancaonova.com\/paraguay\/wp-json\/wp\/v2\/pages\/4503\/revisions\/4523"}],"wp:featuredmedia":[{"embeddable":true,"href":"https:\/\/blog.cancaonova.com\/paraguay\/wp-json\/wp\/v2\/media\/4507"}],"wp:attachment":[{"href":"https:\/\/blog.cancaonova.com\/paraguay\/wp-json\/wp\/v2\/media?parent=4503"}],"curies":[{"name":"wp","href":"https:\/\/api.w.org\/{rel}","templated":true}]}}