{"id":5404,"date":"2025-06-05T12:07:16","date_gmt":"2025-06-05T16:07:16","guid":{"rendered":"https:\/\/blog.cancaonova.com\/paraguay\/?page_id=5404"},"modified":"2025-06-05T15:14:52","modified_gmt":"2025-06-05T19:14:52","slug":"historia","status":"publish","type":"page","link":"https:\/\/blog.cancaonova.com\/paraguay\/historia\/","title":{"rendered":"Historia"},"content":{"rendered":"<blockquote>\n<h1 class=\" entry-title \">\u00bfQuieres ayudarnos a evangelizar?<\/h1>\n<p>&nbsp;<\/p>\n<p><strong><em>El Bienhechor Evangelizador de Canci\u00f3n Nueva abraza con nosotros el compromiso de evangelizar<\/em><\/strong><\/p><\/blockquote>\n<p><a href=\"https:\/\/web.archive.org\/web\/20240919003502\/http:\/\/blog.cancaonova.com\/paraguay\/files\/2024\/04\/Manos-unidas.jpg\" target=\"_blank\" rel=\"noopener\"><img loading=\"lazy\" decoding=\"async\" class=\"size-medium wp-image-3954 aligncenter\" src=\"https:\/\/web.archive.org\/web\/20240919003502im_\/http:\/\/blog.cancaonova.com\/paraguay\/files\/2024\/04\/Manos-unidas-300x199.jpg\" sizes=\"(max-width: 300px) 100vw, 300px\" srcset=\"https:\/\/web.archive.org\/web\/20240919003502im_\/https:\/\/blog.cancaonova.com\/paraguay\/files\/2024\/04\/Manos-unidas-300x199.jpg 300w, https:\/\/web.archive.org\/web\/20240919003502im_\/https:\/\/blog.cancaonova.com\/paraguay\/files\/2024\/04\/Manos-unidas.jpg 563w\" alt=\"\" width=\"300\" height=\"199\" \/><\/a><\/p>\n<p><strong>\u00bfSabe qu\u00e9 significa ser bienhechor evangelizador?<\/strong><\/p>\n<p>Significa atraer nuevos corazones para el encuentro personal con Jes\u00fas. Es una acci\u00f3n conjunta entre \u00c9l y el hombre. Usted puede cooperar con la acci\u00f3n del Esp\u00edritu Santo, asumiendo con nosotros el desaf\u00edo de evangelizar y formar hombres nuevos para un mundo nuevo.<\/p>\n<p>Para cumplir su misi\u00f3n, la Comunidad Canci\u00f3n Nueva vive de la divina providencia, a trav\u00e9s de donaciones de quienes se sienten beneficiados con la evangelizaci\u00f3n, comprometi\u00e9ndose con la obra y su crecimiento, manteni\u00e9ndola en sus necesidades fundamentales\u00a0sea con donaciones de ropas, artesan\u00edas, alimento, ayuda voluntaria\u00a0 o en efectivo.<\/p>\n<p>Quien sigue Canci\u00f3n\u00a0 Nueva sabe que esta obra de Dios se mantiene gracias a las donaciones de bienhechores y amigos evangelizadores que contribuyen fielmente a que la evangelizaci\u00f3n contin\u00fae y llegue a diversos lugares de Brasil, Paraguay\u00a0 y del mundo.<\/p>\n<p><strong><em>\u201cNosotros s\u00f3lo podemos evangelizar al mundo juntos, solos no lo conseguiremos\u201d.\u00a0<\/em><\/strong><strong><em>(Monse\u00f1or Jonas Abib, fundador de la Comunidad Canci\u00f3n Nueva)<\/em><\/strong><\/p>\n<div id=\"photo\">\n<p><img loading=\"lazy\" decoding=\"async\" class=\"aligncenter\" src=\"https:\/\/web.archive.org\/web\/20240919003502im_\/http:\/\/farm5.static.flickr.com\/4076\/4757970702_c04dbe04d3_z.jpg\" alt=\"foto\" width=\"576\" height=\"383\" \/><\/p>\n<\/div>\n<p>&nbsp;<\/p>\n<p><a href=\"https:\/\/web.archive.org\/web\/20240919003502\/https:\/\/blog.cancaonova.com\/paraguay\/club-evangelizacion\/\" target=\"_blank\" rel=\"noopener\"><strong>\u00bfQuer\u00e9is ser parte de esta obra ayud\u00e1ndonos a evangelizar?<\/strong><\/a><\/p>\n<p>Si quer\u00e9is pod\u00e9is colaborar y ayudarnos a seguir organizando encuentros de evangelizaci\u00f3n, retiros, jornadas y as\u00ed llegar a m\u00e1s j\u00f3venes y familias enteras, ya que\u00a0 para ello necesitamos de tu apoyo tambi\u00e9n efectivo, a trav\u00e9s de tu aporte voluntario.<\/p>\n<p>Ser evangelizador significa ganar nuevos corazones para que puedan tener un encuentro personal con Jes\u00fas. El acto de evangelizar es una acci\u00f3n conjunta entre Dios y el hombre; el Se\u00f1or quer\u00eda necesitarnos.<\/p>\n<p>El evangelizador coopera con la acci\u00f3n del Esp\u00edritu Santo, asumiendo con el Club de Evangelizaci\u00f3n el desaf\u00edo de formar hombres nuevos para un mundo nuevo.<\/p>\n<h4>An\u00edmate y sea un Bienhechor en la evangelizaci\u00f3n\u00a0 junto con nosotros.<\/h4>\n<p><strong>Llena tus datos en este formulario\u00a0<\/strong><strong>\u25b6<\/strong><strong>\u00a0<\/strong><strong><a href=\"https:\/\/web.archive.org\/web\/20240919003502\/https:\/\/abrir.link\/ClubEvangelizacionCN\" target=\"_blank\" rel=\"noopener\"><em>\u00a0Bienhechores Canci\u00f3n Nueva Paraguay<\/em><\/a><\/strong><strong>\u00a0 \u00a0 \u00a0 nos pondremos en contacto contigo.<\/strong><\/p>\n<p><strong>Canci\u00f3n Nueva Paraguay<\/strong><\/p>\n<p><a href=\"https:\/\/web.archive.org\/web\/20240919003502\/http:\/\/blog.cancaonova.com\/paraguay\/files\/2010\/05\/logo.jpeg\" target=\"_blank\" rel=\"noopener\"><img loading=\"lazy\" decoding=\"async\" class=\"alignnone size-medium wp-image-3922\" src=\"https:\/\/web.archive.org\/web\/20240919003502im_\/http:\/\/blog.cancaonova.com\/paraguay\/files\/2010\/05\/logo-300x300.jpeg\" sizes=\"(max-width: 300px) 100vw, 300px\" srcset=\"https:\/\/web.archive.org\/web\/20240919003502im_\/https:\/\/blog.cancaonova.com\/paraguay\/files\/2010\/05\/logo-300x300.jpeg 300w, https:\/\/web.archive.org\/web\/20240919003502im_\/https:\/\/blog.cancaonova.com\/paraguay\/files\/2010\/05\/logo-150x150.jpeg 150w, https:\/\/web.archive.org\/web\/20240919003502im_\/https:\/\/blog.cancaonova.com\/paraguay\/files\/2010\/05\/logo-768x768.jpeg 768w, https:\/\/web.archive.org\/web\/20240919003502im_\/https:\/\/blog.cancaonova.com\/paraguay\/files\/2010\/05\/logo-144x144.jpeg 144w, https:\/\/web.archive.org\/web\/20240919003502im_\/https:\/\/blog.cancaonova.com\/paraguay\/files\/2010\/05\/logo.jpeg 900w\" alt=\"\" width=\"300\" height=\"300\" \/><\/a><\/p>\n<p><strong>Contacto\/ whatsapp:<\/strong><\/p>\n<p><strong>\ud83d\udcf2<\/strong><strong><a href=\"https:\/\/web.archive.org\/web\/20240919003502\/https:\/\/abrir.link\/ContactoGeneralCNPY\" target=\"_blank\" rel=\"noopener\">\u00a0\u00a0\u00a0+595 986 273932<\/a><\/strong><\/p>\n<p><strong>\u00a0<\/strong><strong>\ud83d\udce9<\/strong><strong>\u00a0coordinacionpy@cancaonova.com<\/strong><\/p>\n<p><strong>\u00a1Evangeliza con nosotros!<\/strong><\/p>\n","protected":false},"excerpt":{"rendered":"<p>\u00bfQuieres ayudarnos a evangelizar? &nbsp; El Bienhechor Evangelizador de Canci\u00f3n Nueva abraza con nosotros el compromiso de evangelizar \u00bfSabe qu\u00e9 significa ser bienhechor evangelizador? Significa atraer nuevos corazones para el encuentro personal con Jes\u00fas. Es una acci\u00f3n conjunta entre \u00c9l&#8230;<\/p>\n","protected":false},"author":4539,"featured_media":0,"parent":0,"menu_order":0,"comment_status":"closed","ping_status":"closed","template":"","meta":{"footnotes":""},"_links":{"self":[{"href":"https:\/\/blog.cancaonova.com\/paraguay\/wp-json\/wp\/v2\/pages\/5404"}],"collection":[{"href":"https:\/\/blog.cancaonova.com\/paraguay\/wp-json\/wp\/v2\/pages"}],"about":[{"href":"https:\/\/blog.cancaonova.com\/paraguay\/wp-json\/wp\/v2\/types\/page"}],"author":[{"embeddable":true,"href":"https:\/\/blog.cancaonova.com\/paraguay\/wp-json\/wp\/v2\/users\/4539"}],"replies":[{"embeddable":true,"href":"https:\/\/blog.cancaonova.com\/paraguay\/wp-json\/wp\/v2\/comments?post=5404"}],"version-history":[{"count":6,"href":"https:\/\/blog.cancaonova.com\/paraguay\/wp-json\/wp\/v2\/pages\/5404\/revisions"}],"predecessor-version":[{"id":5421,"href":"https:\/\/blog.cancaonova.com\/paraguay\/wp-json\/wp\/v2\/pages\/5404\/revisions\/5421"}],"wp:attachment":[{"href":"https:\/\/blog.cancaonova.com\/paraguay\/wp-json\/wp\/v2\/media?parent=5404"}],"curies":[{"name":"wp","href":"https:\/\/api.w.org\/{rel}","templated":true}]}}