{"id":7,"date":"2010-02-12T15:31:41","date_gmt":"2010-02-12T17:31:41","guid":{"rendered":"http:\/\/blog.cancaonova.com\/paraguay\/?page_id=7"},"modified":"2025-06-05T10:58:18","modified_gmt":"2025-06-05T14:58:18","slug":"club-evangelizacion","status":"publish","type":"page","link":"https:\/\/blog.cancaonova.com\/paraguay\/club-evangelizacion\/","title":{"rendered":"Club de la Evangelizaci\u00f3n"},"content":{"rendered":"<h4 style=\"text-align: center\"><em>El Bienhechor Evangelizador de Canci\u00f3n Nueva abraza con nosotros el compromiso de evangelizar.<\/em><\/h4>\n<p style=\"text-align: justify\"><em>Con su aporte mensual, el bienhechor evangelizador es la se\u00f1al concreta de la Providencia de Dios para la continuidad de la misi\u00f3n.<\/em><\/p>\n<p style=\"text-align: justify\"><img loading=\"lazy\" decoding=\"async\" class=\"\" src=\"http:\/\/blog.cancaonova.com\/paraguay\/files\/2010\/03\/clube_logo.jpg\" alt=\"\" width=\"222\" height=\"142\" align=\"left\" \/><\/p>\n<p style=\"text-align: justify\"><span style=\"color: #3b6cc3\"><strong>\u00bfSabes qu\u00e9 significa ser evangelizador?<\/strong><\/span><\/p>\n<p style=\"text-align: justify\">Significa atraer nuevos corazones para el encuentro personal con Jes\u00fas. Es una acci\u00f3n conjunta entre \u00c9l y el hombre.<br \/>\nVos pod\u00e9s cooperar con la acci\u00f3n del Esp\u00edritu Santo, asumiendo con nosotros el desaf\u00edo de evangelizar y formar hombres nuevos para un mundo nuevo.<\/p>\n<p style=\"text-align: justify\">\u201cNosotros s\u00f3lo podemos evangelizar al mundo juntos, solos no lo conseguiremos\u201d. (Monse\u00f1or Jonas Abib, Fundador de la Comunidad Canci\u00f3n Nueva)<\/p>\n<p>&nbsp;<\/p>\n<p style=\"text-align: justify\"><span style=\"color: #3b6cc3\"><strong>\u00bfQuer\u00e9s ser parte de esta obra ayud\u00e1ndonos a evangelizar?<\/strong><\/span><\/p>\n<p>&nbsp;<\/p>\n<p><a href=\"http:\/\/blog.cancaonova.com\/paraguay\/files\/2024\/02\/Monse\u00f1or-Jonas-Abib-Cancion-nueva-paraguay.jpg\"><img loading=\"lazy\" decoding=\"async\" class=\"alignnone wp-image-4341 size-large\" src=\"http:\/\/blog.cancaonova.com\/paraguay\/files\/2024\/02\/Monse\u00f1or-Jonas-Abib-Cancion-nueva-paraguay-401x300.jpg\" alt=\"\" width=\"401\" height=\"300\" \/><\/a><\/p>\n<p style=\"text-align: justify\">Si quer\u00e9s pod\u00e9s colaborar y ayudarnos a seguir organizando encuentros de evangelizaci\u00f3n, retiros, jornadas y as\u00ed llegar a m\u00e1s j\u00f3venes y familias enteras, ya que para eso tambi\u00e9n necesitamos de tu donaci\u00f3n voluntaria, a trav\u00e9s de aporte en dinero efectivo.<br \/>\nSer evangelizador significa ganar nuevos corazones para que puedan tener un encuentro personal con Jes\u00fas. El acto de evangelizar es una acci\u00f3n conjunta entre Dios y el hombre; el Se\u00f1or nos necesita.<br \/>\nEl evangelizador coopera con la acci\u00f3n del Esp\u00edritu Santo, asumiendo con el Club de Evangelizaci\u00f3n el desaf\u00edo de formar hombres nuevos para un mundo nuevo.<br \/>\nAn\u00edmate con nosotros a ser un Bienhechor Evangelizador!!<\/p>\n<h4 style=\"text-align: justify\">Llena tus datos en este formulario\u00a0\u25b6\u00a0<a href=\"https:\/\/docs.google.com\/forms\/d\/e\/1FAIpQLSeyybvJkti5t74XR7fPHKV0V34P5Y6yd--qI0ff0aLedhXpyA\/viewform\"><em> Bienhechores Canci\u00f3n Nueva Paraguay<\/em>\u00a0<\/a> \u00a0 \u00a0 nos pondremos en contacto contigo.<\/h4>\n<h3 style=\"text-align: center\"><strong>Canci\u00f3n Nueva Paraguay<\/strong><a href=\"http:\/\/blog.cancaonova.com\/paraguay\/files\/2010\/05\/logo.jpeg\"><img loading=\"lazy\" decoding=\"async\" class=\"wp-image-3922 aligncenter\" src=\"http:\/\/blog.cancaonova.com\/paraguay\/files\/2010\/05\/logo-300x300.jpeg\" alt=\"\" width=\"141\" height=\"141\" srcset=\"https:\/\/blog.cancaonova.com\/paraguay\/files\/2010\/05\/logo-300x300.jpeg 300w, https:\/\/blog.cancaonova.com\/paraguay\/files\/2010\/05\/logo-150x150.jpeg 150w, https:\/\/blog.cancaonova.com\/paraguay\/files\/2010\/05\/logo-768x768.jpeg 768w, https:\/\/blog.cancaonova.com\/paraguay\/files\/2010\/05\/logo-144x144.jpeg 144w, https:\/\/blog.cancaonova.com\/paraguay\/files\/2010\/05\/logo.jpeg 900w\" sizes=\"(max-width: 141px) 100vw, 141px\" \/><\/a>Contacto\/ whatsapp:<\/h3>\n<h3 style=\"text-align: center\">\ud83d\udcf2<a href=\"https:\/\/abrir.link\/ContactoGeneralCNPY\">\u00a0\u00a0\u00a0+595 986 273932<\/a><\/h3>\n<h5 style=\"text-align: center\">\u00a0\ud83d\udce9 coordinacionpy@cancaonova.com<\/h5>\n<h4 style=\"text-align: center\">\u00a1Evangeliza con nosotros!<\/h4>\n","protected":false},"excerpt":{"rendered":"<p>El Bienhechor Evangelizador de Canci\u00f3n Nueva abraza con nosotros el compromiso de evangelizar. Con su aporte mensual, el bienhechor evangelizador es la se\u00f1al concreta de la Providencia de Dios para la continuidad de la misi\u00f3n. \u00bfSabes qu\u00e9 significa ser evangelizador?&#8230;<\/p>\n","protected":false},"author":4425,"featured_media":0,"parent":0,"menu_order":0,"comment_status":"closed","ping_status":"closed","template":"","meta":{"footnotes":""},"_links":{"self":[{"href":"https:\/\/blog.cancaonova.com\/paraguay\/wp-json\/wp\/v2\/pages\/7"}],"collection":[{"href":"https:\/\/blog.cancaonova.com\/paraguay\/wp-json\/wp\/v2\/pages"}],"about":[{"href":"https:\/\/blog.cancaonova.com\/paraguay\/wp-json\/wp\/v2\/types\/page"}],"author":[{"embeddable":true,"href":"https:\/\/blog.cancaonova.com\/paraguay\/wp-json\/wp\/v2\/users\/4425"}],"replies":[{"embeddable":true,"href":"https:\/\/blog.cancaonova.com\/paraguay\/wp-json\/wp\/v2\/comments?post=7"}],"version-history":[{"count":21,"href":"https:\/\/blog.cancaonova.com\/paraguay\/wp-json\/wp\/v2\/pages\/7\/revisions"}],"predecessor-version":[{"id":5259,"href":"https:\/\/blog.cancaonova.com\/paraguay\/wp-json\/wp\/v2\/pages\/7\/revisions\/5259"}],"wp:attachment":[{"href":"https:\/\/blog.cancaonova.com\/paraguay\/wp-json\/wp\/v2\/media?parent=7"}],"curies":[{"name":"wp","href":"https:\/\/api.w.org\/{rel}","templated":true}]}}