{"id":93,"date":"2024-04-03T15:46:27","date_gmt":"2024-04-03T19:46:27","guid":{"rendered":"http:\/\/blog.cancaonova.com\/paraguay\/?page_id=93"},"modified":"2025-06-05T10:59:04","modified_gmt":"2025-06-05T14:59:04","slug":"pedido-oracion-cancion-nueva-paraguay","status":"publish","type":"page","link":"https:\/\/blog.cancaonova.com\/paraguay\/pedido-oracion-cancion-nueva-paraguay\/","title":{"rendered":"Pedidos de  oraci\u00f3n"},"content":{"rendered":"<h2 style=\"text-align: center\"><strong>\u00a0Todo se puede cambiar con el poder de la oraci\u00f3n.<\/strong><\/h2>\n<h2 style=\"text-align: center\"><strong>Env\u00edanos tu pedido de oraci\u00f3n a <a href=\"https:\/\/blog.cancaonova.com\/paraguay\/\">Canci\u00f3n Nueva Paraguay<\/a><\/strong><\/h2>\n<h2 style=\"text-align: center\"><strong>Ven\u00ed a participar de las actividades semanales\u00a0<\/strong><\/h2>\n<h4 style=\"text-align: center\"><a href=\"https:\/\/abrir.link\/ContactoGeneralCNPY\"><strong> Comunidad Cat\u00f3lica Canci\u00f3n Nueva en Asunci\u00f3n &#8211; Paraguay<\/strong><\/a><\/h4>\n<h2>\u00a0<div role=\"form\" class=\"wpcf7\" id=\"wpcf7-f4324-o1\" lang=\"pt-BR\" dir=\"ltr\">\n<div class=\"screen-reader-response\"><\/div>\n<form action=\"\/paraguay\/wp-json\/wp\/v2\/pages\/93#wpcf7-f4324-o1\" method=\"post\" class=\"wpcf7-form\" novalidate=\"novalidate\">\n<div style=\"display: none;\">\n<input type=\"hidden\" name=\"_wpcf7\" value=\"4324\" \/>\n<input type=\"hidden\" name=\"_wpcf7_version\" value=\"4.7\" \/>\n<input type=\"hidden\" name=\"_wpcf7_locale\" value=\"pt_BR\" \/>\n<input type=\"hidden\" name=\"_wpcf7_unit_tag\" value=\"wpcf7-f4324-o1\" \/>\n<input type=\"hidden\" name=\"_wpnonce\" value=\"7ea516f721\" \/>\n<\/div>\n<p><label> Tu nombre (required)<br \/>\n    <span class=\"wpcf7-form-control-wrap your-name\"><input type=\"text\" name=\"your-name\" value=\"\" size=\"40\" class=\"wpcf7-form-control wpcf7-text wpcf7-validates-as-required\" aria-required=\"true\" aria-invalid=\"false\" \/><\/span> <\/label><\/p>\n<p><label> Tu correo (required)<br \/>\n    <span class=\"wpcf7-form-control-wrap your-email\"><input type=\"email\" name=\"your-email\" value=\"\" size=\"40\" class=\"wpcf7-form-control wpcf7-text wpcf7-email wpcf7-validates-as-required wpcf7-validates-as-email\" aria-required=\"true\" aria-invalid=\"false\" \/><\/span> <\/label><\/p>\n<p><label> Asunto<br \/>\n    <span class=\"wpcf7-form-control-wrap your-subject\"><input type=\"text\" name=\"your-subject\" value=\"\" size=\"40\" class=\"wpcf7-form-control wpcf7-text\" aria-invalid=\"false\" \/><\/span> <\/label><\/p>\n<p><label> Tus peticiones<br \/>\n    <span class=\"wpcf7-form-control-wrap your-message\"><textarea name=\"your-message\" cols=\"40\" rows=\"10\" class=\"wpcf7-form-control wpcf7-textarea\" aria-invalid=\"false\"><\/textarea><\/span> <\/label><\/p>\n<p><input type=\"submit\" value=\"Enviar\" class=\"wpcf7-form-control wpcf7-submit\" \/><\/p>\n<div class=\"wpcf7-response-output wpcf7-display-none\"><\/div><\/form><\/div><\/h2>\n<p><a href=\"http:\/\/blog.cancaonova.com\/paraguay\/files\/2024\/04\/peticiones-cancion-nueva-paraguay.jpg\"><img loading=\"lazy\" decoding=\"async\" class=\"aligncenter wp-image-4325 size-medium\" src=\"http:\/\/blog.cancaonova.com\/paraguay\/files\/2024\/04\/peticiones-cancion-nueva-paraguay-300x300.jpg\" alt=\"pedidos de oracion canci\u00f3n nueva paraguay\" width=\"300\" height=\"300\" srcset=\"https:\/\/blog.cancaonova.com\/paraguay\/files\/2024\/04\/peticiones-cancion-nueva-paraguay-300x300.jpg 300w, https:\/\/blog.cancaonova.com\/paraguay\/files\/2024\/04\/peticiones-cancion-nueva-paraguay-150x150.jpg 150w, https:\/\/blog.cancaonova.com\/paraguay\/files\/2024\/04\/peticiones-cancion-nueva-paraguay-144x144.jpg 144w, https:\/\/blog.cancaonova.com\/paraguay\/files\/2024\/04\/peticiones-cancion-nueva-paraguay.jpg 564w\" sizes=\"(max-width: 300px) 100vw, 300px\" \/><\/a><\/p>\n<h2><\/h2>\n","protected":false},"excerpt":{"rendered":"<p>\u00a0Todo se puede cambiar con el poder de la oraci\u00f3n. Env\u00edanos tu pedido de oraci\u00f3n a Canci\u00f3n Nueva Paraguay Ven\u00ed a participar de las actividades semanales\u00a0 Comunidad Cat\u00f3lica Canci\u00f3n Nueva en Asunci\u00f3n &#8211; Paraguay \u00a0<\/p>\n","protected":false},"author":4425,"featured_media":3987,"parent":0,"menu_order":0,"comment_status":"closed","ping_status":"closed","template":"","meta":{"footnotes":""},"_links":{"self":[{"href":"https:\/\/blog.cancaonova.com\/paraguay\/wp-json\/wp\/v2\/pages\/93"}],"collection":[{"href":"https:\/\/blog.cancaonova.com\/paraguay\/wp-json\/wp\/v2\/pages"}],"about":[{"href":"https:\/\/blog.cancaonova.com\/paraguay\/wp-json\/wp\/v2\/types\/page"}],"author":[{"embeddable":true,"href":"https:\/\/blog.cancaonova.com\/paraguay\/wp-json\/wp\/v2\/users\/4425"}],"replies":[{"embeddable":true,"href":"https:\/\/blog.cancaonova.com\/paraguay\/wp-json\/wp\/v2\/comments?post=93"}],"version-history":[{"count":17,"href":"https:\/\/blog.cancaonova.com\/paraguay\/wp-json\/wp\/v2\/pages\/93\/revisions"}],"predecessor-version":[{"id":4574,"href":"https:\/\/blog.cancaonova.com\/paraguay\/wp-json\/wp\/v2\/pages\/93\/revisions\/4574"}],"wp:featuredmedia":[{"embeddable":true,"href":"https:\/\/blog.cancaonova.com\/paraguay\/wp-json\/wp\/v2\/media\/3987"}],"wp:attachment":[{"href":"https:\/\/blog.cancaonova.com\/paraguay\/wp-json\/wp\/v2\/media?parent=93"}],"curies":[{"name":"wp","href":"https:\/\/api.w.org\/{rel}","templated":true}]}}