{"id":18,"date":"2011-04-29T20:58:15","date_gmt":"2011-04-29T20:58:15","guid":{"rendered":"http:\/\/blog.cancaonova.com\/paulinia\/"},"modified":"2021-03-26T15:00:01","modified_gmt":"2021-03-26T18:00:01","slug":"quem-somos","status":"publish","type":"page","link":"https:\/\/blog.cancaonova.com\/paulinia\/quem-somos\/","title":{"rendered":"Quem Somos"},"content":{"rendered":"<p style=\"text-align: justify;\">A <a href=\"https:\/\/comunidade.cancaonova.com\/quem-somos\/\" target=\"_blank\" rel=\"noopener\">Can\u00e7\u00e3o Nova<\/a> \u00e9 uma comunidade de Amor e Adora\u00e7\u00e3o, criada por Deus, para a forma\u00e7\u00e3o de homens novos para um mundo novo. Fundada por <a href=\"http:\/\/padrejonas.cancaonova.com\/\" target=\"_blank\" rel=\"noopener\">Monsenhor Jonas Abib<\/a> em 02 de fevereiro de 1978 na cidade de Queluz, situada no Vale do Para\u00edba\/SP. Reconhecida pelo Pontif\u00edcio Conselho para os Leigos como Associa\u00e7\u00e3o Internacional Privada de Fi\u00e9is em 03 de novembro de 2008 e fazemos parte da Fam\u00edlia Salesiana de Dom Bosco.<\/p>\n<p style=\"text-align: center;\"><em>\u201cSomos chamados, antes de tudo, a nos tornar homens e mulheres de Deus. Em tudo que realizamos e fazemos, levamos os tra\u00e7os do que somos. O nosso perfil assim se define: orante, fraterno e trabalhador. Profissionais de Cristo. Se o Pai criou algu\u00e9m Can\u00e7\u00e3o Nova, esta pessoa possui, pelo menos em embri\u00e3o, o que acaba de ser enumerado acima\u201d, destaca o fundador da Comunidade Can\u00e7\u00e3o Nova.<\/em><\/p>\n<p style=\"text-align: justify;\">Presente na realidade cotidiana dos mission\u00e1rios, o Carisma Can\u00e7\u00e3o Nova \u00e9 a resposta \u00e0s necessidades espirituais dos dias de hoje, respaldando toda a miss\u00e3o evangelizadora da comunidade; que \u00e9 o trabalho santificado. Ele norteia n\u00e3o s\u00f3 o modo de vida e a forma\u00e7\u00e3o espiritual de seus membros, como tamb\u00e9m serve de modelo de vida a todo cat\u00f3lico que deseja tornar-se um \u201chomem novo para um mundo novo\u201d.<\/p>\n<p style=\"text-align: justify;\">Nossa espiritualidade se d\u00e1 atrav\u00e9s de princ\u00edpios de vida que assumimos e vivemos no cotidiano de nossa vida: Viver da Provid\u00eancia, Autoridade e Submiss\u00e3o, Viver reconciliado, Sadia Conviv\u00eancia, Partilha e Transpar\u00eancia, Trabalho Santificado e a Ora\u00e7\u00e3o ao ritmo da vida.<\/p>\n<p style=\"text-align: justify;\">Existem duas formas de viver a consagra\u00e7\u00e3o a Deus na Can\u00e7\u00e3o Nova: N\u00facleo &#8211; Comunidade de Vida \u00a0(membros dedicados) e 2\u00ba Elo -Comunidade Alian\u00e7a (membros agregados).<\/p>\n<p style=\"text-align: justify;\" align=\"center\"><span style=\"text-decoration: underline;\"><strong>Nossos Trabalhos na Regi\u00e3o da Arquidiocese de Campinas:<\/strong><\/span><\/p>\n<p style=\"text-align: justify;\">Evangelizamos pelos meios de comunica\u00e7\u00e3o social e por meio de encontros de ora\u00e7\u00e3o. H\u00e1 quase 18 anos estamos em Paul\u00ednia, com nossa <a href=\"http:\/\/radio.cancaonova.com\/paulinia\" target=\"_blank\" rel=\"noopener\">R\u00e1dio Can\u00e7\u00e3o Nova da Divina Provid\u00eancia 1090 AM.<\/a> Evangelizamos tamb\u00e9m atrav\u00e9s do nosso Blog e <a href=\"https:\/\/www.facebook.com\/cnpaulinia\" target=\"_blank\" rel=\"noopener\">m\u00eddias sociais<\/a>, atrav\u00e9s de encontros, acampamentos, grupos de ora\u00e7\u00e3o para homens,\u00a0 casais e adultos. Aprofundamentos e Semin\u00e1rios com forma\u00e7\u00e3o sobre diversos temas de nossa f\u00e9 cat\u00f3lica. Temos ainda a nossa Loja Can\u00e7\u00e3o Nova em Paul\u00ednia, onde disponibilizamos produtos de evangeliza\u00e7\u00e3o, como camisetas, livros e outros.<\/p>\n<p style=\"text-align: justify;\">Nossa Casa de Evangeliza\u00e7\u00e3o em Paul\u00ednia conta com atividades di\u00e1rias e semanais: Missas, Atendimento de ora\u00e7\u00e3o pessoal, Grupo de Ora\u00e7\u00e3o e de casais, Bazar e Encontros Vocacionais.<\/p>\n<p style=\"text-align: justify;\"><a href=\"https:\/\/blog.cancaonova.com\/paulinia\/como-chegar\/\"><span style=\"line-height: 1.5em;\">Confira nossos endere\u00e7os e contatos<\/span><\/a><\/p>\n<p style=\"text-align: justify;\">Seja um <a href=\"http:\/\/clube.cancaonova.com\">s\u00f3cio Evangelizador<\/a> e fa\u00e7a parte desta obra!<\/p>\n<p>Deus aben\u00e7oe!<\/p>\n","protected":false},"excerpt":{"rendered":"<p>A Can\u00e7\u00e3o Nova \u00e9 uma comunidade de Amor e Adora\u00e7\u00e3o, criada por Deus, para a forma\u00e7\u00e3o de homens novos para um mundo novo. Fundada por Monsenhor Jonas Abib em 02 de fevereiro de 1978 na cidade de Queluz, situada no&#8230;<\/p>\n","protected":false},"author":4532,"featured_media":0,"parent":0,"menu_order":1,"comment_status":"closed","ping_status":"open","template":"","meta":{"_mi_skip_tracking":false,"_monsterinsights_sitenote_active":false,"_monsterinsights_sitenote_note":"","_monsterinsights_sitenote_category":0,"footnotes":""},"_links":{"self":[{"href":"https:\/\/blog.cancaonova.com\/paulinia\/wp-json\/wp\/v2\/pages\/18"}],"collection":[{"href":"https:\/\/blog.cancaonova.com\/paulinia\/wp-json\/wp\/v2\/pages"}],"about":[{"href":"https:\/\/blog.cancaonova.com\/paulinia\/wp-json\/wp\/v2\/types\/page"}],"author":[{"embeddable":true,"href":"https:\/\/blog.cancaonova.com\/paulinia\/wp-json\/wp\/v2\/users\/4532"}],"replies":[{"embeddable":true,"href":"https:\/\/blog.cancaonova.com\/paulinia\/wp-json\/wp\/v2\/comments?post=18"}],"version-history":[{"count":74,"href":"https:\/\/blog.cancaonova.com\/paulinia\/wp-json\/wp\/v2\/pages\/18\/revisions"}],"predecessor-version":[{"id":2888,"href":"https:\/\/blog.cancaonova.com\/paulinia\/wp-json\/wp\/v2\/pages\/18\/revisions\/2888"}],"wp:attachment":[{"href":"https:\/\/blog.cancaonova.com\/paulinia\/wp-json\/wp\/v2\/media?parent=18"}],"curies":[{"name":"wp","href":"https:\/\/api.w.org\/{rel}","templated":true}]}}