{"id":1803,"date":"2016-11-07T17:12:46","date_gmt":"2016-11-07T19:12:46","guid":{"rendered":"http:\/\/blog.cancaonova.com\/paulinia\/?page_id=1803"},"modified":"2023-03-07T14:39:11","modified_gmt":"2023-03-07T17:39:11","slug":"como-chegar","status":"publish","type":"page","link":"https:\/\/blog.cancaonova.com\/paulinia\/como-chegar\/","title":{"rendered":"Como chegar"},"content":{"rendered":"<p>Saiba como chegar \u00e0 <strong>Comunidade Can\u00e7\u00e3o Nova<\/strong>, em Paul\u00ednia (SP).<\/p>\n<p>Av. Pref. Jos\u00e9 Lozano Ara\u00fajo, 1021 &#8211; Jardim Am\u00e9rica, Paul\u00ednia &#8211; SP, 13140-711.<\/p>\n<p>Rota:\u00a0\ud83d\ude97\u00a0<a href=\"http:\/\/bit.ly\/rotascnp\" target=\"_blank\" rel=\"noopener\">Aeroporto Internacional de Viracopos &#8211; Campinas &#8211; SP at\u00e9 Can\u00e7\u00e3o Nova Paul\u00ednia &#8211; SP<\/a><\/p>\n<p>Rota:\u00a0\ud83d\ude97\u00a0<a href=\"http:\/\/bit.ly\/rotascnp1\" target=\"_blank\" rel=\"noopener\">Terminal Rodovi\u00e1rio de Campinas &#8211; SP at\u00e9 Can\u00e7\u00e3o Nova Paul\u00ednia &#8211; SP<\/a><\/p>\n<h2>Para mais informa\u00e7\u00f5es, entre em contato: <strong>(19) 3844-8300<\/strong><\/h2>\n<p>Esperamos por voc\u00ea!<\/p>\n","protected":false},"excerpt":{"rendered":"<p>Saiba como chegar \u00e0 Comunidade Can\u00e7\u00e3o Nova, em Paul\u00ednia (SP). Av. Pref. Jos\u00e9 Lozano Ara\u00fajo, 1021 &#8211; Jardim Am\u00e9rica, Paul\u00ednia &#8211; SP, 13140-711. Rota:\u00a0\ud83d\ude97\u00a0Aeroporto Internacional de Viracopos &#8211; Campinas &#8211; SP at\u00e9 Can\u00e7\u00e3o Nova Paul\u00ednia &#8211; SP Rota:\u00a0\ud83d\ude97\u00a0Terminal Rodovi\u00e1rio de&#8230;<\/p>\n","protected":false},"author":4719,"featured_media":3372,"parent":0,"menu_order":0,"comment_status":"closed","ping_status":"closed","template":"","meta":{"_mi_skip_tracking":false,"_monsterinsights_sitenote_active":false,"_monsterinsights_sitenote_note":"","_monsterinsights_sitenote_category":0,"footnotes":""},"_links":{"self":[{"href":"https:\/\/blog.cancaonova.com\/paulinia\/wp-json\/wp\/v2\/pages\/1803"}],"collection":[{"href":"https:\/\/blog.cancaonova.com\/paulinia\/wp-json\/wp\/v2\/pages"}],"about":[{"href":"https:\/\/blog.cancaonova.com\/paulinia\/wp-json\/wp\/v2\/types\/page"}],"author":[{"embeddable":true,"href":"https:\/\/blog.cancaonova.com\/paulinia\/wp-json\/wp\/v2\/users\/4719"}],"replies":[{"embeddable":true,"href":"https:\/\/blog.cancaonova.com\/paulinia\/wp-json\/wp\/v2\/comments?post=1803"}],"version-history":[{"count":10,"href":"https:\/\/blog.cancaonova.com\/paulinia\/wp-json\/wp\/v2\/pages\/1803\/revisions"}],"predecessor-version":[{"id":2716,"href":"https:\/\/blog.cancaonova.com\/paulinia\/wp-json\/wp\/v2\/pages\/1803\/revisions\/2716"}],"wp:featuredmedia":[{"embeddable":true,"href":"https:\/\/blog.cancaonova.com\/paulinia\/wp-json\/wp\/v2\/media\/3372"}],"wp:attachment":[{"href":"https:\/\/blog.cancaonova.com\/paulinia\/wp-json\/wp\/v2\/media?parent=1803"}],"curies":[{"name":"wp","href":"https:\/\/api.w.org\/{rel}","templated":true}]}}