{"id":2882,"date":"2021-03-26T14:50:03","date_gmt":"2021-03-26T17:50:03","guid":{"rendered":"https:\/\/blog.cancaonova.com\/paulinia\/?page_id=2882"},"modified":"2023-03-08T16:51:02","modified_gmt":"2023-03-08T19:51:02","slug":"cancao-nova-em-missao","status":"publish","type":"page","link":"https:\/\/blog.cancaonova.com\/paulinia\/cancao-nova-em-missao\/","title":{"rendered":"Can\u00e7\u00e3o Nova em miss\u00e3o"},"content":{"rendered":"<p>A miss\u00e3o da <a href=\"https:\/\/comunidade.cancaonova.com\" target=\"_blank\" rel=\"noopener\">Comunidade Can\u00e7\u00e3o Nova<\/a> \u00e9 evangelizar, comunicar Jesus e a vida nova que Ele veio trazer. Por meio de encontros, de maneira preferencial, mas n\u00e3o exclusiva, atrav\u00e9s dos meios de comunica\u00e7\u00e3o. Procura sempre colocar-se, em tudo, a servi\u00e7o da edifica\u00e7\u00e3o da Igreja e em fidelidade ao carisma pr\u00f3prio.<\/p>\n<p>Por isso, a Frente da Can\u00e7\u00e3o Nova em Paul\u00ednia\/SP coloca-se \u00e0 disposi\u00e7\u00e3o. Queremos ir at\u00e9 voc\u00ea, na sua par\u00f3quia ou comunidade.<\/p>\n<p>&#8220;Ide por todo o mundo e pregai o Evangelho a toda criatura.&#8221; (Mc 16,15)<\/p>\n<p style=\"text-align: left\">::Para solicitar sua Miss\u00e3o, acesse e preencha nosso Formul\u00e1rio<\/p>\n<h3 style=\"text-align: center\"><span style=\"color: #ff0000\"><a href=\"https:\/\/bit.ly\/cnplemmissao\" target=\"_blank\" rel=\"noopener\"><strong>CLIQUE AQUI<\/strong><\/a> <\/span><\/h3>\n<h2><b>Para mais Informa\u00e7\u00f5es:<\/b><\/h2>\n<h2>Telefone (19)3844-8300<\/h2>\n","protected":false},"excerpt":{"rendered":"<p>A miss\u00e3o da Comunidade Can\u00e7\u00e3o Nova \u00e9 evangelizar, comunicar Jesus e a vida nova que Ele veio trazer. Por meio de encontros, de maneira preferencial, mas n\u00e3o exclusiva, atrav\u00e9s dos meios de comunica\u00e7\u00e3o. Procura sempre colocar-se, em tudo, a servi\u00e7o&#8230;<\/p>\n","protected":false},"author":4539,"featured_media":2883,"parent":0,"menu_order":0,"comment_status":"closed","ping_status":"closed","template":"","meta":{"_mi_skip_tracking":false,"_monsterinsights_sitenote_active":false,"_monsterinsights_sitenote_note":"","_monsterinsights_sitenote_category":0,"footnotes":""},"_links":{"self":[{"href":"https:\/\/blog.cancaonova.com\/paulinia\/wp-json\/wp\/v2\/pages\/2882"}],"collection":[{"href":"https:\/\/blog.cancaonova.com\/paulinia\/wp-json\/wp\/v2\/pages"}],"about":[{"href":"https:\/\/blog.cancaonova.com\/paulinia\/wp-json\/wp\/v2\/types\/page"}],"author":[{"embeddable":true,"href":"https:\/\/blog.cancaonova.com\/paulinia\/wp-json\/wp\/v2\/users\/4539"}],"replies":[{"embeddable":true,"href":"https:\/\/blog.cancaonova.com\/paulinia\/wp-json\/wp\/v2\/comments?post=2882"}],"version-history":[{"count":10,"href":"https:\/\/blog.cancaonova.com\/paulinia\/wp-json\/wp\/v2\/pages\/2882\/revisions"}],"predecessor-version":[{"id":3762,"href":"https:\/\/blog.cancaonova.com\/paulinia\/wp-json\/wp\/v2\/pages\/2882\/revisions\/3762"}],"wp:featuredmedia":[{"embeddable":true,"href":"https:\/\/blog.cancaonova.com\/paulinia\/wp-json\/wp\/v2\/media\/2883"}],"wp:attachment":[{"href":"https:\/\/blog.cancaonova.com\/paulinia\/wp-json\/wp\/v2\/media?parent=2882"}],"curies":[{"name":"wp","href":"https:\/\/api.w.org\/{rel}","templated":true}]}}