{"id":30,"date":"2011-05-02T19:22:26","date_gmt":"2011-05-02T19:22:26","guid":{"rendered":"http:\/\/blog.cancaonova.com\/paulinia\/"},"modified":"2021-05-20T11:30:42","modified_gmt":"2021-05-20T14:30:42","slug":"historico-da-missao","status":"publish","type":"page","link":"https:\/\/blog.cancaonova.com\/paulinia\/historico-da-missao\/","title":{"rendered":"Nossa Hist\u00f3ria"},"content":{"rendered":"<p>A Can\u00e7\u00e3o Nova est\u00e1 presente na Regi\u00e3o Metropolitana de Campinas h\u00e1 20 anos. Atualmente est\u00e1 localizada na cidade de Paul\u00ednia e conta com uma ampla Casa de Evangeliza\u00e7\u00e3o com a Loja e R\u00e1dio e in\u00fameras atividades evangelizadoras.<\/p>\n<p>A princ\u00edpio come\u00e7ou adquirindo a R\u00e1dio Planalto Ltda em 5 de junho de 2001, assumiu a programa\u00e7\u00e3o da Emissora, atrav\u00e9s dos\u00a0 mission\u00e1rios: T\u00e2nia Mara, Jos\u00e9 Eduardo e sua esposa Rosa, Josenildo Pedro entre outros.<\/p>\n<p>Dom Gilberto Pereira Lopes, acolheu a Can\u00e7\u00e3o Nova em sua arquidiocese neste mesmo ano e comenta:<i>\u201c<\/i><i>Foi pela bondade de Deus que a Can\u00e7\u00e3o Nova adquiriu a R\u00e1dio Planalto, pois eu gostaria de comprar a mesma para a arquidiocese, mas por motivos financeiros n\u00e3o o fiz e foi uma imensa alegria saber que a Can\u00e7\u00e3o Nova o fez, pois este ve\u00edculo de comunica\u00e7\u00e3o permaneceu nas m\u00e3os da Igreja\u201d. <\/i>Dom Gilberto presidiu a missa inaugural da R\u00e1dio Can\u00e7\u00e3o Nova em Paul\u00ednia.<\/p>\n<p>Entre os anos de 2007 a 2009 a Can\u00e7\u00e3o Nova assumiu um o \u201cCentro Promocional Nossa Senhora da Visita\u00e7\u00e3o\u201d para dar assist\u00eancia \u00e0s crian\u00e7as carentes e suas fam\u00edlias. No final de 2009, ap\u00f3s reformar e estruturar a entidade, devolvermos a concess\u00e3o ao governo.<\/p>\n<p>Em mar\u00e7o de 2010, inaugurou a Loja Can\u00e7\u00e3o Nova no centro de Campinas, Rua Floriano Peixoto (local onde \u00e9 hoje a Vozes).<\/p>\n<p>No final do segundo semestre de 2016 foi inaugurada \u00e0 Casa de Miss\u00e3o na cidade Paul\u00ednia, cidade de origem, agora com uma infra-estrutura maior onde no mesmo local contempla a R\u00e1dio, Loja, o Clube da Evangeliza\u00e7\u00e3o, Capela, uma salinha para as crian\u00e7as, escrit\u00f3rios, etc. Alguns eventos fizeram parte da hist\u00f3ria da Can\u00e7\u00e3o Nova na regi\u00e3o metropolitana de Campinas, foram eles, Mega Show, Dia D, Ceiando em fam\u00edlia, Pedal Cristo, Acampamentos, Kair\u00f3s, Encontros de Ora\u00e7\u00e3o, Cercos de Jeric\u00f3, Semin\u00e1rios, etc.<\/p>\n<p>Atualmente a Can\u00e7\u00e3o Nova em Paul\u00ednia conta com uma ampla Casa de Miss\u00e3o, com f\u00e1cil localiza\u00e7\u00e3o, com uma estrutura acolhedora ideal acolher os s\u00f3cios e fi\u00e9is que participam das suas atividades evangelizadoras, al\u00e9m da Loja, a R\u00e1dio da Can\u00e7\u00e3o Nova, o Clube da Evangeliza\u00e7\u00e3o, uma capela para adora\u00e7\u00e3o pessoal e uma replica do mosaico do Pai das Miseric\u00f3rdias.<\/p>\n<p><a href=\"https:\/\/blog.cancaonova.com\/paulinia\/agenda\/\">Conhe\u00e7a nossas atividades<\/a><\/p>\n<p><a href=\"https:\/\/blog.cancaonova.com\/paulinia\/como-chegar\/\">Veja nossa localiza\u00e7\u00e3o<\/a>\u00a0e fa\u00e7a-nos uma visita<\/p>\n","protected":false},"excerpt":{"rendered":"<p>A Can\u00e7\u00e3o Nova est\u00e1 presente na Regi\u00e3o Metropolitana de Campinas h\u00e1 20 anos. Atualmente est\u00e1 localizada na cidade de Paul\u00ednia e conta com uma ampla Casa de Evangeliza\u00e7\u00e3o com a Loja e R\u00e1dio e in\u00fameras atividades evangelizadoras. A princ\u00edpio come\u00e7ou&#8230;<\/p>\n","protected":false},"author":4532,"featured_media":3000,"parent":0,"menu_order":2,"comment_status":"closed","ping_status":"open","template":"","meta":{"_mi_skip_tracking":false,"_monsterinsights_sitenote_active":false,"_monsterinsights_sitenote_note":"","_monsterinsights_sitenote_category":0,"footnotes":""},"_links":{"self":[{"href":"https:\/\/blog.cancaonova.com\/paulinia\/wp-json\/wp\/v2\/pages\/30"}],"collection":[{"href":"https:\/\/blog.cancaonova.com\/paulinia\/wp-json\/wp\/v2\/pages"}],"about":[{"href":"https:\/\/blog.cancaonova.com\/paulinia\/wp-json\/wp\/v2\/types\/page"}],"author":[{"embeddable":true,"href":"https:\/\/blog.cancaonova.com\/paulinia\/wp-json\/wp\/v2\/users\/4532"}],"replies":[{"embeddable":true,"href":"https:\/\/blog.cancaonova.com\/paulinia\/wp-json\/wp\/v2\/comments?post=30"}],"version-history":[{"count":12,"href":"https:\/\/blog.cancaonova.com\/paulinia\/wp-json\/wp\/v2\/pages\/30\/revisions"}],"predecessor-version":[{"id":3067,"href":"https:\/\/blog.cancaonova.com\/paulinia\/wp-json\/wp\/v2\/pages\/30\/revisions\/3067"}],"wp:featuredmedia":[{"embeddable":true,"href":"https:\/\/blog.cancaonova.com\/paulinia\/wp-json\/wp\/v2\/media\/3000"}],"wp:attachment":[{"href":"https:\/\/blog.cancaonova.com\/paulinia\/wp-json\/wp\/v2\/media?parent=30"}],"curies":[{"name":"wp","href":"https:\/\/api.w.org\/{rel}","templated":true}]}}