{"id":34,"date":"2011-05-02T19:32:53","date_gmt":"2011-05-02T22:32:53","guid":{"rendered":"http:\/\/blog.cancaonova.com\/paulinia\/"},"modified":"2021-03-29T11:16:18","modified_gmt":"2021-03-29T14:16:18","slug":"vocacional","status":"publish","type":"page","link":"https:\/\/blog.cancaonova.com\/paulinia\/vocacional\/","title":{"rendered":"Vocacional"},"content":{"rendered":"<p>Realizamos um trabalho de orienta\u00e7\u00e3o vocacional, que vai desde o primeiro contato com a equipe \u2013 por e-mail \u2013 at\u00e9 o processo de acompanhamento e discernimento vocacional, que acontece por meio de cinco encontros anuais no per\u00edodo m\u00ednimo de dois anos, antes de se entrar para a comunidade.<\/p>\n<p>O primeiro passo que o candidato deve tomar \u00e9 o de enviar um e-mail formulando seu pedido para iniciar o caminho de discernimento vocacional. Ap\u00f3s a solicita\u00e7\u00e3o, a equipe vocacional entra em contato com o jovem\/adulto fornecendo-lhe as informa\u00e7\u00f5es sobre a caminhada para o in\u00edcio desse processo de discernimento. Ap\u00f3s as etapas iniciais de triagem vocacional, ao perceber que \u00e9 o tempo de iniciar o caminho vocacional, a pessoa \u00e9 convidada a participar dos encontros vocacionais.<\/p>\n<p>Essa etapa acontece na Casa de Miss\u00e3o mais pr\u00f3xima do candidato.<br \/>\nVerificando que a pessoa realmente esteja preparada e tenha os tra\u00e7os do carisma para fazer uma experi\u00eancia de vida comunit\u00e1ria, ela ser\u00e1 chamada a viver, por um ou dois anos a experi\u00eancia no pr\u00e9-discipulado e assim caminhar nas etapas formativas.<\/p>\n<p>Para mais informa\u00e7\u00f5es, ligue: (19) 3844-8300 fale com a Ana Lucia Siqueira Marcondes (Mission\u00e1ria Can\u00e7\u00e3o Nova).<\/p>\n<p>Envie seu e-mail para n\u00f3s: <strong>vocacional@comunidadecancaonova.com<\/strong><\/p>\n","protected":false},"excerpt":{"rendered":"<p>Realizamos um trabalho de orienta\u00e7\u00e3o vocacional, que vai desde o primeiro contato com a equipe \u2013 por e-mail \u2013 at\u00e9 o processo de acompanhamento e discernimento vocacional, que acontece por meio de cinco encontros anuais no per\u00edodo m\u00ednimo de dois&#8230;<\/p>\n","protected":false},"author":4532,"featured_media":2899,"parent":0,"menu_order":0,"comment_status":"closed","ping_status":"closed","template":"","meta":{"_mi_skip_tracking":false,"_monsterinsights_sitenote_active":false,"_monsterinsights_sitenote_note":"","_monsterinsights_sitenote_category":0,"footnotes":""},"_links":{"self":[{"href":"https:\/\/blog.cancaonova.com\/paulinia\/wp-json\/wp\/v2\/pages\/34"}],"collection":[{"href":"https:\/\/blog.cancaonova.com\/paulinia\/wp-json\/wp\/v2\/pages"}],"about":[{"href":"https:\/\/blog.cancaonova.com\/paulinia\/wp-json\/wp\/v2\/types\/page"}],"author":[{"embeddable":true,"href":"https:\/\/blog.cancaonova.com\/paulinia\/wp-json\/wp\/v2\/users\/4532"}],"replies":[{"embeddable":true,"href":"https:\/\/blog.cancaonova.com\/paulinia\/wp-json\/wp\/v2\/comments?post=34"}],"version-history":[{"count":16,"href":"https:\/\/blog.cancaonova.com\/paulinia\/wp-json\/wp\/v2\/pages\/34\/revisions"}],"predecessor-version":[{"id":2900,"href":"https:\/\/blog.cancaonova.com\/paulinia\/wp-json\/wp\/v2\/pages\/34\/revisions\/2900"}],"wp:featuredmedia":[{"embeddable":true,"href":"https:\/\/blog.cancaonova.com\/paulinia\/wp-json\/wp\/v2\/media\/2899"}],"wp:attachment":[{"href":"https:\/\/blog.cancaonova.com\/paulinia\/wp-json\/wp\/v2\/media?parent=34"}],"curies":[{"name":"wp","href":"https:\/\/api.w.org\/{rel}","templated":true}]}}