{"id":3510,"date":"2022-03-22T16:29:37","date_gmt":"2022-03-22T19:29:37","guid":{"rendered":"https:\/\/blog.cancaonova.com\/paulinia\/?page_id=3510"},"modified":"2022-03-29T14:29:45","modified_gmt":"2022-03-29T17:29:45","slug":"parceiros","status":"publish","type":"page","link":"https:\/\/blog.cancaonova.com\/paulinia\/parceiros\/","title":{"rendered":"Parceiros"},"content":{"rendered":"<p style=\"text-align: left;\"><strong>Parceiros da Can\u00e7\u00e3o Nova na Evangeliza\u00e7\u00e3o:\u00a0<\/strong><\/p>\n<p style=\"text-align: left;\"><strong><a href=\"https:\/\/maps.app.goo.gl\/ZsWmkYE1G66dZDnR8\"><img loading=\"lazy\" decoding=\"async\" class=\"alignleft wp-image-3539 size-thumbnail\" src=\"https:\/\/blog.cancaonova.com\/paulinia\/files\/2022\/03\/5-150x150.png\" alt=\"\" width=\"150\" height=\"150\" srcset=\"https:\/\/blog.cancaonova.com\/paulinia\/files\/2022\/03\/5-150x150.png 150w, https:\/\/blog.cancaonova.com\/paulinia\/files\/2022\/03\/5-300x300.png 300w, https:\/\/blog.cancaonova.com\/paulinia\/files\/2022\/03\/5-768x768.png 768w, https:\/\/blog.cancaonova.com\/paulinia\/files\/2022\/03\/5.png 1080w\" sizes=\"(max-width: 150px) 100vw, 150px\" \/><\/a> <a href=\"https:\/\/www.instagram.com\/djmauriciomaciel\/\"><img loading=\"lazy\" decoding=\"async\" class=\"alignleft wp-image-3537 size-thumbnail\" src=\"https:\/\/blog.cancaonova.com\/paulinia\/files\/2022\/03\/3-150x150.png\" alt=\"\" width=\"150\" height=\"150\" srcset=\"https:\/\/blog.cancaonova.com\/paulinia\/files\/2022\/03\/3-150x150.png 150w, https:\/\/blog.cancaonova.com\/paulinia\/files\/2022\/03\/3-300x300.png 300w, https:\/\/blog.cancaonova.com\/paulinia\/files\/2022\/03\/3-768x768.png 768w, https:\/\/blog.cancaonova.com\/paulinia\/files\/2022\/03\/3.png 1080w\" sizes=\"(max-width: 150px) 100vw, 150px\" \/><\/a> <a href=\"https:\/\/www.instagram.com\/claudiahaiashida\/?hl=pt-br\"><img loading=\"lazy\" decoding=\"async\" class=\"alignleft wp-image-3538 size-thumbnail\" src=\"https:\/\/blog.cancaonova.com\/paulinia\/files\/2022\/03\/4-150x150.png\" alt=\"\" width=\"150\" height=\"150\" srcset=\"https:\/\/blog.cancaonova.com\/paulinia\/files\/2022\/03\/4-150x150.png 150w, https:\/\/blog.cancaonova.com\/paulinia\/files\/2022\/03\/4-300x300.png 300w, https:\/\/blog.cancaonova.com\/paulinia\/files\/2022\/03\/4-768x768.png 768w, https:\/\/blog.cancaonova.com\/paulinia\/files\/2022\/03\/4.png 1080w\" sizes=\"(max-width: 150px) 100vw, 150px\" \/><\/a> <a href=\"https:\/\/www.digigrafi.com.br\/site\/\"><img loading=\"lazy\" decoding=\"async\" class=\"alignleft wp-image-3536 size-thumbnail\" src=\"https:\/\/blog.cancaonova.com\/paulinia\/files\/2022\/03\/2-150x150.png\" alt=\"\" width=\"150\" height=\"150\" srcset=\"https:\/\/blog.cancaonova.com\/paulinia\/files\/2022\/03\/2-150x150.png 150w, https:\/\/blog.cancaonova.com\/paulinia\/files\/2022\/03\/2-300x300.png 300w, https:\/\/blog.cancaonova.com\/paulinia\/files\/2022\/03\/2-768x768.png 768w, https:\/\/blog.cancaonova.com\/paulinia\/files\/2022\/03\/2.png 1080w\" sizes=\"(max-width: 150px) 100vw, 150px\" \/><\/a> <a href=\"https:\/\/supermercadocalegaris.com.br\/\"><img loading=\"lazy\" decoding=\"async\" class=\"alignleft wp-image-3535 size-thumbnail\" src=\"https:\/\/blog.cancaonova.com\/paulinia\/files\/2022\/03\/1-150x150.png\" alt=\"\" width=\"150\" height=\"150\" srcset=\"https:\/\/blog.cancaonova.com\/paulinia\/files\/2022\/03\/1-150x150.png 150w, https:\/\/blog.cancaonova.com\/paulinia\/files\/2022\/03\/1-300x300.png 300w, https:\/\/blog.cancaonova.com\/paulinia\/files\/2022\/03\/1-768x768.png 768w, https:\/\/blog.cancaonova.com\/paulinia\/files\/2022\/03\/1.png 1080w\" sizes=\"(max-width: 150px) 100vw, 150px\" \/><\/a><\/strong><\/p>\n","protected":false},"excerpt":{"rendered":"<p>Parceiros da Can\u00e7\u00e3o Nova na Evangeliza\u00e7\u00e3o:\u00a0<\/p>\n","protected":false},"author":4539,"featured_media":0,"parent":0,"menu_order":0,"comment_status":"closed","ping_status":"closed","template":"","meta":{"_mi_skip_tracking":false,"_monsterinsights_sitenote_active":false,"_monsterinsights_sitenote_note":"","_monsterinsights_sitenote_category":0,"footnotes":""},"_links":{"self":[{"href":"https:\/\/blog.cancaonova.com\/paulinia\/wp-json\/wp\/v2\/pages\/3510"}],"collection":[{"href":"https:\/\/blog.cancaonova.com\/paulinia\/wp-json\/wp\/v2\/pages"}],"about":[{"href":"https:\/\/blog.cancaonova.com\/paulinia\/wp-json\/wp\/v2\/types\/page"}],"author":[{"embeddable":true,"href":"https:\/\/blog.cancaonova.com\/paulinia\/wp-json\/wp\/v2\/users\/4539"}],"replies":[{"embeddable":true,"href":"https:\/\/blog.cancaonova.com\/paulinia\/wp-json\/wp\/v2\/comments?post=3510"}],"version-history":[{"count":6,"href":"https:\/\/blog.cancaonova.com\/paulinia\/wp-json\/wp\/v2\/pages\/3510\/revisions"}],"predecessor-version":[{"id":3543,"href":"https:\/\/blog.cancaonova.com\/paulinia\/wp-json\/wp\/v2\/pages\/3510\/revisions\/3543"}],"wp:attachment":[{"href":"https:\/\/blog.cancaonova.com\/paulinia\/wp-json\/wp\/v2\/media?parent=3510"}],"curies":[{"name":"wp","href":"https:\/\/api.w.org\/{rel}","templated":true}]}}