{"id":501,"date":"2012-04-09T13:08:19","date_gmt":"2012-04-09T16:08:19","guid":{"rendered":"http:\/\/blog.cancaonova.com\/paulinia\/"},"modified":"2021-09-02T10:57:46","modified_gmt":"2021-09-02T13:57:46","slug":"bazar-da-providencia","status":"publish","type":"page","link":"https:\/\/blog.cancaonova.com\/paulinia\/bazar-da-providencia\/","title":{"rendered":"Bazar da provid\u00eancia"},"content":{"rendered":"<p style=\"text-align: left;\">Toda 4\u00aa feira \u00e9 dia de Bazar da Divina Provid\u00eancia na Can\u00e7\u00e3o Nova de Paul\u00ednia.<\/p>\n<p style=\"text-align: left;\">Neste bazar, vendemos roupas, sapatos e objetos usados ou novos, por um pre\u00e7o bem acess\u00edvel. Tudo o que arrecadamos \u00e9 para ajudar a miss\u00e3o da Can\u00e7\u00e3o Nova, nesta linda empreitada do Projeto Dai-me almas!<\/p>\n<p style=\"text-align: left;\">Vivemos da Provid\u00eancia de Deus, provid\u00eancia que passa pelas m\u00e3os de tantos s\u00f3cios e amigos que m\u00eas a m\u00eas colaboram conosco.<\/p>\n<p style=\"text-align: left;\">Recebemos diariamente doa\u00e7\u00f5es de roupas e objetos, novos ou usados, em bom estado, a fim de colocarmos a venda em nosso bazar. O que n\u00e3o \u00e9 vendido, n\u00f3s doamos para aqueles que mais precisam.<\/p>\n<p style=\"text-align: left;\">Fa\u00e7a parte desta rede de solidariedade! Se voc\u00ea tem em casa algo que n\u00e3o lhe serve mais, que n\u00e3o utiliza ou que deseja doar para ajudar a outras pessoas, fa\u00e7a a sua doa\u00e7\u00e3o em nossa Casa de Evangeliza\u00e7\u00e3o, que fica na Avenida Jos\u00e9 Lozano Ara\u00fajo, 1021 &#8211; Jardim Am\u00e9rica, na cidade de Paul\u00ednia\/SP. Receberemos sua ajuda de bra\u00e7os abertos, de segunda \u00e0 sexta-feira, das 08h \u00e0s 17h.<\/p>\n<h2 style=\"text-align: left;\"><strong>Bazar da Provid\u00eancia:<\/strong><\/h2>\n<p style=\"text-align: left;\">Toda quarta-feira ,\u00a0<strong>das 09h30 \u00e0s 14h30<\/strong><\/p>\n<p style=\"text-align: left;\">Ajude-nos a evangelizar! Gestos simples, podem mudar a vida de uma pessoa!<\/p>\n<p style=\"text-align: left;\">Maiores informa\u00e7\u00f5es, pelo telefone: (19) 3844-8300<\/p>\n<p><em><strong>OBS<\/strong>: <span style=\"color: #0000ff;\">\u00c9 importante verificar se o produto que se deseja doar tem condi\u00e7\u00f5es de uso\u00a0 para que sua doa\u00e7\u00e3o n\u00e3o se transforme em descarte depois de chegar na Can\u00e7\u00e3o Nova. Em alguns casos, recebemos doa\u00e7\u00f5es com lixo junto, roupas sujas, m\u00f3veis com cupim e etc. Pedimos sempre a gentileza, de sendo poss\u00edvel, voc\u00ea trazer sua doa\u00e7\u00e3o em nossa casa de evangeliza\u00e7\u00e3o, pois temos pouqu\u00edssimos recursos para retirar em sua casa ou trabalho.\u00a0<\/span><\/em><\/p>\n<p style=\"text-align: left;\">Deus aben\u00e7oe!<\/p>\n<p>&nbsp;<\/p>\n","protected":false},"excerpt":{"rendered":"<p>Toda 4\u00aa feira \u00e9 dia de Bazar da Divina Provid\u00eancia na Can\u00e7\u00e3o Nova de Paul\u00ednia. Neste bazar, vendemos roupas, sapatos e objetos usados ou novos, por um pre\u00e7o bem acess\u00edvel. Tudo o que arrecadamos \u00e9 para ajudar a miss\u00e3o da&#8230;<\/p>\n","protected":false},"author":4532,"featured_media":2899,"parent":0,"menu_order":0,"comment_status":"closed","ping_status":"closed","template":"","meta":{"_mi_skip_tracking":false,"_monsterinsights_sitenote_active":false,"_monsterinsights_sitenote_note":"","_monsterinsights_sitenote_category":0,"footnotes":""},"_links":{"self":[{"href":"https:\/\/blog.cancaonova.com\/paulinia\/wp-json\/wp\/v2\/pages\/501"}],"collection":[{"href":"https:\/\/blog.cancaonova.com\/paulinia\/wp-json\/wp\/v2\/pages"}],"about":[{"href":"https:\/\/blog.cancaonova.com\/paulinia\/wp-json\/wp\/v2\/types\/page"}],"author":[{"embeddable":true,"href":"https:\/\/blog.cancaonova.com\/paulinia\/wp-json\/wp\/v2\/users\/4532"}],"replies":[{"embeddable":true,"href":"https:\/\/blog.cancaonova.com\/paulinia\/wp-json\/wp\/v2\/comments?post=501"}],"version-history":[{"count":17,"href":"https:\/\/blog.cancaonova.com\/paulinia\/wp-json\/wp\/v2\/pages\/501\/revisions"}],"predecessor-version":[{"id":3250,"href":"https:\/\/blog.cancaonova.com\/paulinia\/wp-json\/wp\/v2\/pages\/501\/revisions\/3250"}],"wp:featuredmedia":[{"embeddable":true,"href":"https:\/\/blog.cancaonova.com\/paulinia\/wp-json\/wp\/v2\/media\/2899"}],"wp:attachment":[{"href":"https:\/\/blog.cancaonova.com\/paulinia\/wp-json\/wp\/v2\/media?parent=501"}],"curies":[{"name":"wp","href":"https:\/\/api.w.org\/{rel}","templated":true}]}}