{"id":505,"date":"2012-04-09T15:11:01","date_gmt":"2012-04-09T18:11:01","guid":{"rendered":"http:\/\/blog.cancaonova.com\/paulinia\/"},"modified":"2023-06-05T11:52:38","modified_gmt":"2023-06-05T14:52:38","slug":"agenda","status":"publish","type":"page","link":"https:\/\/blog.cancaonova.com\/paulinia\/agenda\/","title":{"rendered":"Agenda de Eventos 2023"},"content":{"rendered":"<h2>Fique ligado em nossa programa\u00e7\u00e3o semanal<\/h2>\n<p>\u271d\ufe0f<strong> Santa Missa<\/strong> &#8211; Toda segunda-feira \u00e0s 19h30. <span style=\"color: #ff0000\">*presencial<\/span><\/p>\n<p>\ud83d\ude4f <strong>Grupo de Ora\u00e7\u00e3o<\/strong> &#8211; Toda ter\u00e7a-feira \u00e0s 19h30.\u00a0<span style=\"color: #ff0000\">*presencial<\/span><\/p>\n<p>\ud83d\udecd\ufe0f <strong>Bazar Can\u00e7\u00e3o Nova<\/strong> &#8211; Toda quarta-feira das 09h30 \u00e0s 13h00.<\/p>\n<p>Par ficar por dentro de todos os eventos, entre no Grupo de Whatsapp pelo link:<a href=\"https:\/\/chat.whatsapp.com\/Enetu3h8yZmJlkejze0tao\" target=\"_blank\" rel=\"noopener\">https:\/\/chat.whatsapp.com\/Enetu3h8yZmJlkejze0tao<\/a><\/p>\n<p>\u23f0<em>A Programa\u00e7\u00e3o pode ser alterada sem aviso pr\u00e9vio.<\/em><\/p>\n<h2>AGENDA PR\u00d3XIMOS EVENTOS DE 2023:<\/h2>\n<p>&nbsp;<\/p>\n<p>02\/07 &#8211; Kair\u00f3s de Anivers\u00e1rio da Miss\u00e3o com a presen\u00e7a de Pe. Ricardo Rodolfo, Luzia Santiago, Eto Jardim e Mayara R\u00fabia ( confira programa\u00e7\u00e3o:\u00a0https:\/\/bit.ly\/kairosdeaniversario2023)<\/p>\n<p>25\/7 \u00e0 19\/9 &#8211; 9 ter\u00e7as com os anjos(apenas as ter\u00e7as).<\/p>\n<p>17\/09 &#8211; Aprofundamento para Mulheres com Aline Rodrigues<\/p>\n<p>23\/9 \u00e0 24\/9 &#8211; Encontro de Cura e Liberta\u00e7\u00e3o.<\/p>\n<p>4\/11 \u00e0 5\/11 &#8211; Profecia do Avivamento<\/p>\n<p>25 \u00e0 26\/12 &#8211; Aprofundamento para Casais com Di\u00e1cono Nelsinho Correa e Marcia Correa<\/p>\n<h2>__<\/h2>\n<p>\ud83c\udfa5 LIVES:<\/p>\n<p>Ter\u00e7o da Miseric\u00f3rdia no Instagram &#8211; Diariamente &#8211; 15h00 &#8211; <a href=\"https:\/\/www.instagram.com\/cancaonovapaulinia\/live\" target=\"_blank\" rel=\"noopener\">ASSISTIR<\/a><\/p>\n<p><a href=\"http:\/\/bit.ly\/youtubepln\" target=\"_blank\" rel=\"noopener\">YOUTUBE<\/a> | <a href=\"https:\/\/t.me\/cancaonovapaulinia\" target=\"_blank\" rel=\"noopener\">TELEGRAM<\/a> | <a href=\"https:\/\/twitter.com\/cnpaulinia\" target=\"_blank\" rel=\"noopener\">TWITTER\u00a0<\/a><\/p>\n<p><a href=\"https:\/\/chat.whatsapp.com\/Enetu3h8yZmJlkejze0tao\" target=\"_blank\" rel=\"noopener\"><img loading=\"lazy\" decoding=\"async\" class=\"size-full wp-image-3374 aligncenter\" src=\"https:\/\/blog.cancaonova.com\/paulinia\/files\/2021\/10\/Receba-not\u00edcias-e-conte\u00fados-da-Can\u00e7\u00e3o-Nova-no-grupo-de-WhatsApp.png\" alt=\"\" width=\"300\" height=\"100\" \/><\/a><\/p>\n<p>&nbsp;<\/p>\n<p>&nbsp;<\/p>\n","protected":false},"excerpt":{"rendered":"<p>Fique ligado em nossa programa\u00e7\u00e3o semanal \u271d\ufe0f Santa Missa &#8211; Toda segunda-feira \u00e0s 19h30. *presencial \ud83d\ude4f Grupo de Ora\u00e7\u00e3o &#8211; Toda ter\u00e7a-feira \u00e0s 19h30.\u00a0*presencial \ud83d\udecd\ufe0f Bazar Can\u00e7\u00e3o Nova &#8211; Toda quarta-feira das 09h30 \u00e0s 13h00. Par ficar por dentro de&#8230;<\/p>\n","protected":false},"author":4532,"featured_media":2899,"parent":0,"menu_order":5,"comment_status":"closed","ping_status":"open","template":"","meta":{"_mi_skip_tracking":false,"_monsterinsights_sitenote_active":false,"_monsterinsights_sitenote_note":"","_monsterinsights_sitenote_category":0,"footnotes":""},"_links":{"self":[{"href":"https:\/\/blog.cancaonova.com\/paulinia\/wp-json\/wp\/v2\/pages\/505"}],"collection":[{"href":"https:\/\/blog.cancaonova.com\/paulinia\/wp-json\/wp\/v2\/pages"}],"about":[{"href":"https:\/\/blog.cancaonova.com\/paulinia\/wp-json\/wp\/v2\/types\/page"}],"author":[{"embeddable":true,"href":"https:\/\/blog.cancaonova.com\/paulinia\/wp-json\/wp\/v2\/users\/4532"}],"replies":[{"embeddable":true,"href":"https:\/\/blog.cancaonova.com\/paulinia\/wp-json\/wp\/v2\/comments?post=505"}],"version-history":[{"count":76,"href":"https:\/\/blog.cancaonova.com\/paulinia\/wp-json\/wp\/v2\/pages\/505\/revisions"}],"predecessor-version":[{"id":3807,"href":"https:\/\/blog.cancaonova.com\/paulinia\/wp-json\/wp\/v2\/pages\/505\/revisions\/3807"}],"wp:featuredmedia":[{"embeddable":true,"href":"https:\/\/blog.cancaonova.com\/paulinia\/wp-json\/wp\/v2\/media\/2899"}],"wp:attachment":[{"href":"https:\/\/blog.cancaonova.com\/paulinia\/wp-json\/wp\/v2\/media?parent=505"}],"curies":[{"name":"wp","href":"https:\/\/api.w.org\/{rel}","templated":true}]}}