{"id":524,"date":"2012-04-09T14:45:53","date_gmt":"2012-04-09T17:45:53","guid":{"rendered":"http:\/\/blog.cancaonova.com\/paulinia\/"},"modified":"2022-03-11T13:55:52","modified_gmt":"2022-03-11T16:55:52","slug":"fale-conosco","status":"publish","type":"page","link":"https:\/\/blog.cancaonova.com\/paulinia\/quem-somos\/fale-conosco\/","title":{"rendered":"Fale Conosco"},"content":{"rendered":"<p>Fa\u00e7a-nos uma visita:<br \/>\nNosso endere\u00e7o \u00e9: Avenida Prefeito Jos\u00e9 Lozano Ara\u00fajo, 1021, Jardim Am\u00e9rica, Paul\u00ednia\/SP<br \/>\n\u260e nosso telefone: (19) 3844-8300<\/p>\n<p>Sintonize ou acesse: <a href=\"http:\/\/radio.cancaonova.com\/paulinia\" target=\"_blank\" rel=\"noopener\">R\u00e1dio Can\u00e7\u00e3o Nova da Divina Provid\u00eancia<\/a>:<br \/>\n\ud83d\udcfb AM 1090<\/p>\n<p>Telefone da R\u00e1dio para voc\u00ea participar conosco: \u260e nosso telefone: (19) 3844-8500<\/p>\n<p>Preencha o Formul\u00e1rio abaixo, que assim que poss\u00edvel entraremos em contato:<\/p>\n<p>Deus te Aben\u00e7oe.<\/p>\n<div role=\"form\" class=\"wpcf7\" id=\"wpcf7-f1057-o1\" dir=\"ltr\">\n<div class=\"screen-reader-response\"><\/div>\n<form action=\"\/paulinia\/wp-json\/wp\/v2\/pages\/524#wpcf7-f1057-o1\" method=\"post\" class=\"wpcf7-form\" novalidate=\"novalidate\">\n<div style=\"display: none;\">\n<input type=\"hidden\" name=\"_wpcf7\" value=\"1057\" \/>\n<input type=\"hidden\" name=\"_wpcf7_version\" value=\"4.7\" \/>\n<input type=\"hidden\" name=\"_wpcf7_locale\" value=\"\" \/>\n<input type=\"hidden\" name=\"_wpcf7_unit_tag\" value=\"wpcf7-f1057-o1\" \/>\n<input type=\"hidden\" name=\"_wpnonce\" value=\"b07e44369e\" \/>\n<\/div>\n<p>Seu nome (obrigat\u00f3rio)<br \/>\n    <span class=\"wpcf7-form-control-wrap your-name\"><input type=\"text\" name=\"your-name\" value=\"\" size=\"40\" class=\"wpcf7-form-control wpcf7-text wpcf7-validates-as-required\" aria-required=\"true\" aria-invalid=\"false\" \/><\/span> <\/p>\n<p>Seu e-mail (obrigat\u00f3rio)<br \/>\n    <span class=\"wpcf7-form-control-wrap your-email\"><input type=\"email\" name=\"your-email\" value=\"\" size=\"40\" class=\"wpcf7-form-control wpcf7-text wpcf7-email wpcf7-validates-as-required wpcf7-validates-as-email\" aria-required=\"true\" aria-invalid=\"false\" \/><\/span> <\/p>\n<p>Assunto<br \/>\n    <span class=\"wpcf7-form-control-wrap your-subject\"><input type=\"text\" name=\"your-subject\" value=\"\" size=\"40\" class=\"wpcf7-form-control wpcf7-text\" aria-invalid=\"false\" \/><\/span> <\/p>\n<p>Sua mensagem<br \/>\n    <span class=\"wpcf7-form-control-wrap your-message\"><textarea name=\"your-message\" cols=\"40\" rows=\"10\" class=\"wpcf7-form-control wpcf7-textarea\" aria-invalid=\"false\"><\/textarea><\/span> <\/p>\n<p><input type=\"submit\" value=\"Enviar\" class=\"wpcf7-form-control wpcf7-submit\" \/><\/p>\n<div class=\"wpcf7-response-output wpcf7-display-none\"><\/div><\/form><\/div>\n","protected":false},"excerpt":{"rendered":"<p>Fa\u00e7a-nos uma visita: Nosso endere\u00e7o \u00e9: Avenida Prefeito Jos\u00e9 Lozano Ara\u00fajo, 1021, Jardim Am\u00e9rica, Paul\u00ednia\/SP \u260e nosso telefone: (19) 3844-8300 Sintonize ou acesse: R\u00e1dio Can\u00e7\u00e3o Nova da Divina Provid\u00eancia: \ud83d\udcfb AM 1090 Telefone da R\u00e1dio para voc\u00ea participar conosco: \u260e&#8230;<\/p>\n","protected":false},"author":4532,"featured_media":0,"parent":18,"menu_order":7,"comment_status":"closed","ping_status":"closed","template":"","meta":{"_mi_skip_tracking":false,"_monsterinsights_sitenote_active":false,"_monsterinsights_sitenote_note":"","_monsterinsights_sitenote_category":0,"footnotes":""},"_links":{"self":[{"href":"https:\/\/blog.cancaonova.com\/paulinia\/wp-json\/wp\/v2\/pages\/524"}],"collection":[{"href":"https:\/\/blog.cancaonova.com\/paulinia\/wp-json\/wp\/v2\/pages"}],"about":[{"href":"https:\/\/blog.cancaonova.com\/paulinia\/wp-json\/wp\/v2\/types\/page"}],"author":[{"embeddable":true,"href":"https:\/\/blog.cancaonova.com\/paulinia\/wp-json\/wp\/v2\/users\/4532"}],"replies":[{"embeddable":true,"href":"https:\/\/blog.cancaonova.com\/paulinia\/wp-json\/wp\/v2\/comments?post=524"}],"version-history":[{"count":10,"href":"https:\/\/blog.cancaonova.com\/paulinia\/wp-json\/wp\/v2\/pages\/524\/revisions"}],"predecessor-version":[{"id":3506,"href":"https:\/\/blog.cancaonova.com\/paulinia\/wp-json\/wp\/v2\/pages\/524\/revisions\/3506"}],"up":[{"embeddable":true,"href":"https:\/\/blog.cancaonova.com\/paulinia\/wp-json\/wp\/v2\/pages\/18"}],"wp:attachment":[{"href":"https:\/\/blog.cancaonova.com\/paulinia\/wp-json\/wp\/v2\/media?parent=524"}],"curies":[{"name":"wp","href":"https:\/\/api.w.org\/{rel}","templated":true}]}}