{"id":77,"date":"2011-06-10T13:57:33","date_gmt":"2011-06-10T16:57:33","guid":{"rendered":"http:\/\/blog.cancaonova.com\/paulinia\/"},"modified":"2016-09-06T14:19:42","modified_gmt":"2016-09-06T17:19:42","slug":"clube-da-evangelizacao","status":"publish","type":"page","link":"https:\/\/blog.cancaonova.com\/paulinia\/agenda-semanal\/clube-da-evangelizacao\/","title":{"rendered":"Clube da Evangeliza\u00e7\u00e3o"},"content":{"rendered":"<blockquote>\n<p style=\"text-align: center\"><strong>Venha conhecer e fazer parte do Clube da evangeliza\u00e7\u00e3o !!!<\/strong><\/p>\n<p>Aqui\u00a0voc\u00ea tem a nobre miss\u00e3o de evangelizar conosco atrav\u00e9s do Sistema Can\u00e7\u00e3o Nova de Comunica\u00e7\u00e3o (R\u00e1dio, TV , Internet), levando a todos\u00a0Jesus vivo e vivido. E mais, a fam\u00edlia Can\u00e7\u00e3o Nova rezar\u00e1 por voc\u00ea e pelas suas inten\u00e7\u00f5es.<\/p>\n<p style=\"text-align: justify\">Em toda \u00faltima ter\u00e7a-feira de cada m\u00eas teremos a Missa do <a href=\"http:\/\/clube.cancaonova.com\">Clube da Evangeliza\u00e7\u00e3o<\/a>\u00a0\u00e0s 20h em nossa Casa de Miss\u00e3o da Can\u00e7\u00e3o Nova em Paul\u00ednia, na qual desde j\u00e1 convidamos voc\u00ea para vir participar conosco!<\/p>\n<p style=\"text-align: justify\">Para fazer parte desse Clube \u00e9 muito f\u00e1cil, basta ligar para (019) 3844-8300, estar em m\u00e3os com o n\u00famero do seu CPF e endere\u00e7o completo.<\/p>\n<p style=\"text-align: justify\">Teremos a alegria de receber a sua liga\u00e7\u00e3o e visita para tornar-se um novo s\u00f3cio, alterar o seu endere\u00e7o e forma de contribui\u00e7\u00e3o.<br \/>\nConvido voc\u00ea s\u00f3cio que mora em Paul\u00ednia e na Regi\u00e3o Metropolitana de Campinas a fazer a sua doa\u00e7\u00e3o direto na Can\u00e7\u00e3o Nova em Paul\u00ednia.<\/p>\n<p style=\"text-align: justify\">Estamos em novo endere\u00e7o: Avenida Jos\u00e9 Lozano de Ara\u00fajo,1021 &#8211; Jardim Am\u00e9ria &#8211; Paul\u00ednia\/SP.<br \/>\nAberto das 08h00 at\u00e9 12h00, 13h00 \u00e0s 17h45.<\/p>\n<p style=\"text-align: justify\">Nesse m\u00eas de Setembro, temos uma a\u00e7\u00e3o especial pra voc\u00ea que \u00e9 o nosso s\u00f3cio. Na revista desse m\u00eas voc\u00ea estar\u00e1 recebendo um boleto extra da a\u00e7\u00e3o de 05 produtos digitais, sendo que um deles \u00e9 exclusivo ao S\u00f3cio Evangelizador, uma prega\u00e7\u00e3o exclusiva e direcionada a voc\u00ea do Padre Roger Lu\u00eds .<br \/>\nAguardo sua visita!<\/p>\n<\/blockquote>\n<p style=\"text-align: center\">\n","protected":false},"excerpt":{"rendered":"<p>Venha conhecer e fazer parte do Clube da evangeliza\u00e7\u00e3o !!! Aqui\u00a0voc\u00ea tem a nobre miss\u00e3o de evangelizar conosco atrav\u00e9s do Sistema Can\u00e7\u00e3o Nova de Comunica\u00e7\u00e3o (R\u00e1dio, TV , Internet), levando a todos\u00a0Jesus vivo e vivido. E mais, a fam\u00edlia Can\u00e7\u00e3o&#8230;<\/p>\n","protected":false},"author":4532,"featured_media":0,"parent":14,"menu_order":0,"comment_status":"closed","ping_status":"closed","template":"","meta":{"_mi_skip_tracking":false,"_monsterinsights_sitenote_active":false,"_monsterinsights_sitenote_note":"","_monsterinsights_sitenote_category":0,"footnotes":""},"_links":{"self":[{"href":"https:\/\/blog.cancaonova.com\/paulinia\/wp-json\/wp\/v2\/pages\/77"}],"collection":[{"href":"https:\/\/blog.cancaonova.com\/paulinia\/wp-json\/wp\/v2\/pages"}],"about":[{"href":"https:\/\/blog.cancaonova.com\/paulinia\/wp-json\/wp\/v2\/types\/page"}],"author":[{"embeddable":true,"href":"https:\/\/blog.cancaonova.com\/paulinia\/wp-json\/wp\/v2\/users\/4532"}],"replies":[{"embeddable":true,"href":"https:\/\/blog.cancaonova.com\/paulinia\/wp-json\/wp\/v2\/comments?post=77"}],"version-history":[{"count":8,"href":"https:\/\/blog.cancaonova.com\/paulinia\/wp-json\/wp\/v2\/pages\/77\/revisions"}],"predecessor-version":[{"id":1770,"href":"https:\/\/blog.cancaonova.com\/paulinia\/wp-json\/wp\/v2\/pages\/77\/revisions\/1770"}],"up":[{"embeddable":true,"href":"https:\/\/blog.cancaonova.com\/paulinia\/wp-json\/wp\/v2\/pages\/14"}],"wp:attachment":[{"href":"https:\/\/blog.cancaonova.com\/paulinia\/wp-json\/wp\/v2\/media?parent=77"}],"curies":[{"name":"wp","href":"https:\/\/api.w.org\/{rel}","templated":true}]}}