{"id":13164,"date":"2021-11-30T10:00:37","date_gmt":"2021-11-30T13:00:37","guid":{"rendered":"http:\/\/blog.cancaonova.com\/peregrinacoes\/"},"modified":"2021-11-30T14:14:00","modified_gmt":"2021-11-30T17:14:00","slug":"roteiros","status":"publish","type":"page","link":"https:\/\/blog.cancaonova.com\/peregrinacoes\/roteiros\/","title":{"rendered":"ROTEIROS  - Viagem dos sonhos"},"content":{"rendered":"<p>&nbsp;<\/p>\n<p style=\"text-align: left\"><a href=\"http:\/\/blog.cancaonova.com\/peregrinacoes\/files\/2013\/09\/23_10_2013_15_15_05.jpg\"><img loading=\"lazy\" decoding=\"async\" class=\"aligncenter size-full wp-image-13635\" src=\"http:\/\/blog.cancaonova.com\/peregrinacoes\/files\/2013\/09\/23_10_2013_15_15_05.jpg\" alt=\"\" width=\"870\" height=\"184\" srcset=\"https:\/\/blog.cancaonova.com\/peregrinacoes\/files\/2013\/09\/23_10_2013_15_15_05.jpg 870w, https:\/\/blog.cancaonova.com\/peregrinacoes\/files\/2013\/09\/23_10_2013_15_15_05-300x63.jpg 300w\" sizes=\"(max-width: 870px) 100vw, 870px\" \/><\/a><\/p>\n<blockquote>\n<h2 style=\"text-align: left\"><span style=\"color: #000080\"><b>Pacotes completos para Portugal, Espanha, Fran\u00e7a, It\u00e1lia e Terra Santa<\/b><\/span><\/h2>\n<\/blockquote>\n<p>Muitos sonham em viajar em peregrina\u00e7\u00e3o e conhecer os lugares santos!<\/p>\n<p>N\u00f3s da Caminhando com Maria\u00a0 &#8211; Peregrina\u00e7\u00f5es fazemos parte desta historia entre as Comunidades Obra de Maria e Can\u00e7\u00e3o Nova e atuamos a mais de\u00a0 16 anos nesta\u00a0 parceria, sendo assim, pudemos testemunhar in\u00fameras pessoas que conseguiram realizar o sonho de viajar aos lugares santos.<\/p>\n<p>Mais do que viagens nossos pacotes oferecem momentos intensos de fraternidade, espiritualidade e intimidade com Deus: e esses s\u00e3o alguns de nossos diferenciais: al\u00e9m \u00e9 claro dos servi\u00e7os prestados nos nossos pacotes de viagem e roteiro oferecido.<\/p>\n<p>Diante da realidade da alta do d\u00f3lar, percebemos que precisar\u00edamos pensar em uma forma melhor de possibilitar e favorecer que TODOS,\u00a0 pudessem continuar e investir neste desejo de viajar aos lugares santos, muitos que at\u00e9 mesmo sonham com sua primeira viagem internacional a um santu\u00e1rio que diz de sua f\u00e9 e assim, conseguir concretiza-lo.<\/p>\n<p><img loading=\"lazy\" decoding=\"async\" class=\"aligncenter size-medium wp-image-15077\" src=\"http:\/\/blog.cancaonova.com\/peregrinacoes\/files\/2016\/06\/1958342_207666662923270_303938970718524760_n-300x247.jpg\" alt=\"1958342_207666662923270_303938970718524760_n\" width=\"300\" height=\"247\" srcset=\"https:\/\/blog.cancaonova.com\/peregrinacoes\/files\/2016\/06\/1958342_207666662923270_303938970718524760_n-300x247.jpg 300w, https:\/\/blog.cancaonova.com\/peregrinacoes\/files\/2016\/06\/1958342_207666662923270_303938970718524760_n-768x632.jpg 768w, https:\/\/blog.cancaonova.com\/peregrinacoes\/files\/2016\/06\/1958342_207666662923270_303938970718524760_n.jpg 960w\" sizes=\"(max-width: 300px) 100vw, 300px\" \/><\/p>\n<h1 style=\"text-align: center\"><span style=\"color: #000080\">Pensando\u00a0 nisso surgiu a ideia dos roteiros:<\/span><\/h1>\n<h1 style=\"text-align: center\"><span style=\"color: #000080\">Viagem dos sonhos<\/span><\/h1>\n<p>S\u00e3o pacotes completos em grupo, que acontecer\u00e3o em\u00a0 NOVEMBRO DE 2023\u00a0 ( e que tamb\u00e9m acontecer\u00e3o em mar\u00e7o, outubro e novembro de 2024) com passagens e seguros sa\u00fade e passagem inclusos, hospedagem em quarto duplo ou individual, alimenta\u00e7\u00e3o durante o roteiro, traslado, ingressos nos lugares contemplados conforme a descri\u00e7\u00e3o do roteiro e com o diferencial de hospedagem em casas religiosas, o que enriquece ainda mais a experi\u00eancia com Deus neste roteiro!<\/p>\n<p>Optando por ele o peregrino ter\u00e1 mais facilidade de pagamentos, poder\u00e1 optar por um roteiro em promo\u00e7\u00e3o de qualidade e com espiritualidade e com uma empresa que preza com seriedade pela seguran\u00e7a e bem estar de nossos clientes-peregrinos.<\/p>\n<h1 style=\"text-align: center\"><a href=\"https:\/\/caminhandocommaria.com\/representacao\/cancao-nova-2023-casas-religiosas\"><span style=\"text-decoration: underline\"><span style=\"color: #000080;text-decoration: underline\">Confira nossos roteiros viagem dos sonhos em 2023.<\/span><\/span><\/a><\/h1>\n<p>&nbsp;<\/p>\n<p>https:\/\/www.youtube.com\/watch?v=f9s3HpxzED4<\/p>\n<h2 style=\"text-align: center\"><\/h2>\n<h1 style=\"text-align: center\"><span style=\"color: #000080\"><a href=\"https:\/\/caminhandocommaria.com\/roteiros\/espanha-e-franca-09-dias-familia-cancao-nova-casas-religiosas\">Roteiro viagem dos sonhos &#8211; Espanha e Fran\u00e7a &#8211; 9 dias<\/a><\/span><\/h1>\n<p style=\"text-align: center\">Com a espiritualidade dos mission\u00e1rios Can\u00e7\u00e3o Nova venha conhecer\u00a0MADRID onde \u00a0visitaremos os principais pontos tur\u00edsticos da capital espanhola, incluindo a Gran\u00a0Via, a Pra\u00e7a de Espanha, o Viaduto, a Pra\u00e7a Maior, a Pra\u00e7a de Touros, a Pra\u00e7a da Independ\u00eancia, Pra\u00e7a\u00a0de Cibeles, a Universidade e o Paseo de la Castellana&#8230; Iremos de\u00a0 \u00f4nibus para Lourdes (Fran\u00e7a), passando por Zaragoza (Santu\u00e1rio de Nossa Senhora Del pilar, padroeira da Espanha). Chegando em Lourdes\u00a0dia inteiro estaremos participando das atividades religiosas no Santu\u00e1rio de Nossa Senhora de Lourdes (Missa, ter\u00e7o, etc.). seguiremos para\u00a0Lisieux, onde visitaremos os lugares relacionados com a adolesc\u00eancia e a vida religiosa de Santa Teresinha do Menino Jesus.\u00a0 e com chave de ouro encerraremos nosso roteiro em Paris com visita panor\u00e2mica pela capital francesa, percorrendo suas principais avenidas, pra\u00e7as e bairros tais como: Campos Eliseus, Arco do Triunfo, Pra\u00e7a da Conc\u00f3rdia, Notre Dame, Torre Eiffel.<\/p>\n<h2 style=\"text-align: center\"><a href=\"https:\/\/caminhandocommaria.com\/roteiros\/espanha-e-franca-09-dias-familia-cancao-nova-casas-religiosas\">Para saber mais \u00e9 s\u00f3 clicar aqui<\/a><\/h2>\n<h3 style=\"text-align: center\">ESPANHA E FRAN\u00c7A &#8211; Roteiro Viagem dos Sonhos: chegou a minha vez de peregrinar!<\/h3>\n<p style=\"text-align: center\">____________________________________________________________________________<\/p>\n<h1 style=\"text-align: center\"><span style=\"color: #000080\"><a href=\"https:\/\/caminhandocommaria.com\/roteiros\/portugal-07-dias-familia-cancao-nova-casas-religiosas\">Roteiro viagem dos sonhos &#8211; Portugal &#8211; 7 dias<\/a><\/span><\/h1>\n<p>Com a espiritualidade dos mission\u00e1rios Can\u00e7\u00e3o Nova em Lisboa, teremos nossa recep\u00e7\u00e3o no aeroporto e sa\u00edda para um city tour pelos principais pontos tur\u00edsticos\u00a0da capital lusa e seguiremos para F\u00e1tima onde teremos\u00a0 a visita a Bas\u00edlica de Nossa Senhora do Ros\u00e1rio, Capelinha das Apari\u00e7\u00f5es. Visita a\u00a0Casa de L\u00facia, Casa de Jacinta e Francisco, Valinhos.\u00a0faremos uma excurs\u00e3o \u00e0s cidades mais conhecidas, e que de algum modo est\u00e3o\u00a0relacionadas com a hist\u00f3ria do Brasil (Nazar\u00e9 e Batalha). Nosso roteiro continua at\u00e9 a cidade do\u00a0Porto a segunda maior cidade de Portugal. Visita panor\u00e2mica pela cidade conhecendo: A Ribeira, Torre dos Cl\u00e9rigos, Avenida dos Aliados, Esta\u00e7\u00e3o de S\u00e3o Bento, Pal\u00e1cio da Bolsa e o Rio Douro. Iremos ainda a\u00a0Santar\u00e9m. Visita a Igreja do Milagre Eucar\u00edstico, em seguida seguiremos em Roma visitaremos\u00a0visita \u00e0 Pra\u00e7a e Bas\u00edlica de S\u00e3o Pedro. Tarde: Visita as Bas\u00edlicas Patriarcais de Santa Maria Maior e S\u00e3o Jo\u00e3o de Latr\u00e3o. para a cidade de \u00d3bidos.<\/p>\n<h2 style=\"text-align: center\"><a href=\"https:\/\/caminhandocommaria.com\/roteiros\/portugal-07-dias-familia-cancao-nova-casas-religiosas\">Para saber mais \u00e9 s\u00f3 clicar aqui<\/a><\/h2>\n<h3 style=\"text-align: center\">PORTUGAL &#8211; Roteiro Viagem dos Sonhos: chegou a minha vez de peregrinar!<\/h3>\n<p style=\"text-align: center\">____________________________________________________________________________<\/p>\n<h1 style=\"text-align: center\"><span style=\"color: #000080\"><a href=\"https:\/\/caminhandocommaria.com\/roteiros\/italia-familia-cancao-nova-casas-religiosas\">Roteiro viagem dos sonhos &#8211; It\u00e1lia- 7 dias<\/a><\/span><\/h1>\n<p>Com a espiritualidade dos mission\u00e1rios Can\u00e7\u00e3o Nova em Roma iremos\u00a0visita \u00e0 Pra\u00e7a e Bas\u00edlica de S\u00e3o Pedro. Tarde: Visita as Bas\u00edlicas Patriarcais de\u00a0Santa Maria Maior e S\u00e3o Jo\u00e3o de Latr\u00e3o. teremos um\u00a0city tour panor\u00e2mico pela Roma antiga e hist\u00f3rica, incluindo Coliseu (visita\u00a0externa). Tarde: Sa\u00edda para visitar a Bas\u00edlica de S\u00e3o Paulo Fora dos Muros. Iremos ainda a bela Assis\u00a0 onde visitaremos\u00a0\u00a0a Bas\u00edlicas de S\u00e3o Francisco e Santa Clara.<\/p>\n<h2 style=\"text-align: center\"><a href=\"https:\/\/caminhandocommaria.com\/roteiros\/italia-familia-cancao-nova-casas-religiosas\">Para saber mais \u00e9 s\u00f3 clicar aqui<\/a><\/h2>\n<h3 style=\"text-align: center\">It\u00e1lia &#8211; Roteiro Viagem dos Sonhos: chegou a minha vez de peregrinar!<\/h3>\n<p style=\"text-align: center\">___________________________________________________________________________<\/p>\n<h1 style=\"text-align: center\"><a href=\"https:\/\/caminhandocommaria.com\/roteiros\/portugal-e-espanha-09-dias-familia-cancao-nova-casas-religiosas\"><span style=\"color: #000080\">Roteiro viagem dos sonhos -Espanha e Portugal &#8211; 9 dias<\/span><\/a><\/h1>\n<p>Com a espiritualidade dos mission\u00e1rios Can\u00e7\u00e3o Nova em F\u00e1tima inciaremos nossa visita aos locais relacionados com as apari\u00e7\u00f5es de Nossa Senhora em 1917 e com a\u00a0vida dos pastorinhos aos quais ela apareceu (Casa de L\u00facia, Casa de Jacinta e Francisco, Valinhos). Na Espanha atravessaremos a regi\u00e3o da Salamanca e chegaremos em \u00c1vila. Chegada, visita \u00e0 cidade medieval<br \/>\nde \u00c1vila, a terra natal de Santa Teresa, cercada por uma bel\u00edssima muralha do sec. XI de 90 torre\u00f5es.\u00a0Onde visitaremos a Igreja de Santa Teresa, Catedral e Monast\u00e9rio da Encarna\u00e7\u00e3o. Chegando a Madrid faremos o city tour panor\u00e2mico pelos principais pontos tur\u00edsticos da capital espanhola,\u00a0incluindo a Gran Via, a Pra\u00e7a de Espanha, o Viaduto, a Pra\u00e7a Maior, a Pra\u00e7a de Touros, a Pra\u00e7a da Independ\u00eancia, Pra\u00e7a de Cibeles, a Universidade e o Paseo de la Castellana. Tamb\u00e9m teremos a\u00a0visita \u00e0 cidade medieval de Toledo, passeio pelas\u00a0ruas medievais e conhecendo seus principais pontos tur\u00edsticos, assim como a Catedral de Toledo, a<br \/>\nSinagoga, Alcala, entre outros.<\/p>\n<h2 style=\"text-align: center\"><a href=\"https:\/\/caminhandocommaria.com\/roteiros\/portugal-e-espanha-09-dias-familia-cancao-nova-casas-religiosas\">Para saber mais \u00e9 s\u00f3 clicar aqui<\/a><\/h2>\n<h3 style=\"text-align: center\">Espanha e Portugal &#8211; Roteiro Viagem dos Sonhos: chegou a minha vez de peregrinar!<\/h3>\n<p>____________________________________________________________________________<\/p>\n<h1 style=\"text-align: center\"><a href=\"https:\/\/caminhandocommaria.com\/roteiros\/terra-santa-07-dias-familia-cancao-nova-casa-religiosas\">Roteiro viagem dos sonhos -Terra Santa &#8211; 7 dias<\/a><\/h1>\n<p>Com a espiritualidade dos mission\u00e1rios Can\u00e7\u00e3o Nova iremos trilhar os passos de Jesus na Terra Santa onde desembarcaremos em Tel Aviv e seguiremos para Regi\u00e3o na Galil\u00e9ia onde come\u00e7a nosso roteiro iremos visitar Can\u00e1 da Galil\u00e9ia, \u00e0 Bas\u00edlica da Anuncia\u00e7\u00e3o, onde Maria recebeu\u00a0o an\u00fancio do Arcanjo Gabriel e a Igreja de S. Jos\u00e9. Tamb\u00e9m conheceremos\u00a0Cafarnaun (Casa de S. Pedro, ru\u00ednas da antiga Sinagoga), Tabgha (Primado de\u00a0Pedro), Travessia do Lago de Tiber\u00edades, Monte das Bem Aventuran\u00e7as, e o Rio Jord\u00e3o (Renova\u00e7\u00e3o das\u00a0promessas do batismo). De l\u00e1 seguiremos para Jud\u00e9ia onde\u00a0visitaremos ao Monte das Oliveiras (Bas\u00edlica da Agonia). Tarde: Visita ao Monte Si\u00e3o, ao Cen\u00e1culo, Igreja da Dormi\u00e7\u00e3o de Maria e a Igreja de S\u00e3o Pedro onde o galo cantou. Faremos a\u00a0Via-Sacra percorrendo as ruas da via-dolorosa, Capela da flagela\u00e7\u00e3o e Capela da<br \/>\nCondena\u00e7\u00e3o. Visita ao Santo Sepulcro. Tarde: Visita \u00e0 Bas\u00edlica da Natividade, local onde Jesus nasceu, a\u00a0Gruta dos Inocentes, a Gruta de S. Jer\u00f4nimo.<\/p>\n<h2 style=\"text-align: center\"><a href=\"https:\/\/caminhandocommaria.com\/roteiros\/terra-santa-07-dias-familia-cancao-nova-casa-religiosas\">Para saber mais \u00e9 s\u00f3 clicar aqui<\/a><\/h2>\n<h3 style=\"text-align: center\">Terra Santa &#8211; Roteiro Viagem dos Sonhos: chegou a minha vez de peregrinar!<\/h3>\n<p style=\"text-align: center\">____________________________________________________________________________<\/p>\n<h1 style=\"text-align: center\">Temos tamb\u00e9m diversos roteiros promocionais !!!<\/h1>\n<p style=\"text-align: center\">Acesse nosso site:\u00a0https:\/\/caminhandocommaria.com\/<\/p>\n<p>&nbsp;<\/p>\n<p style=\"text-align: center\">Venha fazer essa experi\u00eancia conosco!!!<\/p>\n<h2 style=\"text-align: center\"><\/h2>\n<p><iframe loading=\"lazy\" title=\"Conhe\u00c3\u00a7a Terra Santa com Can\u00c3\u00a7\u00c3\u00a3o Nova e Obra de Maria - PEREGRINA\u00c3\u0087\u00c3\u0095ES O ANO INTEIRO\/ 2023 \/ 2024 \/2025\" width=\"600\" height=\"338\" src=\"https:\/\/www.youtube.com\/embed\/MMLB8kxOSPU?feature=oembed&amp;rel=0\" frameborder=\"0\" allow=\"accelerometer; autoplay; clipboard-write; encrypted-media; gyroscope; picture-in-picture; web-share\" referrerpolicy=\"strict-origin-when-cross-origin\" allowfullscreen><\/iframe><\/p>\n<h1 class=\"contentheading\" style=\"text-align: center\"><span style=\"color: #0000ff\">Terra Santa roteiros durante todo o ano.<\/span><\/h1>\n<p style=\"text-align: justify\">\n<hr \/>\n<h1 style=\"text-align: center\"><span style=\"color: #0000ff\">Quanto antes voc\u00ea se programar, mais chances ter\u00e1 de viajar!!!<\/span><\/h1>\n<p>&nbsp;<\/p>\n<p style=\"text-align: center\">Obra de Maria peregrina\u00e7\u00f5es no Sudeste, agora \u00e9:<\/p>\n<p style=\"text-align: center\"><strong><img loading=\"lazy\" decoding=\"async\" class=\"size-medium wp-image-15907 aligncenter\" src=\"http:\/\/blog.cancaonova.com\/peregrinacoes\/files\/2018\/08\/Logo-Caminhando-com-Maria-01-300x108.png\" alt=\"\" width=\"300\" height=\"108\" srcset=\"https:\/\/blog.cancaonova.com\/peregrinacoes\/files\/2018\/08\/Logo-Caminhando-com-Maria-01-300x108.png 300w, https:\/\/blog.cancaonova.com\/peregrinacoes\/files\/2018\/08\/Logo-Caminhando-com-Maria-01-768x277.png 768w, https:\/\/blog.cancaonova.com\/peregrinacoes\/files\/2018\/08\/Logo-Caminhando-com-Maria-01-1024x369.png 1024w, https:\/\/blog.cancaonova.com\/peregrinacoes\/files\/2018\/08\/Logo-Caminhando-com-Maria-01.png 1131w\" sizes=\"(max-width: 300px) 100vw, 300px\" \/><\/strong><strong>Contatos:<\/strong><\/p>\n<p style=\"text-align: center\">\u260e\u00a0(12) 3186-2055<br \/>\n\u2709\u00a0peregrinacoes@cancaonova.com<br \/>\n\ud83d\udcf1\u00a0Whatsapp \u2013 Atendimento Expresso das 09 as 16:00 hrs<\/p>\n<p style=\"text-align: center\"><strong>Mais que viagens\u2026 encontros com Deus!<\/strong><\/p>\n","protected":false},"excerpt":{"rendered":"<p>&nbsp; Pacotes completos para Portugal, Espanha, Fran\u00e7a, It\u00e1lia e Terra Santa Muitos sonham em viajar em peregrina\u00e7\u00e3o e conhecer os lugares santos! N\u00f3s da Caminhando com Maria\u00a0 &#8211; Peregrina\u00e7\u00f5es fazemos parte desta historia entre as Comunidades Obra de Maria e&#8230;<\/p>\n","protected":false},"author":4472,"featured_media":16814,"parent":0,"menu_order":0,"comment_status":"open","ping_status":"closed","template":"","meta":{"_mi_skip_tracking":false,"_monsterinsights_sitenote_active":false,"_monsterinsights_sitenote_note":"","_monsterinsights_sitenote_category":0,"footnotes":""},"_links":{"self":[{"href":"https:\/\/blog.cancaonova.com\/peregrinacoes\/wp-json\/wp\/v2\/pages\/13164"}],"collection":[{"href":"https:\/\/blog.cancaonova.com\/peregrinacoes\/wp-json\/wp\/v2\/pages"}],"about":[{"href":"https:\/\/blog.cancaonova.com\/peregrinacoes\/wp-json\/wp\/v2\/types\/page"}],"author":[{"embeddable":true,"href":"https:\/\/blog.cancaonova.com\/peregrinacoes\/wp-json\/wp\/v2\/users\/4472"}],"replies":[{"embeddable":true,"href":"https:\/\/blog.cancaonova.com\/peregrinacoes\/wp-json\/wp\/v2\/comments?post=13164"}],"version-history":[{"count":60,"href":"https:\/\/blog.cancaonova.com\/peregrinacoes\/wp-json\/wp\/v2\/pages\/13164\/revisions"}],"predecessor-version":[{"id":16539,"href":"https:\/\/blog.cancaonova.com\/peregrinacoes\/wp-json\/wp\/v2\/pages\/13164\/revisions\/16539"}],"wp:featuredmedia":[{"embeddable":true,"href":"https:\/\/blog.cancaonova.com\/peregrinacoes\/wp-json\/wp\/v2\/media\/16814"}],"wp:attachment":[{"href":"https:\/\/blog.cancaonova.com\/peregrinacoes\/wp-json\/wp\/v2\/media?parent=13164"}],"curies":[{"name":"wp","href":"https:\/\/api.w.org\/{rel}","templated":true}]}}