{"id":13313,"date":"2013-09-10T15:36:41","date_gmt":"2013-09-10T17:36:41","guid":{"rendered":"http:\/\/blog.cancaonova.com\/peregrinacoes\/"},"modified":"2023-10-25T16:49:55","modified_gmt":"2023-10-25T19:49:55","slug":"vt%c2%b4s-de-peregrinacoes","status":"publish","type":"page","link":"https:\/\/blog.cancaonova.com\/peregrinacoes\/vt%c2%b4s-de-peregrinacoes\/","title":{"rendered":"VT\u00b4S DE PEREGRINA\u00c7\u00d5ES"},"content":{"rendered":"<h1><\/h1>\n<h1 style=\"text-align: center;\"><span style=\"color: #0000ff;\">Acesse:<\/span><\/h1>\n<p><a title=\"youtube\" href=\"https:\/\/www.youtube.com\/user\/peregrinacoescn\" target=\"_blank\" rel=\"noopener\"><img loading=\"lazy\" decoding=\"async\" class=\"aligncenter size-medium wp-image-14223\" src=\"http:\/\/blog.cancaonova.com\/peregrinacoes\/files\/2013\/09\/youtube-300x171.jpg\" alt=\"youtube\" width=\"300\" height=\"171\" \/><\/a><\/p>\n<p style=\"text-align: center;\"><a href=\"https:\/\/www.youtube.com\/user\/peregrinacoescn\"><span style=\"color: #0000ff;\"><strong><span style=\"text-decoration: underline;\">Clique aqui<\/span><\/strong><\/span><\/a><\/p>\n<h1 style=\"text-align: center;\">E confira nossos videos com roteiros, document\u00e1rios e variedades<\/h1>\n<p style=\"text-align: center;\"><a href=\"http:\/\/blog.cancaonova.com\/peregrinacoes\/files\/2013\/03\/05_03_2013_10_47_321.jpg\"><img loading=\"lazy\" decoding=\"async\" class=\"aligncenter size-full wp-image-13314\" src=\"http:\/\/blog.cancaonova.com\/peregrinacoes\/files\/2013\/03\/05_03_2013_10_47_321.jpg\" alt=\"\" width=\"230\" height=\"152\" \/><\/a><\/p>\n<p style=\"text-align: center;\"><a href=\"https:\/\/www.youtube.com\/user\/peregrinacoescn\">Terra Santa<\/a><\/p>\n<p style=\"text-align: center;\"><a href=\"http:\/\/blog.cancaonova.com\/peregrinacoes\/files\/2013\/03\/08_03_2013_13_57_53.jpg\"><img loading=\"lazy\" decoding=\"async\" class=\"aligncenter size-full wp-image-13315\" src=\"http:\/\/blog.cancaonova.com\/peregrinacoes\/files\/2013\/03\/08_03_2013_13_57_53.jpg\" alt=\"\" width=\"230\" height=\"172\" \/><\/a><\/p>\n<p style=\"text-align: center;\"><a href=\"https:\/\/www.youtube.com\/user\/peregrinacoescn\">Terra Santa, Portugal e\u00a0It\u00e1lia<\/a><\/p>\n<p style=\"text-align: center;\"><a href=\"http:\/\/blog.cancaonova.com\/peregrinacoes\/files\/2013\/03\/04_03_2013_11_01_081.jpg\"><img loading=\"lazy\" decoding=\"async\" class=\"aligncenter size-full wp-image-13316\" src=\"http:\/\/blog.cancaonova.com\/peregrinacoes\/files\/2013\/03\/04_03_2013_11_01_081.jpg\" alt=\"\" width=\"230\" height=\"152\" \/><\/a><\/p>\n<p style=\"text-align: center;\"><a href=\"https:\/\/www.youtube.com\/user\/peregrinacoescn\">Pentecostes na Terra Santa<\/a><\/p>\n<p style=\"text-align: center;\"><a href=\"http:\/\/blog.cancaonova.com\/peregrinacoes\/files\/2013\/03\/08_03_2013_15_09_08.jpg\"><img loading=\"lazy\" decoding=\"async\" class=\"aligncenter size-full wp-image-13318\" src=\"http:\/\/blog.cancaonova.com\/peregrinacoes\/files\/2013\/03\/08_03_2013_15_09_08.jpg\" alt=\"\" width=\"230\" height=\"172\" \/><\/a><\/p>\n<p style=\"text-align: center;\"><a href=\"https:\/\/www.youtube.com\/user\/peregrinacoescn\">Santu\u00e1rios Europeus<\/a><\/p>\n<p style=\"text-align: center;\"><a href=\"http:\/\/blog.cancaonova.com\/peregrinacoes\/files\/2013\/03\/08_03_2013_15_11_58.jpg\"><img loading=\"lazy\" decoding=\"async\" class=\"aligncenter size-full wp-image-13320\" src=\"http:\/\/blog.cancaonova.com\/peregrinacoes\/files\/2013\/03\/08_03_2013_15_11_58.jpg\" alt=\"\" width=\"174\" height=\"230\" \/><\/a><\/p>\n<p style=\"text-align: center;\"><a href=\"https:\/\/www.youtube.com\/user\/peregrinacoescn\"><span style=\"color: #0000ff;\">Santu\u00e1rios Marianos\u00a0<\/span><\/a><\/p>\n<p style=\"text-align: center;\"><a href=\"http:\/\/blog.cancaonova.com\/peregrinacoes\/files\/2013\/03\/08_03_2013_15_13_38.jpg\"><img loading=\"lazy\" decoding=\"async\" class=\"aligncenter size-full wp-image-13321\" src=\"http:\/\/blog.cancaonova.com\/peregrinacoes\/files\/2013\/03\/08_03_2013_15_13_38.jpg\" alt=\"\" width=\"230\" height=\"172\" \/><\/a><\/p>\n<p style=\"text-align: center;\"><a href=\"https:\/\/www.youtube.com\/user\/peregrinacoescn\">Turquia, Gr\u00e9cia e Roma<\/a><\/p>\n<p style=\"text-align: center;\"><a href=\"http:\/\/blog.cancaonova.com\/peregrinacoes\/files\/2013\/03\/06_03_2013_17_09_261.jpg\"><img loading=\"lazy\" decoding=\"async\" class=\"aligncenter size-full wp-image-13322\" src=\"http:\/\/blog.cancaonova.com\/peregrinacoes\/files\/2013\/03\/06_03_2013_17_09_261.jpg\" alt=\"\" width=\"230\" height=\"174\" \/><\/a><\/p>\n<p style=\"text-align: center;\"><a href=\"https:\/\/www.youtube.com\/user\/peregrinacoescn\">Terra Santa e Portugal<\/a><\/p>\n<p style=\"text-align: center;\"><a href=\"http:\/\/blog.cancaonova.com\/peregrinacoes\/files\/2013\/03\/04_03_2013_11_01_082.jpg\"><img loading=\"lazy\" decoding=\"async\" class=\"aligncenter size-full wp-image-13324\" src=\"http:\/\/blog.cancaonova.com\/peregrinacoes\/files\/2013\/03\/04_03_2013_11_01_082.jpg\" alt=\"\" width=\"230\" height=\"152\" \/><\/a><\/p>\n<p style=\"text-align: center;\"><a href=\"https:\/\/www.youtube.com\/user\/peregrinacoescn\">Terra Santa e Jord\u00e2nia\u00a0<\/a><\/p>\n<p style=\"text-align: center;\"><a href=\"http:\/\/blog.cancaonova.com\/peregrinacoes\/files\/2013\/03\/08_03_2013_15_24_27.jpg\"><img loading=\"lazy\" decoding=\"async\" class=\"aligncenter size-full wp-image-13326\" src=\"http:\/\/blog.cancaonova.com\/peregrinacoes\/files\/2013\/03\/08_03_2013_15_24_27.jpg\" alt=\"\" width=\"229\" height=\"173\" \/><\/a><\/p>\n<p style=\"text-align: center;\"><a href=\"https:\/\/www.youtube.com\/user\/peregrinacoescn\">Medjugorje e It\u00e1lia<\/a><\/p>\n<p style=\"text-align: center;\">\n<p style=\"text-align: center;\">Temos ainda roteiros especificos como<\/p>\n<p style=\"text-align: center;\"><strong><em><span style=\"color: #02001d;\">Venha conosco&#8230; peregrinar s\u00f3 pode ser pela Obra de Maria!<\/span><br \/>\n<\/em><\/strong><\/p>\n<p style=\"text-align: center;\"><img loading=\"lazy\" decoding=\"async\" class=\"aligncenter size-medium wp-image-15907\" src=\"http:\/\/blog.cancaonova.com\/peregrinacoes\/files\/2018\/08\/Logo-Caminhando-com-Maria-01-300x108.png\" alt=\"\" width=\"300\" height=\"108\" srcset=\"https:\/\/blog.cancaonova.com\/peregrinacoes\/files\/2018\/08\/Logo-Caminhando-com-Maria-01-300x108.png 300w, https:\/\/blog.cancaonova.com\/peregrinacoes\/files\/2018\/08\/Logo-Caminhando-com-Maria-01-768x277.png 768w, https:\/\/blog.cancaonova.com\/peregrinacoes\/files\/2018\/08\/Logo-Caminhando-com-Maria-01-1024x369.png 1024w, https:\/\/blog.cancaonova.com\/peregrinacoes\/files\/2018\/08\/Logo-Caminhando-com-Maria-01.png 1131w\" sizes=\"(max-width: 300px) 100vw, 300px\" \/><\/p>\n<p style=\"text-align: center;\"><strong><span style=\"color: #02001d;\">Mais que viagens\u2026 encontros com Deus! <\/span><\/strong><\/p>\n<p style=\"text-align: center;\"><span style=\"color: #02001d;\">Contatos <\/span>(0xx12) 3186 2055<\/p>\n<p style=\"text-align: center;\"><span style=\"color: #02001d;\">ou pelo e-mail<\/span> <span style=\"color: #17397a;\"><a href=\"mailto:peregrinacoes@cancaonova.com\"><span style=\"color: #17397a;\">peregrinacoes@cancaonova.com<\/span><\/a><\/span><\/p>\n<p style=\"text-align: center;\"><span style=\"color: #02001d;\">Informa\u00e7\u00f5es gerais<\/span><\/p>\n<p style=\"text-align: center;\"><span style=\"font-size: x-small;\"><span style=\"font-size: xx-small;\">(0\u00d712) 3186 2000 ramal 2451<\/span><\/span><\/p>\n<p style=\"text-align: center;\"><a href=\"http:\/\/blog.cancaonova.com\/peregrinacoes\/category\/cadastre-se-aqui\/\"><span style=\"color: #17397a;\">CADASTRE-SE<\/span><\/a><\/p>\n<p style=\"text-align: left;\"><em><span style=\"color: #02001d;\">Deixe seu coment\u00e1rio e seu pedido de ora\u00e7\u00e3o que estaremos rezando nas suas inten\u00e7\u00f5es na Terra Santa\u2026<\/span><\/em><\/p>\n","protected":false},"excerpt":{"rendered":"<p>Acesse: Clique aqui E confira nossos videos com roteiros, document\u00e1rios e variedades Terra Santa Terra Santa, Portugal e\u00a0It\u00e1lia Pentecostes na Terra Santa Santu\u00e1rios Europeus Santu\u00e1rios Marianos\u00a0 Turquia, Gr\u00e9cia e Roma Terra Santa e Portugal Terra Santa e Jord\u00e2nia\u00a0 Medjugorje e&#8230;<\/p>\n","protected":false},"author":4472,"featured_media":0,"parent":0,"menu_order":0,"comment_status":"open","ping_status":"closed","template":"","meta":{"_mi_skip_tracking":false,"_monsterinsights_sitenote_active":false,"_monsterinsights_sitenote_note":"","_monsterinsights_sitenote_category":0,"footnotes":""},"_links":{"self":[{"href":"https:\/\/blog.cancaonova.com\/peregrinacoes\/wp-json\/wp\/v2\/pages\/13313"}],"collection":[{"href":"https:\/\/blog.cancaonova.com\/peregrinacoes\/wp-json\/wp\/v2\/pages"}],"about":[{"href":"https:\/\/blog.cancaonova.com\/peregrinacoes\/wp-json\/wp\/v2\/types\/page"}],"author":[{"embeddable":true,"href":"https:\/\/blog.cancaonova.com\/peregrinacoes\/wp-json\/wp\/v2\/users\/4472"}],"replies":[{"embeddable":true,"href":"https:\/\/blog.cancaonova.com\/peregrinacoes\/wp-json\/wp\/v2\/comments?post=13313"}],"version-history":[{"count":8,"href":"https:\/\/blog.cancaonova.com\/peregrinacoes\/wp-json\/wp\/v2\/pages\/13313\/revisions"}],"predecessor-version":[{"id":17008,"href":"https:\/\/blog.cancaonova.com\/peregrinacoes\/wp-json\/wp\/v2\/pages\/13313\/revisions\/17008"}],"wp:attachment":[{"href":"https:\/\/blog.cancaonova.com\/peregrinacoes\/wp-json\/wp\/v2\/media?parent=13313"}],"curies":[{"name":"wp","href":"https:\/\/api.w.org\/{rel}","templated":true}]}}