{"id":1551,"date":"2015-08-10T13:50:43","date_gmt":"2015-08-10T15:50:43","guid":{"rendered":"http:\/\/blog.cancaonova.com\/peregrinacoes\/contatos\/"},"modified":"2020-09-23T11:25:22","modified_gmt":"2020-09-23T14:25:22","slug":"contatos","status":"publish","type":"page","link":"https:\/\/blog.cancaonova.com\/peregrinacoes\/contatos\/","title":{"rendered":"Contatos"},"content":{"rendered":"<h1><a href=\"http:\/\/blog.cancaonova.com\/peregrinacoes\/files\/2013\/09\/para-o-blog-contatos.jpg\"><img loading=\"lazy\" decoding=\"async\" class=\"aligncenter size-full wp-image-13761\" src=\"http:\/\/blog.cancaonova.com\/peregrinacoes\/files\/2013\/09\/para-o-blog-contatos.jpg\" alt=\"Obra de Maria Peregrina\u00e7\u00f5es- contatos\" width=\"3872\" height=\"698\" srcset=\"https:\/\/blog.cancaonova.com\/peregrinacoes\/files\/2013\/09\/para-o-blog-contatos.jpg 3872w, https:\/\/blog.cancaonova.com\/peregrinacoes\/files\/2013\/09\/para-o-blog-contatos-300x54.jpg 300w, https:\/\/blog.cancaonova.com\/peregrinacoes\/files\/2013\/09\/para-o-blog-contatos-1024x185.jpg 1024w\" sizes=\"(max-width: 3872px) 100vw, 3872px\" \/><\/a><\/h1>\n<blockquote>\n<h1 style=\"text-align: center\"><span style=\"color: #333300\">Voc\u00ea quer entrar em contato conosco?<\/span><\/h1>\n<\/blockquote>\n<p style=\"text-align: center\"><span style=\"color: #00003d\"><strong>Valores de&nbsp;roteiros, d\u00favidas, sugest\u00f5es, reclama\u00e7\u00f5es&#8230;<\/strong><\/span><\/p>\n<p style=\"text-align: center\"><img loading=\"lazy\" decoding=\"async\" class=\"aligncenter wp-image-14254\" src=\"http:\/\/blog.cancaonova.com\/peregrinacoes\/files\/2014\/09\/telefone.jpg\" alt=\"telefone\" width=\"57\" height=\"85\"\/><\/p>\n<h1 style=\"text-align: center\"><span style=\"color: #000000\">Telefone: <\/span><span style=\"text-decoration: underline;color: #0000ff\">(012) 3186 2055<\/span><\/h1>\n<p style=\"text-align: center\">&nbsp; &nbsp; &nbsp; &nbsp; <span style=\"color: #0000ff\">Atendimento ao cliente e&nbsp; tamb\u00e9m whatsapp comercial das 09 as 16:00 hrs&nbsp;<\/span><\/p>\n<p style=\"text-align: center\"><img loading=\"lazy\" decoding=\"async\" class=\"aligncenter wp-image-14301\" src=\"http:\/\/blog.cancaonova.com\/peregrinacoes\/files\/2014\/07\/oitlook.jpg\" alt=\"oitlook\" width=\"88\" height=\"63\"\/><\/p>\n<h1 style=\"text-align: center\">E-mail:&nbsp;<a href=\"mailto:peregrinacoes@cancaonova.com\">peregrinacoes@cancaonova.com<\/a><\/h1>\n<p style=\"text-align: center\">Voc\u00ea tambem encontra informa\u00e7\u00f5es gerais atrav\u00e9s de nossas midias sociais:<\/p>\n<p style=\"text-align: center\">YouTube: &nbsp;<a href=\"https:\/\/www.youtube.com\/user\/peregrinacoescn\" target=\"_blank\" rel=\"noopener\"><span style=\"color: #0000ff\">https:\/\/www.youtube.com\/user\/peregrinacoescn<\/span><\/a><\/p>\n<p style=\"text-align: center\">Facebook :&nbsp;<a href=\"https:\/\/www.facebook.com\/peregrinacoesOMCN\" target=\"_blank\" rel=\"noopener\"><span style=\"text-decoration: underline\"><span style=\"color: #0000ff;text-decoration: underline\">https:\/\/www.facebook.com\/peregrinacoesOMCN<\/span><\/span><\/a><\/p>\n<p style=\"text-align: center\">Siganos no Twitter: <span style=\"color: #0000ff\"><a style=\"color: #0000ff\" href=\"https:\/\/twitter.com\/peregrinacoesOM\" target=\"_blank\" rel=\"noopener\">@peregrinacoesOM<\/a><\/span><\/p>\n<p style=\"text-align: center\">Nosso Instagram: <span style=\"color: #0000ff\"><a href=\"https:\/\/www.instagram.com\/peregrinacoesomcn\/\">@peregrinacoesomcn<\/a><\/span><\/p>\n<p style=\"text-align: center\">&nbsp;<\/p>\n<p style=\"text-align: center\"><img loading=\"lazy\" decoding=\"async\" class=\"aligncenter size-full wp-image-16543\" src=\"http:\/\/blog.cancaonova.com\/peregrinacoes\/files\/2015\/08\/image-e1600870835881.jpg\" alt=\"\" width=\"975\" height=\"251\" srcset=\"https:\/\/blog.cancaonova.com\/peregrinacoes\/files\/2015\/08\/image-e1600870835881.jpg 975w, https:\/\/blog.cancaonova.com\/peregrinacoes\/files\/2015\/08\/image-e1600870835881-300x77.jpg 300w, https:\/\/blog.cancaonova.com\/peregrinacoes\/files\/2015\/08\/image-e1600870835881-768x198.jpg 768w\" sizes=\"(max-width: 975px) 100vw, 975px\" \/><\/p>\n<p>&nbsp;<\/p>\n<h2 style=\"text-align: center\"><span style=\"text-decoration: underline\"><span style=\"color: #0000ff\"><em>Quanto antes vc se programar mais chances ter\u00e1 de viajar<\/em><\/span><\/span><\/h2>\n<div style=\"text-align: center\">\n<p>&nbsp;<\/p>\n<p><strong><img loading=\"lazy\" decoding=\"async\" class=\"size-medium wp-image-15907 aligncenter\" src=\"http:\/\/blog.cancaonova.com\/peregrinacoes\/files\/2018\/08\/Logo-Caminhando-com-Maria-01-300x108.png\" alt=\"\" width=\"300\" height=\"108\" srcset=\"https:\/\/blog.cancaonova.com\/peregrinacoes\/files\/2018\/08\/Logo-Caminhando-com-Maria-01-300x108.png 300w, https:\/\/blog.cancaonova.com\/peregrinacoes\/files\/2018\/08\/Logo-Caminhando-com-Maria-01-768x277.png 768w, https:\/\/blog.cancaonova.com\/peregrinacoes\/files\/2018\/08\/Logo-Caminhando-com-Maria-01-1024x369.png 1024w, https:\/\/blog.cancaonova.com\/peregrinacoes\/files\/2018\/08\/Logo-Caminhando-com-Maria-01.png 1131w\" sizes=\"(max-width: 300px) 100vw, 300px\" \/><\/strong><strong>Contatos:<\/strong><\/p>\n<p>\u260e&nbsp;(12) 3186-2055<br \/>\n\u2709&nbsp;peregrinacoes@cancaonova.com<br \/>\n\ud83d\udcf1&nbsp;Whatsapp \u2013 Atendimento Expresso das 09 as 16:00 hrs&nbsp;<\/p>\n<p><strong>Mais que viagens\u2026 encontros com Deus!<\/strong><\/p>\n<\/div>\n","protected":false},"excerpt":{"rendered":"<p>Voc\u00ea quer entrar em contato conosco? Valores de&nbsp;roteiros, d\u00favidas, sugest\u00f5es, reclama\u00e7\u00f5es&#8230; Telefone: (012) 3186 2055 &nbsp; &nbsp; &nbsp; &nbsp; Atendimento ao cliente e&nbsp; tamb\u00e9m whatsapp comercial das 09 as 16:00 hrs&nbsp; E-mail:&nbsp;peregrinacoes@cancaonova.com Voc\u00ea tambem encontra informa\u00e7\u00f5es gerais atrav\u00e9s de nossas&#8230;<\/p>\n","protected":false},"author":4472,"featured_media":14254,"parent":0,"menu_order":0,"comment_status":"open","ping_status":"open","template":"","meta":{"_mi_skip_tracking":false,"_monsterinsights_sitenote_active":false,"_monsterinsights_sitenote_note":"","_monsterinsights_sitenote_category":0,"footnotes":""},"_links":{"self":[{"href":"https:\/\/blog.cancaonova.com\/peregrinacoes\/wp-json\/wp\/v2\/pages\/1551"}],"collection":[{"href":"https:\/\/blog.cancaonova.com\/peregrinacoes\/wp-json\/wp\/v2\/pages"}],"about":[{"href":"https:\/\/blog.cancaonova.com\/peregrinacoes\/wp-json\/wp\/v2\/types\/page"}],"author":[{"embeddable":true,"href":"https:\/\/blog.cancaonova.com\/peregrinacoes\/wp-json\/wp\/v2\/users\/4472"}],"replies":[{"embeddable":true,"href":"https:\/\/blog.cancaonova.com\/peregrinacoes\/wp-json\/wp\/v2\/comments?post=1551"}],"version-history":[{"count":15,"href":"https:\/\/blog.cancaonova.com\/peregrinacoes\/wp-json\/wp\/v2\/pages\/1551\/revisions"}],"predecessor-version":[{"id":16544,"href":"https:\/\/blog.cancaonova.com\/peregrinacoes\/wp-json\/wp\/v2\/pages\/1551\/revisions\/16544"}],"wp:featuredmedia":[{"embeddable":true,"href":"https:\/\/blog.cancaonova.com\/peregrinacoes\/wp-json\/wp\/v2\/media\/14254"}],"wp:attachment":[{"href":"https:\/\/blog.cancaonova.com\/peregrinacoes\/wp-json\/wp\/v2\/media?parent=1551"}],"curies":[{"name":"wp","href":"https:\/\/api.w.org\/{rel}","templated":true}]}}