{"id":11,"date":"2007-06-29T14:15:53","date_gmt":"2007-06-29T17:15:53","guid":{"rendered":""},"modified":"2007-07-02T15:50:54","modified_gmt":"2007-07-02T18:50:54","slug":"sobre","status":"publish","type":"page","link":"https:\/\/blog.cancaonova.com\/redacao\/sobre\/","title":{"rendered":"Objetivo deste blog"},"content":{"rendered":"<p align=\"left\">Voc\u00ea sempre quis\u00a0saber o que acontece nos bastidores do Portal Can\u00e7\u00e3o Nova e\u00a0ficar por dentro das novidades que est\u00e3o \u00e0 vista, como mat\u00e9rias e sites especiais?\u00a0Este espa\u00e7o\u00a0pretende ser\u00a0o ponto de encontro e di\u00e1logo\u00a0entre voc\u00ea\u00a0e os profissionais que trabalham com o conte\u00fado dos diversos canais do cancaonova.com.<\/p>\n<p align=\"left\">Aqui voc\u00ea tem mais que\u00a0uma experi\u00eancia com um portal. Est\u00e1 aberto\u00a0o espa\u00e7o para um\u00a0relacionamento direto com\u00a0as pessoas que\u00a0idealizam e executam\u00a0entrevistas, coberturas de eventos e programas,\u00a0fotografias, artigos, mat\u00e9rias,\u00a0etc.<\/p>\n<p>Este blog tamb\u00e9m \u00e9 o espa\u00e7o para dicas sobre gerenciamento e produ\u00e7\u00e3o de conte\u00fado para a web, contando com a experi\u00eancia de mais de 10 anos da Can\u00e7\u00e3o Nova na internet.<\/p>\n","protected":false},"excerpt":{"rendered":"<p>Voc\u00ea sempre quis\u00a0saber o que acontece nos bastidores do Portal Can\u00e7\u00e3o Nova e\u00a0ficar por dentro das novidades que est\u00e3o \u00e0 vista, como mat\u00e9rias e sites especiais?\u00a0Este espa\u00e7o\u00a0pretende ser\u00a0o ponto de encontro e di\u00e1logo\u00a0entre voc\u00ea\u00a0e os profissionais que trabalham com o&#8230;<\/p>\n","protected":false},"author":1051,"featured_media":0,"parent":0,"menu_order":0,"comment_status":"open","ping_status":"open","template":"","meta":{"_mi_skip_tracking":false,"_monsterinsights_sitenote_active":false,"_monsterinsights_sitenote_note":"","_monsterinsights_sitenote_category":0,"footnotes":""},"_links":{"self":[{"href":"https:\/\/blog.cancaonova.com\/redacao\/wp-json\/wp\/v2\/pages\/11"}],"collection":[{"href":"https:\/\/blog.cancaonova.com\/redacao\/wp-json\/wp\/v2\/pages"}],"about":[{"href":"https:\/\/blog.cancaonova.com\/redacao\/wp-json\/wp\/v2\/types\/page"}],"author":[{"embeddable":true,"href":"https:\/\/blog.cancaonova.com\/redacao\/wp-json\/wp\/v2\/users\/1051"}],"replies":[{"embeddable":true,"href":"https:\/\/blog.cancaonova.com\/redacao\/wp-json\/wp\/v2\/comments?post=11"}],"version-history":[{"count":1,"href":"https:\/\/blog.cancaonova.com\/redacao\/wp-json\/wp\/v2\/pages\/11\/revisions"}],"predecessor-version":[{"id":19942,"href":"https:\/\/blog.cancaonova.com\/redacao\/wp-json\/wp\/v2\/pages\/11\/revisions\/19942"}],"wp:attachment":[{"href":"https:\/\/blog.cancaonova.com\/redacao\/wp-json\/wp\/v2\/media?parent=11"}],"curies":[{"name":"wp","href":"https:\/\/api.w.org\/{rel}","templated":true}]}}