{"id":10390,"date":"2021-02-09T10:17:42","date_gmt":"2021-02-09T13:17:42","guid":{"rendered":"http:\/\/blog.cancaonova.com\/riodejaneiro\/?page_id=10390"},"modified":"2024-06-18T21:30:30","modified_gmt":"2024-06-19T00:30:30","slug":"historia-da-missao","status":"publish","type":"page","link":"https:\/\/blog.cancaonova.com\/riodejaneiro\/quem-somos\/historia-da-missao\/","title":{"rendered":"Hist\u00f3ria da Miss\u00e3o"},"content":{"rendered":"<p>Os primeiros mission\u00e1rios da Comunidade Can\u00e7\u00e3o Nova chegaram \u00e0 cidade do Rio de Janeiro em <strong>mar\u00e7o de 1992.<\/strong> Foram acolhidos na Par\u00f3quia Nossa Senhora da Concei\u00e7\u00e3o e S\u00e3o Sebasti\u00e3o, no Engenho de Dentro, zona norte do Rio de Janeiro, dando, assim, os primeiros passos da evangeliza\u00e7\u00e3o da Can\u00e7\u00e3o Nova na cidade maravilhosa.<\/p>\n<p>No come\u00e7o, eram seis mission\u00e1rios que tinham como miss\u00e3o apresentar o carisma Can\u00e7\u00e3o Nova aos diversos movimentos desta Arquidiocese. Assim, conduziam retiros e encontros de Crisma, ECC, catequese etc. Tudo come\u00e7ou com este contato com o povo, atrav\u00e9s de momentos oracionais e, principalmente, atrav\u00e9s de grupos de ora\u00e7\u00e3o, quando tinham a oportunidade tamb\u00e9m de apresentar os produtos do DAVI (Departamento de Audiovisuais da Can\u00e7\u00e3o Nova).<\/p>\n<p>Mais tarde, a Can\u00e7\u00e3o Nova come\u00e7ou o seu trabalho com a sua primeira casa de evangeliza\u00e7\u00e3o. Estava situada na Rua Oliveira, no bairro do M\u00e9ier, tamb\u00e9m zona norte do Rio. Em seguida, a casa de evangeliza\u00e7\u00e3o se instalou em outro lugar, com mais espa\u00e7o, na Rua Coronel Cotta, no mesmo bairro, permanecendo ali at\u00e9 o ano de 2002. Ali,\u00a0o povo carioca tinha a oportunidade de participar de grupos de ora\u00e7\u00e3o diariamente, cursos b\u00edblicos, atendimento pessoal de ora\u00e7\u00e3o, Santa Missa e outros encontros oracionais.<\/p>\n<p>A partir da\u00ed, ficou forte a necessidade de tamb\u00e9m evangelizar por meio de grandes eventos, que marcaram a presen\u00e7a da Can\u00e7\u00e3o Nova no Rio de Janeiro. Um grande exemplo \u00e9 o tradicional \u201cO Esp\u00edrito Sopra Onde Quer\u201d, evento que atra\u00eda um p\u00fablico de mais de 20 mil pessoas nos Arcos da Lapa, centro da cidade.<\/p>\n<p>Al\u00e9m disso, a miss\u00e3o se desenvolveu por meio de shows de evangeliza\u00e7\u00e3o, encontros de ora\u00e7\u00e3o aos fins de semana, \u201cKair\u00f3s\u201d, tardes e noites de louvor. Tamb\u00e9m os meios de comunica\u00e7\u00e3o fizeram parte das nossas atividades. Tivemos programas produzidos no Rio de Janeiro para a TV Can\u00e7\u00e3o Nova e, no ano de 2002, cariocas e fluminenses passaram a desfrutar da programa\u00e7\u00e3o da TV Can\u00e7\u00e3o Nova no canal aberto 20 UHF. Al\u00e9m disso, tamb\u00e9m trabalhamos com a evangeliza\u00e7\u00e3o pela R\u00e1dio Fluminense AM 540. Foram 4 anos com uma programa\u00e7\u00e3o local e em rede nacional.<\/p>\n<p>A Casa de Evangeliza\u00e7\u00e3o, por sua vez, funcionou at\u00e9 junho do ano de 2008 no centro da cidade, na parte superior do Santu\u00e1rio Nacional de Adora\u00e7\u00e3o Perp\u00e9tua. Naquele mesmo ano, come\u00e7amos a evangeliza\u00e7\u00e3o atrav\u00e9s da R\u00e1dio Can\u00e7\u00e3o Nova do Esp\u00edrito Santo AM 1060. Permanecemos por um per\u00edodo realizando nossa miss\u00e3o com esse instrumento. Em 2010, foi inaugurada a Loja Can\u00e7\u00e3o Nova, trazendo para os cariocas os produtos de evangeliza\u00e7\u00e3o do DAVI &#8211; Departamento de Audiovisuais da Can\u00e7\u00e3o Nova.<\/p>\n<p>O Carisma Can\u00e7\u00e3o Nova, por\u00e9m, n\u00e3o se resume apenas a meios de comunica\u00e7\u00e3o. \u00c9, sobretudo, um <strong>Carisma de encontro<\/strong> &#8211; <span style=\"text-decoration: underline\">levamos o encontro pessoal com Jesus na efic\u00e1cia do Esp\u00edrito Santo<\/span>. <em>&#8220;Tudo come\u00e7ou pelos encontros&#8221;.<\/em> Foi a partir dos encontros de evangeliza\u00e7\u00e3o que nossa hist\u00f3ria come\u00e7ou, e \u00e9 esta a faceta mais forte da Can\u00e7\u00e3o Nova Rio atualmente. <strong>Hoje, nossa miss\u00e3o acontece principalmente com as atividades na nossa casa de evangeliza\u00e7\u00e3o, que agora est\u00e1 na AV. Marechal Floriano, 191, no Centro do Rio.<\/strong> Ali, atendemos o povo de Deus com a celebra\u00e7\u00e3o da Santa Missa, atendimento de confiss\u00f5es, ora\u00e7\u00e3o, e aconselhamento, aprofundamentos, grupos de ora\u00e7\u00e3o, grupo de amigos e eventos. Nossa Loja funciona tamb\u00e9m no mesmo endere\u00e7o. Al\u00e9m disso, realizamos eventos em outros lugares pela cidade, bem como temos miss\u00f5es realizadas nas par\u00f3quias onde somos chamados.<br \/>\nEm 2020, com as circunst\u00e2ncias da pandemia, toda nossa programa\u00e7\u00e3o teve que ser adaptada \u00e0s realidades do momento. Por\u00e9m, n\u00e3o deixamos de evangelizar. Realizamos diversas atividades de modo online e, desde ent\u00e3o, iniciamos tamb\u00e9m as transmiss\u00f5es de nossas missas, momentos de ora\u00e7\u00e3o e aprofundamentos pelas redes sociais na internet.<br \/>\nSomos Carisma de encontro que, inevitavelmente, comunica a Boa-Nova de Jesus por todos os meios poss\u00edveis. Assim, tamb\u00e9m em 2020, a Can\u00e7\u00e3o Nova Rio voltou para as ondas do r\u00e1dio na capital carioca, com o programa Madrugada Amiga, na R\u00e1dio Catedral. Uma madrugada inteira de evangeliza\u00e7\u00e3o, \u00e0s sextas-feiras, das 0h \u00e0s 5h30. Em 2021 e 2022, na mesma r\u00e1dio, estivemos presentes no programa Bom Dia Catedral, tamb\u00e9m \u00e0s sextas-feiras, com Pe. Edmilson Dias.<\/p>\n<p>Em 2023, encerramos nossas atividades na casa do Meier e no dia 1\u00b0 de Mar\u00e7o de 2024 nossa casa de evangeliza\u00e7\u00e3o no Centro foi inaugurada.<\/p>\n<p>A hist\u00f3ria da Can\u00e7\u00e3o Nova no Rio de Janeiro continua. Que tal fazer parte dela? Venha nos visitar, participe da nossa programa\u00e7\u00e3o e fa\u00e7a parte da fam\u00edlia Can\u00e7\u00e3o Nova!<\/p>\n<p>&nbsp;<\/p>\n<p>&nbsp;<\/p>\n<p>&nbsp;<\/p>\n<p style=\"text-align: right\"><em>\u00daltima atualiza\u00e7\u00e3o: mar\u00e7o de 2024<\/em><\/p>\n","protected":false},"excerpt":{"rendered":"<p>Os primeiros mission\u00e1rios da Comunidade Can\u00e7\u00e3o Nova chegaram \u00e0 cidade do Rio de Janeiro em mar\u00e7o de 1992. Foram acolhidos na Par\u00f3quia Nossa Senhora da Concei\u00e7\u00e3o e S\u00e3o Sebasti\u00e3o, no Engenho de Dentro, zona norte do Rio de Janeiro, dando,&#8230;<\/p>\n","protected":false},"author":511,"featured_media":0,"parent":6595,"menu_order":1,"comment_status":"closed","ping_status":"closed","template":"","meta":{"_mi_skip_tracking":false,"_monsterinsights_sitenote_active":false,"_monsterinsights_sitenote_note":"","_monsterinsights_sitenote_category":0,"footnotes":""},"_links":{"self":[{"href":"https:\/\/blog.cancaonova.com\/riodejaneiro\/wp-json\/wp\/v2\/pages\/10390"}],"collection":[{"href":"https:\/\/blog.cancaonova.com\/riodejaneiro\/wp-json\/wp\/v2\/pages"}],"about":[{"href":"https:\/\/blog.cancaonova.com\/riodejaneiro\/wp-json\/wp\/v2\/types\/page"}],"author":[{"embeddable":true,"href":"https:\/\/blog.cancaonova.com\/riodejaneiro\/wp-json\/wp\/v2\/users\/511"}],"replies":[{"embeddable":true,"href":"https:\/\/blog.cancaonova.com\/riodejaneiro\/wp-json\/wp\/v2\/comments?post=10390"}],"version-history":[{"count":7,"href":"https:\/\/blog.cancaonova.com\/riodejaneiro\/wp-json\/wp\/v2\/pages\/10390\/revisions"}],"predecessor-version":[{"id":11063,"href":"https:\/\/blog.cancaonova.com\/riodejaneiro\/wp-json\/wp\/v2\/pages\/10390\/revisions\/11063"}],"up":[{"embeddable":true,"href":"https:\/\/blog.cancaonova.com\/riodejaneiro\/wp-json\/wp\/v2\/pages\/6595"}],"wp:attachment":[{"href":"https:\/\/blog.cancaonova.com\/riodejaneiro\/wp-json\/wp\/v2\/media?parent=10390"}],"curies":[{"name":"wp","href":"https:\/\/api.w.org\/{rel}","templated":true}]}}