{"id":10424,"date":"2021-02-09T13:56:14","date_gmt":"2021-02-09T16:56:14","guid":{"rendered":"http:\/\/blog.cancaonova.com\/riodejaneiro\/?page_id=10424"},"modified":"2025-04-02T14:03:06","modified_gmt":"2025-04-02T17:03:06","slug":"socio-benfeitor","status":"publish","type":"page","link":"https:\/\/blog.cancaonova.com\/riodejaneiro\/socio-benfeitor\/","title":{"rendered":"Ajude a Can\u00e7\u00e3o Nova no Rio de Janeiro"},"content":{"rendered":"<p><span style=\"font-family: Arial, sans-serif\"><span style=\"font-size: large\">A Can\u00e7\u00e3o Nova \u00e9 uma obra de Deus!<\/span><\/span><\/p>\n<p><span style=\"font-family: Arial, sans-serif\"><span style=\"font-size: large\">Com certeza voc\u00ea que est\u00e1 aqui pode confirmar que a evangeliza\u00e7\u00e3o da Can\u00e7\u00e3o Nova \u00e9 muito importante. Sejam pelos meios de comunica\u00e7\u00e3o ou pelas Frentes de Miss\u00e3o da Can\u00e7\u00e3o Nova. <\/span><\/span><\/p>\n<p><span style=\"font-family: Arial, sans-serif\"><span style=\"font-size: large\">E aqui no Rio de Janeiro a Can\u00e7\u00e3o Nova tem realizado um trabalho \u00e1rduo e fecundo de evangeliza\u00e7\u00e3o, pelos eventos, casa de evangeliza\u00e7\u00e3o. Voc\u00ea j\u00e1 conheceu nossa Casa de Evangeliza\u00e7\u00e3o? Participou de alguma das nossas atividades? Esteve em algum evento com nossos mission\u00e1rios?<\/span><\/span><\/p>\n<p><span style=\"font-family: Arial, sans-serif\"><span style=\"font-size: large\">A Can\u00e7\u00e3o Nova est\u00e1 no Rio de Janeiro desde 1992, espalhando a Boa Nova de Jesus pela cidade maravilhosa. Para realizar nossa miss\u00e3o na capital carioca, a comunidade tem uma s\u00e9rie de despesas para a manuten\u00e7\u00e3o da nossa casa de evangeliza\u00e7\u00e3o e demais realidades da nossa frente de miss\u00e3o. Por isso, convidamos voc\u00ea, que ama a Can\u00e7\u00e3o Nova e faz uma experi\u00eancia com Deus atrav\u00e9s dela, a nos ajudar para que possamos continuar a evangelizar!<\/span><\/span><\/p>\n<p><span style=\"font-family: Arial, sans-serif\"><span style=\"font-size: large\">Se voc\u00ea deseja ajudar diretamente a frente de miss\u00e3o da Can\u00e7\u00e3o Nova do Rio de Janeiro a se manter e continuar evangelizando, voc\u00ea pode nos ajudar realizando um pix para n\u00f3s, no valor que voc\u00ea quiser e quantas vezes voc\u00ea desejar. <\/span><\/span><\/p>\n<p><strong><span style=\"font-family: Arial, sans-serif\"><span style=\"font-size: large\"><u>Segue abaixo as informa\u00e7\u00f5es para voc\u00ea nos ajudar:<\/u><\/span><\/span><\/strong><\/p>\n<p><span style=\"font-family: Arial, sans-serif\"><span style=\"font-size: large\">Destinat\u00e1rio: Comunidade Can\u00e7\u00e3o Nova Assoscia\u00e7\u00e3o Internacional Privada de Fi\u00e9is <\/span><\/span><\/p>\n<p><span style=\"font-family: Arial, sans-serif\"><span style=\"font-size: large\">Chave: <a href=\"mailto:pix.riodejaneiro@cancaonova.com\"><b>pix.riodejaneiro@cancaonova.com<\/b><\/a><\/span><\/span><\/p>\n<p>&nbsp;<\/p>\n<p><a href=\"http:\/\/blog.cancaonova.com\/riodejaneiro\/files\/2025\/04\/WhatsApp-Image-2025-04-02-at-10.49.09.jpeg\"><img loading=\"lazy\" decoding=\"async\" class=\"aligncenter wp-image-11101\" src=\"http:\/\/blog.cancaonova.com\/riodejaneiro\/files\/2025\/04\/WhatsApp-Image-2025-04-02-at-10.49.09-300x300.jpeg\" alt=\"Ajude a Can\u00e7\u00e3o Nova no Rio de Janeiro.\" width=\"263\" height=\"263\" srcset=\"https:\/\/blog.cancaonova.com\/riodejaneiro\/files\/2025\/04\/WhatsApp-Image-2025-04-02-at-10.49.09-300x300.jpeg 300w, https:\/\/blog.cancaonova.com\/riodejaneiro\/files\/2025\/04\/WhatsApp-Image-2025-04-02-at-10.49.09-150x150.jpeg 150w, https:\/\/blog.cancaonova.com\/riodejaneiro\/files\/2025\/04\/WhatsApp-Image-2025-04-02-at-10.49.09-768x768.jpeg 768w, https:\/\/blog.cancaonova.com\/riodejaneiro\/files\/2025\/04\/WhatsApp-Image-2025-04-02-at-10.49.09.jpeg 808w\" sizes=\"(max-width: 263px) 100vw, 263px\" \/><\/a><\/p>\n<p><span style=\"font-family: Arial, sans-serif\"><span style=\"font-size: large\">Voc\u00ea pode contribuir com o valor que puder e desejar, mensalmente, para que possamos saldar nossas contas todos os meses e melhorar cada vez mais nossa estrutura a fim de proporcionar a melhor experi\u00eancia poss\u00edvel de evangeliza\u00e7\u00e3o para todos os cariocas.<\/span><\/span><\/p>\n<p><span style=\"font-family: Arial, sans-serif\"><span style=\"font-size: large\">Deus aben\u00e7oe!<\/span><\/span><\/p>\n","protected":false},"excerpt":{"rendered":"<p>A Can\u00e7\u00e3o Nova \u00e9 uma obra de Deus! Com certeza voc\u00ea que est\u00e1 aqui pode confirmar que a evangeliza\u00e7\u00e3o da Can\u00e7\u00e3o Nova \u00e9 muito importante. Sejam pelos meios de comunica\u00e7\u00e3o ou pelas Frentes de Miss\u00e3o da Can\u00e7\u00e3o Nova. E aqui&#8230;<\/p>\n","protected":false},"author":511,"featured_media":0,"parent":0,"menu_order":0,"comment_status":"closed","ping_status":"closed","template":"","meta":{"_mi_skip_tracking":false,"_monsterinsights_sitenote_active":false,"_monsterinsights_sitenote_note":"","_monsterinsights_sitenote_category":0,"footnotes":""},"_links":{"self":[{"href":"https:\/\/blog.cancaonova.com\/riodejaneiro\/wp-json\/wp\/v2\/pages\/10424"}],"collection":[{"href":"https:\/\/blog.cancaonova.com\/riodejaneiro\/wp-json\/wp\/v2\/pages"}],"about":[{"href":"https:\/\/blog.cancaonova.com\/riodejaneiro\/wp-json\/wp\/v2\/types\/page"}],"author":[{"embeddable":true,"href":"https:\/\/blog.cancaonova.com\/riodejaneiro\/wp-json\/wp\/v2\/users\/511"}],"replies":[{"embeddable":true,"href":"https:\/\/blog.cancaonova.com\/riodejaneiro\/wp-json\/wp\/v2\/comments?post=10424"}],"version-history":[{"count":13,"href":"https:\/\/blog.cancaonova.com\/riodejaneiro\/wp-json\/wp\/v2\/pages\/10424\/revisions"}],"predecessor-version":[{"id":11106,"href":"https:\/\/blog.cancaonova.com\/riodejaneiro\/wp-json\/wp\/v2\/pages\/10424\/revisions\/11106"}],"wp:attachment":[{"href":"https:\/\/blog.cancaonova.com\/riodejaneiro\/wp-json\/wp\/v2\/media?parent=10424"}],"curies":[{"name":"wp","href":"https:\/\/api.w.org\/{rel}","templated":true}]}}