{"id":10812,"date":"2023-05-30T11:27:36","date_gmt":"2023-05-30T14:27:36","guid":{"rendered":"http:\/\/blog.cancaonova.com\/riodejaneiro\/?page_id=10812"},"modified":"2025-08-25T14:50:27","modified_gmt":"2025-08-25T17:50:27","slug":"eventos","status":"publish","type":"page","link":"https:\/\/blog.cancaonova.com\/riodejaneiro\/eventos\/","title":{"rendered":"Eventos"},"content":{"rendered":"<p><a href=\"http:\/\/blog.cancaonova.com\/riodejaneiro\/files\/2025\/04\/Black-and-Blue-Modern-Church-Announcement-Instagram-Story-Banner-para-YouTube-1.jpg\"><img loading=\"lazy\" decoding=\"async\" class=\"aligncenter wp-image-11090 size-large\" src=\"http:\/\/blog.cancaonova.com\/riodejaneiro\/files\/2025\/04\/Black-and-Blue-Modern-Church-Announcement-Instagram-Story-Banner-para-YouTube-1-600x300.jpg\" alt=\"Confira a agenda da Can\u00e7\u00e3o Nova no Rio de Janeiro de eventos para este ano de 2025.\" width=\"600\" height=\"300\" srcset=\"https:\/\/blog.cancaonova.com\/riodejaneiro\/files\/2025\/04\/Black-and-Blue-Modern-Church-Announcement-Instagram-Story-Banner-para-YouTube-1-600x300.jpg 600w, https:\/\/blog.cancaonova.com\/riodejaneiro\/files\/2025\/04\/Black-and-Blue-Modern-Church-Announcement-Instagram-Story-Banner-para-YouTube-1-300x150.jpg 300w, https:\/\/blog.cancaonova.com\/riodejaneiro\/files\/2025\/04\/Black-and-Blue-Modern-Church-Announcement-Instagram-Story-Banner-para-YouTube-1-150x75.jpg 150w\" sizes=\"(max-width: 600px) 100vw, 600px\" \/><\/a><\/p>\n<p>&nbsp;<\/p>\n<p>\u201c<span style=\"font-family: Arial, sans-serif\"><span style=\"font-size: large\"><i><b>Tudo come\u00e7ou pelos eventos!\u201d <\/b><\/i><\/span><\/span><\/p>\n<p><span style=\"font-family: Arial, sans-serif\"><span style=\"font-size: large\">Esta frase \u00e9 do nosso fundador Monsenhor Jonas contando a his\u00f3ria da Can\u00e7\u00e3o Nova.<\/span><\/span><\/p>\n<p><span style=\"font-family: Arial, sans-serif\"><span style=\"font-size: large\">Queremos promover pelos eventos que realizamos a experi\u00eancia mais importante que podemos viver em nossas vidas: o encontro pessoal com Jesus no poder do Esp\u00edrito Santo. Por isso que neste ano de 2025 preparamos a nossa agenda com este desejo.<\/span><\/span><\/p>\n<p><span style=\"font-family: Arial, sans-serif\"><span style=\"font-size: large\">Confira a agenda de Eventos da Can\u00e7\u00e3o Nova no Rio de Janeiro para este ano de 2025.<\/span><\/span><\/p>\n<ul>\n<li><span style=\"font-family: Arial, sans-serif\"><span style=\"font-size: large\"><b>Fevereiro<\/b> <\/span><\/span><\/li>\n<\/ul>\n<p><span style=\"font-family: Arial, sans-serif\"><span style=\"font-size: large\">Miss\u00f5es no Carnaval: 28\/02 a 04\/03<\/span><\/span><\/p>\n<ul>\n<li><span style=\"font-family: Arial, sans-serif\"><span style=\"font-size: large\"><b>Mar\u00e7o <\/b><\/span><\/span><\/li>\n<\/ul>\n<p><span style=\"font-family: Arial, sans-serif\"><span style=\"font-size: large\">07\/03 &#8211; Dia de Louvor pelo Anivers\u00e1rio da Miss\u00e3o Can\u00e7\u00e3o Nova no Rio de Janeiro<\/span><\/span><\/p>\n<p><span style=\"font-family: Arial, sans-serif\"><span style=\"font-size: large\">22 e 23\/03 \u2013 2\u00ba Encontro A Liberta\u00e7\u00e3o da Mente Ansiosa<\/span><\/span><\/p>\n<ul>\n<li><span style=\"font-family: Arial, sans-serif\"><span style=\"font-size: large\"><b>Abril<\/b><\/span><\/span><\/li>\n<\/ul>\n<p><span style=\"font-family: Arial, sans-serif\"><span style=\"font-size: large\">26\/04 \u2013 Ch\u00e1 da Miseric\u00f3rdia <\/span><\/span><\/p>\n<ul>\n<li><span style=\"font-family: Arial, sans-serif\"><span style=\"font-size: large\"><b>Maio<\/b><\/span><\/span><\/li>\n<\/ul>\n<p><span style=\"font-family: Arial, sans-serif\"><span style=\"font-size: large\">24\/05 \u2013 O Esp\u00edrito Sopra onde Quer no Arcos da Lapa<\/span><\/span><\/p>\n<ul>\n<li><span style=\"font-family: Arial, sans-serif\"><span style=\"font-size: large\"><b>Junho<\/b><\/span><\/span><\/li>\n<\/ul>\n<p><span style=\"font-family: Arial, sans-serif\"><span style=\"font-size: large\">28\u00a0 \u2013 2\u00ba Congresso para Mulheres<\/span><\/span><\/p>\n<ul>\n<li><span style=\"font-family: Arial, sans-serif\"><span style=\"font-size: large\"><b>Julho<\/b><\/span><\/span><\/li>\n<\/ul>\n<p><span style=\"font-family: Arial, sans-serif\"><span style=\"font-size: large\">27\/07 \u2013 Kair\u00f3s O Sangue de Jesus tem poder<\/span><\/span><\/p>\n<ul>\n<li><span style=\"font-family: Arial, sans-serif\"><span style=\"font-size: large\"><b>Agosto<\/b><\/span><\/span><\/li>\n<\/ul>\n<p><span style=\"font-family: Arial, sans-serif\"><span style=\"font-size: large\">30\/08 &#8211; Queremos Deus<\/span><\/span><\/p>\n<ul>\n<li><span style=\"font-family: Arial, sans-serif\"><span style=\"font-size: large\"><b>Setembro<\/b><\/span><\/span><\/li>\n<\/ul>\n<p><span style=\"font-family: Arial, sans-serif\"><span style=\"font-size: large\">27 e 28\/09 \u2013 Congresso Quem como Deus<\/span><\/span><\/p>\n<ul>\n<li><span style=\"font-family: Arial, sans-serif\"><span style=\"font-size: large\"><b>Outubro<\/b><\/span><\/span><\/li>\n<\/ul>\n<p><span style=\"font-family: Arial, sans-serif\"><span style=\"font-size: large\">18\/10 \u2013 Can\u00e7\u00e3o Nova Abra\u00e7a Rio no Maracan\u00e3nzinho<\/span><\/span><\/p>\n<ul>\n<li><span style=\"font-family: Arial, sans-serif\"><span style=\"font-size: large\"><b>Novembro<\/b><\/span><\/span><\/li>\n<\/ul>\n<p><span style=\"font-family: Arial, sans-serif\"><span style=\"font-size: large\">08 e 09\/11 \u2013 Congresso de Cura <\/span><\/span><\/p>\n<ul>\n<li><span style=\"font-family: Arial, sans-serif\"><span style=\"font-size: large\"><b>D<\/b><\/span><\/span><span style=\"font-family: Arial, sans-serif\"><span style=\"font-size: large\"><b>ezembro<\/b><\/span><\/span><\/li>\n<\/ul>\n<p><span style=\"font-family: Arial, sans-serif\"><span style=\"font-size: large\">0<\/span><\/span><span style=\"font-family: Arial, sans-serif\"><span style=\"font-size: large\">6\/12 \u2013 Kair\u00f3s Can\u00e7\u00e3o Nova<\/span><\/span><\/p>\n<p><span style=\"font-family: Arial, sans-serif\"><span style=\"font-size: large\">Mais informa\u00e7\u00f5es voc\u00ea pode entrar em contato conosco pelo whatsapp:\u00a0<\/span><\/span><\/p>\n<p>*Programa\u00e7\u00e3o sujeita a altera\u00e7\u00f5es sem aviso pr\u00e9vio.<\/p>\n","protected":false},"excerpt":{"rendered":"<p>&nbsp; \u201cTudo come\u00e7ou pelos eventos!\u201d Esta frase \u00e9 do nosso fundador Monsenhor Jonas contando a his\u00f3ria da Can\u00e7\u00e3o Nova. Queremos promover pelos eventos que realizamos a experi\u00eancia mais importante que podemos viver em nossas vidas: o encontro pessoal com Jesus&#8230;<\/p>\n","protected":false},"author":4794,"featured_media":10845,"parent":0,"menu_order":0,"comment_status":"closed","ping_status":"closed","template":"","meta":{"_mi_skip_tracking":false,"_monsterinsights_sitenote_active":false,"_monsterinsights_sitenote_note":"","_monsterinsights_sitenote_category":0,"footnotes":""},"_links":{"self":[{"href":"https:\/\/blog.cancaonova.com\/riodejaneiro\/wp-json\/wp\/v2\/pages\/10812"}],"collection":[{"href":"https:\/\/blog.cancaonova.com\/riodejaneiro\/wp-json\/wp\/v2\/pages"}],"about":[{"href":"https:\/\/blog.cancaonova.com\/riodejaneiro\/wp-json\/wp\/v2\/types\/page"}],"author":[{"embeddable":true,"href":"https:\/\/blog.cancaonova.com\/riodejaneiro\/wp-json\/wp\/v2\/users\/4794"}],"replies":[{"embeddable":true,"href":"https:\/\/blog.cancaonova.com\/riodejaneiro\/wp-json\/wp\/v2\/comments?post=10812"}],"version-history":[{"count":26,"href":"https:\/\/blog.cancaonova.com\/riodejaneiro\/wp-json\/wp\/v2\/pages\/10812\/revisions"}],"predecessor-version":[{"id":11147,"href":"https:\/\/blog.cancaonova.com\/riodejaneiro\/wp-json\/wp\/v2\/pages\/10812\/revisions\/11147"}],"wp:featuredmedia":[{"embeddable":true,"href":"https:\/\/blog.cancaonova.com\/riodejaneiro\/wp-json\/wp\/v2\/media\/10845"}],"wp:attachment":[{"href":"https:\/\/blog.cancaonova.com\/riodejaneiro\/wp-json\/wp\/v2\/media?parent=10812"}],"curies":[{"name":"wp","href":"https:\/\/api.w.org\/{rel}","templated":true}]}}