{"id":6583,"date":"2011-09-21T23:09:58","date_gmt":"2011-09-22T02:09:58","guid":{"rendered":"http:\/\/blog.cancaonova.com\/riodejaneiro\/"},"modified":"2025-04-16T10:25:28","modified_gmt":"2025-04-16T13:25:28","slug":"contato","status":"publish","type":"page","link":"https:\/\/blog.cancaonova.com\/riodejaneiro\/contato\/","title":{"rendered":"Contato"},"content":{"rendered":"<p><strong>Can\u00e7\u00e3o Nova Rio:<\/strong><br \/>\n(21) 3344 2176\u00a0 \u00a0&#8211; Whatsapp da Casa de Evangeliza\u00e7\u00e3o<\/p>\n<p><strong>Casa de Miss\u00e3o:<\/strong><br \/>\nAv. Marechal Floriano, 191, Centro, Rio de Janeiro<\/p>\n<p><strong>Saiba como levar um mission\u00e1rio no seu evento, grupo de ora\u00e7\u00e3o ou retiro:<\/strong><br \/>\n<span class=\"selectable-text copyable-text\">eventos.rj@cancaonova.com<\/span><\/p>\n<p><strong>Vocacional Can\u00e7\u00e3o Nova:<\/strong><br \/>\nvocacionalrj@cancaonova.com<\/p>\n<p>Caso n\u00e3o tenha encontrado o que procura, ou deseja dar alguma sugest\u00e3o, cr\u00edtica etc, preencha o formul\u00e1rio abaixo e, assim que poss\u00edvel, retornaremos seu contato.<\/p>\n<div role=\"form\" class=\"wpcf7\" id=\"wpcf7-f8285-o1\" lang=\"en-US\" dir=\"ltr\">\n<div class=\"screen-reader-response\"><\/div>\n<form action=\"\/riodejaneiro\/wp-json\/wp\/v2\/pages\/6583#wpcf7-f8285-o1\" method=\"post\" class=\"wpcf7-form\" novalidate=\"novalidate\">\n<div style=\"display: none;\">\n<input type=\"hidden\" name=\"_wpcf7\" value=\"8285\" \/>\n<input type=\"hidden\" name=\"_wpcf7_version\" value=\"4.7\" \/>\n<input type=\"hidden\" name=\"_wpcf7_locale\" value=\"en_US\" \/>\n<input type=\"hidden\" name=\"_wpcf7_unit_tag\" value=\"wpcf7-f8285-o1\" \/>\n<input type=\"hidden\" name=\"_wpnonce\" value=\"e53f141b32\" \/>\n<\/div>\n<p>Seu nome (obrigat\u00f3rio)<br \/>\n    <span class=\"wpcf7-form-control-wrap your-name\"><input type=\"text\" name=\"your-name\" value=\"\" size=\"40\" class=\"wpcf7-form-control wpcf7-text wpcf7-validates-as-required\" aria-required=\"true\" aria-invalid=\"false\" \/><\/span> <\/p>\n<p>Seu e-mail (obrigat\u00f3rio)<br \/>\n    <span class=\"wpcf7-form-control-wrap your-email\"><input type=\"email\" name=\"your-email\" value=\"\" size=\"40\" class=\"wpcf7-form-control wpcf7-text wpcf7-email wpcf7-validates-as-required wpcf7-validates-as-email\" aria-required=\"true\" aria-invalid=\"false\" \/><\/span> <\/p>\n<p>Assunto<br \/>\n    <span class=\"wpcf7-form-control-wrap your-subject\"><input type=\"text\" name=\"your-subject\" value=\"\" size=\"40\" class=\"wpcf7-form-control wpcf7-text wpcf7-validates-as-required\" aria-required=\"true\" aria-invalid=\"false\" \/><\/span> <\/p>\n<p>Sua mensagem<br \/>\n    <span class=\"wpcf7-form-control-wrap your-message\"><textarea name=\"your-message\" cols=\"40\" rows=\"10\" class=\"wpcf7-form-control wpcf7-textarea wpcf7-validates-as-required\" aria-required=\"true\" aria-invalid=\"false\"><\/textarea><\/span> <\/p>\n<p><input type=\"submit\" value=\"Enviar\" class=\"wpcf7-form-control wpcf7-submit\" \/><\/p>\n<div class=\"wpcf7-response-output wpcf7-display-none\"><\/div><\/form><\/div>\n","protected":false},"excerpt":{"rendered":"<p>Can\u00e7\u00e3o Nova Rio: (21) 3344 2176\u00a0 \u00a0&#8211; Whatsapp da Casa de Evangeliza\u00e7\u00e3o Casa de Miss\u00e3o: Av. Marechal Floriano, 191, Centro, Rio de Janeiro Saiba como levar um mission\u00e1rio no seu evento, grupo de ora\u00e7\u00e3o ou retiro: eventos.rj@cancaonova.com Vocacional Can\u00e7\u00e3o Nova:&#8230;<\/p>\n","protected":false},"author":511,"featured_media":0,"parent":0,"menu_order":7,"comment_status":"closed","ping_status":"closed","template":"","meta":{"_mi_skip_tracking":false,"_monsterinsights_sitenote_active":false,"_monsterinsights_sitenote_note":"","_monsterinsights_sitenote_category":0,"footnotes":""},"_links":{"self":[{"href":"https:\/\/blog.cancaonova.com\/riodejaneiro\/wp-json\/wp\/v2\/pages\/6583"}],"collection":[{"href":"https:\/\/blog.cancaonova.com\/riodejaneiro\/wp-json\/wp\/v2\/pages"}],"about":[{"href":"https:\/\/blog.cancaonova.com\/riodejaneiro\/wp-json\/wp\/v2\/types\/page"}],"author":[{"embeddable":true,"href":"https:\/\/blog.cancaonova.com\/riodejaneiro\/wp-json\/wp\/v2\/users\/511"}],"replies":[{"embeddable":true,"href":"https:\/\/blog.cancaonova.com\/riodejaneiro\/wp-json\/wp\/v2\/comments?post=6583"}],"version-history":[{"count":12,"href":"https:\/\/blog.cancaonova.com\/riodejaneiro\/wp-json\/wp\/v2\/pages\/6583\/revisions"}],"predecessor-version":[{"id":11116,"href":"https:\/\/blog.cancaonova.com\/riodejaneiro\/wp-json\/wp\/v2\/pages\/6583\/revisions\/11116"}],"wp:attachment":[{"href":"https:\/\/blog.cancaonova.com\/riodejaneiro\/wp-json\/wp\/v2\/media?parent=6583"}],"curies":[{"name":"wp","href":"https:\/\/api.w.org\/{rel}","templated":true}]}}