{"id":6595,"date":"2011-09-22T20:01:02","date_gmt":"2011-09-22T23:01:02","guid":{"rendered":"http:\/\/blog.cancaonova.com\/riodejaneiro\/"},"modified":"2024-06-18T21:25:16","modified_gmt":"2024-06-19T00:25:16","slug":"quem-somos","status":"publish","type":"page","link":"https:\/\/blog.cancaonova.com\/riodejaneiro\/quem-somos\/","title":{"rendered":"Quem somos"},"content":{"rendered":"<h3><em><strong>Quem somos? Uma comunidade cat\u00f3lica de amor e adora\u00e7\u00e3o que comunica a Boa Nova de Jesus Cristo no poder do Esp\u00edrito Santo.<\/strong><\/em><\/h3>\n<p>Quem somos? A Comunidade Can\u00e7\u00e3o Nova \u00e9 uma comunidade carism\u00e1tica cat\u00f3lica, fundada por padre\u00a0<a href=\"https:\/\/padrejonas.cancaonova.com\/biografia\/\" target=\"_blank\" rel=\"noopener\">Jonas Abib<\/a>\u00a0e reconhecida pelo\u00a0<a href=\"https:\/\/www.vatican.va\/roman_curia\/pontifical_councils\/laity\/index_po.htm\" target=\"_blank\" rel=\"noopener\"><em>Pontif\u00edcio Conselho para os Leigos<\/em><\/a>\u00a0como associa\u00e7\u00e3o internacional privada de fi\u00e9is, dotada de personalidade jur\u00eddica (cfr. CIC, c\u00e2n. 298-311; 321-329) e tem sua sede na cidade de Cachoeira Paulista \u00a0(SP),\u00a0<a href=\"https:\/\/diocesedelorena.com\/\" target=\"_blank\" rel=\"noopener\">Diocese de Lorena<\/a>, S\u00e3o Paulo \u2013 Brasil.<\/p>\n<p>O termo \u201cCan\u00e7\u00e3o Nova\u201d corresponde ao C\u00e2ntico Novo, tema que perpassa toda a hist\u00f3ria da salva\u00e7\u00e3o: \u00e9 o c\u00e2ntico dos remidos, o c\u00e2ntico das mulheres e homens novos para o Mundo Novo. A Comunidade Can\u00e7\u00e3o Nova assume o compromisso de ser este c\u00e2ntico para a Igreja e para o mundo. A Comunidade Can\u00e7\u00e3o Nova pretende ser na Igreja, a \u201cCasa de Maria\u201d, entendendo tal express\u00e3o no sentido b\u00edblico: da descend\u00eancia de Maria, da ra\u00e7a de Maria, sua M\u00e3e e educadora.<\/p>\n<p><strong>A Comunidade Can\u00e7\u00e3o Nova \u00e9 um corpo associativo de fi\u00e9is crist\u00e3os formado de\u00a0mulheres e homens; jovens e adultos; solteiros, casados e celibat\u00e1rios, sacerdotes e di\u00e1conos,\u00a0que assumem a viv\u00eancia mais radical da consagra\u00e7\u00e3o a Deus feita no Batismo e na Crisma, em fun\u00e7\u00e3o do apostolado, numa vida em comunidade, conforme o estado de cada um.<\/strong>\u00a0Tal viv\u00eancia inspira-se na pr\u00e1tica dos conselhos evang\u00e9licos, adaptada \u00e0 vida secular.<\/p>\n<p>O fundamento da Comunidade Can\u00e7\u00e3o Nova \u00e9 o Evangelho: viver e comunic\u00e1-lo de\u00a0maneira integral, na efic\u00e1cia do Esp\u00edrito Santo, enquanto esperam e apressam a vinda gloriosa do Senhor (cf. 2Pd 3,12), deve ser o empenho de todos os membros.\u00a0A Can\u00e7\u00e3o Nova \u00e9 chamada a ser a Casa de Miseric\u00f3rdia.<\/p>\n<p>A<strong> Can\u00e7\u00e3o Nova Rio de Janeiro<\/strong> \u00e9 uma frente de miss\u00e3o da Comunidade Can\u00e7\u00e3o Nova &#8211; Associa\u00e7\u00e3o Internacional Privada de Fi\u00e9is. Somos uma comunidade cat\u00f3lica reconhecida pela Santa S\u00e9, presente em frentes de miss\u00e3o espalhadas pelo Brasil e o mundo. Nossa sede est\u00e1 em Cachoeira Paulista\/SP.<\/p>\n<p><a href=\"http:\/\/comunidade.cancaonova.com\"><strong>Clique aqui<\/strong><\/a> para saber mais sobre nossa Comunidade e nosso Carisma.<\/p>\n<p><strong>Saiba mais sobre nossa Frente de Miss\u00e3o: CAN\u00c7\u00c3O NOVA &#8211; RIO DE JANEIRO<\/strong><\/p>\n<p>A Casa de Evangeliza\u00e7\u00e3o Can\u00e7\u00e3o Nova, est\u00e1 situada no Meier. Local onde acontece as atividades EVANGELIZADORA, como missas, encontros, aprofundamentos, Rebanh\u00e3o de Carnaval.<\/p>\n<p><strong>Possui os servi\u00e7os:<\/strong> Loja Can\u00e7\u00e3o Nova (Produtos de Evangeliza\u00e7\u00e3o ) e Clube da Evangeliza\u00e7\u00e3o<\/p>\n<p><strong>Nosso endere\u00e7o:<\/strong><\/p>\n<p>Casa de Evangeliza\u00e7\u00e3o Can\u00e7\u00e3o Nova Rio de Janeiro<\/p>\n<p>Av. Marechal Floriano, 191, Centro -RJ<\/p>\n<p>Telefone Whatsapp: 021 3344 &#8211; 2176<\/p>\n<p>Email: eventos.rj@cancaonova.com<\/p>\n<p style=\"text-align: justify\">\n","protected":false},"excerpt":{"rendered":"<p>Quem somos? Uma comunidade cat\u00f3lica de amor e adora\u00e7\u00e3o que comunica a Boa Nova de Jesus Cristo no poder do Esp\u00edrito Santo. Quem somos? A Comunidade Can\u00e7\u00e3o Nova \u00e9 uma comunidade carism\u00e1tica cat\u00f3lica, fundada por padre\u00a0Jonas Abib\u00a0e reconhecida pelo\u00a0Pontif\u00edcio Conselho&#8230;<\/p>\n","protected":false},"author":511,"featured_media":0,"parent":0,"menu_order":0,"comment_status":"open","ping_status":"closed","template":"","meta":{"_mi_skip_tracking":false,"_monsterinsights_sitenote_active":false,"_monsterinsights_sitenote_note":"","_monsterinsights_sitenote_category":0,"footnotes":""},"_links":{"self":[{"href":"https:\/\/blog.cancaonova.com\/riodejaneiro\/wp-json\/wp\/v2\/pages\/6595"}],"collection":[{"href":"https:\/\/blog.cancaonova.com\/riodejaneiro\/wp-json\/wp\/v2\/pages"}],"about":[{"href":"https:\/\/blog.cancaonova.com\/riodejaneiro\/wp-json\/wp\/v2\/types\/page"}],"author":[{"embeddable":true,"href":"https:\/\/blog.cancaonova.com\/riodejaneiro\/wp-json\/wp\/v2\/users\/511"}],"replies":[{"embeddable":true,"href":"https:\/\/blog.cancaonova.com\/riodejaneiro\/wp-json\/wp\/v2\/comments?post=6595"}],"version-history":[{"count":26,"href":"https:\/\/blog.cancaonova.com\/riodejaneiro\/wp-json\/wp\/v2\/pages\/6595\/revisions"}],"predecessor-version":[{"id":11061,"href":"https:\/\/blog.cancaonova.com\/riodejaneiro\/wp-json\/wp\/v2\/pages\/6595\/revisions\/11061"}],"wp:attachment":[{"href":"https:\/\/blog.cancaonova.com\/riodejaneiro\/wp-json\/wp\/v2\/media?parent=6595"}],"curies":[{"name":"wp","href":"https:\/\/api.w.org\/{rel}","templated":true}]}}