{"id":8262,"date":"2013-11-11T14:05:11","date_gmt":"2013-11-11T17:05:11","guid":{"rendered":"http:\/\/blog.cancaonova.com\/riodejaneiro\/?page_id=8262"},"modified":"2025-04-02T14:03:41","modified_gmt":"2025-04-02T17:03:41","slug":"vocacional","status":"publish","type":"page","link":"https:\/\/blog.cancaonova.com\/riodejaneiro\/vocacional\/","title":{"rendered":"Vocacional"},"content":{"rendered":"<p><span style=\"font-family: Arial, sans-serif\">Vocacional &#8211; Voca\u00e7\u00e3o sempre indica um chamado.<\/span><\/p>\n<div id=\"attachment_10991\" style=\"width: 1814px\" class=\"wp-caption alignnone\"><a href=\"http:\/\/blog.cancaonova.com\/riodejaneiro\/files\/2013\/11\/DSC_6819-JPG.jpg\"><img loading=\"lazy\" decoding=\"async\" aria-describedby=\"caption-attachment-10991\" class=\"size-full wp-image-10991\" src=\"http:\/\/blog.cancaonova.com\/riodejaneiro\/files\/2013\/11\/DSC_6819-JPG.jpg\" alt=\"\" width=\"1804\" height=\"1200\" srcset=\"https:\/\/blog.cancaonova.com\/riodejaneiro\/files\/2013\/11\/DSC_6819-JPG.jpg 1804w, https:\/\/blog.cancaonova.com\/riodejaneiro\/files\/2013\/11\/DSC_6819-JPG-300x200.jpg 300w, https:\/\/blog.cancaonova.com\/riodejaneiro\/files\/2013\/11\/DSC_6819-JPG-768x511.jpg 768w\" sizes=\"(max-width: 1804px) 100vw, 1804px\" \/><\/a><p id=\"caption-attachment-10991\" class=\"wp-caption-text\">Ilustrativo: Can\u00e7\u00e3o Nova Rio de Janeiro<\/p><\/div>\n<p><span style=\"font-family: Arial, sans-serif\"> E Quem chama sempre deseja alguma coisa da pessoa a quem chama.\u00a0<\/span><span style=\"font-family: Arial, sans-serif\">Deus n\u00e3o age de forma diferente. S\u00f3 que Deus, ao chamar, antes de pedir, ele d\u00e1. Deus, chamando o homem, lhe d\u00e1 a vida, a\u00a0\u00a0<\/span><span style=\"font-family: Arial, sans-serif\">exist\u00eancia e com a vida, d\u00e1-lhe tamb\u00e9m a liberdade.\u00a0<\/span><span style=\"font-family: Arial, sans-serif\">Deus n\u00e3o quer assim agir sozinho. Por isso, quando Deus chama, ele espera\u00a0<\/span><span style=\"font-family: Arial, sans-serif\">uma resposta; pois est\u00e1 confiando ao indiv\u00edduo uma miss\u00e3o<\/span><a style=\"font-family: Arial, sans-serif\" href=\"https:\/\/formacao.cancaonova.com\/igreja\/santos\/o-que-e-ser-um-santo\/\">. O chamado<\/a><span style=\"font-family: Arial, sans-serif\"> de Deus \u00e9 sempre um desafio:<\/span><\/p>\n<ul>\n<li><span style=\"font-family: Arial, sans-serif\">Ao sermos chamados \u00e0 vida, \u00e9-nos confiada uma determinada miss\u00e3o (voca\u00e7\u00e3o). A de sermos felizes com os outros e que assim\u00a0<\/span><span style=\"font-family: Arial, sans-serif\">todos possamos viver bem.<\/span><\/li>\n<li>Ao sermos chamados \u00e0 f\u00e9, pelo batismo, n\u00f3s nos comprometemos a seguir os ensinamentos de Jesus Cristo e a colaborar com\u00a0<span style=\"font-family: Arial, sans-serif\">os homens na busca da verdade, do bem, vivendo como irm\u00e3os. \u00c9 a voca\u00e7\u00e3o crist\u00e3.<\/span><\/li>\n<li>Ao sermos chamados a um determinado estado de vida\u00a0<span style=\"font-family: Arial, sans-serif\">(sacerdotal, religiosa, matrimonial\u00a0 ) assumimos um compromisso\u00a0<\/span><span style=\"font-family: Arial, sans-serif\">espec\u00edfico com a comunidade eclesial, de realizar sua miss\u00e3o de\u00a0<\/span><span style=\"font-family: Arial, sans-serif\">ajudar os demais homens a encontrarem a felicidade. A que Deus\u00a0<\/span><span style=\"font-family: Arial, sans-serif\">deseja para todos.<\/span><\/li>\n<\/ul>\n<p><span style=\"font-family: Arial, sans-serif\">Para que isso aconte\u00e7a, \u00e9 indispens\u00e1vel que cada um fa\u00e7a desabrochar a <a href=\"https:\/\/blog.cancaonova.com\/vocacional\/o-que-e-vocacao\/\">voca\u00e7\u00e3o<\/a> que est\u00e1 em seu interior ( Mt 25,14-30 \u2013\u00a0<\/span><span style=\"font-family: Arial, sans-serif\">Par\u00e1bola dos talentos) e a fa\u00e7a desenvolver, fortificando-a com a palavra de Deus e com a ora\u00e7\u00e3o.<\/span><\/p>\n<p><span style=\"font-family: Arial, sans-serif\">As capacidades e dons que temos devem estar voltados para as necessidades dos outros. Quanto mais o homem est\u00e1 voltado para\u00a0<\/span><span style=\"font-family: Arial, sans-serif\">o outro, mais realizado e feliz ser\u00e1. O verdadeiro amor \u00e9 o que busca a felicidade do outro e n\u00e3o a pr\u00f3pria.<\/span><\/p>\n<p><span style=\"font-family: Arial, sans-serif\">Podemos dizer, Voca\u00e7\u00e3o \u00e9 a oferta divina que exige uma resposta e um <a href=\"https:\/\/padrepauloricardo.org\/aulas\/o-que-e-a-santidade\">compromisso com Deus<\/a>. Nesta defini\u00e7\u00e3o percebemos tr\u00eas\u00a0<\/span><span style=\"font-family: Arial, sans-serif\">aspectos:<\/span><\/p>\n<ul>\n<li><span style=\"font-family: Arial, sans-serif\">Oferta (chamado) de Deus.<\/span><\/li>\n<li>Resposta do homem.<\/li>\n<li>Compromisso com Deus e com o irm\u00e3o.<\/li>\n<\/ul>\n<p><span style=\"font-family: Arial, sans-serif\">A resposta do homem deve ser constantemente reassumida. \u00c9 no dia-a-dia que vai-se fazendo caminho e assumindo os riscos do\u00a0<\/span><span style=\"font-family: Arial, sans-serif\">SIM dado.<\/span><\/p>\n<p><span style=\"font-family: Arial, sans-serif\">Para qu\u00ea eu existo? O que devo fazer da minha vida? Como devo viver? O qu\u00ea me realiza de verdade? <\/span><strong><span style=\"font-family: Arial, sans-serif\">Qual a minha voca\u00e7\u00e3o?\u00a0<\/span><\/strong><span style=\"font-family: Arial, sans-serif\">Certamente voc\u00ea j\u00e1 se fez alguma dessas perguntas em algum momento! <\/span><\/p>\n<p><span style=\"font-family: Arial, sans-serif\">Todos <\/span><span style=\"font-family: Arial, sans-serif\">possui<\/span><span style=\"font-family: Arial, sans-serif\"> a voca\u00e7\u00e3o a santidade: <\/span><span style=\"font-family: Arial, sans-serif\">O primeiro chamado<\/span><span style=\"font-family: Arial, sans-serif\">. Mas, para esta voca\u00e7\u00e3o universal, cada um de n\u00f3s tem uma voca\u00e7\u00e3o\u00a0<\/span><span style=\"font-family: Arial, sans-serif\">particular. Muitos s\u00e3o chamados a serem santos no cotidiano do comum dos homens. Muitos, por\u00e9m, s\u00e3o chamados a uma\u00a0<\/span><span style=\"font-family: Arial, sans-serif\">voca\u00e7\u00e3o espec\u00edfica. <\/span><strong><span style=\"font-family: Arial, sans-serif\">E se Deus te chama <\/span><\/strong><strong><span style=\"font-family: Arial, sans-serif\">para uma voca\u00e7\u00e3o espec\u00edfica?<\/span><\/strong><\/p>\n<p><span style=\"font-family: Arial, sans-serif\">A Can\u00e7\u00e3o Nova \u00e9 uma comunidade cat\u00f3lica de Amor e Adora\u00e7\u00e3o que tem como miss\u00e3o evangelizar para formar homens novos para\u00a0<\/span><span style=\"font-family: Arial, sans-serif\">um Mundo Novo, a fim de preparar um povo bem disposto para a Segunda Vinda do Senhor. Nosso Carisma \u00e9 uma forma renovada\u00a0<\/span><span style=\"font-family: Arial, sans-serif\">de levar a experi\u00eancia do encontro pessoal com Jesus Cristo na <a href=\"https:\/\/padrejonas.cancaonova.com\/mensagem-do-dia\/andemos-sob-impulso-do-espirito-santo\/\">efic\u00e1cia do Esp\u00edrito Santo<\/a>. Somos vocacionados e\u00a0<\/span><span style=\"font-family: Arial, sans-serif\">consagrados para isto, por escolha de Deus. Nossa vida gira em torno da miss\u00e3o. E se voc\u00ea for Can\u00e7\u00e3o Nova?<\/span><\/p>\n<p><span style=\"font-family: Arial, sans-serif\">Nossa miss\u00e3o \u00e9 auxiliar no discernimento vocacional das pessoas que se sentem chamadas a uma <a href=\"https:\/\/santuario.cancaonova.com\/artigos-religiosos\/vocacao-universal-santidade\/\">Vida Consagrada <\/a>na Can\u00e7\u00e3o <\/span><span style=\"font-family: Arial, sans-serif\">Nova, seja para o N\u00facleo ou para o Segundo Elo (forma de viv\u00eancia dentro do Carisma). Voc\u00ea \u00e9 chamado a fazer um\u00a0<\/span><span style=\"font-family: Arial, sans-serif\">acompanhamento vocacional conosco?<\/span><\/p>\n<p><span style=\"font-family: Arial, sans-serif\">Entre em contato<\/span><\/p>\n<p><strong>E SE VOC\u00ca FOR CAN\u00c7\u00c3O NOVA?<\/strong><\/p>\n<p>Aqui no Rio de Janeiro estamos \u00e0 disposi\u00e7\u00e3o!<\/p>\n<p><strong>Equipe Vocacional Can\u00e7\u00e3o Nova Rio<\/strong><\/p>\n<p><strong>E-mail:<\/strong> vocacionalrj@cancaonova.com<\/p>\n","protected":false},"excerpt":{"rendered":"<p>Vocacional &#8211; Voca\u00e7\u00e3o sempre indica um chamado. E Quem chama sempre deseja alguma coisa da pessoa a quem chama.\u00a0Deus n\u00e3o age de forma diferente. S\u00f3 que Deus, ao chamar, antes de pedir, ele d\u00e1. Deus, chamando o homem, lhe d\u00e1&#8230;<\/p>\n","protected":false},"author":4794,"featured_media":10991,"parent":0,"menu_order":0,"comment_status":"closed","ping_status":"closed","template":"","meta":{"_mi_skip_tracking":false,"_monsterinsights_sitenote_active":false,"_monsterinsights_sitenote_note":"","_monsterinsights_sitenote_category":0,"footnotes":""},"_links":{"self":[{"href":"https:\/\/blog.cancaonova.com\/riodejaneiro\/wp-json\/wp\/v2\/pages\/8262"}],"collection":[{"href":"https:\/\/blog.cancaonova.com\/riodejaneiro\/wp-json\/wp\/v2\/pages"}],"about":[{"href":"https:\/\/blog.cancaonova.com\/riodejaneiro\/wp-json\/wp\/v2\/types\/page"}],"author":[{"embeddable":true,"href":"https:\/\/blog.cancaonova.com\/riodejaneiro\/wp-json\/wp\/v2\/users\/4794"}],"replies":[{"embeddable":true,"href":"https:\/\/blog.cancaonova.com\/riodejaneiro\/wp-json\/wp\/v2\/comments?post=8262"}],"version-history":[{"count":19,"href":"https:\/\/blog.cancaonova.com\/riodejaneiro\/wp-json\/wp\/v2\/pages\/8262\/revisions"}],"predecessor-version":[{"id":11107,"href":"https:\/\/blog.cancaonova.com\/riodejaneiro\/wp-json\/wp\/v2\/pages\/8262\/revisions\/11107"}],"wp:featuredmedia":[{"embeddable":true,"href":"https:\/\/blog.cancaonova.com\/riodejaneiro\/wp-json\/wp\/v2\/media\/10991"}],"wp:attachment":[{"href":"https:\/\/blog.cancaonova.com\/riodejaneiro\/wp-json\/wp\/v2\/media?parent=8262"}],"curies":[{"name":"wp","href":"https:\/\/api.w.org\/{rel}","templated":true}]}}