{"id":2987,"date":"2010-01-20T18:50:52","date_gmt":"2010-01-20T21:50:52","guid":{"rendered":"http:\/\/blog.cancaonova.com\/riopreto\/?page_id=2987"},"modified":"2024-10-18T10:34:38","modified_gmt":"2024-10-18T13:34:38","slug":"agenda","status":"publish","type":"page","link":"https:\/\/blog.cancaonova.com\/riopreto\/agenda\/","title":{"rendered":"Agenda"},"content":{"rendered":"<p><img loading=\"lazy\" decoding=\"async\" class=\"aligncenter size-full wp-image-5876\" src=\"http:\/\/blog.cancaonova.com\/riopreto\/files\/2010\/01\/download.jpg\" alt=\"\" width=\"299\" height=\"168\" \/><\/p>\n<p><strong>Atividades na Casa de Miss\u00e3o:<\/strong><\/p>\n<p>\u2013 Santa Missa de Segunda a Sexta-feira \u00e1s 12h15m<\/p>\n<p>\u2013 Adora\u00e7\u00e3o de segunda a sexta-feira das 08h00 ao 11h30<\/p>\n<p>\u2013 Atendimento com Dire\u00e7\u00e3o Espiritual e confiss\u00e3o de ter\u00e7a a sexta- feira 09h30 \u00e1s 11h , ter\u00e7a a quinta-feira das 14h30 \u00e1s 16h00<\/p>\n<p>\u2013 Missa do Clube da Evangeliza\u00e7\u00e3o toda quinta- feira a partir das 20h00<\/p>\n<p>&#8211; Grupo dos Jovens Sarados aos s\u00e1bados \u00e1s 19h00<\/p>\n<p>&#8211; Grupo de Casais toda 1\u00ba e 3\u00b0 quarta-feira do m\u00eas, \u00e1s 20h00<\/p>\n<p>&#8211; Mil Ave- Marias 1\u00b0 s\u00e1bado do m\u00eas, 07h00 inicio com a Santa Missa<\/p>\n<p>-Grupo mulheres como Maria 1\u00b0 s\u00e1bado do m\u00eas a partir das 16h00<\/p>\n<p>A Casa de Miss\u00e3o localiza-se na <strong>Rua XV de Novembro, n\u00ba 3635, centro, S\u00e3o Jos\u00e9 do Rio Preto (SP)<\/strong>, noroeste paulista.<\/p>\n<p>Mais informa\u00e7\u00f5es: (17) 3233 \u2013 4600<\/p>\n<p>&nbsp;<\/p>\n<p>&nbsp;<\/p>\n","protected":false},"excerpt":{"rendered":"<p>Atividades na Casa de Miss\u00e3o: \u2013 Santa Missa de Segunda a Sexta-feira \u00e1s 12h15m \u2013 Adora\u00e7\u00e3o de segunda a sexta-feira das 08h00 ao 11h30 \u2013 Atendimento com Dire\u00e7\u00e3o Espiritual e confiss\u00e3o de ter\u00e7a a sexta- feira 09h30 \u00e1s 11h ,&#8230;<\/p>\n","protected":false},"author":2701,"featured_media":0,"parent":0,"menu_order":0,"comment_status":"closed","ping_status":"closed","template":"","meta":{"_mi_skip_tracking":false,"_monsterinsights_sitenote_active":false,"_monsterinsights_sitenote_note":"","_monsterinsights_sitenote_category":0,"footnotes":""},"_links":{"self":[{"href":"https:\/\/blog.cancaonova.com\/riopreto\/wp-json\/wp\/v2\/pages\/2987"}],"collection":[{"href":"https:\/\/blog.cancaonova.com\/riopreto\/wp-json\/wp\/v2\/pages"}],"about":[{"href":"https:\/\/blog.cancaonova.com\/riopreto\/wp-json\/wp\/v2\/types\/page"}],"author":[{"embeddable":true,"href":"https:\/\/blog.cancaonova.com\/riopreto\/wp-json\/wp\/v2\/users\/2701"}],"replies":[{"embeddable":true,"href":"https:\/\/blog.cancaonova.com\/riopreto\/wp-json\/wp\/v2\/comments?post=2987"}],"version-history":[{"count":31,"href":"https:\/\/blog.cancaonova.com\/riopreto\/wp-json\/wp\/v2\/pages\/2987\/revisions"}],"predecessor-version":[{"id":5922,"href":"https:\/\/blog.cancaonova.com\/riopreto\/wp-json\/wp\/v2\/pages\/2987\/revisions\/5922"}],"wp:attachment":[{"href":"https:\/\/blog.cancaonova.com\/riopreto\/wp-json\/wp\/v2\/media?parent=2987"}],"curies":[{"name":"wp","href":"https:\/\/api.w.org\/{rel}","templated":true}]}}