{"id":3214,"date":"2010-03-07T13:43:33","date_gmt":"2010-03-07T16:43:33","guid":{"rendered":"http:\/\/blog.cancaonova.com\/riopreto\/?page_id=3214"},"modified":"2024-10-18T10:50:38","modified_gmt":"2024-10-18T13:50:38","slug":"loja-cancao-nova","status":"publish","type":"page","link":"https:\/\/blog.cancaonova.com\/riopreto\/loja-cancao-nova\/","title":{"rendered":"Loja Can\u00e7\u00e3o Nova"},"content":{"rendered":"<p>A Loja Can\u00e7\u00e3o Nova como \u201cceleiro\u201d de evangeliza\u00e7\u00e3o, disponibiliza diversos produtos: livros, vestu\u00e1rios e acess\u00f3rios, adulto e infantil que contribuem com a evangeliza\u00e7\u00e3o.<\/p>\n<p>Hor\u00e1rio de atendimento:<\/p>\n<ul>\n<li><strong>Segunda \u00e0 Sexta:\u00a0 <\/strong>Manh\u00e3 &#8211; 09h00 \u00e0s 12h00\u00a0 \/ Tarde &#8211; 13h00 \u00e0s 18h00<\/li>\n<li><strong>S\u00e1bado: <\/strong>09h00 \u00e0s 12h00<\/li>\n<\/ul>\n<p>\u25ba Para mais informa\u00e7\u00f5es<\/p>\n<p>Telefone \u00a0(17) 3233 \u2013 4600<\/p>\n<p>Whatsapp (17) 99670-6439<\/p>\n<p>&nbsp;<\/p>\n","protected":false},"excerpt":{"rendered":"<p>A Loja Can\u00e7\u00e3o Nova como \u201cceleiro\u201d de evangeliza\u00e7\u00e3o, disponibiliza diversos produtos: livros, vestu\u00e1rios e acess\u00f3rios, adulto e infantil que contribuem com a evangeliza\u00e7\u00e3o. Hor\u00e1rio de atendimento: Segunda \u00e0 Sexta:\u00a0 Manh\u00e3 &#8211; 09h00 \u00e0s 12h00\u00a0 \/ Tarde &#8211; 13h00 \u00e0s 18h00&#8230;<\/p>\n","protected":false},"author":2701,"featured_media":0,"parent":0,"menu_order":0,"comment_status":"closed","ping_status":"closed","template":"","meta":{"_mi_skip_tracking":false,"_monsterinsights_sitenote_active":false,"_monsterinsights_sitenote_note":"","_monsterinsights_sitenote_category":0,"footnotes":""},"_links":{"self":[{"href":"https:\/\/blog.cancaonova.com\/riopreto\/wp-json\/wp\/v2\/pages\/3214"}],"collection":[{"href":"https:\/\/blog.cancaonova.com\/riopreto\/wp-json\/wp\/v2\/pages"}],"about":[{"href":"https:\/\/blog.cancaonova.com\/riopreto\/wp-json\/wp\/v2\/types\/page"}],"author":[{"embeddable":true,"href":"https:\/\/blog.cancaonova.com\/riopreto\/wp-json\/wp\/v2\/users\/2701"}],"replies":[{"embeddable":true,"href":"https:\/\/blog.cancaonova.com\/riopreto\/wp-json\/wp\/v2\/comments?post=3214"}],"version-history":[{"count":22,"href":"https:\/\/blog.cancaonova.com\/riopreto\/wp-json\/wp\/v2\/pages\/3214\/revisions"}],"predecessor-version":[{"id":5930,"href":"https:\/\/blog.cancaonova.com\/riopreto\/wp-json\/wp\/v2\/pages\/3214\/revisions\/5930"}],"wp:attachment":[{"href":"https:\/\/blog.cancaonova.com\/riopreto\/wp-json\/wp\/v2\/media?parent=3214"}],"curies":[{"name":"wp","href":"https:\/\/api.w.org\/{rel}","templated":true}]}}