{"id":361,"date":"2015-02-22T16:19:00","date_gmt":"2015-02-22T19:19:00","guid":{"rendered":"http:\/\/blog.cancaonova.com\/riopreto\/missionarios\/"},"modified":"2024-10-18T11:43:32","modified_gmt":"2024-10-18T14:43:32","slug":"missionarios","status":"publish","type":"page","link":"https:\/\/blog.cancaonova.com\/riopreto\/missionarios\/","title":{"rendered":"Mission\u00e1rios"},"content":{"rendered":"<h2 style=\"text-align: center\">Membros da nossa Frente de Miss\u00e3o em S\u00e3o Jos\u00e9 do Rio Preto<\/h2>\n<p><img loading=\"lazy\" decoding=\"async\" class=\" wp-image-5938 aligncenter\" src=\"http:\/\/blog.cancaonova.com\/riopreto\/files\/2024\/10\/WhatsApp-Image-2024-10-18-at-11.32.29-300x169.jpeg\" alt=\"\" width=\"832\" height=\"469\" srcset=\"https:\/\/blog.cancaonova.com\/riopreto\/files\/2024\/10\/WhatsApp-Image-2024-10-18-at-11.32.29-300x169.jpeg 300w, https:\/\/blog.cancaonova.com\/riopreto\/files\/2024\/10\/WhatsApp-Image-2024-10-18-at-11.32.29-768x432.jpeg 768w, https:\/\/blog.cancaonova.com\/riopreto\/files\/2024\/10\/WhatsApp-Image-2024-10-18-at-11.32.29-384x216.jpeg 384w, https:\/\/blog.cancaonova.com\/riopreto\/files\/2024\/10\/WhatsApp-Image-2024-10-18-at-11.32.29-512x288.jpeg 512w, https:\/\/blog.cancaonova.com\/riopreto\/files\/2024\/10\/WhatsApp-Image-2024-10-18-at-11.32.29-1024x576.jpeg 1024w, https:\/\/blog.cancaonova.com\/riopreto\/files\/2024\/10\/WhatsApp-Image-2024-10-18-at-11.32.29.jpeg 1280w\" sizes=\"(max-width: 832px) 100vw, 832px\" \/><\/p>\n<p>&nbsp;<\/p>\n<p style=\"text-align: center\">&#8220;Os membros da Comunidade Can\u00e7\u00e3o Nova s\u00e3o fi\u00e9is de qualquer estado de vida e, em conformidade com o pr\u00f3prio estado, prometem doar-se inteiramente a Deus e ao Seu servi\u00e7o, para seguir mais de perto Jesus Cristo e viver com maior radicalidade o Seu Evangelho, segundo o carisma pr\u00f3prio da Can\u00e7\u00e3o Nova. Tal promessa, denominada \u201ccompromisso\u201d, deve ser pronunciada diante do Presidente ou de um seu delegado&#8221;.<\/p>\n<p style=\"text-align: center\">(Estatuto Can\u00f4nico)<\/p>\n<p>&nbsp;<\/p>\n","protected":false},"excerpt":{"rendered":"<p>Membros da nossa Frente de Miss\u00e3o em S\u00e3o Jos\u00e9 do Rio Preto &nbsp; &#8220;Os membros da Comunidade Can\u00e7\u00e3o Nova s\u00e3o fi\u00e9is de qualquer estado de vida e, em conformidade com o pr\u00f3prio estado, prometem doar-se inteiramente a Deus e ao&#8230;<\/p>\n","protected":false},"author":2701,"featured_media":5938,"parent":0,"menu_order":1,"comment_status":"closed","ping_status":"closed","template":"","meta":{"_mi_skip_tracking":false,"_monsterinsights_sitenote_active":false,"_monsterinsights_sitenote_note":"","_monsterinsights_sitenote_category":0,"footnotes":""},"_links":{"self":[{"href":"https:\/\/blog.cancaonova.com\/riopreto\/wp-json\/wp\/v2\/pages\/361"}],"collection":[{"href":"https:\/\/blog.cancaonova.com\/riopreto\/wp-json\/wp\/v2\/pages"}],"about":[{"href":"https:\/\/blog.cancaonova.com\/riopreto\/wp-json\/wp\/v2\/types\/page"}],"author":[{"embeddable":true,"href":"https:\/\/blog.cancaonova.com\/riopreto\/wp-json\/wp\/v2\/users\/2701"}],"replies":[{"embeddable":true,"href":"https:\/\/blog.cancaonova.com\/riopreto\/wp-json\/wp\/v2\/comments?post=361"}],"version-history":[{"count":53,"href":"https:\/\/blog.cancaonova.com\/riopreto\/wp-json\/wp\/v2\/pages\/361\/revisions"}],"predecessor-version":[{"id":5940,"href":"https:\/\/blog.cancaonova.com\/riopreto\/wp-json\/wp\/v2\/pages\/361\/revisions\/5940"}],"wp:featuredmedia":[{"embeddable":true,"href":"https:\/\/blog.cancaonova.com\/riopreto\/wp-json\/wp\/v2\/media\/5938"}],"wp:attachment":[{"href":"https:\/\/blog.cancaonova.com\/riopreto\/wp-json\/wp\/v2\/media?parent=361"}],"curies":[{"name":"wp","href":"https:\/\/api.w.org\/{rel}","templated":true}]}}