{"id":5575,"date":"2018-02-02T11:03:20","date_gmt":"2018-02-02T14:03:20","guid":{"rendered":"http:\/\/blog.cancaonova.com\/riopreto\/?page_id=5575"},"modified":"2020-02-14T14:26:48","modified_gmt":"2020-02-14T17:26:48","slug":"vocacional","status":"publish","type":"page","link":"https:\/\/blog.cancaonova.com\/riopreto\/quem-somos\/vocacional\/","title":{"rendered":"Vocacional"},"content":{"rendered":"<p><img loading=\"lazy\" decoding=\"async\" class=\"aligncenter size-full wp-image-5805\" src=\"http:\/\/blog.cancaonova.com\/riopreto\/files\/2018\/02\/Design-sem-nome.png\" alt=\"\" width=\"750\" height=\"382\" srcset=\"https:\/\/blog.cancaonova.com\/riopreto\/files\/2018\/02\/Design-sem-nome.png 750w, https:\/\/blog.cancaonova.com\/riopreto\/files\/2018\/02\/Design-sem-nome-300x153.png 300w, https:\/\/blog.cancaonova.com\/riopreto\/files\/2018\/02\/Design-sem-nome-150x75.png 150w\" sizes=\"(max-width: 750px) 100vw, 750px\" \/>A Equipe Vocacional \u00e9 o departamento da Can\u00e7\u00e3o Nova que realiza o trabalho de discernimento vocacional com os candidatos a uma vida consagrada na Can\u00e7\u00e3o Nova. Ela surgiu da necessidade de fornecer um acompanhamento vocacional para os jovens que aspiravam uma vida em comunidade e sentiam-se atra\u00eddos pelo carisma Can\u00e7\u00e3o Nova. A partir da\u00ed come\u00e7amos um trabalho de discernimento vocacional com estes jovens. Com o n\u00famero crescente de pessoas se despertando para este chamado a se consagrarem a Deus na Can\u00e7\u00e3o Nova, vimos ent\u00e3o a necessidade de se criar uma Equipe que pudesse ajudar estes jovens. Realizamos um trabalho de orienta\u00e7\u00e3o vocacional para os vocacionados \u00e0 Can\u00e7\u00e3o Nova, que vai desde o primeiro contato com a Equipe, quer seja por carta ou e-mail, at\u00e9 o processo de acompanhamento e discernimento vocacional com os encontros vocacionais que o candidato participa no decorrer do caminho vocacional. Como proceder para fazer o acompanhamento vocacional? O primeiro passo \u00e9 a pessoa escrever uma carta ou e-mail, fazendo seu pedido para iniciar o caminho de discernimento vocacional. Ap\u00f3s este pedido a Equipe Vocacional estar\u00e1 entrando em contato com o candidato fornecendo a ele as informa\u00e7\u00f5es sobre o caminho vocacional e os requisitos exigidos pela Equipe para o in\u00edcio do discernimento. Como \u00e9 linda a nossa fam\u00edlia!<\/p>\n<p><img loading=\"lazy\" decoding=\"async\" class=\"aligncenter size-full wp-image-5812\" src=\"http:\/\/blog.cancaonova.com\/riopreto\/files\/2018\/02\/WhatsApp-Image-2020-02-14-at-14.58.35.jpeg\" alt=\"\" width=\"1080\" height=\"1080\" srcset=\"https:\/\/blog.cancaonova.com\/riopreto\/files\/2018\/02\/WhatsApp-Image-2020-02-14-at-14.58.35.jpeg 1080w, https:\/\/blog.cancaonova.com\/riopreto\/files\/2018\/02\/WhatsApp-Image-2020-02-14-at-14.58.35-290x290.jpeg 290w, https:\/\/blog.cancaonova.com\/riopreto\/files\/2018\/02\/WhatsApp-Image-2020-02-14-at-14.58.35-300x300.jpeg 300w, https:\/\/blog.cancaonova.com\/riopreto\/files\/2018\/02\/WhatsApp-Image-2020-02-14-at-14.58.35-768x768.jpeg 768w\" sizes=\"(max-width: 1080px) 100vw, 1080px\" \/><\/p>\n<p>Nossos contatos:<\/p>\n<p>Vocacional Comunidade Can\u00e7\u00e3o Nova S\u00e3o Jos\u00e9 do Rio Preto<br \/>\nRua XV de novembro 3635 Centro CEP: 15.015-110 S\u00e3o Jos\u00e9 do Rio Preto\/SP<br \/>\nFone: +55 (17) 3233-4600<br \/>\nE-mail: vocacionalriopreto@cancaonova.com<\/p>\n<p>Veja tamb\u00e9m os crit\u00e9rios para o discernimento vocacional:<\/p>\n<p>https:\/\/blog.cancaonova.com\/vocacional\/discernimento-vocacional\/nucleo\/<br \/>\nhttps:\/\/blog.cancaonova.com\/vocacional\/discernimento-vocacional\/segundo-elo\/<\/p>\n<p>Qualquer d\u00favida estamos a disposi\u00e7\u00e3o.<\/p>\n","protected":false},"excerpt":{"rendered":"<p>A Equipe Vocacional \u00e9 o departamento da Can\u00e7\u00e3o Nova que realiza o trabalho de discernimento vocacional com os candidatos a uma vida consagrada na Can\u00e7\u00e3o Nova. Ela surgiu da necessidade de fornecer um acompanhamento vocacional para os jovens que aspiravam&#8230;<\/p>\n","protected":false},"author":4645,"featured_media":5805,"parent":5568,"menu_order":2,"comment_status":"closed","ping_status":"closed","template":"","meta":{"_mi_skip_tracking":false,"_monsterinsights_sitenote_active":false,"_monsterinsights_sitenote_note":"","_monsterinsights_sitenote_category":0,"footnotes":""},"_links":{"self":[{"href":"https:\/\/blog.cancaonova.com\/riopreto\/wp-json\/wp\/v2\/pages\/5575"}],"collection":[{"href":"https:\/\/blog.cancaonova.com\/riopreto\/wp-json\/wp\/v2\/pages"}],"about":[{"href":"https:\/\/blog.cancaonova.com\/riopreto\/wp-json\/wp\/v2\/types\/page"}],"author":[{"embeddable":true,"href":"https:\/\/blog.cancaonova.com\/riopreto\/wp-json\/wp\/v2\/users\/4645"}],"replies":[{"embeddable":true,"href":"https:\/\/blog.cancaonova.com\/riopreto\/wp-json\/wp\/v2\/comments?post=5575"}],"version-history":[{"count":5,"href":"https:\/\/blog.cancaonova.com\/riopreto\/wp-json\/wp\/v2\/pages\/5575\/revisions"}],"predecessor-version":[{"id":5813,"href":"https:\/\/blog.cancaonova.com\/riopreto\/wp-json\/wp\/v2\/pages\/5575\/revisions\/5813"}],"up":[{"embeddable":true,"href":"https:\/\/blog.cancaonova.com\/riopreto\/wp-json\/wp\/v2\/pages\/5568"}],"wp:featuredmedia":[{"embeddable":true,"href":"https:\/\/blog.cancaonova.com\/riopreto\/wp-json\/wp\/v2\/media\/5805"}],"wp:attachment":[{"href":"https:\/\/blog.cancaonova.com\/riopreto\/wp-json\/wp\/v2\/media?parent=5575"}],"curies":[{"name":"wp","href":"https:\/\/api.w.org\/{rel}","templated":true}]}}