{"id":5583,"date":"2018-02-02T11:06:08","date_gmt":"2018-02-02T14:06:08","guid":{"rendered":"http:\/\/blog.cancaonova.com\/riopreto\/?page_id=5583"},"modified":"2024-10-18T14:15:14","modified_gmt":"2024-10-18T17:15:14","slug":"programacaosemanal","status":"publish","type":"page","link":"https:\/\/blog.cancaonova.com\/riopreto\/agenda\/programacaosemanal\/","title":{"rendered":"Programa\u00e7\u00e3o Semanal"},"content":{"rendered":"<p><img loading=\"lazy\" decoding=\"async\" class=\"wp-image-5924 aligncenter\" src=\"http:\/\/blog.cancaonova.com\/riopreto\/files\/2024\/10\/WhatsApp-Image-2024-10-18-at-10.38.35-211x300.jpeg\" alt=\"\" width=\"563\" height=\"800\" srcset=\"https:\/\/blog.cancaonova.com\/riopreto\/files\/2024\/10\/WhatsApp-Image-2024-10-18-at-10.38.35-211x300.jpeg 211w, https:\/\/blog.cancaonova.com\/riopreto\/files\/2024\/10\/WhatsApp-Image-2024-10-18-at-10.38.35-768x1090.jpeg 768w, https:\/\/blog.cancaonova.com\/riopreto\/files\/2024\/10\/WhatsApp-Image-2024-10-18-at-10.38.35-1082x1536.jpeg 1082w, https:\/\/blog.cancaonova.com\/riopreto\/files\/2024\/10\/WhatsApp-Image-2024-10-18-at-10.38.35.jpeg 1127w\" sizes=\"(max-width: 563px) 100vw, 563px\" \/><\/p>\n<p><strong>Conhe\u00e7a nossa programa\u00e7\u00e3o semanal:<\/strong><\/p>\n<ul>\n<li>Santa Missa de Segunda a Sexta-feira \u00e1s 12h15m<\/li>\n<li>Adora\u00e7\u00e3o de segunda a sexta-feira das 08h00 ao 11h30<\/li>\n<li>Atendimento com Dire\u00e7\u00e3o Espiritual e confiss\u00e3o de ter\u00e7a a sexta- feira 09h30 \u00e1s 11h , ter\u00e7a a quinta-feira das 14h30 \u00e1s 16h00<\/li>\n<li>Missa do Clube da Evangeliza\u00e7\u00e3o toda quinta- feira a partir das 20h00<\/li>\n<li>Grupo dos Jovens Sarados aos s\u00e1bados \u00e1s 19h00<\/li>\n<li>Grupo de Casais toda 1\u00ba e 3\u00b0 quarta-feira do m\u00eas, \u00e1s 20h00<\/li>\n<li>Mil Ave- Marias 1\u00b0 s\u00e1bado do m\u00eas, 07h00 inicio com a Santa Missa<\/li>\n<li>Grupo mulheres como Maria 1\u00b0 s\u00e1bado do m\u00eas a partir das 16h00<\/li>\n<\/ul>\n<p>A Casa de Miss\u00e3o localiza-se na\u00a0<strong>Rua XV de Novembro, n\u00ba 3635, centro, S\u00e3o Jos\u00e9 do Rio Preto (SP)<\/strong>, noroeste paulista.<\/p>\n<p>Mais informa\u00e7\u00f5es: (17) 3233 \u2013 4600<\/p>\n","protected":false},"excerpt":{"rendered":"<p>Conhe\u00e7a nossa programa\u00e7\u00e3o semanal: Santa Missa de Segunda a Sexta-feira \u00e1s 12h15m Adora\u00e7\u00e3o de segunda a sexta-feira das 08h00 ao 11h30 Atendimento com Dire\u00e7\u00e3o Espiritual e confiss\u00e3o de ter\u00e7a a sexta- feira 09h30 \u00e1s 11h , ter\u00e7a a quinta-feira das&#8230;<\/p>\n","protected":false},"author":4794,"featured_media":0,"parent":2987,"menu_order":2,"comment_status":"closed","ping_status":"closed","template":"","meta":{"_mi_skip_tracking":false,"_monsterinsights_sitenote_active":false,"_monsterinsights_sitenote_note":"","_monsterinsights_sitenote_category":0,"footnotes":""},"_links":{"self":[{"href":"https:\/\/blog.cancaonova.com\/riopreto\/wp-json\/wp\/v2\/pages\/5583"}],"collection":[{"href":"https:\/\/blog.cancaonova.com\/riopreto\/wp-json\/wp\/v2\/pages"}],"about":[{"href":"https:\/\/blog.cancaonova.com\/riopreto\/wp-json\/wp\/v2\/types\/page"}],"author":[{"embeddable":true,"href":"https:\/\/blog.cancaonova.com\/riopreto\/wp-json\/wp\/v2\/users\/4794"}],"replies":[{"embeddable":true,"href":"https:\/\/blog.cancaonova.com\/riopreto\/wp-json\/wp\/v2\/comments?post=5583"}],"version-history":[{"count":10,"href":"https:\/\/blog.cancaonova.com\/riopreto\/wp-json\/wp\/v2\/pages\/5583\/revisions"}],"predecessor-version":[{"id":5923,"href":"https:\/\/blog.cancaonova.com\/riopreto\/wp-json\/wp\/v2\/pages\/5583\/revisions\/5923"}],"up":[{"embeddable":true,"href":"https:\/\/blog.cancaonova.com\/riopreto\/wp-json\/wp\/v2\/pages\/2987"}],"wp:attachment":[{"href":"https:\/\/blog.cancaonova.com\/riopreto\/wp-json\/wp\/v2\/media?parent=5583"}],"curies":[{"name":"wp","href":"https:\/\/api.w.org\/{rel}","templated":true}]}}