{"id":5598,"date":"2018-02-02T11:53:58","date_gmt":"2018-02-02T14:53:58","guid":{"rendered":"http:\/\/blog.cancaonova.com\/riopreto\/?page_id=5598"},"modified":"2019-03-26T11:29:47","modified_gmt":"2019-03-26T14:29:47","slug":"fale-conosco","status":"publish","type":"page","link":"https:\/\/blog.cancaonova.com\/riopreto\/fale-conosco\/","title":{"rendered":"Fale Conosco"},"content":{"rendered":"<p><strong>Comunidade Can\u00e7\u00e3o Nova \u2013 S\u00e3o Jos\u00e9 do Rio Preto, SP<\/strong><br \/>\nR. XV de Novembro, 3635 \u2013 Centro, S\u00e3o Jos\u00e9 do Rio Preto \u2013 SP, CEP: 15015-110&nbsp;<br \/>\n<strong>\ud83c\udde7\ud83c\uddf7<\/strong>\u260e\ufe0f&nbsp;<a href=\"tel:+551732334600\">+55 (17) 3233-4600<\/a>&nbsp;\u2013 \ud83c\udf10&nbsp;<a href=\"http:\/\/riopreto.cancaonova.com\/\" target=\"_blank\" rel=\"noopener\">http:\/\/riopreto.cancaonova.com<\/a><\/p>\n<p>Saiba como chegar \u00e0 <strong>Comunidade Can\u00e7\u00e3o Nova<\/strong>, em S\u00e3o Jos\u00e9 do Rio Preto.<\/p>\n<iframe loading=\"lazy\" src=\"https:\/\/www.google.com\/maps\/embed?pb=!1m14!1m8!1m3!1d1476.2083641637937!2d-49.383722!3d-20.816821!3m2!1i1024!2i768!4f13.1!3m3!1m2!1s0x0%3A0xe20c0e41eb001bb5!2zQ2Fuw6fDo28gTm92YSAtIFPDo28gSm9zw6kgZG8gUmlvIFByZXRv!5e1!3m2!1spt-BR!2sbr!4v1553610244665\" width=\"600\" height=\"450\" frameborder=\"0\" style=\"border:0\" allowfullscreen><\/iframe>\n","protected":false},"excerpt":{"rendered":"<p>Comunidade Can\u00e7\u00e3o Nova \u2013 S\u00e3o Jos\u00e9 do Rio Preto, SP R. XV de Novembro, 3635 \u2013 Centro, S\u00e3o Jos\u00e9 do Rio Preto \u2013 SP, CEP: 15015-110&nbsp; \ud83c\udde7\ud83c\uddf7\u260e\ufe0f&nbsp;+55 (17) 3233-4600&nbsp;\u2013 \ud83c\udf10&nbsp;http:\/\/riopreto.cancaonova.com Saiba como chegar \u00e0 Comunidade Can\u00e7\u00e3o Nova, em S\u00e3o Jos\u00e9&#8230;<\/p>\n","protected":false},"author":4645,"featured_media":0,"parent":0,"menu_order":0,"comment_status":"closed","ping_status":"closed","template":"","meta":{"_mi_skip_tracking":false,"_monsterinsights_sitenote_active":false,"_monsterinsights_sitenote_note":"","_monsterinsights_sitenote_category":0,"footnotes":""},"_links":{"self":[{"href":"https:\/\/blog.cancaonova.com\/riopreto\/wp-json\/wp\/v2\/pages\/5598"}],"collection":[{"href":"https:\/\/blog.cancaonova.com\/riopreto\/wp-json\/wp\/v2\/pages"}],"about":[{"href":"https:\/\/blog.cancaonova.com\/riopreto\/wp-json\/wp\/v2\/types\/page"}],"author":[{"embeddable":true,"href":"https:\/\/blog.cancaonova.com\/riopreto\/wp-json\/wp\/v2\/users\/4645"}],"replies":[{"embeddable":true,"href":"https:\/\/blog.cancaonova.com\/riopreto\/wp-json\/wp\/v2\/comments?post=5598"}],"version-history":[{"count":5,"href":"https:\/\/blog.cancaonova.com\/riopreto\/wp-json\/wp\/v2\/pages\/5598\/revisions"}],"predecessor-version":[{"id":5723,"href":"https:\/\/blog.cancaonova.com\/riopreto\/wp-json\/wp\/v2\/pages\/5598\/revisions\/5723"}],"wp:attachment":[{"href":"https:\/\/blog.cancaonova.com\/riopreto\/wp-json\/wp\/v2\/media?parent=5598"}],"curies":[{"name":"wp","href":"https:\/\/api.w.org\/{rel}","templated":true}]}}