{"id":73,"date":"2008-03-10T16:36:00","date_gmt":"2008-03-10T19:36:00","guid":{"rendered":"http:\/\/blog.cancaonova.com\/riopreto\/missao-rio-preto\/"},"modified":"2024-10-18T17:00:42","modified_gmt":"2024-10-18T20:00:42","slug":"missao-rio-preto","status":"publish","type":"page","link":"https:\/\/blog.cancaonova.com\/riopreto\/quem-somos\/missao-rio-preto\/","title":{"rendered":"HIST\u00d3RICO DA MISS\u00c3O"},"content":{"rendered":"<h2>Can\u00e7\u00e3o Nova em S\u00e3o Jos\u00e9 do Rio Preto (SP)<\/h2>\n<p><span style=\"font-weight: 400\">A miss\u00e3o da Can\u00e7\u00e3o Nova, em S\u00e3o Jos\u00e9 do Rio Preto (SP), iniciou-se em 4 de mar\u00e7o de 2004 \u2013 com a chegada de sete mission\u00e1rios, junto com o padre Jonas Abib, para uma reuni\u00e3o com Dom Orani (bispo da diocese nesse tempo). No dia 11 do mesmo m\u00eas, a Comunidade entrou no ar pela R\u00e1dio Centro Am\u00e9rica AM 810, com a programa\u00e7\u00e3o direta de Cachoeira Paulista.<\/span><\/p>\n<p><span style=\"font-weight: 400\">A inaugura\u00e7\u00e3o com programa\u00e7\u00e3o local aconteceu dois meses depois, no dia 24 de maio, com os programas \u2018Clube do Ouvinte\u2019 e \u2018Can\u00e7\u00e3o Nova e Voc\u00ea\u2019. Os primeiros membros da Comunidade em S\u00e3o Jos\u00e9 do Rio Preto foram Paulo Fernandes, Robson Luis, Anelisa, C\u00edcera Gon\u00e7alves, Priscila Graziela, Jamile Gois e Renilson G\u00f3is.<\/span><\/p>\n<p><span style=\"font-weight: 400\">Ela mudou de endere\u00e7o em 2015, pois a antiga propriedade foi interditada pela seguran\u00e7a p\u00fablica da cidade por causa de comprometimentos na sua estrutura f\u00edsica.<\/span><\/p>\n<p>Os primeiros membros da Comunidade a trabalhar em S\u00e3o Jos\u00e9 do Rio Preto foram Paulo Fernandes, Robson Luis, Anelisa, C\u00edcera Gon\u00e7alves, Priscila Graziela, Jamile Gois e Renilson G\u00f3is.<\/p>\n<h3>Mission\u00e1rios em S\u00e3o Jos\u00e9 do Rio Preto &#8211; 2024<\/h3>\n<p>Hoje a miss\u00e3o conta com onze mission\u00e1rios na forma de perten\u00e7a n\u00facleo e trinta e tr\u00eas na forma de perten\u00e7a segundo elo.<\/p>\n<p><img loading=\"lazy\" decoding=\"async\" class=\"wp-image-5938 aligncenter\" src=\"http:\/\/blog.cancaonova.com\/riopreto\/files\/2024\/10\/WhatsApp-Image-2024-10-18-at-11.32.29-300x169.jpeg\" alt=\"\" width=\"969\" height=\"546\" srcset=\"https:\/\/blog.cancaonova.com\/riopreto\/files\/2024\/10\/WhatsApp-Image-2024-10-18-at-11.32.29-300x169.jpeg 300w, https:\/\/blog.cancaonova.com\/riopreto\/files\/2024\/10\/WhatsApp-Image-2024-10-18-at-11.32.29-768x432.jpeg 768w, https:\/\/blog.cancaonova.com\/riopreto\/files\/2024\/10\/WhatsApp-Image-2024-10-18-at-11.32.29-384x216.jpeg 384w, https:\/\/blog.cancaonova.com\/riopreto\/files\/2024\/10\/WhatsApp-Image-2024-10-18-at-11.32.29-512x288.jpeg 512w, https:\/\/blog.cancaonova.com\/riopreto\/files\/2024\/10\/WhatsApp-Image-2024-10-18-at-11.32.29-1024x576.jpeg 1024w, https:\/\/blog.cancaonova.com\/riopreto\/files\/2024\/10\/WhatsApp-Image-2024-10-18-at-11.32.29.jpeg 1280w\" sizes=\"(max-width: 969px) 100vw, 969px\" \/><\/p>\n<h3>Miss\u00e3o especifica<\/h3>\n<p>A miss\u00e3o especifica da casa \u00e9 evangelizar comunicando Jesus e a boa nova que Ele veio trazer de maneira preferencial , mas n\u00e3o exclusiva pelos meios de comunica\u00e7\u00e3o: r\u00e1dio, internet e encontros. Atualmente, a R\u00e1dio Can\u00e7\u00e3o Nova do Cora\u00e7\u00e3o de Maria est\u00e1 com 5 programas locais di\u00e1rios. O blog da Comunidade Can\u00e7\u00e3o Nova de Rio Preto traz informa\u00e7\u00f5es atualizadas sobre o trabalho mission\u00e1rio na cidade.<\/p>\n<p>A miss\u00e3o de S\u00e3o Jos\u00e9 do Rio Preto realiza miss\u00f5es\u00a0na cidade e em toda a regi\u00e3o. Para fazer contato envie um e-mail para: eventosriopreto@cancaonova.com<\/p>\n<p>A Casa de Miss\u00e3o localiza-se na <strong>Rua XV de Novembro, n\u00ba 3635, centro, S\u00e3o Jos\u00e9 do Rio Preto (SP)<\/strong>, noroeste paulista.<\/p>\n<p>Mais informa\u00e7\u00f5es: (17) 3233 &#8211; 4600<\/p>\n","protected":false},"excerpt":{"rendered":"<p>Can\u00e7\u00e3o Nova em S\u00e3o Jos\u00e9 do Rio Preto (SP) A miss\u00e3o da Can\u00e7\u00e3o Nova, em S\u00e3o Jos\u00e9 do Rio Preto (SP), iniciou-se em 4 de mar\u00e7o de 2004 \u2013 com a chegada de sete mission\u00e1rios, junto com o padre Jonas&#8230;<\/p>\n","protected":false},"author":2701,"featured_media":5938,"parent":5568,"menu_order":3,"comment_status":"closed","ping_status":"closed","template":"","meta":{"_mi_skip_tracking":false,"_monsterinsights_sitenote_active":false,"_monsterinsights_sitenote_note":"","_monsterinsights_sitenote_category":0,"footnotes":""},"_links":{"self":[{"href":"https:\/\/blog.cancaonova.com\/riopreto\/wp-json\/wp\/v2\/pages\/73"}],"collection":[{"href":"https:\/\/blog.cancaonova.com\/riopreto\/wp-json\/wp\/v2\/pages"}],"about":[{"href":"https:\/\/blog.cancaonova.com\/riopreto\/wp-json\/wp\/v2\/types\/page"}],"author":[{"embeddable":true,"href":"https:\/\/blog.cancaonova.com\/riopreto\/wp-json\/wp\/v2\/users\/2701"}],"replies":[{"embeddable":true,"href":"https:\/\/blog.cancaonova.com\/riopreto\/wp-json\/wp\/v2\/comments?post=73"}],"version-history":[{"count":41,"href":"https:\/\/blog.cancaonova.com\/riopreto\/wp-json\/wp\/v2\/pages\/73\/revisions"}],"predecessor-version":[{"id":5939,"href":"https:\/\/blog.cancaonova.com\/riopreto\/wp-json\/wp\/v2\/pages\/73\/revisions\/5939"}],"up":[{"embeddable":true,"href":"https:\/\/blog.cancaonova.com\/riopreto\/wp-json\/wp\/v2\/pages\/5568"}],"wp:featuredmedia":[{"embeddable":true,"href":"https:\/\/blog.cancaonova.com\/riopreto\/wp-json\/wp\/v2\/media\/5938"}],"wp:attachment":[{"href":"https:\/\/blog.cancaonova.com\/riopreto\/wp-json\/wp\/v2\/media?parent=73"}],"curies":[{"name":"wp","href":"https:\/\/api.w.org\/{rel}","templated":true}]}}