{"id":26,"date":"2022-07-07T22:43:29","date_gmt":"2022-07-08T01:43:29","guid":{"rendered":"https:\/\/blog.cancaonova.com\/santahildegarda\/?page_id=26"},"modified":"2022-07-08T08:54:12","modified_gmt":"2022-07-08T11:54:12","slug":"natureza-foi-criada-por-deus-para-o-homem","status":"publish","type":"page","link":"https:\/\/blog.cancaonova.com\/santahildegarda\/natureza-foi-criada-por-deus-para-o-homem\/","title":{"rendered":"Do Criador para o Homem"},"content":{"rendered":"<div data-pm-slice=\"1 1 []\" data-en-clipboard=\"true\"><img loading=\"lazy\" decoding=\"async\" class=\"aligncenter  wp-image-41\" src=\"http:\/\/blog.cancaonova.com\/santahildegarda\/files\/2022\/07\/michellangelo-300x138.jpg\" alt=\"\" width=\"350\" height=\"161\" srcset=\"https:\/\/blog.cancaonova.com\/santahildegarda\/files\/2022\/07\/michellangelo-300x138.jpg 300w, https:\/\/blog.cancaonova.com\/santahildegarda\/files\/2022\/07\/michellangelo.jpg 700w\" sizes=\"(max-width: 350px) 100vw, 350px\" \/><\/div>\n<div data-pm-slice=\"1 1 []\" data-en-clipboard=\"true\"><\/div>\n<div data-pm-slice=\"1 1 []\" data-en-clipboard=\"true\">H\u00e1 850 anos atr\u00e1s, uma freira beneditina alem\u00e3 que foi invadida pela Luz Viva do Esp\u00edrito Santo, deixou escrito para utilizarmos das criaturas mais comuns &#8211; <b>vegetais, animais e minerais<\/b> &#8211; em um Tratado que passou a se chamar\u00a0<i>Physica de Santa Hildegarda.<\/i><\/div>\n<div data-pm-slice=\"1 1 []\" data-en-clipboard=\"true\"><\/div>\n<div data-pm-slice=\"1 1 []\" data-en-clipboard=\"true\"><strong>Ainda vamos adicionar mais conteudo para voc\u00ea&#8230;&#8230;&#8230;&#8230;&#8230;&#8230;&#8230;&#8230;&#8230;..<\/strong><\/div>\n","protected":false},"excerpt":{"rendered":"<p>H\u00e1 850 anos atr\u00e1s, uma freira beneditina alem\u00e3 que foi invadida pela Luz Viva do Esp\u00edrito Santo, deixou escrito para utilizarmos das criaturas mais comuns &#8211; vegetais, animais e minerais &#8211; em um Tratado que passou a se chamar\u00a0Physica de&#8230;<\/p>\n","protected":false},"author":4539,"featured_media":0,"parent":0,"menu_order":0,"comment_status":"closed","ping_status":"closed","template":"","meta":{"footnotes":""},"_links":{"self":[{"href":"https:\/\/blog.cancaonova.com\/santahildegarda\/wp-json\/wp\/v2\/pages\/26"}],"collection":[{"href":"https:\/\/blog.cancaonova.com\/santahildegarda\/wp-json\/wp\/v2\/pages"}],"about":[{"href":"https:\/\/blog.cancaonova.com\/santahildegarda\/wp-json\/wp\/v2\/types\/page"}],"author":[{"embeddable":true,"href":"https:\/\/blog.cancaonova.com\/santahildegarda\/wp-json\/wp\/v2\/users\/4539"}],"replies":[{"embeddable":true,"href":"https:\/\/blog.cancaonova.com\/santahildegarda\/wp-json\/wp\/v2\/comments?post=26"}],"version-history":[{"count":5,"href":"https:\/\/blog.cancaonova.com\/santahildegarda\/wp-json\/wp\/v2\/pages\/26\/revisions"}],"predecessor-version":[{"id":42,"href":"https:\/\/blog.cancaonova.com\/santahildegarda\/wp-json\/wp\/v2\/pages\/26\/revisions\/42"}],"wp:attachment":[{"href":"https:\/\/blog.cancaonova.com\/santahildegarda\/wp-json\/wp\/v2\/media?parent=26"}],"curies":[{"name":"wp","href":"https:\/\/api.w.org\/{rel}","templated":true}]}}