{"id":33,"date":"2022-07-07T22:46:03","date_gmt":"2022-07-08T01:46:03","guid":{"rendered":"https:\/\/blog.cancaonova.com\/santahildegarda\/?page_id=33"},"modified":"2022-07-08T09:08:37","modified_gmt":"2022-07-08T12:08:37","slug":"vida-de-santa-hildegarda","status":"publish","type":"page","link":"https:\/\/blog.cancaonova.com\/santahildegarda\/vida-de-santa-hildegarda\/","title":{"rendered":"Vida de Santa Hildegarda"},"content":{"rendered":"<div style=\"text-align: center;\" data-pm-slice=\"1 1 []\" data-en-clipboard=\"true\"><b>O Resumo Biogr\u00e1fico\u00a0Santa\u00a0Hildegarda<\/b><\/div>\n<p><img loading=\"lazy\" decoding=\"async\" class=\"aligncenter size-medium wp-image-43\" src=\"http:\/\/blog.cancaonova.com\/santahildegarda\/files\/2022\/07\/hildegad-233x300.jpeg\" alt=\"\" width=\"233\" height=\"300\" srcset=\"https:\/\/blog.cancaonova.com\/santahildegarda\/files\/2022\/07\/hildegad-233x300.jpeg 233w, https:\/\/blog.cancaonova.com\/santahildegarda\/files\/2022\/07\/hildegad-768x991.jpeg 768w, https:\/\/blog.cancaonova.com\/santahildegarda\/files\/2022\/07\/hildegad.jpeg 862w\" sizes=\"(max-width: 233px) 100vw, 233px\" \/><\/p>\n<div data-pm-slice=\"1 1 []\" data-en-clipboard=\"true\">As obras de Santa Hildegarda est\u00e3o cheias de afirma\u00e7\u00f5es surpreendentes que revelam um conhecimento muito avan\u00e7ado na realidade f\u00edsica para seu tempo, o\u00a0s\u00e9culo XII.\u00a0No in\u00edcio de suas principais obras de Hildegarda<\/div>\n<div>deixa bem claro que aos 43 anos foi infundida, resplandecida pela Luz Viva, do Esp\u00edrito<\/div>\n<div>Santo, que lhe ditou v\u00e1rios livros por d\u00e9cadas sem coloque ou mudan\u00e7as uma \u00fanica palavra de sua colheita visionaria.\u00a0Santa Hildegarda deixou escrito repetidamente e alegou que n\u00e3o tinha educa\u00e7\u00e3o, s\u00f3<\/div>\n<div>tinha aprendido o Salt\u00e9rio (a recita\u00e7\u00e3o dos salmos), para o qual foi preciso a necessidade de saber ler e escrever.<\/div>\n<div>\u00a0 \u00a0\u00a0 Mas uma vez que isso \u00e9 inexplic\u00e1vel, inaceit\u00e1vel e incr\u00edvel para certos cr\u00edticos, que buscam outras explica\u00e7\u00f5es e atribuem grande dota\u00e7\u00f5es naturais, uma cultura extensa (\u00e9 o que o pr\u00f3prio Bento XVI diz), a experi\u00eancia cient\u00edfica, pr\u00e1tica m\u00e9dica e uma grande capacidade natural para obter facilmente do legado cient\u00edfico de sua \u00e9poca e sabedoria popular Alem\u00e3.<\/div>\n<div>Agora, essas explica\u00e7\u00f5es cient\u00edficas n\u00e3o resistem ao concordo com as fontes hist\u00f3ricas, que s\u00e3o abundantes e un\u00e2nimes.<\/div>\n<div>Sobre boa revis\u00e3o hist\u00f3rica, se algu\u00e9m quiser contradizer o que fontes contempor\u00e2neas, primeiro voc\u00ea ter\u00e1 que provar que s\u00e3o falsas, e isso \u00e9 imposs\u00edvel porque as fontes v\u00eam do pr\u00f3prio\u00a0<i>scriptorium<\/i>\u00a0do monast\u00e9rio<\/div>\n<div>que governava Santa Hildegarda.<\/div>\n<div>Na realidade, a \u00fanica coisa que pode opor as fontes hist\u00f3ricas de Santa Hildegarda s\u00e3o nossos preconceitos contempor\u00e2neos.<\/div>\n<div><\/div>\n<div>\n<div data-pm-slice=\"1 1 []\" data-en-clipboard=\"true\"><b>A F\u00edsica de Santa Hildegarda<\/b><\/div>\n<div>\u00a0A partir dos quarenta e tr\u00eas anos de idade, Santa Hildegarda recebeu do<\/div>\n<div>Esp\u00edrito Santo, a Luz Viva, tr\u00eas importantes obras cujos ditados duraram<\/div>\n<div>respectivamente, dez anos <b>(\u00a0<i>Scivias<\/i>\u00a0),<\/b> cinco anos\u00a0<b><i>(Vitae Merito-runi)<\/i>\u00a0<\/b> e oito anos\u00a0<b><i>(Divinorum Operum) <\/i><\/b><i>&#8211; Trabalho Divino.\u00a0<\/i><\/div>\n<div>No intervalo entre os dois primeiros ditados, tamb\u00e9m recebeu interiormente vidas de santos e peda\u00e7os musicais, uma l\u00edngua desconhecida, outras obras menores e realizadas uma copiosa correspond\u00eancia, bem como uma grande obra de medicina que tradicionalmente \u00e9 dividido em duas partes:<\/div>\n<div><b><u>Um livro m\u00e9dico para profissionais de sa\u00fade, \u00abCausas e rem\u00e9dios para doen\u00e7as<\/u><\/b><\/div>\n<ul>\n<li>\n<div>\u00bb,\u00a0<b><i>{Liber Causae et Curae) <\/i><\/b><i>&#8211; Os motivos do atendimento gratuito,<\/i>\u00a0e um livro popular para leigos,<\/div>\n<\/li>\n<\/ul>\n<div>F\u00edsica\u00a0<i>(<\/i>\u00a0Physica\u00a0<i>),<\/i>\u00a0que trata da utilidade das coisas comum para o homem.<\/div>\n<ul>\n<li>\n<div>A f\u00edsica exp\u00f5e, do ponto de vista divino, as caracter\u00edsticas,\u00a0 valor diet\u00e9tico e uso medicinal de pouco mais de meio mil <b>animais, vegetais e minerais<\/b>, agrupados aproximadamente e sem as precis\u00f5es cient\u00edficas de hoje (por exemplo, a baleia est\u00e1 com o<\/div>\n<\/li>\n<\/ul>\n<div>peixe como uma criatura aqu\u00e1tica que \u00e9) em nove livros, dos quais o maior \u00e9 o <b><u>Livro primeiro <\/u><\/b>sobre Ervas, que cont\u00e9m<\/div>\n<div><b>213 plantas<\/b>, \u00e0s quais devem ser adicionadas as <b>57 \u00e1rvores do<u> Livro Terceiro<\/u>.<\/b><\/div>\n<div><b><u>O Quarto Livro, dedicado \u00e0s pedras<\/u><\/b>, e mais especificamente as pedras preciosas e semipreciosas, trata-se apenas de <b>25 pedras<\/b> <u>porque<\/u><\/div>\n<div><u>o resto, diz que tem pouco valor para a medicina.\u00a0O livro se constitui na realidade\u00a0<\/u><u>de um lapid\u00e1rio.<\/u><\/div>\n<\/div>\n<div><\/div>\n<div><strong>Vida completa&#8230;..sera postada ainda<\/strong><\/div>\n","protected":false},"excerpt":{"rendered":"<p>O Resumo Biogr\u00e1fico\u00a0Santa\u00a0Hildegarda As obras de Santa Hildegarda est\u00e3o cheias de afirma\u00e7\u00f5es surpreendentes que revelam um conhecimento muito avan\u00e7ado na realidade f\u00edsica para seu tempo, o\u00a0s\u00e9culo XII.\u00a0No in\u00edcio de suas principais obras de Hildegarda deixa bem claro que aos 43&#8230;<\/p>\n","protected":false},"author":4539,"featured_media":0,"parent":0,"menu_order":0,"comment_status":"closed","ping_status":"closed","template":"","meta":{"footnotes":""},"_links":{"self":[{"href":"https:\/\/blog.cancaonova.com\/santahildegarda\/wp-json\/wp\/v2\/pages\/33"}],"collection":[{"href":"https:\/\/blog.cancaonova.com\/santahildegarda\/wp-json\/wp\/v2\/pages"}],"about":[{"href":"https:\/\/blog.cancaonova.com\/santahildegarda\/wp-json\/wp\/v2\/types\/page"}],"author":[{"embeddable":true,"href":"https:\/\/blog.cancaonova.com\/santahildegarda\/wp-json\/wp\/v2\/users\/4539"}],"replies":[{"embeddable":true,"href":"https:\/\/blog.cancaonova.com\/santahildegarda\/wp-json\/wp\/v2\/comments?post=33"}],"version-history":[{"count":5,"href":"https:\/\/blog.cancaonova.com\/santahildegarda\/wp-json\/wp\/v2\/pages\/33\/revisions"}],"predecessor-version":[{"id":47,"href":"https:\/\/blog.cancaonova.com\/santahildegarda\/wp-json\/wp\/v2\/pages\/33\/revisions\/47"}],"wp:attachment":[{"href":"https:\/\/blog.cancaonova.com\/santahildegarda\/wp-json\/wp\/v2\/media?parent=33"}],"curies":[{"name":"wp","href":"https:\/\/api.w.org\/{rel}","templated":true}]}}