{"id":131,"date":"2008-02-24T16:32:44","date_gmt":"2008-02-24T19:32:44","guid":{"rendered":"http:\/\/blog.cancaonova.com\/saojosedoscampos\/radio-1250-am\/"},"modified":"2022-09-13T14:25:21","modified_gmt":"2022-09-13T17:25:21","slug":"radio-95-9-fm","status":"publish","type":"page","link":"https:\/\/blog.cancaonova.com\/saojosedoscampos\/radio-95-9-fm\/","title":{"rendered":"R\u00e1dio"},"content":{"rendered":"<p><iframe loading=\"lazy\" title=\"R\u00c3\u00a1dio Can\u00c3\u00a7\u00c3\u00a3o Nova no Cora\u00c3\u00a7\u00c3\u00a3o do Vale! Sintonize!\" width=\"600\" height=\"338\" src=\"https:\/\/www.youtube.com\/embed\/Mb1uLWRvj-8?feature=oembed&amp;rel=0\" frameborder=\"0\" allow=\"accelerometer; autoplay; clipboard-write; encrypted-media; gyroscope; picture-in-picture; web-share\" referrerpolicy=\"strict-origin-when-cross-origin\" allowfullscreen><\/iframe><\/p>\n<p>&nbsp;<\/p>\n<p style=\"text-align: left;\">Atendendo a um grande desejo dos s\u00f3cios do Clube do Ouvinte da cidade de S\u00e3o Jos\u00e9 dos Campos e regi\u00e3o, a Funda\u00e7\u00e3o Jo\u00e3o Paulo II, adquiriu em 2002, a R\u00e1dio Emissora do Grande Vale, que tinha seu parque de transmiss\u00e3o em Ca\u00e7apava-SP e um est\u00fadio auxiliar no centro de S\u00e3o Jos\u00e9 dos Campos &#8211; SP.<\/p>\n<p>Hoje, com a gra\u00e7a de Deus e a contribui\u00e7\u00e3o fiel de nossos s\u00f3cios benfeitores, estamos no ar com a R\u00e1dio FM Can\u00e7\u00e3o Nova 95.9\u00a0\u00a0Aonde temos como cobertura completa: S\u00e3o Jos\u00e9 dos Campos, Ca\u00e7apava e Jacare\u00ed; e sua cobertura parcial em: Taubat\u00e9.<\/p>\n<p>Fale conosco:<\/p>\n<p><span class=\"western\">R\u00e1dio Can\u00e7\u00e3o Nova do Grande Vale:\u00a0radiocnsjc@cancaonova.com<\/span><\/p>\n<p>&nbsp;<\/p>\n<h4 style=\"text-align: center;\"><strong>\u00a0<\/strong><strong>SINTONIZE E DIVULGUE !<\/strong><\/h4>\n<h4><strong><img loading=\"lazy\" decoding=\"async\" class=\"wp-image-16970 alignleft\" src=\"http:\/\/blog.cancaonova.com\/saojosedoscampos\/files\/2008\/02\/telefone.png\" alt=\"telefone\" width=\"65\" height=\"56\" \/><\/strong><\/h4>\n<h4><\/h4>\n<h4><strong>Ligue: (12) 3019-8801<\/strong><\/h4>\n<h4 style=\"text-align: left;\"><img loading=\"lazy\" decoding=\"async\" class=\"wp-image-16974 alignleft\" src=\"http:\/\/blog.cancaonova.com\/saojosedoscampos\/files\/2008\/02\/images.jpg\" alt=\"images\" width=\"57\" height=\"61\" \/><br \/>\n<strong>\u00a0<a href=\"https:\/\/wa.me\/message\/XTB2MMXKAJT4B1\">Whatsapp: (12) 3019-8801<\/a><\/strong><\/h4>\n<p>&nbsp;<\/p>\n<h4 style=\"text-align: left;\"><a href=\"http:\/\/blog.cancaonova.com\/saojosedoscampos\/files\/2014\/12\/twitter_.jpg\"><img loading=\"lazy\" decoding=\"async\" class=\"alignleft size-full wp-image-16962\" src=\"http:\/\/blog.cancaonova.com\/saojosedoscampos\/files\/2014\/12\/twitter_.jpg\" alt=\"twitter_\" width=\"60\" height=\"60\" \/><\/a><\/h4>\n<h4 style=\"text-align: left;\"><strong>@cancaonovasjc<\/strong><\/h4>\n<h4 style=\"text-align: left;\"><\/h4>\n<h4 style=\"text-align: left;\"><img loading=\"lazy\" decoding=\"async\" class=\"alignleft size-full wp-image-16963\" src=\"http:\/\/blog.cancaonova.com\/saojosedoscampos\/files\/2014\/12\/facebook_21.jpg\" alt=\"facebook_2\" width=\"55\" height=\"60\" \/><strong>\u00a0<a href=\"https:\/\/www.facebook.com\/radiocn.sjc\">facebook.com\/radiocn.sjc<\/a><\/strong><\/h4>\n<h4 style=\"text-align: left;\"><\/h4>\n<h4><img loading=\"lazy\" decoding=\"async\" class=\"wp-image-20469 alignleft\" src=\"http:\/\/blog.cancaonova.com\/saojosedoscampos\/files\/2008\/02\/insta-300x300.jpeg\" alt=\"\" width=\"61\" height=\"61\" srcset=\"https:\/\/blog.cancaonova.com\/saojosedoscampos\/files\/2008\/02\/insta-300x300.jpeg 300w, https:\/\/blog.cancaonova.com\/saojosedoscampos\/files\/2008\/02\/insta-150x150.jpeg 150w, https:\/\/blog.cancaonova.com\/saojosedoscampos\/files\/2008\/02\/insta.jpeg 400w\" sizes=\"(max-width: 61px) 100vw, 61px\" \/><\/h4>\n<h4><strong>radiocn.sjc<\/strong><\/h4>\n<p>&nbsp;<\/p>\n<p>&nbsp;<\/p>\n<h4><a href=\"http:\/\/blog.cancaonova.com\/saojosedoscampos\/files\/2008\/02\/email.png\"><img loading=\"lazy\" decoding=\"async\" class=\"wp-image-18642 alignleft\" src=\"http:\/\/blog.cancaonova.com\/saojosedoscampos\/files\/2008\/02\/email.png\" alt=\"\" width=\"65\" height=\"48\" \/><\/a>\u00a0email Jornalismo r\u00e1dio: vanessa.oliveira@cancaonova.com<\/h4>\n<p>&nbsp;<\/p>\n<p>&nbsp;<\/p>\n<div id=\"attachment_3544\" style=\"width: 270px\" class=\"wp-caption alignleft\"><img loading=\"lazy\" decoding=\"async\" aria-describedby=\"caption-attachment-3544\" class=\"wp-image-3544\" style=\"border: black 1px solid;\" src=\"http:\/\/blog.cancaonova.com\/saojosedoscampos\/files\/2009\/02\/02x4001-300x184.jpg\" alt=\"\" width=\"260\" height=\"160\" \/><p id=\"caption-attachment-3544\" class=\"wp-caption-text\">Mons. Jonas Abib no Est\u00fadio da R\u00e1dio &#8211; 2003<\/p><\/div>\n<div id=\"attachment_3543\" style=\"width: 270px\" class=\"wp-caption alignright\"><img loading=\"lazy\" decoding=\"async\" aria-describedby=\"caption-attachment-3543\" class=\"http:\/\/blog.cancaonova.com\/saojosedoscampos\/files\/2009\/02\/10x400-300x199.jpg wp-image-3543\" style=\"border: black 1px solid;\" src=\"http:\/\/blog.cancaonova.com\/saojosedoscampos\/files\/2009\/02\/10x400-300x199.jpg\" alt=\"\" width=\"260\" height=\"173\" \/><p id=\"caption-attachment-3543\" class=\"wp-caption-text\">Mons. Jonas Abib celebrando na R\u00e1dio &#8211; 2003<\/p><\/div>\n<div id=\"attachment_10192\" style=\"width: 210px\" class=\"wp-caption aligncenter\"><a href=\"http:\/\/blog.cancaonova.com\/saojosedoscampos\/files\/2010\/02\/jorge-silva-e-gleiciane-de-castro-inauguracao-da-radio-radio-na-internet.jpg\"><img loading=\"lazy\" decoding=\"async\" aria-describedby=\"caption-attachment-10192\" class=\"wp-image-10192\" style=\"border: 2px solid black;\" title=\"jorge-silva-e-gleiciane-de-castro-inauguracao-da-radio-radio-na-internet\" src=\"http:\/\/blog.cancaonova.com\/saojosedoscampos\/files\/2010\/02\/jorge-silva-e-gleiciane-de-castro-inauguracao-da-radio-radio-na-internet-300x225.jpg\" alt=\"\" width=\"200\" height=\"150\" \/><\/a><p id=\"caption-attachment-10192\" class=\"wp-caption-text\">Jorge e Gleiciane na inaugura\u00e7\u00e3o da antiga r\u00e1dio AM pela Internet<\/p><\/div>\n<div id=\"attachment_3548\" style=\"width: 143px\" class=\"wp-caption alignleft\"><img loading=\"lazy\" decoding=\"async\" aria-describedby=\"caption-attachment-3548\" class=\"http:\/\/blog.cancaonova.com\/saojosedoscampos\/files\/2009\/02\/05x4001-150x150.jpg wp-image-3548\" style=\"border: black 1px solid;\" src=\"http:\/\/blog.cancaonova.com\/saojosedoscampos\/files\/2009\/02\/05x4001-150x150.jpg\" alt=\"\" width=\"133\" height=\"200\" \/><p id=\"caption-attachment-3548\" class=\"wp-caption-text\">Transmissores em Ca\u00e7apava\/SP da antiga r\u00e1dio AM<\/p><\/div>\n<div id=\"attachment_3549\" style=\"width: 143px\" class=\"wp-caption alignright\"><img loading=\"lazy\" decoding=\"async\" aria-describedby=\"caption-attachment-3549\" class=\" http:\/\/blog.cancaonova.com\/saojosedoscampos\/files\/2009\/02\/08x4001-150x150.jpg wp-image-3549\" style=\"border: black 1px solid;\" src=\"http:\/\/blog.cancaonova.com\/saojosedoscampos\/files\/2009\/02\/08x4001-150x150.jpg\" alt=\"\" width=\"133\" height=\"200\" \/><p id=\"caption-attachment-3549\" class=\"wp-caption-text\">Antenas de Transmiss\u00e3o\u00a0da antiga r\u00e1dio AM &#8211; Ca\u00e7apava\/SP<\/p><\/div>\n<p>&nbsp;<\/p>\n<p>&nbsp;<\/p>\n<p>&nbsp;<\/p>\n<p>&nbsp;<\/p>\n<p>&nbsp;<\/p>\n<p>&nbsp;<\/p>\n<p style=\"text-align: center;\"><a href=\"http:\/\/blog.cancaonova.com\/saojosedoscampos\/files\/2019\/08\/santuario19.jpeg\"><img loading=\"lazy\" decoding=\"async\" class=\"alignnone size-medium wp-image-18531\" src=\"http:\/\/blog.cancaonova.com\/saojosedoscampos\/files\/2019\/08\/santuario19-300x200.jpeg\" alt=\"\" width=\"300\" height=\"200\" srcset=\"https:\/\/blog.cancaonova.com\/saojosedoscampos\/files\/2019\/08\/santuario19-300x200.jpeg 300w, https:\/\/blog.cancaonova.com\/saojosedoscampos\/files\/2019\/08\/santuario19-768x512.jpeg 768w, https:\/\/blog.cancaonova.com\/saojosedoscampos\/files\/2019\/08\/santuario19.jpeg 1280w\" sizes=\"(max-width: 300px) 100vw, 300px\" \/><\/a><\/p>\n<p style=\"text-align: center;\">Novo est\u00fadio da FM Can\u00e7\u00e3o Nova 95.9<\/p>\n<p><a href=\"http:\/\/blog.cancaonova.com\/saojosedoscampos\/files\/2019\/08\/santuario16.jpeg\"><img loading=\"lazy\" decoding=\"async\" class=\"size-medium wp-image-18528 aligncenter\" src=\"http:\/\/blog.cancaonova.com\/saojosedoscampos\/files\/2019\/08\/santuario16-300x200.jpeg\" alt=\"\" width=\"300\" height=\"200\" srcset=\"https:\/\/blog.cancaonova.com\/saojosedoscampos\/files\/2019\/08\/santuario16-300x200.jpeg 300w, https:\/\/blog.cancaonova.com\/saojosedoscampos\/files\/2019\/08\/santuario16-768x512.jpeg 768w, https:\/\/blog.cancaonova.com\/saojosedoscampos\/files\/2019\/08\/santuario16.jpeg 1280w\" sizes=\"(max-width: 300px) 100vw, 300px\" \/><\/a><\/p>\n<p style=\"text-align: center;\">Wellington Jardim &#8211; Diretor Executivo da FJPII e co-fundador da Comunidade Can\u00e7\u00e3o Nova<\/p>\n<p style=\"text-align: center;\"><a href=\"http:\/\/blog.cancaonova.com\/saojosedoscampos\/files\/2019\/08\/santuario20.jpeg\"><img loading=\"lazy\" decoding=\"async\" class=\"alignnone size-medium wp-image-18532\" src=\"http:\/\/blog.cancaonova.com\/saojosedoscampos\/files\/2019\/08\/santuario20-300x200.jpeg\" alt=\"\" width=\"300\" height=\"200\" srcset=\"https:\/\/blog.cancaonova.com\/saojosedoscampos\/files\/2019\/08\/santuario20-300x200.jpeg 300w, https:\/\/blog.cancaonova.com\/saojosedoscampos\/files\/2019\/08\/santuario20-768x512.jpeg 768w, https:\/\/blog.cancaonova.com\/saojosedoscampos\/files\/2019\/08\/santuario20.jpeg 1280w\" sizes=\"(max-width: 300px) 100vw, 300px\" \/><\/a><\/p>\n<p style=\"text-align: center;\">Luzia Santiago &#8211; Vice &#8211; Presidente da FJPII e Co fundadora da Comunidade Can\u00e7\u00e3o Nova<\/p>\n<p style=\"text-align: center;\">.<\/p>\n<p style=\"text-align: center;\">.<\/p>\n","protected":false},"excerpt":{"rendered":"<p>&nbsp; Atendendo a um grande desejo dos s\u00f3cios do Clube do Ouvinte da cidade de S\u00e3o Jos\u00e9 dos Campos e regi\u00e3o, a Funda\u00e7\u00e3o Jo\u00e3o Paulo II, adquiriu em 2002, a R\u00e1dio Emissora do Grande Vale, que tinha seu parque de&#8230;<\/p>\n","protected":false},"author":2611,"featured_media":0,"parent":0,"menu_order":2,"comment_status":"open","ping_status":"closed","template":"","meta":{"_mi_skip_tracking":false,"_monsterinsights_sitenote_active":false,"_monsterinsights_sitenote_note":"","_monsterinsights_sitenote_category":0,"footnotes":""},"_links":{"self":[{"href":"https:\/\/blog.cancaonova.com\/saojosedoscampos\/wp-json\/wp\/v2\/pages\/131"}],"collection":[{"href":"https:\/\/blog.cancaonova.com\/saojosedoscampos\/wp-json\/wp\/v2\/pages"}],"about":[{"href":"https:\/\/blog.cancaonova.com\/saojosedoscampos\/wp-json\/wp\/v2\/types\/page"}],"author":[{"embeddable":true,"href":"https:\/\/blog.cancaonova.com\/saojosedoscampos\/wp-json\/wp\/v2\/users\/2611"}],"replies":[{"embeddable":true,"href":"https:\/\/blog.cancaonova.com\/saojosedoscampos\/wp-json\/wp\/v2\/comments?post=131"}],"version-history":[{"count":75,"href":"https:\/\/blog.cancaonova.com\/saojosedoscampos\/wp-json\/wp\/v2\/pages\/131\/revisions"}],"predecessor-version":[{"id":20861,"href":"https:\/\/blog.cancaonova.com\/saojosedoscampos\/wp-json\/wp\/v2\/pages\/131\/revisions\/20861"}],"wp:attachment":[{"href":"https:\/\/blog.cancaonova.com\/saojosedoscampos\/wp-json\/wp\/v2\/media?parent=131"}],"curies":[{"name":"wp","href":"https:\/\/api.w.org\/{rel}","templated":true}]}}