{"id":13463,"date":"2011-01-19T15:40:43","date_gmt":"2011-01-19T17:40:43","guid":{"rendered":"http:\/\/blog.cancaonova.com\/saojosedoscampos\/?page_id=13463"},"modified":"2025-01-09T14:18:02","modified_gmt":"2025-01-09T17:18:02","slug":"casademissao","status":"publish","type":"page","link":"https:\/\/blog.cancaonova.com\/saojosedoscampos\/casademissao\/","title":{"rendered":"Atividades Semanais"},"content":{"rendered":"<p><img loading=\"lazy\" decoding=\"async\" class=\"wp-image-20884 aligncenter\" src=\"http:\/\/blog.cancaonova.com\/saojosedoscampos\/files\/2022\/08\/2.jpg\" alt=\"\" width=\"677\" height=\"382\" srcset=\"https:\/\/blog.cancaonova.com\/saojosedoscampos\/files\/2022\/08\/2.jpg 1640w, https:\/\/blog.cancaonova.com\/saojosedoscampos\/files\/2022\/08\/2-300x169.jpg 300w, https:\/\/blog.cancaonova.com\/saojosedoscampos\/files\/2022\/08\/2-768x432.jpg 768w, https:\/\/blog.cancaonova.com\/saojosedoscampos\/files\/2022\/08\/2-384x216.jpg 384w, https:\/\/blog.cancaonova.com\/saojosedoscampos\/files\/2022\/08\/2-512x288.jpg 512w, https:\/\/blog.cancaonova.com\/saojosedoscampos\/files\/2022\/08\/2-1024x576.jpg 1024w, https:\/\/blog.cancaonova.com\/saojosedoscampos\/files\/2022\/08\/2-1536x864.jpg 1536w\" sizes=\"(max-width: 677px) 100vw, 677px\" \/><\/p>\n<p>&nbsp;<\/p>\n<p><strong><u>Hor\u00e1rio de Atendimento da Casa:<\/u><\/strong><\/p>\n<p>Segunda-feira &#8211; 9h \u00e0s 21h<\/p>\n<p>Ter\u00e7a \u00e0 Sexta-feira &#8211; 9h \u00e0s 18h<\/p>\n<p>S\u00e1bados &#8211; 9h \u00e0s 13h<\/p>\n<h2 style=\"text-align: center\"><b><u>Programa\u00e7\u00e3o 2025<\/u><\/b><\/h2>\n<p>Confira\u00a0 a programa\u00e7\u00e3o de atividades fixas e semanais na Casa de Evangeliza\u00e7\u00e3o da Can\u00e7\u00e3o Nova em S\u00e3o Jos\u00e9 dos Campos.<\/p>\n<h4><strong><u><b>SEGUNDA-FEIRA<\/b><\/u><\/strong><\/h4>\n<p>19h30 &#8211; Santa Missa com ora\u00e7\u00f5es de Cura e Liberta\u00e7\u00e3o, seguida da Adora\u00e7\u00e3o.<\/p>\n<h4><strong><u><b>TER\u00c7A-FEIRA<\/b><\/u><\/strong><\/h4>\n<p>15H &#8211; Grupo de Ora\u00e7\u00e3o M\u00e3es e Pais em ordem de batalha<\/p>\n<p>1\u00aa Ter\u00e7a-feira do m\u00eas \u00e0s 19h30 &#8211; Santa Missa na Catedral S\u00e3o Dimas<\/p>\n<p>2\u00aa Ter\u00e7a-feira do m\u00eas \u00e0s 19h30 &#8211; Santa Missa na Par\u00f3quia Sagrada Fam\u00edlia<\/p>\n<p>Ultima Ter\u00e7a-feira do m\u00eas \u00e0s 19h30 &#8211; Missa pelo Clube da Evangeliza\u00e7\u00e3o no Santu\u00e1rio S\u00e3o Judas.<\/p>\n<h4><strong><u><b>QUARTA-FEIRA<\/b><\/u><\/strong><\/h4>\n<p>12H &#8211; Missa Votiva de S\u00e3o Jos\u00e9 e Ter\u00e7o de S\u00e3o Jos\u00e9 &#8211; (Inten\u00e7\u00e3o pelos trabalhadores e desempregados)<\/p>\n<h4><strong><u><b>QUINTA-FEIRA<\/b><\/u><\/strong><\/h4>\n<p>14h \u00e0s 16h20 &#8211; Atendimento de Confiss\u00f5es e SOS Atendimento de Ora\u00e7\u00e3o<\/p>\n<p>14h \u00e0s 16h20 &#8211; Tarde de Adora\u00e7\u00e3o e Ter\u00e7o da Miseric\u00f3rdia<\/p>\n<h4><strong><u><b>SEXTA-FEIRA<\/b><\/u><\/strong><\/h4>\n<p>19h &#8211; Grupo de Ora\u00e7\u00e3o Can\u00e7\u00e3o Nova<\/p>\n<h4><strong><u><b>S\u00c1BADO<\/b><\/u><\/strong><\/h4>\n<p>18h30 &#8211; Grupo Jovens Sarados<\/p>\n<p>&nbsp;<\/p>\n<h4><b><u>PROGRAMA\u00c7\u00c3O MENSAL:<\/u><\/b><\/h4>\n<p><strong>Todo dia 12 de cada m\u00eas:<\/strong> Missa pela alma de Monsenhor Jonas.<\/p>\n<p><strong>1\u00ba S\u00e1bado de cada m\u00eas:<\/strong> 9h &#8211; Ora\u00e7\u00e3o da Mil Ave-Marias<\/p>\n<p><strong>4\u00aa Quinta-feira de cada m\u00eas:<\/strong> 19h &#8211; Jovens Can\u00e7\u00e3o Nova<\/p>\n<p><strong>3\u00ba S\u00e1bado de cada m\u00eas:<\/strong> 9h &#8211; Feir\u00e3o da Provid\u00eancia\/ 19h &#8211; Noite Oracional<\/p>\n<p>*Programa\u00e7\u00e3o sujeita a altera\u00e7\u00f5es.<\/p>\n<h1><\/h1>\n<p>&nbsp;<\/p>\n","protected":false},"excerpt":{"rendered":"<p>&nbsp; Hor\u00e1rio de Atendimento da Casa: Segunda-feira &#8211; 9h \u00e0s 21h Ter\u00e7a \u00e0 Sexta-feira &#8211; 9h \u00e0s 18h S\u00e1bados &#8211; 9h \u00e0s 13h Programa\u00e7\u00e3o 2025 Confira\u00a0 a programa\u00e7\u00e3o de atividades fixas e semanais na Casa de Evangeliza\u00e7\u00e3o da Can\u00e7\u00e3o Nova&#8230;<\/p>\n","protected":false},"author":2611,"featured_media":0,"parent":0,"menu_order":0,"comment_status":"closed","ping_status":"closed","template":"","meta":{"_mi_skip_tracking":false,"_monsterinsights_sitenote_active":false,"_monsterinsights_sitenote_note":"","_monsterinsights_sitenote_category":0,"footnotes":""},"_links":{"self":[{"href":"https:\/\/blog.cancaonova.com\/saojosedoscampos\/wp-json\/wp\/v2\/pages\/13463"}],"collection":[{"href":"https:\/\/blog.cancaonova.com\/saojosedoscampos\/wp-json\/wp\/v2\/pages"}],"about":[{"href":"https:\/\/blog.cancaonova.com\/saojosedoscampos\/wp-json\/wp\/v2\/types\/page"}],"author":[{"embeddable":true,"href":"https:\/\/blog.cancaonova.com\/saojosedoscampos\/wp-json\/wp\/v2\/users\/2611"}],"replies":[{"embeddable":true,"href":"https:\/\/blog.cancaonova.com\/saojosedoscampos\/wp-json\/wp\/v2\/comments?post=13463"}],"version-history":[{"count":35,"href":"https:\/\/blog.cancaonova.com\/saojosedoscampos\/wp-json\/wp\/v2\/pages\/13463\/revisions"}],"predecessor-version":[{"id":21183,"href":"https:\/\/blog.cancaonova.com\/saojosedoscampos\/wp-json\/wp\/v2\/pages\/13463\/revisions\/21183"}],"wp:attachment":[{"href":"https:\/\/blog.cancaonova.com\/saojosedoscampos\/wp-json\/wp\/v2\/media?parent=13463"}],"curies":[{"name":"wp","href":"https:\/\/api.w.org\/{rel}","templated":true}]}}