{"id":20835,"date":"2022-08-31T11:05:34","date_gmt":"2022-08-31T14:05:34","guid":{"rendered":"http:\/\/blog.cancaonova.com\/saojosedoscampos\/?page_id=20835"},"modified":"2025-01-09T14:23:48","modified_gmt":"2025-01-09T17:23:48","slug":"eventos","status":"publish","type":"page","link":"https:\/\/blog.cancaonova.com\/saojosedoscampos\/eventos\/","title":{"rendered":"Eventos 2025"},"content":{"rendered":"<h4><img loading=\"lazy\" decoding=\"async\" class=\"aligncenter size-large wp-image-20883\" src=\"http:\/\/blog.cancaonova.com\/saojosedoscampos\/files\/2022\/08\/1-600x300.jpg\" alt=\"\" width=\"600\" height=\"300\" srcset=\"https:\/\/blog.cancaonova.com\/saojosedoscampos\/files\/2022\/08\/1-600x300.jpg 600w, https:\/\/blog.cancaonova.com\/saojosedoscampos\/files\/2022\/08\/1-300x150.jpg 300w, https:\/\/blog.cancaonova.com\/saojosedoscampos\/files\/2022\/08\/1-150x75.jpg 150w\" sizes=\"(max-width: 600px) 100vw, 600px\" \/><\/h4>\n<p>&#8220;Tudo come\u00e7ou pelos eventos!&#8221; Esta frase \u00e9 do nosso fundador Monsenhor Jonas contando a his\u00f3ria da Can\u00e7ao Nova.<\/p>\n<p>Queremos promover pelos eventos que realizamos a experi\u00eancia mais importante que podemos viver em nossas vidas: o encontro pessoal com Jesus no poder do Esp\u00edrito Santo. Por isso que neste ano de 2023 preparamos o nossa agenda com este desejo.<\/p>\n<p>Confira a programa\u00e7\u00e3o trimestral da Frente de Miss\u00e3o aqui em S\u00e3o Jos\u00e9 dos Campos.<\/p>\n<p>*Programa\u00e7\u00e3o sujeita a alter\u00e7\u00f5es sem aviso pr\u00e9vio.<\/p>\n<p align=\"left\"><span style=\"font-size: large\"><b>JANEIRO<\/b><\/span><\/p>\n<ul>\n<li><span style=\"font-size: medium\">Recesso das atividades de espiritualidade.<\/span><\/li>\n<\/ul>\n<p align=\"left\"><span style=\"font-size: large\"><b>FEVEREIRO<\/b><\/span><\/p>\n<ul>\n<li><span style=\"font-size: medium\">03 a 09\/02: CERCO DE JERIC\u00d3<\/span><\/li>\n<li><span style=\"font-size: medium\">15\/02: Feir\u00e3o da Provid\u00eancia <\/span><\/li>\n<li><span style=\"font-size: medium\">25\/02: Missa pelo Clube da Evangeliza\u00e7\u00e3o <\/span><\/li>\n<\/ul>\n<p align=\"left\"><span style=\"font-size: medium\"><b>MAR\u00c7O<\/b><\/span><\/p>\n<ul>\n<li><span style=\"font-size: medium\">05\/03: Quarta de Cinzas | Missa ao meio dia<\/span><\/li>\n<li><span style=\"font-size: medium\">06\/03, 13\/03, 20\/03, 27\/03: Aprofundamento Can\u00e7\u00e3o Nova para Homens<\/span><\/li>\n<li><span style=\"font-size: medium\">10\/03, 17\/03, 24\/03, 31\/03: Campanha de Ora\u00e7\u00e3o Vencendo as tenta\u00e7\u00f5es<\/span><\/li>\n<li><span style=\"font-size: medium\">15\/03: Feir\u00e3o da Provid\u00eancia<\/span><\/li>\n<li><span style=\"font-size: medium\">15\/03: Noite Diante do Rei<\/span><\/li>\n<li><span style=\"font-size: medium\">25\/03: Missa pelo Clube da Evangeliza\u00e7\u00e3o<\/span><\/li>\n<\/ul>\n<p align=\"left\"><span style=\"font-size: medium\"><b>ABRIL<\/b><\/span><\/p>\n<ul>\n<li><span style=\"font-size: medium\">07\/04, 14\/04, 21\/04, 28\/04: Campanha de Ora\u00e7\u00e3o Vencendo as tenta\u00e7\u00f5es<\/span><\/li>\n<li><span style=\"font-size: medium\">14\/04 a 21\/04: SEMANA SANTA<\/span><\/li>\n<li><span style=\"font-size: medium\">26\/04: Feir\u00e3o da Provid\u00eancia <\/span><\/li>\n<li><span style=\"font-size: medium\">26\/04: Noite Diante do Rei<\/span><\/li>\n<li><span style=\"font-size: medium\">29\/04: Missa pelo Clube da Evangeliza\u00e7\u00e3o<\/span><\/li>\n<\/ul>\n<p align=\"left\"><span style=\"font-size: medium\"><b>MAIO<\/b><\/span><\/p>\n<ul>\n<li><span style=\"font-size: medium\">05\/05, 12\/05, 19\/05, 26\/05: Campanha de Ora\u00e7\u00e3o Sereis Batizados no Esp\u00edrito Santo <\/span><\/li>\n<li><span style=\"font-size: medium\">08\/05, 15\/05, 22\/05, 29\/05: Aprofundamento Can\u00e7\u00e3o Nova para Mulheres<\/span><\/li>\n<li><span style=\"font-size: medium\">17\/05: Feir\u00e3o da Provid\u00eancia <\/span><\/li>\n<li><span style=\"font-size: medium\">17\/05: Noite Diante do Rei<\/span><\/li>\n<li><span style=\"font-size: medium\">22\/05: Anivers\u00e1rio da Casa de Evangeliza\u00e7\u00e3o neste endere\u00e7o<\/span><\/li>\n<li><span style=\"font-size: medium\">24 a 25\/05: Aprofundamento Can\u00e7\u00e3o Nova para Solteiros<\/span><\/li>\n<li><span style=\"font-size: medium\">27\/05: Missa pelo Clube da Evangeliza\u00e7\u00e3o<\/span><\/li>\n<\/ul>\n<p align=\"left\"><span style=\"font-size: medium\"><b>JUNHO<\/b><\/span><\/p>\n<ul>\n<li><span style=\"font-size: medium\">02\/06: Campanha de Ora\u00e7\u00e3o Sereis Batizados no Esp\u00edrito Santo <\/span><\/li>\n<li><span style=\"font-size: medium\">21\/06: Feir\u00e3o da Provid\u00eancia<\/span><\/li>\n<li><span style=\"font-size: medium\">21\/06: Festa Junina Can\u00e7\u00e3o Nova<\/span><\/li>\n<li><span style=\"font-size: medium\">24\/06: Missa pelo Clube da Evangeliza\u00e7\u00e3o<\/span><\/li>\n<li><span style=\"font-size: medium\">26\/06 a 01\/07: Campanha do Preciossisimo Sangue de Jesus | 5 Chagas de Jesus<\/span><\/li>\n<\/ul>\n<p align=\"left\"><span style=\"font-size: medium\"><b>JULHO<\/b><\/span><\/p>\n<ul>\n<li><span style=\"font-size: medium\">03\/07, 10\/07, 17\/07: Aprofundamento de Cura e Liberta\u00e7\u00e3o<\/span><\/li>\n<li><span style=\"font-size: medium\">19\/07: Feir\u00e3o da Provid\u00eancia<\/span><\/li>\n<li><span style=\"font-size: medium\">19\/07: Noite Diante do Rei<\/span><\/li>\n<li><span style=\"font-size: medium\">26 a 27\/07: Abra\u00e7a S\u00e3o Jos\u00e9 dos Campos<\/span><\/li>\n<\/ul>\n<p align=\"left\"><span style=\"font-size: medium\"><b>AGOSTO<\/b><\/span><\/p>\n<ul>\n<li><span style=\"font-size: medium\">09\/08: Anivers\u00e1rio da R\u00e1dio Can\u00e7\u00e3o Nova<\/span><\/li>\n<li><span style=\"font-size: medium\">16\/08: Feir\u00e3o da Provid\u00eancia <\/span><\/li>\n<li><span style=\"font-size: medium\">16\/08: Noite Diante do Rei<\/span><\/li>\n<li><span style=\"font-size: medium\">18\/08, 25\/08: Campanha de Ora\u00e7\u00e3o Quaresma de S\u00e3o Miguel<\/span><\/li>\n<li><span style=\"font-size: medium\">26\/08: Missa pelo Clube da Evangeliza\u00e7\u00e3o<\/span><\/li>\n<\/ul>\n<p align=\"left\"><span style=\"font-size: medium\"><b>SETEMBRO<\/b><\/span><\/p>\n<ul>\n<li><span style=\"font-size: medium\">01\/09, 08\/09, 15\/09, 22\/09: Campanha de Ora\u00e7\u00e3o Quaresma de S\u00e3o Miguel<\/span><\/li>\n<li><span style=\"font-size: medium\">20\/09: Feir\u00e3o da Provid\u00eancia <\/span><\/li>\n<li><span style=\"font-size: medium\">20\/09: Noite Diante do Rei<\/span><\/li>\n<li><span style=\"font-size: medium\">23 a 29\/09: Cerco de Jeric\u00f3 com os Arcanjos | Santu\u00e1rio S\u00e3o Judas<\/span><\/li>\n<li><span style=\"font-size: medium\">30\/09: Missa pelo Clube da Evangeliza\u00e7\u00e3o<\/span><\/li>\n<\/ul>\n<p align=\"left\"><span style=\"font-size: medium\"><b>OUTUBRO<\/b><\/span><\/p>\n<ul>\n<li><span style=\"font-size: medium\">02\/10, 09\/10, 16\/10, 23\/10: Aprofundamento para Casais <\/span><\/li>\n<li><span style=\"font-size: medium\">18\/10: Feir\u00e3o da Provid\u00eancia<\/span><\/li>\n<li><span style=\"font-size: medium\">18\/10: Noite Diante do Rei<\/span><\/li>\n<li><span style=\"font-size: medium\">28\/10: Missa pelo Clube da Evangeliza\u00e7\u00e3o<\/span><\/li>\n<\/ul>\n<p align=\"left\"><span style=\"font-size: medium\"><b>NOVEMBRO<\/b><\/span><\/p>\n<ul>\n<li><span style=\"font-size: medium\">06\/11, 13\/11, 20\/11: Aprofundamento Can\u00e7\u00e3o Nova sobre a Morte<\/span><\/li>\n<li><span style=\"font-size: medium\">25\/11: Missa pelo Clube da Evangeliza\u00e7\u00e3o<\/span><\/li>\n<\/ul>\n<p align=\"left\"><span style=\"font-size: medium\"><b>DEZEMBRO<\/b><\/span><\/p>\n<ul>\n<li><span style=\"font-size: medium\">15\/12: Missa em A\u00e7\u00e3o em Gra\u00e7as a Deus<\/span><\/li>\n<li><span style=\"font-size: medium\">20\/12: Feir\u00e3o da Provid\u00eancia <\/span><\/li>\n<\/ul>\n<p>&nbsp;<\/p>\n<p>&nbsp;<\/p>\n<p>&nbsp;<\/p>\n<p>&nbsp;<\/p>\n<p>&nbsp;<\/p>\n<p>&nbsp;<\/p>\n<p>&nbsp;<\/p>\n<p>&nbsp;<\/p>\n<p>&nbsp;<\/p>\n<p>&nbsp;<\/p>\n<p>&nbsp;<\/p>\n","protected":false},"excerpt":{"rendered":"<p>&#8220;Tudo come\u00e7ou pelos eventos!&#8221; Esta frase \u00e9 do nosso fundador Monsenhor Jonas contando a his\u00f3ria da Can\u00e7ao Nova. Queremos promover pelos eventos que realizamos a experi\u00eancia mais importante que podemos viver em nossas vidas: o encontro pessoal com Jesus no&#8230;<\/p>\n","protected":false},"author":4753,"featured_media":0,"parent":0,"menu_order":0,"comment_status":"closed","ping_status":"closed","template":"","meta":{"_mi_skip_tracking":false,"_monsterinsights_sitenote_active":false,"_monsterinsights_sitenote_note":"","_monsterinsights_sitenote_category":0,"footnotes":""},"_links":{"self":[{"href":"https:\/\/blog.cancaonova.com\/saojosedoscampos\/wp-json\/wp\/v2\/pages\/20835"}],"collection":[{"href":"https:\/\/blog.cancaonova.com\/saojosedoscampos\/wp-json\/wp\/v2\/pages"}],"about":[{"href":"https:\/\/blog.cancaonova.com\/saojosedoscampos\/wp-json\/wp\/v2\/types\/page"}],"author":[{"embeddable":true,"href":"https:\/\/blog.cancaonova.com\/saojosedoscampos\/wp-json\/wp\/v2\/users\/4753"}],"replies":[{"embeddable":true,"href":"https:\/\/blog.cancaonova.com\/saojosedoscampos\/wp-json\/wp\/v2\/comments?post=20835"}],"version-history":[{"count":28,"href":"https:\/\/blog.cancaonova.com\/saojosedoscampos\/wp-json\/wp\/v2\/pages\/20835\/revisions"}],"predecessor-version":[{"id":21184,"href":"https:\/\/blog.cancaonova.com\/saojosedoscampos\/wp-json\/wp\/v2\/pages\/20835\/revisions\/21184"}],"wp:attachment":[{"href":"https:\/\/blog.cancaonova.com\/saojosedoscampos\/wp-json\/wp\/v2\/media?parent=20835"}],"curies":[{"name":"wp","href":"https:\/\/api.w.org\/{rel}","templated":true}]}}