{"id":2574,"date":"2009-01-16T02:00:29","date_gmt":"2009-01-16T04:00:29","guid":{"rendered":"http:\/\/blog.cancaonova.com\/saojosedoscampos\/?page_id=2574"},"modified":"2023-01-11T14:36:47","modified_gmt":"2023-01-11T17:36:47","slug":"fale-conosco","status":"publish","type":"page","link":"https:\/\/blog.cancaonova.com\/saojosedoscampos\/fale-conosco\/","title":{"rendered":"Fale conosco"},"content":{"rendered":"<p><img loading=\"lazy\" decoding=\"async\" class=\"aligncenter wp-image-20892\" src=\"http:\/\/blog.cancaonova.com\/saojosedoscampos\/files\/2009\/01\/mu-sic.jpg\" alt=\"\" width=\"1633\" height=\"920\" srcset=\"https:\/\/blog.cancaonova.com\/saojosedoscampos\/files\/2009\/01\/mu-sic.jpg 1640w, https:\/\/blog.cancaonova.com\/saojosedoscampos\/files\/2009\/01\/mu-sic-300x169.jpg 300w, https:\/\/blog.cancaonova.com\/saojosedoscampos\/files\/2009\/01\/mu-sic-768x432.jpg 768w, https:\/\/blog.cancaonova.com\/saojosedoscampos\/files\/2009\/01\/mu-sic-384x216.jpg 384w, https:\/\/blog.cancaonova.com\/saojosedoscampos\/files\/2009\/01\/mu-sic-512x288.jpg 512w, https:\/\/blog.cancaonova.com\/saojosedoscampos\/files\/2009\/01\/mu-sic-1024x576.jpg 1024w, https:\/\/blog.cancaonova.com\/saojosedoscampos\/files\/2009\/01\/mu-sic-1536x864.jpg 1536w\" sizes=\"(max-width: 1633px) 100vw, 1633px\" \/><\/p>\n<p>&nbsp;<\/p>\n<p>Telefone de contato &#8211; Casa de Evangeliza\u00e7\u00e3o: (12) 3923-1228<\/p>\n<p>Participar dos programas da R\u00e1dio 95.9 FM: (12) 3019-8801<\/p>\n<p>Endere\u00e7o da Casa de Evangeliza\u00e7\u00e3o &#8211; Rua: Itoror\u00f3, 186 &#8211; Jardim Paulista<\/p>\n<p>&nbsp;<\/p>\n<h5 class=\"western\" align=\"left\"><\/h5>\n","protected":false},"excerpt":{"rendered":"<p>&nbsp; Telefone de contato &#8211; Casa de Evangeliza\u00e7\u00e3o: (12) 3923-1228 Participar dos programas da R\u00e1dio 95.9 FM: (12) 3019-8801 Endere\u00e7o da Casa de Evangeliza\u00e7\u00e3o &#8211; Rua: Itoror\u00f3, 186 &#8211; Jardim Paulista &nbsp;<\/p>\n","protected":false},"author":2611,"featured_media":0,"parent":0,"menu_order":13,"comment_status":"open","ping_status":"closed","template":"","meta":{"_mi_skip_tracking":false,"_monsterinsights_sitenote_active":false,"_monsterinsights_sitenote_note":"","_monsterinsights_sitenote_category":0,"footnotes":""},"_links":{"self":[{"href":"https:\/\/blog.cancaonova.com\/saojosedoscampos\/wp-json\/wp\/v2\/pages\/2574"}],"collection":[{"href":"https:\/\/blog.cancaonova.com\/saojosedoscampos\/wp-json\/wp\/v2\/pages"}],"about":[{"href":"https:\/\/blog.cancaonova.com\/saojosedoscampos\/wp-json\/wp\/v2\/types\/page"}],"author":[{"embeddable":true,"href":"https:\/\/blog.cancaonova.com\/saojosedoscampos\/wp-json\/wp\/v2\/users\/2611"}],"replies":[{"embeddable":true,"href":"https:\/\/blog.cancaonova.com\/saojosedoscampos\/wp-json\/wp\/v2\/comments?post=2574"}],"version-history":[{"count":36,"href":"https:\/\/blog.cancaonova.com\/saojosedoscampos\/wp-json\/wp\/v2\/pages\/2574\/revisions"}],"predecessor-version":[{"id":20927,"href":"https:\/\/blog.cancaonova.com\/saojosedoscampos\/wp-json\/wp\/v2\/pages\/2574\/revisions\/20927"}],"wp:attachment":[{"href":"https:\/\/blog.cancaonova.com\/saojosedoscampos\/wp-json\/wp\/v2\/media?parent=2574"}],"curies":[{"name":"wp","href":"https:\/\/api.w.org\/{rel}","templated":true}]}}