{"id":12148,"date":"2011-10-03T11:27:43","date_gmt":"2011-10-03T14:27:43","guid":{"rendered":"http:\/\/blog.cancaonova.com\/saopaulo\/"},"modified":"2023-08-08T11:32:26","modified_gmt":"2023-08-08T14:32:26","slug":"historia","status":"publish","type":"page","link":"https:\/\/blog.cancaonova.com\/saopaulo\/historia\/","title":{"rendered":"Hist\u00f3ria"},"content":{"rendered":"<p>Conhe\u00e7a a Comunidade Can\u00e7\u00e3o Nova em S\u00e3o Paulo! H\u00e1 26 anos, nossa miss\u00e3o est\u00e1 presente nessa cidade pulsante, trazendo esperan\u00e7a, f\u00e9 e transforma\u00e7\u00e3o de vida. Com um grupo de mission\u00e1rios dedicados, o n\u00facleo e segundo elo da Can\u00e7\u00e3o Nova t\u00eam deixado sua marca nessa metr\u00f3pole.<\/p>\n<p>Nossas atividades abrangem os diversos meios de comunica\u00e7\u00e3o, alcan\u00e7ando milhares de cora\u00e7\u00f5es todos os dias. A TV Can\u00e7\u00e3o Nova (canal 59.1) traz programas inspiradores, conte\u00fado edificante e transmiss\u00f5es ao vivo diretamente para a sua casa. Sintonize e deixe-se envolver pela mensagem de amor e paz que compartilhamos.<\/p>\n<p>A <a href=\"https:\/\/radio.cancaonova.com\/radio-america\/\">R\u00e1dio Am\u00e9rica<\/a> (AM780khz )\u00e9 outra voz poderosa em S\u00e3o Paulo, levando m\u00fasica, reflex\u00f5es e programas que tocam a alma. Atrav\u00e9s das ondas do r\u00e1dio, nos conectamos com voc\u00ea, trazendo conforto e fortalecimento espiritual.<\/p>\n<p>E n\u00e3o podemos esquecer da nossa Casa de Evangeliza\u00e7\u00e3o, localizada na Rua Tamandar\u00e9, 355, no vibrante bairro da Liberdade. \u00c9 um espa\u00e7o acolhedor onde voc\u00ea pode encontrar apoio, orienta\u00e7\u00e3o espiritual e participar de momentos de ora\u00e7\u00e3o e encontro com Deus.<\/p>\n<p>Estamos comprometidos em compartilhar a mensagem do Evangelho, promover a renova\u00e7\u00e3o espiritual e ajudar cada pessoa a encontrar um sentido verdadeiro para sua vida. Junte-se a n\u00f3s nessa jornada de f\u00e9 e descubra o que a Comunidade Can\u00e7\u00e3o Nova pode fazer por voc\u00ea. S\u00e3o 26 anos de hist\u00f3ria, amor e dedica\u00e7\u00e3o em S\u00e3o Paulo. Venha fazer parte dessa fam\u00edlia!<\/p>\n<p>Al\u00e9m disso, estamos presentes nas principais redes sociais, levando a mensagem de esperan\u00e7a e transforma\u00e7\u00e3o a todos os cantos. Siga-nos no <a href=\"https:\/\/www.instagram.com\/cancaonovasp\/\">Instagram<\/a>, curta nossa p\u00e1gina no <a href=\"http:\/\/fb.com\/cancaonovasp\">Facebook <\/a>e siga-nos no <a href=\"http:\/\/twitter.com\/cancaonovasp\">Twitter<\/a> para se manter atualizado com as \u00faltimas novidades, reflex\u00f5es inspiradoras e momentos de espiritualidade.<\/p>\n<p>Em nosso blog, voc\u00ea encontrar\u00e1 uma variedade de artigos e conte\u00fados relevantes sobre f\u00e9, espiritualidade, relacionamentos e muito mais. Explore nosso acervo de publica\u00e7\u00f5es e permita-se ser nutrido pela sabedoria e ensinamentos que compartilhamos.<\/p>\n<p>A Comunidade Can\u00e7\u00e3o Nova est\u00e1 em constante busca por novas formas de alcan\u00e7ar e impactar vidas. Atrav\u00e9s das redes sociais e do nosso blog, temos o privil\u00e9gio de conectar pessoas de todo o mundo, oferecendo apoio, inspira\u00e7\u00e3o e uma comunidade de f\u00e9.<\/p>\n<p>Junte-se a n\u00f3s nas redes sociais e acompanhe de perto tudo o que estamos fazendo para levar a luz do Evangelho aos cora\u00e7\u00f5es sedentos por esperan\u00e7a e paz. Sua presen\u00e7a \u00e9 importante para n\u00f3s e juntos podemos fazer a diferen\u00e7a. N\u00e3o perca a oportunidade de fazer parte dessa jornada de amor e f\u00e9. Siga-nos e seja impactado pela mensagem da Comunidade Can\u00e7\u00e3o Nova.<\/p>\n<p>&nbsp;<\/p>\n<p>&nbsp;<\/p>\n<p>&nbsp;<\/p>\n","protected":false},"excerpt":{"rendered":"<p>Conhe\u00e7a a Comunidade Can\u00e7\u00e3o Nova em S\u00e3o Paulo! H\u00e1 26 anos, nossa miss\u00e3o est\u00e1 presente nessa cidade pulsante, trazendo esperan\u00e7a, f\u00e9 e transforma\u00e7\u00e3o de vida. Com um grupo de mission\u00e1rios dedicados, o n\u00facleo e segundo elo da Can\u00e7\u00e3o Nova t\u00eam&#8230;<\/p>\n","protected":false},"author":43,"featured_media":0,"parent":0,"menu_order":3,"comment_status":"open","ping_status":"closed","template":"","meta":{"_mi_skip_tracking":false,"_monsterinsights_sitenote_active":false,"_monsterinsights_sitenote_note":"","_monsterinsights_sitenote_category":0,"footnotes":""},"_links":{"self":[{"href":"https:\/\/blog.cancaonova.com\/saopaulo\/wp-json\/wp\/v2\/pages\/12148"}],"collection":[{"href":"https:\/\/blog.cancaonova.com\/saopaulo\/wp-json\/wp\/v2\/pages"}],"about":[{"href":"https:\/\/blog.cancaonova.com\/saopaulo\/wp-json\/wp\/v2\/types\/page"}],"author":[{"embeddable":true,"href":"https:\/\/blog.cancaonova.com\/saopaulo\/wp-json\/wp\/v2\/users\/43"}],"replies":[{"embeddable":true,"href":"https:\/\/blog.cancaonova.com\/saopaulo\/wp-json\/wp\/v2\/comments?post=12148"}],"version-history":[{"count":21,"href":"https:\/\/blog.cancaonova.com\/saopaulo\/wp-json\/wp\/v2\/pages\/12148\/revisions"}],"predecessor-version":[{"id":19036,"href":"https:\/\/blog.cancaonova.com\/saopaulo\/wp-json\/wp\/v2\/pages\/12148\/revisions\/19036"}],"wp:attachment":[{"href":"https:\/\/blog.cancaonova.com\/saopaulo\/wp-json\/wp\/v2\/media?parent=12148"}],"curies":[{"name":"wp","href":"https:\/\/api.w.org\/{rel}","templated":true}]}}