{"id":13101,"date":"2014-05-18T10:55:27","date_gmt":"2014-05-18T13:55:27","guid":{"rendered":"http:\/\/blog.cancaonova.com\/saopaulo\/?page_id=13101"},"modified":"2021-12-10T00:50:22","modified_gmt":"2021-12-10T03:50:22","slug":"tv-cancaonova-com","status":"publish","type":"page","link":"https:\/\/blog.cancaonova.com\/saopaulo\/tv-cancaonova-com\/","title":{"rendered":"TV S\u00e3o Paulo"},"content":{"rendered":"<div dir=\"auto\">\n<p><iframe class=\"wp-embedded-content\" sandbox=\"allow-scripts\" security=\"restricted\" style=\"position: absolute; clip: rect(1px, 1px, 1px, 1px);\" title=\"\u201cP\u00c3\u00a1gina Inicial\u201d \u2014 TV\" src=\"https:\/\/tv.cancaonova.com\/embed\/#?secret=keVBTSxIAk#?secret=OKKgHj1vLj&amp;rel=0\" data-secret=\"OKKgHj1vLj\" width=\"600\" height=\"338\" frameborder=\"0\" marginwidth=\"0\" marginheight=\"0\" scrolling=\"no\"><\/iframe><\/p>\n<p>A\u00a0<strong>TV Can\u00e7\u00e3o Nova<\/strong>, emissora cat\u00f3lica da\u00a0<em>Funda\u00e7\u00e3o Jo\u00e3o Paulo II<\/em>, come\u00e7ou suas atividades em\u00a0<strong>8 dezembro de 1989.\u00a0<\/strong>Eram duas horas e quarenta minutos di\u00e1rios de programa\u00e7\u00e3o para Cachoeira Paulista e cidades vizinhas. Anos depois, essa programa\u00e7\u00e3o foi tamb\u00e9m sendo divulgada por outros canais.<\/p>\n<p><a href=\"http:\/\/blog.cancaonova.com\/brasilia\/files\/2015\/06\/logo_novo_TVCN.png\" target=\"_blank\" rel=\"noopener\"><img loading=\"lazy\" decoding=\"async\" class=\"aligncenter wp-image-12597\" src=\"http:\/\/blog.cancaonova.com\/brasilia\/files\/2015\/06\/logo_novo_TVCN.png\" alt=\"logo_novo_TVCN\" width=\"214\" height=\"236\" \/><\/a><\/p>\n<p>Em 1997 formou-se a\u00a0<strong>Rede Can\u00e7\u00e3o Nova de Televis\u00e3o<\/strong>\u00a0com a compra da Retransmissora em Aracaju \u2013 SE. Foi quando nasceu o<em>\u00a0\u2018Projeto Dai-me Almas\u2019.\u00a0<\/em>Em 2007, com apenas dez anos de forma\u00e7\u00e3o de rede, a TV Can\u00e7\u00e3o Nova estabeleceu-se como\u00a0<strong>a maior emissora de televis\u00e3o cat\u00f3lica do Brasil.\u00a0<\/strong>A TV conta com\u00a0<strong>programas de todos os formatos, estilos e temas:<\/strong>\u00a0Espiritualidade, jornalismo, programas infantis, eventos, entrevistas, debates m\u00fasica, entretenimento, educa\u00e7\u00e3o e cultura.<em><strong>\u00a0\u00a0<span style=\"font-weight: 400\"><strong>A TV Can\u00e7\u00e3o Nova em S\u00e3o Paulo<\/strong> iniciou seus trabalhos em<\/span><b>\u00a0fevereiro de 2000<\/b><span style=\"font-weight: 400\"> com seu primeiro escrit\u00f3rio na Alameda Dino Bueno, 285 \u2013 Campos El\u00edseos, S\u00e3o Paulo \/ Liceu Cora\u00e7\u00e3o de Jesus, onde aconteciam programas ao vivo como o \u2018PHN\u2019, apresentado por Dunga e \u2018A tenda do Senhor\u2019, apresentado por Pe L\u00e9o.<\/span><\/strong><\/em><\/p>\n<p><em><strong>Hoje de qualquer lugar na capital Paulista voc\u00ea pod<\/strong><\/em><em><strong>e sintonizar a TV Can\u00e7\u00e3o Nova nos seguintes canais:<\/strong><\/em><\/p>\n<ul>\n<li><strong>Canal regional: 59.1 HD\u00a0<\/strong><\/li>\n<li><strong>NET S\u00e3o Paulo: canal 194<\/strong><\/li>\n<li><strong>SKY: canal 08<\/strong><\/li>\n<li><strong>TNL PCS S\/A Oi TV (Canal 27)<\/strong><\/li>\n<li><strong>Claro TV (Canal 119)\u00a0<\/strong><\/li>\n<li><strong>VIVO TV (Canal 234)<\/strong><\/li>\n<li><strong>TBC Celular S\/A (Canal 703)<\/strong><\/li>\n<\/ul>\n<p><strong>Voc\u00ea tamb\u00e9m pode assistir a TV Can\u00e7\u00e3o Nova pela internet, basta acessar:\u00a0<\/strong>\u00a0<a href=\"http:\/\/www.cancaonova.com\/tvcn.asx\" target=\"_blank\" rel=\"noopener\">tv.cancaonova.com<\/a><\/p>\n<h3><em>A programa\u00e7\u00e3o \u00e9 baseada nos valores e princ\u00edpios crist\u00e3os, bem diferente no cen\u00e1rio televisivo, come\u00e7ando pelo fato de ser uma emissora que se mant\u00e9m sem propagandas comerciais.\u00a0 Programas de todos os formatos, estilos e temas: espiritualidade, jornalismo, programas infantis, eventos, entrevistas, debates, m\u00fasica, entretenimento, cultura e programas promocionais.<\/em><\/h3>\n<div id=\"attachment_12598\" class=\"wp-caption aligncenter\">\n<p><a href=\"http:\/\/tv.cancaonova.com\/programacao\/\" target=\"_blank\" rel=\"noopener\"><img loading=\"lazy\" decoding=\"async\" class=\"wp-image-12598 size-full\" src=\"http:\/\/blog.cancaonova.com\/brasilia\/files\/2011\/09\/barra_nova_tv.png\" alt=\"\" width=\"1027\" height=\"153\" \/><\/a><\/p>\n<p class=\"wp-caption-text\"><a href=\"http:\/\/tv.cancaonova.com\/tv-ao-vivo\/\" target=\"_blank\" rel=\"noopener\">Confira a programa\u00e7\u00e3o da TV Can\u00e7\u00e3o Nova<\/a><\/p>\n<\/div>\n<\/div>\n<div dir=\"auto\"><\/div>\n","protected":false},"excerpt":{"rendered":"<p>A\u00a0TV Can\u00e7\u00e3o Nova, emissora cat\u00f3lica da\u00a0Funda\u00e7\u00e3o Jo\u00e3o Paulo II, come\u00e7ou suas atividades em\u00a08 dezembro de 1989.\u00a0Eram duas horas e quarenta minutos di\u00e1rios de programa\u00e7\u00e3o para Cachoeira Paulista e cidades vizinhas. Anos depois, essa programa\u00e7\u00e3o foi tamb\u00e9m sendo divulgada por outros&#8230;<\/p>\n","protected":false},"author":43,"featured_media":0,"parent":0,"menu_order":0,"comment_status":"open","ping_status":"closed","template":"","meta":{"_mi_skip_tracking":false,"_monsterinsights_sitenote_active":false,"_monsterinsights_sitenote_note":"","_monsterinsights_sitenote_category":0,"footnotes":""},"_links":{"self":[{"href":"https:\/\/blog.cancaonova.com\/saopaulo\/wp-json\/wp\/v2\/pages\/13101"}],"collection":[{"href":"https:\/\/blog.cancaonova.com\/saopaulo\/wp-json\/wp\/v2\/pages"}],"about":[{"href":"https:\/\/blog.cancaonova.com\/saopaulo\/wp-json\/wp\/v2\/types\/page"}],"author":[{"embeddable":true,"href":"https:\/\/blog.cancaonova.com\/saopaulo\/wp-json\/wp\/v2\/users\/43"}],"replies":[{"embeddable":true,"href":"https:\/\/blog.cancaonova.com\/saopaulo\/wp-json\/wp\/v2\/comments?post=13101"}],"version-history":[{"count":19,"href":"https:\/\/blog.cancaonova.com\/saopaulo\/wp-json\/wp\/v2\/pages\/13101\/revisions"}],"predecessor-version":[{"id":18440,"href":"https:\/\/blog.cancaonova.com\/saopaulo\/wp-json\/wp\/v2\/pages\/13101\/revisions\/18440"}],"wp:attachment":[{"href":"https:\/\/blog.cancaonova.com\/saopaulo\/wp-json\/wp\/v2\/media?parent=13101"}],"curies":[{"name":"wp","href":"https:\/\/api.w.org\/{rel}","templated":true}]}}