{"id":14824,"date":"2016-07-22T17:18:54","date_gmt":"2016-07-22T20:18:54","guid":{"rendered":"http:\/\/blog.cancaonova.com\/saopaulo\/?page_id=14824"},"modified":"2021-12-10T23:56:49","modified_gmt":"2021-12-11T02:56:49","slug":"cancao-nova-em-missao","status":"publish","type":"page","link":"https:\/\/blog.cancaonova.com\/saopaulo\/cancao-nova-em-missao\/","title":{"rendered":"Par\u00f3quia Santa C\u00e2ndida"},"content":{"rendered":"<p><strong>ATEN\u00c7\u00c3O PAROQUIANOS E VISITANTES!<\/strong><\/p>\n<p>O acesso \u00e9 liberado, n\u00e3o est\u00e1 tendo mais limites de pessoas.<br \/>\nAs confiss\u00f5es est\u00e3o sendo de segunda a sexta das 10h \u00e0s 12h e das 14h \u00e0s 18h.<\/p>\n<p><strong>Confira os hor\u00e1rios das missas na Par\u00f3quia Santa C\u00e2ndida<\/strong><\/p>\n<p><img loading=\"lazy\" decoding=\"async\" class=\"aligncenter size-full wp-image-18458\" src=\"http:\/\/blog.cancaonova.com\/saopaulo\/files\/2016\/07\/WhatsApp-Image-2021-12-10-at-17.42.39.jpeg\" alt=\"\" width=\"1080\" height=\"905\" srcset=\"https:\/\/blog.cancaonova.com\/saopaulo\/files\/2016\/07\/WhatsApp-Image-2021-12-10-at-17.42.39.jpeg 1080w, https:\/\/blog.cancaonova.com\/saopaulo\/files\/2016\/07\/WhatsApp-Image-2021-12-10-at-17.42.39-300x251.jpeg 300w, https:\/\/blog.cancaonova.com\/saopaulo\/files\/2016\/07\/WhatsApp-Image-2021-12-10-at-17.42.39-768x644.jpeg 768w\" sizes=\"(max-width: 1080px) 100vw, 1080px\" \/><\/p>\n<p>&nbsp;<\/p>\n<p><img loading=\"lazy\" decoding=\"async\" class=\"aligncenter size-full wp-image-17785\" src=\"http:\/\/blog.cancaonova.com\/saopaulo\/files\/2016\/07\/Contato-par\u00f3quia.jpeg\" alt=\"\" width=\"1080\" height=\"1080\" srcset=\"https:\/\/blog.cancaonova.com\/saopaulo\/files\/2016\/07\/Contato-par\u00f3quia.jpeg 1080w, https:\/\/blog.cancaonova.com\/saopaulo\/files\/2016\/07\/Contato-par\u00f3quia-150x150.jpeg 150w, https:\/\/blog.cancaonova.com\/saopaulo\/files\/2016\/07\/Contato-par\u00f3quia-300x300.jpeg 300w, https:\/\/blog.cancaonova.com\/saopaulo\/files\/2016\/07\/Contato-par\u00f3quia-768x768.jpeg 768w\" sizes=\"(max-width: 1080px) 100vw, 1080px\" \/><\/p>\n<p>&nbsp;<\/p>\n<p>&nbsp;<\/p>\n<p><strong>NOSSA HIST\u00d3RIA<\/strong><\/p>\n<p><img loading=\"lazy\" decoding=\"async\" class=\"aligncenter  wp-image-17685\" src=\"http:\/\/blog.cancaonova.com\/saopaulo\/files\/2020\/03\/Pe-Anderson-Mar\u00e7al-Pe-Jo\u00e3o-Guarberto-CN-300x175.jpeg\" alt=\"\" width=\"501\" height=\"292\" srcset=\"https:\/\/blog.cancaonova.com\/saopaulo\/files\/2020\/03\/Pe-Anderson-Mar\u00e7al-Pe-Jo\u00e3o-Guarberto-CN-300x175.jpeg 300w, https:\/\/blog.cancaonova.com\/saopaulo\/files\/2020\/03\/Pe-Anderson-Mar\u00e7al-Pe-Jo\u00e3o-Guarberto-CN.jpeg 720w\" sizes=\"(max-width: 501px) 100vw, 501px\" \/><br \/>\nPar\u00f3quia Santa C\u00e2ndida um dos locais de atua\u00e7\u00e3o mission\u00e1ria da Comunidade Can\u00e7\u00e3o Nova em S\u00e3o Paulo,\u00a0est\u00e1 localizada na regi\u00e3o do Ipiranga, bairro hist\u00f3rico da cidade de S\u00e3o Paulo. A constru\u00e7\u00e3o do templo come\u00e7ou em 1966 e levou doze anos para ficar pronta, contando com a ajuda dos paroquianos e da sociedade local. A Par\u00f3quia tem por padroeira Santa C\u00e2ndida, m\u00e1rtir do primeiro s\u00e9culo do cristianismo, protetora da fam\u00edlia e dos enfermos.<\/p>\n<p>P\u00e1roco Padre Anderson Mar\u00e7al tem 42 anos e foi ordenado padre em 16\/12\/07. Membro da Comunidade Can\u00e7\u00e3o Nova desde 2000, \u00e9 Doutor em Teologia Pastoral B\u00edblico-Lit\u00fargica pela Universidade Salesiana de Roma.<br \/>\nVig\u00e1rio Padre Jo\u00e3o Gualberto tem 61 anos e foi ordenado em 07\/06\/98. J\u00e1 atuou na diocese de Ribeir\u00e3o Preto (SP). Al\u00e9m da forma\u00e7\u00e3o sacerdotal, estudou administra\u00e7\u00e3o de empresas e desde 2009 faz parte do clero da Comunidade Can\u00e7\u00e3o Nova.<\/p>\n<p>&nbsp;<\/p>\n<p>&nbsp;<\/p>\n<p>&nbsp;<\/p>\n<p>&nbsp;<\/p>\n<p>&nbsp;<\/p>\n<p>&nbsp;<\/p>\n<p>&nbsp;<\/p>\n<p>&nbsp;<\/p>\n<p>&nbsp;<\/p>\n<p>&nbsp;<\/p>\n<p>&nbsp;<\/p>\n<p>&nbsp;<\/p>\n<p>&nbsp;<\/p>\n<p>&nbsp;<\/p>\n<p>&nbsp;<\/p>\n<p>&nbsp;<\/p>\n<p>&nbsp;<\/p>\n<p>&nbsp;<\/p>\n<p>&nbsp;<\/p>\n<p>&nbsp;<\/p>\n<p>&nbsp;<\/p>\n<p>&nbsp;<\/p>\n<p>&nbsp;<\/p>\n<p>&nbsp;<\/p>\n<p>&nbsp;<\/p>\n<p>&nbsp;<\/p>\n<p>&nbsp;<\/p>\n<p>&nbsp;<\/p>\n<p>&nbsp;<\/p>\n<p>&nbsp;<\/p>\n","protected":false},"excerpt":{"rendered":"<p>ATEN\u00c7\u00c3O PAROQUIANOS E VISITANTES! O acesso \u00e9 liberado, n\u00e3o est\u00e1 tendo mais limites de pessoas. As confiss\u00f5es est\u00e3o sendo de segunda a sexta das 10h \u00e0s 12h e das 14h \u00e0s 18h. Confira os hor\u00e1rios das missas na Par\u00f3quia Santa&#8230;<\/p>\n","protected":false},"author":43,"featured_media":0,"parent":0,"menu_order":0,"comment_status":"closed","ping_status":"closed","template":"","meta":{"_mi_skip_tracking":false,"_monsterinsights_sitenote_active":false,"_monsterinsights_sitenote_note":"","_monsterinsights_sitenote_category":0,"footnotes":""},"_links":{"self":[{"href":"https:\/\/blog.cancaonova.com\/saopaulo\/wp-json\/wp\/v2\/pages\/14824"}],"collection":[{"href":"https:\/\/blog.cancaonova.com\/saopaulo\/wp-json\/wp\/v2\/pages"}],"about":[{"href":"https:\/\/blog.cancaonova.com\/saopaulo\/wp-json\/wp\/v2\/types\/page"}],"author":[{"embeddable":true,"href":"https:\/\/blog.cancaonova.com\/saopaulo\/wp-json\/wp\/v2\/users\/43"}],"replies":[{"embeddable":true,"href":"https:\/\/blog.cancaonova.com\/saopaulo\/wp-json\/wp\/v2\/comments?post=14824"}],"version-history":[{"count":16,"href":"https:\/\/blog.cancaonova.com\/saopaulo\/wp-json\/wp\/v2\/pages\/14824\/revisions"}],"predecessor-version":[{"id":18460,"href":"https:\/\/blog.cancaonova.com\/saopaulo\/wp-json\/wp\/v2\/pages\/14824\/revisions\/18460"}],"wp:attachment":[{"href":"https:\/\/blog.cancaonova.com\/saopaulo\/wp-json\/wp\/v2\/media?parent=14824"}],"curies":[{"name":"wp","href":"https:\/\/api.w.org\/{rel}","templated":true}]}}